{"id":154,"date":"2020-10-21T11:54:16","date_gmt":"2020-10-21T09:54:16","guid":{"rendered":"https:\/\/bodegasmarquesdevizhoja.com\/historia\/jorge-pelaez\/"},"modified":"2021-05-31T10:23:43","modified_gmt":"2021-05-31T08:23:43","slug":"jorge-pelaez","status":"publish","type":"page","link":"https:\/\/bodegasmarquesdevizhoja.com\/en\/bodegas-marques-de-vizhoja\/jorge-pelaez\/","title":{"rendered":"Jorge Pel\u00e1ez"},"content":{"rendered":"\n<div class=\"wp-block-cover alignwide is-position-center-center historia-cabecera\" style=\"min-height:770px;aspect-ratio:unset;\"><img loading=\"lazy\" decoding=\"async\" width=\"1920\" height=\"770\" class=\"wp-block-cover__image-background wp-image-2847\" alt=\"\" src=\"https:\/\/bodegasmarquesdevizhoja.com\/wp-content\/uploads\/2021\/02\/BioJorge_SinCara.jpg\" style=\"object-position:50% 50%\" data-object-fit=\"cover\" data-object-position=\"50% 50%\" srcset=\"https:\/\/bodegasmarquesdevizhoja.com\/wp-content\/uploads\/2021\/02\/BioJorge_SinCara.jpg 1920w, https:\/\/bodegasmarquesdevizhoja.com\/wp-content\/uploads\/2021\/02\/BioJorge_SinCara-300x120.jpg 300w, https:\/\/bodegasmarquesdevizhoja.com\/wp-content\/uploads\/2021\/02\/BioJorge_SinCara-1024x411.jpg 1024w, https:\/\/bodegasmarquesdevizhoja.com\/wp-content\/uploads\/2021\/02\/BioJorge_SinCara-768x308.jpg 768w, https:\/\/bodegasmarquesdevizhoja.com\/wp-content\/uploads\/2021\/02\/BioJorge_SinCara-1536x616.jpg 1536w, https:\/\/bodegasmarquesdevizhoja.com\/wp-content\/uploads\/2021\/02\/BioJorge_SinCara-600x241.jpg 600w\" sizes=\"auto, (max-width: 1920px) 100vw, 1920px\" \/><div class=\"wp-block-cover__inner-container is-layout-flow wp-block-cover-is-layout-flow\">\n<h1 class=\"wp-block-heading\">Jorge Pel\u00e1ez<\/h1>\n\n\n\n<p>President&nbsp;and owner<br>of Bodegas Marqu\u00e9s de Vizhoja.<\/p>\n<\/div><\/div>\n\n\n<div class=\"bloque-historia-hito \">\n    <div class=\"hito-fondo-imagen\" style=\"background-image:url()\">\n        <div class=\"container\">\n            <div class=\"hito-data\">\n                <h1 class=\"hito-titulo\">\u201cOur genes are conditioned to have must in our veins. That\u2019s why we love and enjoy what we do so much\u201d.<\/h1>                                            <\/div>\n        <\/div>\n     <\/div>\n<\/div>\n\n\n<div class=\"wp-block-hacce-wrapper\"><div class=\"container\">\n<div class=\"wp-block-hacce-texto-foto inverted historia-bloque\"><div class=\"texto centered\">\n<p class=\"h5 antetitulo\">Jorge Pel\u00e1ez<\/p>\n\n\n\n<p>Business development and brand success<\/p>\n\n\n\n<p>Jorge Pel\u00e1ez holds a degree in International Administration, in New Orleans, USA. Over the course of his career, he has worked in all areas of wine development, from its point of origin to its distribution. He possesses all knowledge related to the control of the grapes, vines, development, bottling and commercialisation.<\/p>\n\n\n\n<p>\u201cOur genes are conditioned to have must in our veins. That\u2019s why we love and enjoy what we do so much\u201d. Growing up the son of Mariano Pel\u00e1ez impacts one\u2019s life.<\/p>\n\n\n\n<p>Following their father\u2019s footsteps, an objective was set, that \u201cthere should be no country where drinking a wine from Bodegas Marqu\u00e9s de Vizhoja is not possible\u201d. That is what he has dedicated himself to doing. He is specialised in commercial matters and marketing, which he performs as part of his management of the business. He is one of the ambassadors of Bodegas Marqu\u00e9s de Vizhoja \u201cwithin and outside of our borders\u201d.<\/p>\n\n\n\n<p>Wine and family are the signs of one\u2019s identity, and they impact our trajectory. That is why his greatest pride is \u201cmaking part of Bodegas Marqu\u00e9s de Vizhoja both a business and a great family\u201d.<\/p>\n<\/div><div class=\"foto\"><img decoding=\"async\" src=\"https:\/\/bodegasmarquesdevizhoja.com\/wp-content\/uploads\/2020\/10\/test-2.jpg\" alt=\"\"\/><\/div><\/div>\n<\/div><\/div>\n\n\n\n<div class=\"wp-block-hacce-wrapper\"><div class=\"container\">\n<figure class=\"wp-block-image alignwide size-full historia-pie-imagen\" id=\"Bodegas-Marqu\u00e9s-de-Vizhoja\"><img loading=\"lazy\" decoding=\"async\" width=\"1753\" height=\"538\" src=\"https:\/\/bodegasmarquesdevizhoja.com\/wp-content\/uploads\/2020\/12\/historia-imagen-pie.png\" alt=\"Bodegas Marqu\u00e9s de Vizhoja\" class=\"wp-image-1468\" srcset=\"https:\/\/bodegasmarquesdevizhoja.com\/wp-content\/uploads\/2020\/12\/historia-imagen-pie.png 1753w, https:\/\/bodegasmarquesdevizhoja.com\/wp-content\/uploads\/2020\/12\/historia-imagen-pie-300x92.png 300w, https:\/\/bodegasmarquesdevizhoja.com\/wp-content\/uploads\/2020\/12\/historia-imagen-pie-600x184.png 600w, https:\/\/bodegasmarquesdevizhoja.com\/wp-content\/uploads\/2020\/12\/historia-imagen-pie-1024x314.png 1024w, https:\/\/bodegasmarquesdevizhoja.com\/wp-content\/uploads\/2020\/12\/historia-imagen-pie-768x236.png 768w, https:\/\/bodegasmarquesdevizhoja.com\/wp-content\/uploads\/2020\/12\/historia-imagen-pie-1536x471.png 1536w\" sizes=\"auto, (max-width: 1753px) 100vw, 1753px\" \/><\/figure>\n<\/div><\/div>\n","protected":false},"excerpt":{"rendered":"","protected":false},"author":1,"featured_media":0,"parent":122,"menu_order":0,"comment_status":"closed","ping_status":"closed","template":"templates\/template-biograf\u00edas.php","meta":{"_acf_changed":false,"footnotes":""},"class_list":["post-154","page","type-page","status-publish","hentry"],"acf":[],"yoast_head":"<!-- This site is optimized with the Yoast SEO plugin v27.2 - https:\/\/yoast.com\/product\/yoast-seo-wordpress\/ -->\n<title>Jorge Pel\u00e1ez - Marqu\u00e9s de Vizhoja<\/title>\n<meta name=\"description\" content=\"Jorge Pel\u00e1ez presidente y propietario de la bodega gallega Bodegas Marqu\u00e9s de Vizhoja.\" \/>\n<meta name=\"robots\" content=\"index, follow, max-snippet:-1, max-image-preview:large, max-video-preview:-1\" \/>\n<link rel=\"canonical\" href=\"https:\/\/bodegasmarquesdevizhoja.com\/es\/bodegas-marques-de-vizhoja\/jorge-pelaez\/\" \/>\n<meta property=\"og:locale\" content=\"en_US\" \/>\n<meta property=\"og:type\" content=\"article\" \/>\n<meta property=\"og:title\" content=\"Jorge Pel\u00e1ez - Marqu\u00e9s de Vizhoja\" \/>\n<meta property=\"og:description\" content=\"Jorge Pel\u00e1ez presidente y propietario de la bodega gallega Bodegas Marqu\u00e9s de Vizhoja.\" \/>\n<meta property=\"og:url\" content=\"https:\/\/bodegasmarquesdevizhoja.com\/es\/bodegas-marques-de-vizhoja\/jorge-pelaez\/\" \/>\n<meta property=\"og:site_name\" content=\"Marqu\u00e9s de Vizhoja\" \/>\n<meta property=\"article:modified_time\" content=\"2021-05-31T08:23:43+00:00\" \/>\n<meta property=\"og:image\" content=\"https:\/\/bodegasmarquesdevizhoja.com\/wp-content\/uploads\/2021\/02\/BioJorge_SinCara.jpg\" \/>\n<meta name=\"twitter:card\" content=\"summary_large_image\" \/>\n<meta name=\"twitter:label1\" content=\"Est. reading time\" \/>\n\t<meta name=\"twitter:data1\" content=\"2 minutes\" \/>\n<script type=\"application\/ld+json\" class=\"yoast-schema-graph\">{\"@context\":\"https:\/\/schema.org\",\"@graph\":[{\"@type\":\"WebPage\",\"@id\":\"https:\/\/bodegasmarquesdevizhoja.com\/es\/bodegas-marques-de-vizhoja\/jorge-pelaez\/\",\"url\":\"https:\/\/bodegasmarquesdevizhoja.com\/es\/bodegas-marques-de-vizhoja\/jorge-pelaez\/\",\"name\":\"Jorge Pel\u00e1ez - Marqu\u00e9s de Vizhoja\",\"isPartOf\":{\"@id\":\"https:\/\/bodegasmarquesdevizhoja.com\/es\/#website\"},\"primaryImageOfPage\":{\"@id\":\"https:\/\/bodegasmarquesdevizhoja.com\/es\/bodegas-marques-de-vizhoja\/jorge-pelaez\/#primaryimage\"},\"image\":{\"@id\":\"https:\/\/bodegasmarquesdevizhoja.com\/es\/bodegas-marques-de-vizhoja\/jorge-pelaez\/#primaryimage\"},\"thumbnailUrl\":\"https:\/\/bodegasmarquesdevizhoja.com\/wp-content\/uploads\/2021\/02\/BioJorge_SinCara.jpg\",\"datePublished\":\"2020-10-21T09:54:16+00:00\",\"dateModified\":\"2021-05-31T08:23:43+00:00\",\"description\":\"Jorge Pel\u00e1ez presidente y propietario de la bodega gallega Bodegas Marqu\u00e9s de Vizhoja.\",\"breadcrumb\":{\"@id\":\"https:\/\/bodegasmarquesdevizhoja.com\/es\/bodegas-marques-de-vizhoja\/jorge-pelaez\/#breadcrumb\"},\"inLanguage\":\"en-US\",\"potentialAction\":[{\"@type\":\"ReadAction\",\"target\":[\"https:\/\/bodegasmarquesdevizhoja.com\/es\/bodegas-marques-de-vizhoja\/jorge-pelaez\/\"]}]},{\"@type\":\"ImageObject\",\"inLanguage\":\"en-US\",\"@id\":\"https:\/\/bodegasmarquesdevizhoja.com\/es\/bodegas-marques-de-vizhoja\/jorge-pelaez\/#primaryimage\",\"url\":\"https:\/\/bodegasmarquesdevizhoja.com\/wp-content\/uploads\/2021\/02\/BioJorge_SinCara.jpg\",\"contentUrl\":\"https:\/\/bodegasmarquesdevizhoja.com\/wp-content\/uploads\/2021\/02\/BioJorge_SinCara.jpg\"},{\"@type\":\"BreadcrumbList\",\"@id\":\"https:\/\/bodegasmarquesdevizhoja.com\/es\/bodegas-marques-de-vizhoja\/jorge-pelaez\/#breadcrumb\",\"itemListElement\":[{\"@type\":\"ListItem\",\"position\":1,\"name\":\"Home\",\"item\":\"https:\/\/bodegasmarquesdevizhoja.com\/en\/\"},{\"@type\":\"ListItem\",\"position\":2,\"name\":\"Bodegas MDV\",\"item\":\"https:\/\/bodegasmarquesdevizhoja.com\/en\/bodegas-marques-de-vizhoja\/\"},{\"@type\":\"ListItem\",\"position\":3,\"name\":\"Jorge Pel\u00e1ez\"}]},{\"@type\":\"WebSite\",\"@id\":\"https:\/\/bodegasmarquesdevizhoja.com\/es\/#website\",\"url\":\"https:\/\/bodegasmarquesdevizhoja.com\/es\/\",\"name\":\"Marqu\u00e9s de Vizhoja\",\"description\":\"\",\"potentialAction\":[{\"@type\":\"SearchAction\",\"target\":{\"@type\":\"EntryPoint\",\"urlTemplate\":\"https:\/\/bodegasmarquesdevizhoja.com\/es\/?s={search_term_string}\"},\"query-input\":{\"@type\":\"PropertyValueSpecification\",\"valueRequired\":true,\"valueName\":\"search_term_string\"}}],\"inLanguage\":\"en-US\"}]}<\/script>\n<!-- \/ Yoast SEO plugin. -->","yoast_head_json":{"title":"Jorge Pel\u00e1ez - Marqu\u00e9s de Vizhoja","description":"Jorge Pel\u00e1ez presidente y propietario de la bodega gallega Bodegas Marqu\u00e9s de Vizhoja.","robots":{"index":"index","follow":"follow","max-snippet":"max-snippet:-1","max-image-preview":"max-image-preview:large","max-video-preview":"max-video-preview:-1"},"canonical":"https:\/\/bodegasmarquesdevizhoja.com\/es\/bodegas-marques-de-vizhoja\/jorge-pelaez\/","og_locale":"en_US","og_type":"article","og_title":"Jorge Pel\u00e1ez - Marqu\u00e9s de Vizhoja","og_description":"Jorge Pel\u00e1ez presidente y propietario de la bodega gallega Bodegas Marqu\u00e9s de Vizhoja.","og_url":"https:\/\/bodegasmarquesdevizhoja.com\/es\/bodegas-marques-de-vizhoja\/jorge-pelaez\/","og_site_name":"Marqu\u00e9s de Vizhoja","article_modified_time":"2021-05-31T08:23:43+00:00","og_image":[{"url":"https:\/\/bodegasmarquesdevizhoja.com\/wp-content\/uploads\/2021\/02\/BioJorge_SinCara.jpg","type":"","width":"","height":""}],"twitter_card":"summary_large_image","twitter_misc":{"Est. reading time":"2 minutes"},"schema":{"@context":"https:\/\/schema.org","@graph":[{"@type":"WebPage","@id":"https:\/\/bodegasmarquesdevizhoja.com\/es\/bodegas-marques-de-vizhoja\/jorge-pelaez\/","url":"https:\/\/bodegasmarquesdevizhoja.com\/es\/bodegas-marques-de-vizhoja\/jorge-pelaez\/","name":"Jorge Pel\u00e1ez - Marqu\u00e9s de Vizhoja","isPartOf":{"@id":"https:\/\/bodegasmarquesdevizhoja.com\/es\/#website"},"primaryImageOfPage":{"@id":"https:\/\/bodegasmarquesdevizhoja.com\/es\/bodegas-marques-de-vizhoja\/jorge-pelaez\/#primaryimage"},"image":{"@id":"https:\/\/bodegasmarquesdevizhoja.com\/es\/bodegas-marques-de-vizhoja\/jorge-pelaez\/#primaryimage"},"thumbnailUrl":"https:\/\/bodegasmarquesdevizhoja.com\/wp-content\/uploads\/2021\/02\/BioJorge_SinCara.jpg","datePublished":"2020-10-21T09:54:16+00:00","dateModified":"2021-05-31T08:23:43+00:00","description":"Jorge Pel\u00e1ez presidente y propietario de la bodega gallega Bodegas Marqu\u00e9s de Vizhoja.","breadcrumb":{"@id":"https:\/\/bodegasmarquesdevizhoja.com\/es\/bodegas-marques-de-vizhoja\/jorge-pelaez\/#breadcrumb"},"inLanguage":"en-US","potentialAction":[{"@type":"ReadAction","target":["https:\/\/bodegasmarquesdevizhoja.com\/es\/bodegas-marques-de-vizhoja\/jorge-pelaez\/"]}]},{"@type":"ImageObject","inLanguage":"en-US","@id":"https:\/\/bodegasmarquesdevizhoja.com\/es\/bodegas-marques-de-vizhoja\/jorge-pelaez\/#primaryimage","url":"https:\/\/bodegasmarquesdevizhoja.com\/wp-content\/uploads\/2021\/02\/BioJorge_SinCara.jpg","contentUrl":"https:\/\/bodegasmarquesdevizhoja.com\/wp-content\/uploads\/2021\/02\/BioJorge_SinCara.jpg"},{"@type":"BreadcrumbList","@id":"https:\/\/bodegasmarquesdevizhoja.com\/es\/bodegas-marques-de-vizhoja\/jorge-pelaez\/#breadcrumb","itemListElement":[{"@type":"ListItem","position":1,"name":"Home","item":"https:\/\/bodegasmarquesdevizhoja.com\/en\/"},{"@type":"ListItem","position":2,"name":"Bodegas MDV","item":"https:\/\/bodegasmarquesdevizhoja.com\/en\/bodegas-marques-de-vizhoja\/"},{"@type":"ListItem","position":3,"name":"Jorge Pel\u00e1ez"}]},{"@type":"WebSite","@id":"https:\/\/bodegasmarquesdevizhoja.com\/es\/#website","url":"https:\/\/bodegasmarquesdevizhoja.com\/es\/","name":"Marqu\u00e9s de Vizhoja","description":"","potentialAction":[{"@type":"SearchAction","target":{"@type":"EntryPoint","urlTemplate":"https:\/\/bodegasmarquesdevizhoja.com\/es\/?s={search_term_string}"},"query-input":{"@type":"PropertyValueSpecification","valueRequired":true,"valueName":"search_term_string"}}],"inLanguage":"en-US"}]}},"jetpack_sharing_enabled":true,"_links":{"self":[{"href":"https:\/\/bodegasmarquesdevizhoja.com\/en\/wp-json\/wp\/v2\/pages\/154","targetHints":{"allow":["GET"]}}],"collection":[{"href":"https:\/\/bodegasmarquesdevizhoja.com\/en\/wp-json\/wp\/v2\/pages"}],"about":[{"href":"https:\/\/bodegasmarquesdevizhoja.com\/en\/wp-json\/wp\/v2\/types\/page"}],"author":[{"embeddable":true,"href":"https:\/\/bodegasmarquesdevizhoja.com\/en\/wp-json\/wp\/v2\/users\/1"}],"replies":[{"embeddable":true,"href":"https:\/\/bodegasmarquesdevizhoja.com\/en\/wp-json\/wp\/v2\/comments?post=154"}],"version-history":[{"count":43,"href":"https:\/\/bodegasmarquesdevizhoja.com\/en\/wp-json\/wp\/v2\/pages\/154\/revisions"}],"predecessor-version":[{"id":3765,"href":"https:\/\/bodegasmarquesdevizhoja.com\/en\/wp-json\/wp\/v2\/pages\/154\/revisions\/3765"}],"up":[{"embeddable":true,"href":"https:\/\/bodegasmarquesdevizhoja.com\/en\/wp-json\/wp\/v2\/pages\/122"}],"wp:attachment":[{"href":"https:\/\/bodegasmarquesdevizhoja.com\/en\/wp-json\/wp\/v2\/media?parent=154"}],"curies":[{"name":"wp","href":"https:\/\/api.w.org\/{rel}","templated":true}]}}