{"id":158,"date":"2020-10-21T11:54:59","date_gmt":"2020-10-21T09:54:59","guid":{"rendered":"https:\/\/bodegasmarquesdevizhoja.com\/historia\/mariano-pelaez\/"},"modified":"2022-06-21T13:20:26","modified_gmt":"2022-06-21T11:20:26","slug":"mariano-pelaez","status":"publish","type":"page","link":"https:\/\/bodegasmarquesdevizhoja.com\/en\/the-history-of-the-winery\/mariano-pelaez\/","title":{"rendered":"Mariano Pel\u00e1ez"},"content":{"rendered":"\n<div class=\"wp-block-cover alignwide is-position-center-center historia-cabecera\" style=\"min-height:770px;aspect-ratio:unset;\"><img loading=\"lazy\" decoding=\"async\" width=\"1920\" height=\"770\" class=\"wp-block-cover__image-background wp-image-2770\" alt=\"\" src=\"https:\/\/bodegasmarquesdevizhoja.com\/wp-content\/uploads\/2021\/02\/mariano.jpg\" style=\"object-position:50% 50%\" data-object-fit=\"cover\" data-object-position=\"50% 50%\" srcset=\"https:\/\/bodegasmarquesdevizhoja.com\/wp-content\/uploads\/2021\/02\/mariano.jpg 1920w, https:\/\/bodegasmarquesdevizhoja.com\/wp-content\/uploads\/2021\/02\/mariano-300x120.jpg 300w, https:\/\/bodegasmarquesdevizhoja.com\/wp-content\/uploads\/2021\/02\/mariano-1024x411.jpg 1024w, https:\/\/bodegasmarquesdevizhoja.com\/wp-content\/uploads\/2021\/02\/mariano-768x308.jpg 768w, https:\/\/bodegasmarquesdevizhoja.com\/wp-content\/uploads\/2021\/02\/mariano-1536x616.jpg 1536w, https:\/\/bodegasmarquesdevizhoja.com\/wp-content\/uploads\/2021\/02\/mariano-600x241.jpg 600w\" sizes=\"auto, (max-width: 1920px) 100vw, 1920px\" \/><div class=\"wp-block-cover__inner-container is-layout-flow wp-block-cover-is-layout-flow\">\n<h1 class=\"wp-block-heading\">Mariano Pel\u00e1ez Lomana<\/h1>\n\n\n\n<p>Father of Bodegas Marqu\u00e9s de Vizhoja &#8211; our father<\/p>\n<\/div><\/div>\n\n\n<div class=\"bloque-historia-hito \">\n    <div class=\"hito-fondo-imagen\" style=\"background-image:url()\">\n        <div class=\"container\">\n            <div class=\"hito-data\">\n                <h1 class=\"hito-titulo\">Wine is made in the vineyard, not at the winery<\/h1>                                            <\/div>\n        <\/div>\n     <\/div>\n<\/div>\n\n\n<div class=\"wp-block-hacce-wrapper\"><div class=\"container\">\n<div class=\"wp-block-hacce-texto-foto inverted historia-bloque\"><div class=\"texto centered\">\n<p class=\"h5 antetitulo\">Mariano Pel\u00e1ez<\/p>\n\n\n\n<p>Our father, a visionary in the world of wine<\/p>\n\n\n\n<p>I was born at Bouzas (Vigo), on the day dedicated to the Virgin of Carmel, patron saint of sailors, the 16th of July, 1935. My parents had left their native Palencia to search for a better life. My father, Mariano Pel\u00e1ez Mu\u00f1oz was or Palentine origin and the owner of some vineyards. My mother, \u00c1ngeles Lomana Redondo, was from Burgos and a confectioner. In my home city, a family had founded and opened a wine tavern and corner shop.<\/p>\n\n\n\n<p>At just 10 years of age, I was accompanying my father to purchase wine that he would later sell and despatch at his place of work. My mother saw to it that I went with him. Two years later, I was enrolled at business school. By 16, I had decided that I wanted to begin working.<\/p>\n\n\n\n<p>I still remember the conversation that I had with my father. I approached him with the proposal that the work at the tavern and corner shop be combined with my studies.<\/p>\n\n\n\n<p>His reaction was swift. \u201cYou want to work with me?\u201d, he asked. At that point, he took off his khaki smock and, whilst putting it away and resting a pencil on his ear, he asked again, \u201cdo you know how to multiply?&#8230;\u201d.<\/p>\n\n\n\n<p>I responded with a resounding \u201cyes\u201d, and I began to recite the multiplication table for the number four.<\/p>\n\n\n\n<p>My father cut me off and said: \u201cThat doesn\u2019t count, son. It\u2019s not enough to multiply numbers; you have to now how to multiply a business as well.<\/p>\n<\/div><div class=\"foto\"><img decoding=\"async\" src=\"https:\/\/bodegasmarquesdevizhoja.com\/wp-content\/uploads\/2021\/02\/Mariano_Pelaez_JMOrriol-1.jpg\" alt=\"\"\/><\/div><\/div>\n<\/div><\/div>\n\n\n\n<div class=\"wp-block-hacce-wrapper row-texto\"><div class=\"container\">\n<div style=\"height:100px\" aria-hidden=\"true\" class=\"wp-block-spacer\"><\/div>\n\n\n\n<p>Those were my beginnings in the family business. Little by little, I began to specialise in the supply of delicatessen products. All of this occurred in the \u201860s when Bouzas was becoming the residential home of Vigo\u2019s new shipowners. That is when I thought to open more shops of this type in the city&#8217;s main neighbourhoods, but the grapes and wine had already been drawn there.<\/p>\n\n\n\n<p>The year 1968 was one of the most important in my professional career. I founded Bodegas Marqu\u00e9s de Vizhoja, and the first award was given to the job, the Hoja de Parra Prize, and my first wine saw the light of day, Marqu\u00e9s de Vizhoja, the wine of that Hoja de Parra. It was a true reflection of authentic flavour, a wine that tasted of grape, of quality and of the entrepreneurial spirit.<\/p>\n\n\n\n<p>Only five years later, in 1976, I bought the Finca La Moreira. At the chapel, I found an image of the Virgin of Carmel. Then I knew that my luck and my future lay there, on that estate of over 120,000 metres squared extended over a plantation of over 10,000 metres.<\/p>\n\n\n\n<p>At that moment, I began to work on the vineyard, which would yield its rewards years later. We started adapting the vineyards of Arbo. We created professional vineyards with automated plantation. We grafted the strains and were pioneers in the use of the \u201cv\u201d.<\/p>\n\n\n\n<p>At the same time, I worked on the creation of the Regulatory Council of the Denomination of Origin R\u00edas Baixas. The B.O.E. laid its foundation in 1988. That year, the first vintage controlled by the D.O. was released, when there were only 14 wineries.<\/p>\n\n\n\n<p>That same year, our wineries released two R\u00edas Baixas, Torre La Moreira, 100% Albari\u00f1o, and Se\u00f1or da Folla Verde, which was 70% Albari\u00f1o grape, 15% Treixadura, and 15% from Loureira.<\/p>\n\n\n\n<p>The wine from which my career originated, Marqu\u00e9s de Vizhoja, continues to come out with new vintages, as an auteur wine, without D.O.<\/p>\n<\/div><\/div>\n\n\n\n<div class=\"wp-block-hacce-wrapper\"><div class=\"container\">\n<figure class=\"wp-block-image alignwide size-full historia-pie-imagen\" id=\"Bodegas-Marqu\u00e9s-de-Vizhoja\"><img loading=\"lazy\" decoding=\"async\" width=\"1753\" height=\"538\" src=\"https:\/\/bodegasmarquesdevizhoja.com\/wp-content\/uploads\/2020\/12\/historia-imagen-pie.png\" alt=\"Bodegas Marqu\u00e9s de Vizhoja\" class=\"wp-image-1468\" srcset=\"https:\/\/bodegasmarquesdevizhoja.com\/wp-content\/uploads\/2020\/12\/historia-imagen-pie.png 1753w, https:\/\/bodegasmarquesdevizhoja.com\/wp-content\/uploads\/2020\/12\/historia-imagen-pie-300x92.png 300w, https:\/\/bodegasmarquesdevizhoja.com\/wp-content\/uploads\/2020\/12\/historia-imagen-pie-600x184.png 600w, https:\/\/bodegasmarquesdevizhoja.com\/wp-content\/uploads\/2020\/12\/historia-imagen-pie-1024x314.png 1024w, https:\/\/bodegasmarquesdevizhoja.com\/wp-content\/uploads\/2020\/12\/historia-imagen-pie-768x236.png 768w, https:\/\/bodegasmarquesdevizhoja.com\/wp-content\/uploads\/2020\/12\/historia-imagen-pie-1536x471.png 1536w\" sizes=\"auto, (max-width: 1753px) 100vw, 1753px\" \/><\/figure>\n<\/div><\/div>\n","protected":false},"excerpt":{"rendered":"","protected":false},"author":1,"featured_media":0,"parent":126,"menu_order":0,"comment_status":"closed","ping_status":"closed","template":"templates\/template-biograf\u00edas.php","meta":{"_acf_changed":false,"footnotes":""},"class_list":["post-158","page","type-page","status-publish","hentry"],"acf":[],"yoast_head":"<!-- This site is optimized with the Yoast SEO plugin v27.2 - https:\/\/yoast.com\/product\/yoast-seo-wordpress\/ -->\n<title>Mariano Pel\u00e1ez - Marqu\u00e9s de Vizhoja<\/title>\n<meta name=\"robots\" content=\"index, follow, max-snippet:-1, max-image-preview:large, max-video-preview:-1\" \/>\n<link rel=\"canonical\" href=\"https:\/\/bodegasmarquesdevizhoja.com\/es\/la-historia-de-la-bodegas\/mariano-pelaez\/\" \/>\n<meta property=\"og:locale\" content=\"en_US\" \/>\n<meta property=\"og:type\" content=\"article\" \/>\n<meta property=\"og:title\" content=\"Mariano Pel\u00e1ez - Marqu\u00e9s de Vizhoja\" \/>\n<meta property=\"og:url\" content=\"https:\/\/bodegasmarquesdevizhoja.com\/es\/la-historia-de-la-bodegas\/mariano-pelaez\/\" \/>\n<meta property=\"og:site_name\" content=\"Marqu\u00e9s de Vizhoja\" \/>\n<meta property=\"article:modified_time\" content=\"2022-06-21T11:20:26+00:00\" \/>\n<meta property=\"og:image\" content=\"https:\/\/bodegasmarquesdevizhoja.com\/wp-content\/uploads\/2021\/02\/mariano.jpg\" \/>\n<meta name=\"twitter:card\" content=\"summary_large_image\" \/>\n<meta name=\"twitter:label1\" content=\"Est. reading time\" \/>\n\t<meta name=\"twitter:data1\" content=\"4 minutes\" \/>\n<script type=\"application\/ld+json\" class=\"yoast-schema-graph\">{\"@context\":\"https:\/\/schema.org\",\"@graph\":[{\"@type\":\"WebPage\",\"@id\":\"https:\/\/bodegasmarquesdevizhoja.com\/es\/la-historia-de-la-bodegas\/mariano-pelaez\/\",\"url\":\"https:\/\/bodegasmarquesdevizhoja.com\/es\/la-historia-de-la-bodegas\/mariano-pelaez\/\",\"name\":\"Mariano Pel\u00e1ez - Marqu\u00e9s de Vizhoja\",\"isPartOf\":{\"@id\":\"https:\/\/bodegasmarquesdevizhoja.com\/es\/#website\"},\"primaryImageOfPage\":{\"@id\":\"https:\/\/bodegasmarquesdevizhoja.com\/es\/la-historia-de-la-bodegas\/mariano-pelaez\/#primaryimage\"},\"image\":{\"@id\":\"https:\/\/bodegasmarquesdevizhoja.com\/es\/la-historia-de-la-bodegas\/mariano-pelaez\/#primaryimage\"},\"thumbnailUrl\":\"https:\/\/bodegasmarquesdevizhoja.com\/wp-content\/uploads\/2021\/02\/mariano.jpg\",\"datePublished\":\"2020-10-21T09:54:59+00:00\",\"dateModified\":\"2022-06-21T11:20:26+00:00\",\"breadcrumb\":{\"@id\":\"https:\/\/bodegasmarquesdevizhoja.com\/es\/la-historia-de-la-bodegas\/mariano-pelaez\/#breadcrumb\"},\"inLanguage\":\"en-US\",\"potentialAction\":[{\"@type\":\"ReadAction\",\"target\":[\"https:\/\/bodegasmarquesdevizhoja.com\/es\/la-historia-de-la-bodegas\/mariano-pelaez\/\"]}]},{\"@type\":\"ImageObject\",\"inLanguage\":\"en-US\",\"@id\":\"https:\/\/bodegasmarquesdevizhoja.com\/es\/la-historia-de-la-bodegas\/mariano-pelaez\/#primaryimage\",\"url\":\"https:\/\/bodegasmarquesdevizhoja.com\/wp-content\/uploads\/2021\/02\/mariano.jpg\",\"contentUrl\":\"https:\/\/bodegasmarquesdevizhoja.com\/wp-content\/uploads\/2021\/02\/mariano.jpg\"},{\"@type\":\"BreadcrumbList\",\"@id\":\"https:\/\/bodegasmarquesdevizhoja.com\/es\/la-historia-de-la-bodegas\/mariano-pelaez\/#breadcrumb\",\"itemListElement\":[{\"@type\":\"ListItem\",\"position\":1,\"name\":\"Home\",\"item\":\"https:\/\/bodegasmarquesdevizhoja.com\/en\/\"},{\"@type\":\"ListItem\",\"position\":2,\"name\":\"The History of the Winery\",\"item\":\"https:\/\/bodegasmarquesdevizhoja.com\/en\/the-history-of-the-winery\/\"},{\"@type\":\"ListItem\",\"position\":3,\"name\":\"Mariano Pel\u00e1ez\"}]},{\"@type\":\"WebSite\",\"@id\":\"https:\/\/bodegasmarquesdevizhoja.com\/es\/#website\",\"url\":\"https:\/\/bodegasmarquesdevizhoja.com\/es\/\",\"name\":\"Marqu\u00e9s de Vizhoja\",\"description\":\"\",\"potentialAction\":[{\"@type\":\"SearchAction\",\"target\":{\"@type\":\"EntryPoint\",\"urlTemplate\":\"https:\/\/bodegasmarquesdevizhoja.com\/es\/?s={search_term_string}\"},\"query-input\":{\"@type\":\"PropertyValueSpecification\",\"valueRequired\":true,\"valueName\":\"search_term_string\"}}],\"inLanguage\":\"en-US\"}]}<\/script>\n<!-- \/ Yoast SEO plugin. -->","yoast_head_json":{"title":"Mariano Pel\u00e1ez - Marqu\u00e9s de Vizhoja","robots":{"index":"index","follow":"follow","max-snippet":"max-snippet:-1","max-image-preview":"max-image-preview:large","max-video-preview":"max-video-preview:-1"},"canonical":"https:\/\/bodegasmarquesdevizhoja.com\/es\/la-historia-de-la-bodegas\/mariano-pelaez\/","og_locale":"en_US","og_type":"article","og_title":"Mariano Pel\u00e1ez - Marqu\u00e9s de Vizhoja","og_url":"https:\/\/bodegasmarquesdevizhoja.com\/es\/la-historia-de-la-bodegas\/mariano-pelaez\/","og_site_name":"Marqu\u00e9s de Vizhoja","article_modified_time":"2022-06-21T11:20:26+00:00","og_image":[{"url":"https:\/\/bodegasmarquesdevizhoja.com\/wp-content\/uploads\/2021\/02\/mariano.jpg","type":"","width":"","height":""}],"twitter_card":"summary_large_image","twitter_misc":{"Est. reading time":"4 minutes"},"schema":{"@context":"https:\/\/schema.org","@graph":[{"@type":"WebPage","@id":"https:\/\/bodegasmarquesdevizhoja.com\/es\/la-historia-de-la-bodegas\/mariano-pelaez\/","url":"https:\/\/bodegasmarquesdevizhoja.com\/es\/la-historia-de-la-bodegas\/mariano-pelaez\/","name":"Mariano Pel\u00e1ez - Marqu\u00e9s de Vizhoja","isPartOf":{"@id":"https:\/\/bodegasmarquesdevizhoja.com\/es\/#website"},"primaryImageOfPage":{"@id":"https:\/\/bodegasmarquesdevizhoja.com\/es\/la-historia-de-la-bodegas\/mariano-pelaez\/#primaryimage"},"image":{"@id":"https:\/\/bodegasmarquesdevizhoja.com\/es\/la-historia-de-la-bodegas\/mariano-pelaez\/#primaryimage"},"thumbnailUrl":"https:\/\/bodegasmarquesdevizhoja.com\/wp-content\/uploads\/2021\/02\/mariano.jpg","datePublished":"2020-10-21T09:54:59+00:00","dateModified":"2022-06-21T11:20:26+00:00","breadcrumb":{"@id":"https:\/\/bodegasmarquesdevizhoja.com\/es\/la-historia-de-la-bodegas\/mariano-pelaez\/#breadcrumb"},"inLanguage":"en-US","potentialAction":[{"@type":"ReadAction","target":["https:\/\/bodegasmarquesdevizhoja.com\/es\/la-historia-de-la-bodegas\/mariano-pelaez\/"]}]},{"@type":"ImageObject","inLanguage":"en-US","@id":"https:\/\/bodegasmarquesdevizhoja.com\/es\/la-historia-de-la-bodegas\/mariano-pelaez\/#primaryimage","url":"https:\/\/bodegasmarquesdevizhoja.com\/wp-content\/uploads\/2021\/02\/mariano.jpg","contentUrl":"https:\/\/bodegasmarquesdevizhoja.com\/wp-content\/uploads\/2021\/02\/mariano.jpg"},{"@type":"BreadcrumbList","@id":"https:\/\/bodegasmarquesdevizhoja.com\/es\/la-historia-de-la-bodegas\/mariano-pelaez\/#breadcrumb","itemListElement":[{"@type":"ListItem","position":1,"name":"Home","item":"https:\/\/bodegasmarquesdevizhoja.com\/en\/"},{"@type":"ListItem","position":2,"name":"The History of the Winery","item":"https:\/\/bodegasmarquesdevizhoja.com\/en\/the-history-of-the-winery\/"},{"@type":"ListItem","position":3,"name":"Mariano Pel\u00e1ez"}]},{"@type":"WebSite","@id":"https:\/\/bodegasmarquesdevizhoja.com\/es\/#website","url":"https:\/\/bodegasmarquesdevizhoja.com\/es\/","name":"Marqu\u00e9s de Vizhoja","description":"","potentialAction":[{"@type":"SearchAction","target":{"@type":"EntryPoint","urlTemplate":"https:\/\/bodegasmarquesdevizhoja.com\/es\/?s={search_term_string}"},"query-input":{"@type":"PropertyValueSpecification","valueRequired":true,"valueName":"search_term_string"}}],"inLanguage":"en-US"}]}},"jetpack_sharing_enabled":true,"_links":{"self":[{"href":"https:\/\/bodegasmarquesdevizhoja.com\/en\/wp-json\/wp\/v2\/pages\/158","targetHints":{"allow":["GET"]}}],"collection":[{"href":"https:\/\/bodegasmarquesdevizhoja.com\/en\/wp-json\/wp\/v2\/pages"}],"about":[{"href":"https:\/\/bodegasmarquesdevizhoja.com\/en\/wp-json\/wp\/v2\/types\/page"}],"author":[{"embeddable":true,"href":"https:\/\/bodegasmarquesdevizhoja.com\/en\/wp-json\/wp\/v2\/users\/1"}],"replies":[{"embeddable":true,"href":"https:\/\/bodegasmarquesdevizhoja.com\/en\/wp-json\/wp\/v2\/comments?post=158"}],"version-history":[{"count":43,"href":"https:\/\/bodegasmarquesdevizhoja.com\/en\/wp-json\/wp\/v2\/pages\/158\/revisions"}],"predecessor-version":[{"id":8745,"href":"https:\/\/bodegasmarquesdevizhoja.com\/en\/wp-json\/wp\/v2\/pages\/158\/revisions\/8745"}],"up":[{"embeddable":true,"href":"https:\/\/bodegasmarquesdevizhoja.com\/en\/wp-json\/wp\/v2\/pages\/126"}],"wp:attachment":[{"href":"https:\/\/bodegasmarquesdevizhoja.com\/en\/wp-json\/wp\/v2\/media?parent=158"}],"curies":[{"name":"wp","href":"https:\/\/api.w.org\/{rel}","templated":true}]}}