{"id":188,"date":"2020-10-21T12:17:52","date_gmt":"2020-10-21T10:17:52","guid":{"rendered":"https:\/\/bodegasmarquesdevizhoja.com\/condiciones-de-venta\/"},"modified":"2021-11-24T10:00:13","modified_gmt":"2021-11-24T09:00:13","slug":"sales-conditions","status":"publish","type":"page","link":"https:\/\/bodegasmarquesdevizhoja.com\/en\/sales-conditions\/","title":{"rendered":"Sales conditions"},"content":{"rendered":"\n<p>General contracting conditions on <a href=\"http:\/\/www.bodegasmarquesdevizhoja.com\">www.bodegasmarquesdevizhoja.com<\/a> online shop<\/p>\n\n\n\n<p>BODEGAS MARQU\u00c9S DE VIZHOJA S.A.U. makes available to its clients, their online shop <a href=\"http:\/\/www.bodegasmarquesdevizhoja.com\">www.bodegasmarquesdevizhoja.com<\/a> (hereinafter, the web), for the purpose of letting them acquire the products that are offered in the same.<\/p>\n\n\n\n<p>For any claim, the client will be able to contact:<\/p>\n\n\n\n<p>BODEGAS MARQU\u00c9S DE VIZHOJA, Finca La Moreira, s\/N 36438 Arbo (Pontevedra) Tel. 986 665 825 Email: <a href=\"mailto:online@marquesdevizhoja.com\">online@marquesdevizhoja.com<\/a><\/p>\n\n\n\n<p>You are recommended to read the Sales Conditions before proceeding to order.<\/p>\n\n\n\n<p>In order to make any purchase on <a href=\"http:\/\/www.bodegasmarquesdevizhoja.com\">www.bodegasmarquesdevizhoja.com<\/a> requires that the user register on the website by filling out a form. In order to make purchases on the website of BODEGAS MARQU\u00c9S DE VIZHOJA S.A.U., the client will be able to expressly consent to the General Contracting Conditions.<\/p>\n\n\n\n<p>BODEGAS MARQU\u00c9S DE VIZHOJA S.A.U. will be able to modify at any time the sales conditions, always respecting prior commitments acquired by their clients. Modifications will be made public on the website in order to make everyone aware.<\/p>\n\n\n\n<p>BODEGAS MARQU\u00c9S DE VIZHOJA S.A.U. se compromete a no permitir ninguna transacci\u00f3n que sea ilegal, o se considere por las marcas de tarjetas de cr\u00e9dito o el banco adquiriente, que pueda o tenga el potencial de da\u00f1ar la buena voluntad de los mismos o influir de manera negativa en ellos. Las siguientes actividades est\u00e1n prohibidas en virtud de los programas de las marcas de tarjetas: la venta u oferta de un producto o servicio que no sea de plena conformidad con todas las leyes aplicables al Comprador, Banco Emisor, Comerciante, Titular de la tarjeta, o tarjetas. Adem\u00e1s, las siguientes actividades tambi\u00e9n est\u00e1n prohibidas expl\u00edcitamente: Venta de bebidas alcoh\u00f3licas a menores de 18 a\u00f1os.<\/p>\n\n\n\n<h2 class=\"wp-block-heading\"><strong>Sales Limitations<\/strong><\/h2>\n\n\n\n<p>Offers present on the website and the services provided by BODEGAS MARQU\u00c9S DE VIZHOJA S.A.U. will be addressed solely and exclusively to physical persons of adult age, or legal persons considered consumers or users in relation to existing law (Royal Legislative Decree 1\/2007 of 16 November). Consequently, people who do not fulfil the above requirements will not be able to acquire the products on the website.<\/p>\n\n\n\n<p>To that end, through accepting the present conditions of sale, the user declares that he or she is a person with the capacity to contract and has read and accepted these General Contracting Conditions.<\/p>\n\n\n\n<h2 class=\"wp-block-heading\"><strong>Products<\/strong><\/h2>\n\n\n\n<p>BODEGAS MARQU\u00c9S DE VIZHOJA S.A.U. will be able to increase its products as well as improve the existing ones.<\/p>\n\n\n\n<h2 class=\"wp-block-heading\"><strong>Prices and Payment<\/strong><\/h2>\n\n\n\n<p>BODEGAS MARQU\u00c9S DE VIZHOJA S.A.U. will be able to modify, replace or update the prices of the products that are currently offered on their website.<\/p>\n\n\n\n<p>The prices and fees applied are those that figure at any moment on the website <a href=\"http:\/\/www.bodegasmarquesdevizhoja.com\">www.bodegasmarquesdevizhoja.com<\/a><\/p>\n\n\n\n<p>The prices displayed on the website appear in euros and include Value Added Tax (VAT).<\/p>\n\n\n\n<p>Not included in the prices are the costs of transport and insurance.<\/p>\n\n\n\n<h2 class=\"wp-block-heading\"><strong>Shipment Costs<\/strong><\/h2>\n\n\n\n<p>Costs of shipment may be modified at any time without prior notice.<\/p>\n\n\n\n<p>Costs of shipment will be calculated based on weight and destination.<\/p>\n\n\n\n<p>Costs of shipment will be calculated once the purchase has been confirmed and the address of delivery provided.<\/p>\n\n\n\n<p>The shipment will be made gree of charge to the Penninsula and Balearic Islands for orders valued at or above \u20ac55.<\/p>\n\n\n\n<h2 class=\"wp-block-heading\">Delivery of orders<\/h2>\n\n\n\n<p>The time-frame for delivery on orders to the Penninsula or Balearic Islands is 48-72 hours (except for holidays and weekends), beginning on the moment that the order is received and payment is made properly.<\/p>\n\n\n\n<p>In order to facilitate the delivery it will be necessary to complete the sales form correctly. It is recommended that a telephone number be included in the corresponding field.<\/p>\n\n\n\n<p>No deliveries will be made on Saturdays, Sundays or holidays.<\/p>\n\n\n\n<h2 class=\"wp-block-heading\"><strong>Following up on the order<\/strong><\/h2>\n\n\n\n<p>The client can find out the status of their order, through the website or through the phone number of BODEGAS MARQU\u00c9S DE VIZHOJA S.A.U., as made available for client concerns: 986 665 825 or through email: online@marquesdevizhoja.com<\/p>\n\n\n\n<h2 class=\"wp-block-heading\"><strong>Invoicing<\/strong><\/h2>\n\n\n\n<p>The client will receive an invoice for each one of their purchases, through email or directly with the delivery of the order.<\/p>\n\n\n\n<h2 class=\"wp-block-heading\"><strong>Changes and\/or reimbursements<\/strong><\/h2>\n\n\n\n<p><strong>Refunds<\/strong><\/p>\n\n\n\n<p>The client will have a time-frame of fourteen (14) days from the receipt of the product in order to exercise their right to desist, totally or in part, the purchase of the product, in accordance with applicable law.<\/p>\n\n\n\n<p>IN accordance with what is set forth in Article 102.1 and 2 of the Royal Legislative Decree 1\/2007 of 16 November, which approves the modified text of the General Law for the Defence of Consumers and Users, and other complementary laws, rights may not be exercises for bottles that have been open due to deterioration of the content in such cases.<\/p>\n\n\n\n<p>Once the fourteen (14) days have elapsed, BODEGAS MARQU\u00c9S DE VIZHOJA S.A.U. will no longer accept returns.<\/p>\n\n\n\n<p>Returns of the products should be directed to the following address: BODEGAS MARQU\u00c9S DE VIZHOJA S.A.U., Finca La Moreira, s\/n 36438 Arbo (Pontevedra). Tel. 986 665 825.<\/p>\n\n\n\n<p>Costs of transportation for the return will be borne by the client.<\/p>\n\n\n\n<p>The product or products should be in perfect condition and will be returned in their original packaging and state; a proof of sale as well as accessories or gifts included will be included.<\/p>\n\n\n\n<p>Once the return has been received, BODEGAS MARQU\u00c9S DE VIZHOJA S.A.U. will proceed to verify the products and carry out the payment corresponding to the purchase within a span of fourteen (14) days from the date of receipt, in accordance with the payment method employed by the client.<\/p>\n\n\n\n<h2 class=\"wp-block-heading\">Cancelaci\u00f3n<\/h2>\n\n\n\n<p>El cliente podr\u00e1 cancelar; sin coste alguno, siempre y cuando no haya sido enviado al pedido al usuario.<\/p>\n\n\n\n<h2 class=\"wp-block-heading\"><strong>Right regarding defective products<\/strong><\/h2>\n\n\n\n<p>The client will have the right to reimburse the price of the products delivered if they do not correspond with the order made by the client. The client will have the right to claim, and for the same product to the one requested to be delivered in perfect condition within a maximum span of fifteen (15) days from the receipt of the order, receiving a replacement in this manner.<\/p>\n\n\n\n<p>The client will not have to face the costs of the return for the defective products.<\/p>\n\n\n\n<h2 class=\"wp-block-heading\"><strong>Payment Methods<\/strong><\/h2>\n\n\n\n<p>Acceptabe payment methods are: credit or debit card, Paypal or Bizum. No other forms of payment outside of those established in these conditions will be allowed.<\/p>\n\n\n\n<p>A Secure Payment system is used. When the user has made a purchase with a card, they will access the page of the banking entity in order to enter their credentials of the same.<\/p>\n\n\n\n<p>Payment information is wholly confidential.<\/p>\n","protected":false},"excerpt":{"rendered":"<p>General contracting conditions on www.bodegasmarquesdevizhoja.com online shop BODEGAS MARQU\u00c9S DE VIZHOJA S.A.U. makes available to its clients, their online shop www.bodegasmarquesdevizhoja.com (hereinafter, the web), for the purpose of letting them acquire the products that are offered in the same. For any claim, the client will be able to contact: BODEGAS MARQU\u00c9S DE VIZHOJA, Finca La [&hellip;]<\/p>\n","protected":false},"author":1,"featured_media":0,"parent":0,"menu_order":0,"comment_status":"closed","ping_status":"closed","template":"","meta":{"_acf_changed":false,"footnotes":""},"class_list":["post-188","page","type-page","status-publish","hentry"],"acf":[],"yoast_head":"<!-- This site is optimized with the Yoast SEO plugin v27.2 - https:\/\/yoast.com\/product\/yoast-seo-wordpress\/ -->\n<title>Sales conditions - Marqu\u00e9s de Vizhoja<\/title>\n<meta name=\"robots\" content=\"index, follow, max-snippet:-1, max-image-preview:large, max-video-preview:-1\" \/>\n<link rel=\"canonical\" href=\"https:\/\/bodegasmarquesdevizhoja.com\/es\/condiciones-de-venta\/\" \/>\n<meta property=\"og:locale\" content=\"en_US\" \/>\n<meta property=\"og:type\" content=\"article\" \/>\n<meta property=\"og:title\" content=\"Sales conditions - Marqu\u00e9s de Vizhoja\" \/>\n<meta property=\"og:description\" content=\"General contracting conditions on www.bodegasmarquesdevizhoja.com online shop BODEGAS MARQU\u00c9S DE VIZHOJA S.A.U. makes available to its clients, their online shop www.bodegasmarquesdevizhoja.com (hereinafter, the web), for the purpose of letting them acquire the products that are offered in the same. For any claim, the client will be able to contact: BODEGAS MARQU\u00c9S DE VIZHOJA, Finca La [&hellip;]\" \/>\n<meta property=\"og:url\" content=\"https:\/\/bodegasmarquesdevizhoja.com\/es\/condiciones-de-venta\/\" \/>\n<meta property=\"og:site_name\" content=\"Marqu\u00e9s de Vizhoja\" \/>\n<meta property=\"article:modified_time\" content=\"2021-11-24T09:00:13+00:00\" \/>\n<meta name=\"twitter:card\" content=\"summary_large_image\" \/>\n<meta name=\"twitter:label1\" content=\"Est. reading time\" \/>\n\t<meta name=\"twitter:data1\" content=\"5 minutes\" \/>\n<script type=\"application\/ld+json\" class=\"yoast-schema-graph\">{\"@context\":\"https:\/\/schema.org\",\"@graph\":[{\"@type\":\"WebPage\",\"@id\":\"https:\/\/bodegasmarquesdevizhoja.com\/es\/condiciones-de-venta\/\",\"url\":\"https:\/\/bodegasmarquesdevizhoja.com\/es\/condiciones-de-venta\/\",\"name\":\"Sales conditions - Marqu\u00e9s de Vizhoja\",\"isPartOf\":{\"@id\":\"https:\/\/bodegasmarquesdevizhoja.com\/es\/#website\"},\"datePublished\":\"2020-10-21T10:17:52+00:00\",\"dateModified\":\"2021-11-24T09:00:13+00:00\",\"breadcrumb\":{\"@id\":\"https:\/\/bodegasmarquesdevizhoja.com\/es\/condiciones-de-venta\/#breadcrumb\"},\"inLanguage\":\"en-US\",\"potentialAction\":[{\"@type\":\"ReadAction\",\"target\":[\"https:\/\/bodegasmarquesdevizhoja.com\/es\/condiciones-de-venta\/\"]}]},{\"@type\":\"BreadcrumbList\",\"@id\":\"https:\/\/bodegasmarquesdevizhoja.com\/es\/condiciones-de-venta\/#breadcrumb\",\"itemListElement\":[{\"@type\":\"ListItem\",\"position\":1,\"name\":\"Home\",\"item\":\"https:\/\/bodegasmarquesdevizhoja.com\/en\/\"},{\"@type\":\"ListItem\",\"position\":2,\"name\":\"Sales conditions\"}]},{\"@type\":\"WebSite\",\"@id\":\"https:\/\/bodegasmarquesdevizhoja.com\/es\/#website\",\"url\":\"https:\/\/bodegasmarquesdevizhoja.com\/es\/\",\"name\":\"Marqu\u00e9s de Vizhoja\",\"description\":\"\",\"potentialAction\":[{\"@type\":\"SearchAction\",\"target\":{\"@type\":\"EntryPoint\",\"urlTemplate\":\"https:\/\/bodegasmarquesdevizhoja.com\/es\/?s={search_term_string}\"},\"query-input\":{\"@type\":\"PropertyValueSpecification\",\"valueRequired\":true,\"valueName\":\"search_term_string\"}}],\"inLanguage\":\"en-US\"}]}<\/script>\n<!-- \/ Yoast SEO plugin. -->","yoast_head_json":{"title":"Sales conditions - Marqu\u00e9s de Vizhoja","robots":{"index":"index","follow":"follow","max-snippet":"max-snippet:-1","max-image-preview":"max-image-preview:large","max-video-preview":"max-video-preview:-1"},"canonical":"https:\/\/bodegasmarquesdevizhoja.com\/es\/condiciones-de-venta\/","og_locale":"en_US","og_type":"article","og_title":"Sales conditions - Marqu\u00e9s de Vizhoja","og_description":"General contracting conditions on www.bodegasmarquesdevizhoja.com online shop BODEGAS MARQU\u00c9S DE VIZHOJA S.A.U. makes available to its clients, their online shop www.bodegasmarquesdevizhoja.com (hereinafter, the web), for the purpose of letting them acquire the products that are offered in the same. For any claim, the client will be able to contact: BODEGAS MARQU\u00c9S DE VIZHOJA, Finca La [&hellip;]","og_url":"https:\/\/bodegasmarquesdevizhoja.com\/es\/condiciones-de-venta\/","og_site_name":"Marqu\u00e9s de Vizhoja","article_modified_time":"2021-11-24T09:00:13+00:00","twitter_card":"summary_large_image","twitter_misc":{"Est. reading time":"5 minutes"},"schema":{"@context":"https:\/\/schema.org","@graph":[{"@type":"WebPage","@id":"https:\/\/bodegasmarquesdevizhoja.com\/es\/condiciones-de-venta\/","url":"https:\/\/bodegasmarquesdevizhoja.com\/es\/condiciones-de-venta\/","name":"Sales conditions - Marqu\u00e9s de Vizhoja","isPartOf":{"@id":"https:\/\/bodegasmarquesdevizhoja.com\/es\/#website"},"datePublished":"2020-10-21T10:17:52+00:00","dateModified":"2021-11-24T09:00:13+00:00","breadcrumb":{"@id":"https:\/\/bodegasmarquesdevizhoja.com\/es\/condiciones-de-venta\/#breadcrumb"},"inLanguage":"en-US","potentialAction":[{"@type":"ReadAction","target":["https:\/\/bodegasmarquesdevizhoja.com\/es\/condiciones-de-venta\/"]}]},{"@type":"BreadcrumbList","@id":"https:\/\/bodegasmarquesdevizhoja.com\/es\/condiciones-de-venta\/#breadcrumb","itemListElement":[{"@type":"ListItem","position":1,"name":"Home","item":"https:\/\/bodegasmarquesdevizhoja.com\/en\/"},{"@type":"ListItem","position":2,"name":"Sales conditions"}]},{"@type":"WebSite","@id":"https:\/\/bodegasmarquesdevizhoja.com\/es\/#website","url":"https:\/\/bodegasmarquesdevizhoja.com\/es\/","name":"Marqu\u00e9s de Vizhoja","description":"","potentialAction":[{"@type":"SearchAction","target":{"@type":"EntryPoint","urlTemplate":"https:\/\/bodegasmarquesdevizhoja.com\/es\/?s={search_term_string}"},"query-input":{"@type":"PropertyValueSpecification","valueRequired":true,"valueName":"search_term_string"}}],"inLanguage":"en-US"}]}},"jetpack_sharing_enabled":true,"_links":{"self":[{"href":"https:\/\/bodegasmarquesdevizhoja.com\/en\/wp-json\/wp\/v2\/pages\/188","targetHints":{"allow":["GET"]}}],"collection":[{"href":"https:\/\/bodegasmarquesdevizhoja.com\/en\/wp-json\/wp\/v2\/pages"}],"about":[{"href":"https:\/\/bodegasmarquesdevizhoja.com\/en\/wp-json\/wp\/v2\/types\/page"}],"author":[{"embeddable":true,"href":"https:\/\/bodegasmarquesdevizhoja.com\/en\/wp-json\/wp\/v2\/users\/1"}],"replies":[{"embeddable":true,"href":"https:\/\/bodegasmarquesdevizhoja.com\/en\/wp-json\/wp\/v2\/comments?post=188"}],"version-history":[{"count":6,"href":"https:\/\/bodegasmarquesdevizhoja.com\/en\/wp-json\/wp\/v2\/pages\/188\/revisions"}],"predecessor-version":[{"id":3716,"href":"https:\/\/bodegasmarquesdevizhoja.com\/en\/wp-json\/wp\/v2\/pages\/188\/revisions\/3716"}],"wp:attachment":[{"href":"https:\/\/bodegasmarquesdevizhoja.com\/en\/wp-json\/wp\/v2\/media?parent=188"}],"curies":[{"name":"wp","href":"https:\/\/api.w.org\/{rel}","templated":true}]}}