{"id":309370,"date":"2023-08-14T09:37:34","date_gmt":"2023-08-14T07:37:35","guid":{"rendered":"https:\/\/bodegasmarquesdevizhoja.com\/?post_type=product&#038;p=309370"},"modified":"2025-06-30T09:25:46","modified_gmt":"2025-06-30T07:25:46","slug":"marques-de-vizhoja-2","status":"publish","type":"product","link":"https:\/\/bodegasmarquesdevizhoja.com\/en\/shop\/marques-de-vizhoja-2\/","title":{"rendered":"El Rodaballo"},"content":{"rendered":"","protected":false},"excerpt":{"rendered":"","protected":false},"featured_media":0,"template":"","meta":{"_acf_changed":false},"product_brand":[],"product_cat":[78],"product_tag":[],"giftcard-category":[],"class_list":{"0":"post-309370","1":"product","2":"type-product","3":"status-publish","5":"product_cat-white-wine-without-do","7":"first","8":"instock","9":"taxable","10":"shipping-taxable","11":"purchasable","12":"product-type-variable"},"acf":[],"yoast_head":"<!-- This site is optimized with the Yoast SEO plugin v27.2 - https:\/\/yoast.com\/product\/yoast-seo-wordpress\/ -->\n<title>El Rodaballo - Marqu\u00e9s de Vizhoja<\/title>\n<meta name=\"description\" content=\"El vino blanco afrutado m\u00e1s afamado de Bodegas Marqu\u00e9s de Vizhoja. Certificado por V- Label con el sello vegano.\" \/>\n<meta name=\"robots\" content=\"index, follow, max-snippet:-1, max-image-preview:large, max-video-preview:-1\" \/>\n<link rel=\"canonical\" href=\"https:\/\/bodegasmarquesdevizhoja.com\/en\/shop\/marques-de-vizhoja-2\/\" \/>\n<meta property=\"og:locale\" content=\"en_US\" \/>\n<meta property=\"og:type\" content=\"article\" \/>\n<meta property=\"og:title\" content=\"El Rodaballo - Marqu\u00e9s de Vizhoja\" \/>\n<meta property=\"og:description\" content=\"El vino blanco afrutado m\u00e1s afamado de Bodegas Marqu\u00e9s de Vizhoja. Certificado por V- Label con el sello vegano.\" \/>\n<meta property=\"og:url\" content=\"https:\/\/bodegasmarquesdevizhoja.com\/en\/shop\/marques-de-vizhoja-2\/\" \/>\n<meta property=\"og:site_name\" content=\"Marqu\u00e9s de Vizhoja\" \/>\n<meta property=\"article:modified_time\" content=\"2025-06-30T07:25:46+00:00\" \/>\n<meta name=\"twitter:card\" content=\"summary_large_image\" \/>\n<meta name=\"twitter:label1\" content=\"Est. reading time\" \/>\n\t<meta name=\"twitter:data1\" content=\"1 minute\" \/>\n<script type=\"application\/ld+json\" class=\"yoast-schema-graph\">{\"@context\":\"https:\/\/schema.org\",\"@graph\":[{\"@type\":\"WebPage\",\"@id\":\"https:\/\/bodegasmarquesdevizhoja.com\/en\/shop\/marques-de-vizhoja-2\/\",\"url\":\"https:\/\/bodegasmarquesdevizhoja.com\/en\/shop\/marques-de-vizhoja-2\/\",\"name\":\"El Rodaballo - Marqu\u00e9s de Vizhoja\",\"isPartOf\":{\"@id\":\"https:\/\/bodegasmarquesdevizhoja.com\/es\/#website\"},\"datePublished\":\"2023-08-14T07:37:35+00:00\",\"dateModified\":\"2025-06-30T07:25:46+00:00\",\"description\":\"El vino blanco afrutado m\u00e1s afamado de Bodegas Marqu\u00e9s de Vizhoja. Certificado por V- Label con el sello vegano.\",\"breadcrumb\":{\"@id\":\"https:\/\/bodegasmarquesdevizhoja.com\/en\/shop\/marques-de-vizhoja-2\/#breadcrumb\"},\"inLanguage\":\"en-US\",\"potentialAction\":[{\"@type\":\"ReadAction\",\"target\":[\"https:\/\/bodegasmarquesdevizhoja.com\/en\/shop\/marques-de-vizhoja-2\/\"]}]},{\"@type\":\"BreadcrumbList\",\"@id\":\"https:\/\/bodegasmarquesdevizhoja.com\/en\/shop\/marques-de-vizhoja-2\/#breadcrumb\",\"itemListElement\":[{\"@type\":\"ListItem\",\"position\":1,\"name\":\"Home\",\"item\":\"https:\/\/bodegasmarquesdevizhoja.com\/en\/\"},{\"@type\":\"ListItem\",\"position\":2,\"name\":\"El Rodaballo\"}]},{\"@type\":\"WebSite\",\"@id\":\"https:\/\/bodegasmarquesdevizhoja.com\/es\/#website\",\"url\":\"https:\/\/bodegasmarquesdevizhoja.com\/es\/\",\"name\":\"Marqu\u00e9s de Vizhoja\",\"description\":\"\",\"potentialAction\":[{\"@type\":\"SearchAction\",\"target\":{\"@type\":\"EntryPoint\",\"urlTemplate\":\"https:\/\/bodegasmarquesdevizhoja.com\/es\/?s={search_term_string}\"},\"query-input\":{\"@type\":\"PropertyValueSpecification\",\"valueRequired\":true,\"valueName\":\"search_term_string\"}}],\"inLanguage\":\"en-US\"}]}<\/script>\n<!-- \/ Yoast SEO plugin. -->","yoast_head_json":{"title":"El Rodaballo - Marqu\u00e9s de Vizhoja","description":"El vino blanco afrutado m\u00e1s afamado de Bodegas Marqu\u00e9s de Vizhoja. Certificado por V- Label con el sello vegano.","robots":{"index":"index","follow":"follow","max-snippet":"max-snippet:-1","max-image-preview":"max-image-preview:large","max-video-preview":"max-video-preview:-1"},"canonical":"https:\/\/bodegasmarquesdevizhoja.com\/en\/shop\/marques-de-vizhoja-2\/","og_locale":"en_US","og_type":"article","og_title":"El Rodaballo - Marqu\u00e9s de Vizhoja","og_description":"El vino blanco afrutado m\u00e1s afamado de Bodegas Marqu\u00e9s de Vizhoja. Certificado por V- Label con el sello vegano.","og_url":"https:\/\/bodegasmarquesdevizhoja.com\/en\/shop\/marques-de-vizhoja-2\/","og_site_name":"Marqu\u00e9s de Vizhoja","article_modified_time":"2025-06-30T07:25:46+00:00","twitter_card":"summary_large_image","twitter_misc":{"Est. reading time":"1 minute"},"schema":{"@context":"https:\/\/schema.org","@graph":[{"@type":"WebPage","@id":"https:\/\/bodegasmarquesdevizhoja.com\/en\/shop\/marques-de-vizhoja-2\/","url":"https:\/\/bodegasmarquesdevizhoja.com\/en\/shop\/marques-de-vizhoja-2\/","name":"El Rodaballo - Marqu\u00e9s de Vizhoja","isPartOf":{"@id":"https:\/\/bodegasmarquesdevizhoja.com\/es\/#website"},"datePublished":"2023-08-14T07:37:35+00:00","dateModified":"2025-06-30T07:25:46+00:00","description":"El vino blanco afrutado m\u00e1s afamado de Bodegas Marqu\u00e9s de Vizhoja. Certificado por V- Label con el sello vegano.","breadcrumb":{"@id":"https:\/\/bodegasmarquesdevizhoja.com\/en\/shop\/marques-de-vizhoja-2\/#breadcrumb"},"inLanguage":"en-US","potentialAction":[{"@type":"ReadAction","target":["https:\/\/bodegasmarquesdevizhoja.com\/en\/shop\/marques-de-vizhoja-2\/"]}]},{"@type":"BreadcrumbList","@id":"https:\/\/bodegasmarquesdevizhoja.com\/en\/shop\/marques-de-vizhoja-2\/#breadcrumb","itemListElement":[{"@type":"ListItem","position":1,"name":"Home","item":"https:\/\/bodegasmarquesdevizhoja.com\/en\/"},{"@type":"ListItem","position":2,"name":"El Rodaballo"}]},{"@type":"WebSite","@id":"https:\/\/bodegasmarquesdevizhoja.com\/es\/#website","url":"https:\/\/bodegasmarquesdevizhoja.com\/es\/","name":"Marqu\u00e9s de Vizhoja","description":"","potentialAction":[{"@type":"SearchAction","target":{"@type":"EntryPoint","urlTemplate":"https:\/\/bodegasmarquesdevizhoja.com\/es\/?s={search_term_string}"},"query-input":{"@type":"PropertyValueSpecification","valueRequired":true,"valueName":"search_term_string"}}],"inLanguage":"en-US"}]}},"jetpack_sharing_enabled":true,"_links":{"self":[{"href":"https:\/\/bodegasmarquesdevizhoja.com\/en\/wp-json\/wp\/v2\/product\/309370","targetHints":{"allow":["GET"]}}],"collection":[{"href":"https:\/\/bodegasmarquesdevizhoja.com\/en\/wp-json\/wp\/v2\/product"}],"about":[{"href":"https:\/\/bodegasmarquesdevizhoja.com\/en\/wp-json\/wp\/v2\/types\/product"}],"wp:attachment":[{"href":"https:\/\/bodegasmarquesdevizhoja.com\/en\/wp-json\/wp\/v2\/media?parent=309370"}],"wp:term":[{"taxonomy":"product_brand","embeddable":true,"href":"https:\/\/bodegasmarquesdevizhoja.com\/en\/wp-json\/wp\/v2\/product_brand?post=309370"},{"taxonomy":"product_cat","embeddable":true,"href":"https:\/\/bodegasmarquesdevizhoja.com\/en\/wp-json\/wp\/v2\/product_cat?post=309370"},{"taxonomy":"product_tag","embeddable":true,"href":"https:\/\/bodegasmarquesdevizhoja.com\/en\/wp-json\/wp\/v2\/product_tag?post=309370"},{"taxonomy":"giftcard-category","embeddable":true,"href":"https:\/\/bodegasmarquesdevizhoja.com\/en\/wp-json\/wp\/v2\/giftcard-category?post=309370"}],"curies":[{"name":"wp","href":"https:\/\/api.w.org\/{rel}","templated":true}]}}