{"id":3537,"date":"2020-10-23T12:11:51","date_gmt":"2020-10-23T10:11:51","guid":{"rendered":"https:\/\/bodegasmarquesdevizhoja.com\/tienda\/pack-marques-de-vizhoja\/"},"modified":"2021-05-28T13:44:19","modified_gmt":"2021-05-28T11:44:19","slug":"pack-marques-de-vizhoja","status":"publish","type":"product","link":"https:\/\/bodegasmarquesdevizhoja.com\/en\/shop\/pack-marques-de-vizhoja\/","title":{"rendered":"Marqu\u00e9s de Vizhoja Pack"},"content":{"rendered":"","protected":false},"excerpt":{"rendered":"<p><span style=\"font-weight: 400;\">12 bottles by Marqu\u00e9s de Vizhoja + cooler<\/span><\/p>\n","protected":false},"featured_media":313997,"template":"","meta":{"_acf_changed":false},"product_brand":[],"product_cat":[89],"product_tag":[],"giftcard-category":[],"class_list":{"0":"post-3537","1":"product","2":"type-product","3":"status-publish","4":"has-post-thumbnail","6":"product_cat-packs-en","8":"first","9":"instock","10":"featured","11":"taxable","12":"shipping-taxable","13":"purchasable","14":"product-type-simple"},"acf":[],"yoast_head":"<!-- This site is optimized with the Yoast SEO plugin v27.2 - https:\/\/yoast.com\/product\/yoast-seo-wordpress\/ -->\n<title>Marqu\u00e9s de Vizhoja Pack - Marqu\u00e9s de Vizhoja<\/title>\n<meta name=\"description\" content=\"Pack de 12 botellas de vino blanco afrutado Marqu\u00e9s de Vizhoja y un enfriador. Vino vegano avalado por V-Label.\" \/>\n<meta name=\"robots\" content=\"index, follow, max-snippet:-1, max-image-preview:large, max-video-preview:-1\" \/>\n<link rel=\"canonical\" href=\"https:\/\/bodegasmarquesdevizhoja.com\/es\/tienda\/pack-marques-de-vizhoja\/\" \/>\n<meta property=\"og:locale\" content=\"en_US\" \/>\n<meta property=\"og:type\" content=\"article\" \/>\n<meta property=\"og:title\" content=\"Marqu\u00e9s de Vizhoja Pack - Marqu\u00e9s de Vizhoja\" \/>\n<meta property=\"og:description\" content=\"Pack de 12 botellas de vino blanco afrutado Marqu\u00e9s de Vizhoja y un enfriador. Vino vegano avalado por V-Label.\" \/>\n<meta property=\"og:url\" content=\"https:\/\/bodegasmarquesdevizhoja.com\/es\/tienda\/pack-marques-de-vizhoja\/\" \/>\n<meta property=\"og:site_name\" content=\"Marqu\u00e9s de Vizhoja\" \/>\n<meta property=\"article:modified_time\" content=\"2021-05-28T11:44:19+00:00\" \/>\n<meta name=\"twitter:card\" content=\"summary_large_image\" \/>\n<script type=\"application\/ld+json\" class=\"yoast-schema-graph\">{\"@context\":\"https:\/\/schema.org\",\"@graph\":[{\"@type\":\"WebPage\",\"@id\":\"https:\/\/bodegasmarquesdevizhoja.com\/es\/tienda\/pack-marques-de-vizhoja\/\",\"url\":\"https:\/\/bodegasmarquesdevizhoja.com\/es\/tienda\/pack-marques-de-vizhoja\/\",\"name\":\"Marqu\u00e9s de Vizhoja Pack - Marqu\u00e9s de Vizhoja\",\"isPartOf\":{\"@id\":\"https:\/\/bodegasmarquesdevizhoja.com\/es\/#website\"},\"primaryImageOfPage\":{\"@id\":\"https:\/\/bodegasmarquesdevizhoja.com\/es\/tienda\/pack-marques-de-vizhoja\/#primaryimage\"},\"image\":{\"@id\":\"https:\/\/bodegasmarquesdevizhoja.com\/es\/tienda\/pack-marques-de-vizhoja\/#primaryimage\"},\"thumbnailUrl\":\"https:\/\/bodegasmarquesdevizhoja.com\/wp-content\/uploads\/2020\/10\/6-300x209-1.jpg\",\"datePublished\":\"2020-10-23T10:11:51+00:00\",\"dateModified\":\"2021-05-28T11:44:19+00:00\",\"description\":\"Pack de 12 botellas de vino blanco afrutado Marqu\u00e9s de Vizhoja y un enfriador. Vino vegano avalado por V-Label.\",\"breadcrumb\":{\"@id\":\"https:\/\/bodegasmarquesdevizhoja.com\/es\/tienda\/pack-marques-de-vizhoja\/#breadcrumb\"},\"inLanguage\":\"en-US\",\"potentialAction\":[{\"@type\":\"ReadAction\",\"target\":[\"https:\/\/bodegasmarquesdevizhoja.com\/es\/tienda\/pack-marques-de-vizhoja\/\"]}]},{\"@type\":\"ImageObject\",\"inLanguage\":\"en-US\",\"@id\":\"https:\/\/bodegasmarquesdevizhoja.com\/es\/tienda\/pack-marques-de-vizhoja\/#primaryimage\",\"url\":\"https:\/\/bodegasmarquesdevizhoja.com\/wp-content\/uploads\/2020\/10\/6-300x209-1.jpg\",\"contentUrl\":\"https:\/\/bodegasmarquesdevizhoja.com\/wp-content\/uploads\/2020\/10\/6-300x209-1.jpg\",\"width\":300,\"height\":209},{\"@type\":\"BreadcrumbList\",\"@id\":\"https:\/\/bodegasmarquesdevizhoja.com\/es\/tienda\/pack-marques-de-vizhoja\/#breadcrumb\",\"itemListElement\":[{\"@type\":\"ListItem\",\"position\":1,\"name\":\"Home\",\"item\":\"https:\/\/bodegasmarquesdevizhoja.com\/en\/\"},{\"@type\":\"ListItem\",\"position\":2,\"name\":\"Marqu\u00e9s de Vizhoja Pack\"}]},{\"@type\":\"WebSite\",\"@id\":\"https:\/\/bodegasmarquesdevizhoja.com\/es\/#website\",\"url\":\"https:\/\/bodegasmarquesdevizhoja.com\/es\/\",\"name\":\"Marqu\u00e9s de Vizhoja\",\"description\":\"\",\"potentialAction\":[{\"@type\":\"SearchAction\",\"target\":{\"@type\":\"EntryPoint\",\"urlTemplate\":\"https:\/\/bodegasmarquesdevizhoja.com\/es\/?s={search_term_string}\"},\"query-input\":{\"@type\":\"PropertyValueSpecification\",\"valueRequired\":true,\"valueName\":\"search_term_string\"}}],\"inLanguage\":\"en-US\"}]}<\/script>\n<!-- \/ Yoast SEO plugin. -->","yoast_head_json":{"title":"Marqu\u00e9s de Vizhoja Pack - Marqu\u00e9s de Vizhoja","description":"Pack de 12 botellas de vino blanco afrutado Marqu\u00e9s de Vizhoja y un enfriador. Vino vegano avalado por V-Label.","robots":{"index":"index","follow":"follow","max-snippet":"max-snippet:-1","max-image-preview":"max-image-preview:large","max-video-preview":"max-video-preview:-1"},"canonical":"https:\/\/bodegasmarquesdevizhoja.com\/es\/tienda\/pack-marques-de-vizhoja\/","og_locale":"en_US","og_type":"article","og_title":"Marqu\u00e9s de Vizhoja Pack - Marqu\u00e9s de Vizhoja","og_description":"Pack de 12 botellas de vino blanco afrutado Marqu\u00e9s de Vizhoja y un enfriador. Vino vegano avalado por V-Label.","og_url":"https:\/\/bodegasmarquesdevizhoja.com\/es\/tienda\/pack-marques-de-vizhoja\/","og_site_name":"Marqu\u00e9s de Vizhoja","article_modified_time":"2021-05-28T11:44:19+00:00","twitter_card":"summary_large_image","schema":{"@context":"https:\/\/schema.org","@graph":[{"@type":"WebPage","@id":"https:\/\/bodegasmarquesdevizhoja.com\/es\/tienda\/pack-marques-de-vizhoja\/","url":"https:\/\/bodegasmarquesdevizhoja.com\/es\/tienda\/pack-marques-de-vizhoja\/","name":"Marqu\u00e9s de Vizhoja Pack - Marqu\u00e9s de Vizhoja","isPartOf":{"@id":"https:\/\/bodegasmarquesdevizhoja.com\/es\/#website"},"primaryImageOfPage":{"@id":"https:\/\/bodegasmarquesdevizhoja.com\/es\/tienda\/pack-marques-de-vizhoja\/#primaryimage"},"image":{"@id":"https:\/\/bodegasmarquesdevizhoja.com\/es\/tienda\/pack-marques-de-vizhoja\/#primaryimage"},"thumbnailUrl":"https:\/\/bodegasmarquesdevizhoja.com\/wp-content\/uploads\/2020\/10\/6-300x209-1.jpg","datePublished":"2020-10-23T10:11:51+00:00","dateModified":"2021-05-28T11:44:19+00:00","description":"Pack de 12 botellas de vino blanco afrutado Marqu\u00e9s de Vizhoja y un enfriador. Vino vegano avalado por V-Label.","breadcrumb":{"@id":"https:\/\/bodegasmarquesdevizhoja.com\/es\/tienda\/pack-marques-de-vizhoja\/#breadcrumb"},"inLanguage":"en-US","potentialAction":[{"@type":"ReadAction","target":["https:\/\/bodegasmarquesdevizhoja.com\/es\/tienda\/pack-marques-de-vizhoja\/"]}]},{"@type":"ImageObject","inLanguage":"en-US","@id":"https:\/\/bodegasmarquesdevizhoja.com\/es\/tienda\/pack-marques-de-vizhoja\/#primaryimage","url":"https:\/\/bodegasmarquesdevizhoja.com\/wp-content\/uploads\/2020\/10\/6-300x209-1.jpg","contentUrl":"https:\/\/bodegasmarquesdevizhoja.com\/wp-content\/uploads\/2020\/10\/6-300x209-1.jpg","width":300,"height":209},{"@type":"BreadcrumbList","@id":"https:\/\/bodegasmarquesdevizhoja.com\/es\/tienda\/pack-marques-de-vizhoja\/#breadcrumb","itemListElement":[{"@type":"ListItem","position":1,"name":"Home","item":"https:\/\/bodegasmarquesdevizhoja.com\/en\/"},{"@type":"ListItem","position":2,"name":"Marqu\u00e9s de Vizhoja Pack"}]},{"@type":"WebSite","@id":"https:\/\/bodegasmarquesdevizhoja.com\/es\/#website","url":"https:\/\/bodegasmarquesdevizhoja.com\/es\/","name":"Marqu\u00e9s de Vizhoja","description":"","potentialAction":[{"@type":"SearchAction","target":{"@type":"EntryPoint","urlTemplate":"https:\/\/bodegasmarquesdevizhoja.com\/es\/?s={search_term_string}"},"query-input":{"@type":"PropertyValueSpecification","valueRequired":true,"valueName":"search_term_string"}}],"inLanguage":"en-US"}]}},"jetpack_sharing_enabled":true,"_links":{"self":[{"href":"https:\/\/bodegasmarquesdevizhoja.com\/en\/wp-json\/wp\/v2\/product\/3537","targetHints":{"allow":["GET"]}}],"collection":[{"href":"https:\/\/bodegasmarquesdevizhoja.com\/en\/wp-json\/wp\/v2\/product"}],"about":[{"href":"https:\/\/bodegasmarquesdevizhoja.com\/en\/wp-json\/wp\/v2\/types\/product"}],"wp:featuredmedia":[{"embeddable":true,"href":"https:\/\/bodegasmarquesdevizhoja.com\/en\/wp-json\/wp\/v2\/media\/313997"}],"wp:attachment":[{"href":"https:\/\/bodegasmarquesdevizhoja.com\/en\/wp-json\/wp\/v2\/media?parent=3537"}],"wp:term":[{"taxonomy":"product_brand","embeddable":true,"href":"https:\/\/bodegasmarquesdevizhoja.com\/en\/wp-json\/wp\/v2\/product_brand?post=3537"},{"taxonomy":"product_cat","embeddable":true,"href":"https:\/\/bodegasmarquesdevizhoja.com\/en\/wp-json\/wp\/v2\/product_cat?post=3537"},{"taxonomy":"product_tag","embeddable":true,"href":"https:\/\/bodegasmarquesdevizhoja.com\/en\/wp-json\/wp\/v2\/product_tag?post=3537"},{"taxonomy":"giftcard-category","embeddable":true,"href":"https:\/\/bodegasmarquesdevizhoja.com\/en\/wp-json\/wp\/v2\/giftcard-category?post=3537"}],"curies":[{"name":"wp","href":"https:\/\/api.w.org\/{rel}","templated":true}]}}