{"id":152,"date":"2020-10-21T11:54:16","date_gmt":"2020-10-21T09:54:16","guid":{"rendered":"https:\/\/bodegasmarquesdevizhoja.com\/?page_id=152"},"modified":"2021-03-08T16:32:25","modified_gmt":"2021-03-08T15:32:25","slug":"jorge-pelaez","status":"publish","type":"page","link":"https:\/\/bodegasmarquesdevizhoja.com\/es\/bodegas-marques-de-vizhoja\/jorge-pelaez\/","title":{"rendered":"Jorge Pel\u00e1ez"},"content":{"rendered":"\n<div class=\"wp-block-cover alignwide is-position-center-center historia-cabecera\" style=\"background-image:url(https:\/\/bodegasmarquesdevizhoja.com\/wp-content\/uploads\/2021\/02\/BioJorge_SinCara.jpg);min-height:770px;background-position:50% 50%;aspect-ratio:unset;\"><div class=\"wp-block-cover__inner-container is-layout-flow wp-block-cover-is-layout-flow\">\n<h1 class=\"wp-block-heading\">Jorge Pel\u00e1ez<\/h1>\n\n\n\n<p>Presidente\u00a0y propietario<br>de Bodegas Marqu\u00e9s de Vizhoja.<\/p>\n<\/div><\/div>\n\n\n<div class=\"bloque-historia-hito \">\n    <div class=\"hito-fondo-imagen\" style=\"background-image:url()\">\n        <div class=\"container\">\n            <div class=\"hito-data\">\n                <h1 class=\"hito-titulo\">\u201cEs condici\u00f3n de nuestros genes tener mosto en las venas. Esa es la raz\u00f3n por la que amamos y disfrutamos tanto lo que hacemos\u201d<\/h1>                                            <\/div>\n        <\/div>\n     <\/div>\n<\/div>\n\n\n<div class=\"wp-block-hacce-wrapper\"><div class=\"container\">\n<div class=\"wp-block-hacce-texto-foto inverted historia-bloque\"><div class=\"texto centered\">\n<p class=\"h5 antetitulo\">Jorge Pel\u00e1ez<\/p>\n\n\n\n<p class=\"h2 titulo\">Desarrollo de negocio y \u00e9xito de marca<\/p>\n\n\n\n<p>Jorge Pel\u00e1ez es titulado en International Administration en New Orleans (EE.UU.). A lo largo de su carrera ha trabajado en todo el proceso de elaboraci\u00f3n del vino, desde su origen hasta su distribuci\u00f3n. Es un perfecto conocedor del control de la uva, la vendimia, la elaboraci\u00f3n, el embotellamiento y la comercializaci\u00f3n.&nbsp;<\/p>\n\n\n\n<p>\u201cEs condici\u00f3n de nuestros genes tener mosto en las venas. Esa es la raz\u00f3n por la que amamos y disfrutamos tanto lo que hacemos\u201d. Ser hijo de Mariano Pel\u00e1ez marca de por vida.&nbsp;<\/p>\n\n\n\n<p>Continuando los pasos de su padre, se ha puesto como objetivo \u201cque no quede ni un solo pa\u00eds donde no sea posible beber uno de los vinos de&nbsp;Bodegas Marqu\u00e9s de Vizhoja\u201d. A ello ha enfocado su carrera. Est\u00e1 especializado en labores comerciales y de marketing, que desempe\u00f1a junto a la gerencia del negocio. Es uno de los embajadores de Bodegas Marqu\u00e9s de Vizhoja \u201cdentro y fuera de nuestras fronteras\u201d.<\/p>\n\n\n\n<p>El vino y la familia son se\u00f1as de identidad que marcan su trayectoria. Por eso, su mayor orgullo es \u201cformar parte de Bodegas Marqu\u00e9s de Vizhoja, una empresa y una gran familia\u201d.<\/p>\n<\/div><div class=\"foto\"><img decoding=\"async\" src=\"https:\/\/bodegasmarquesdevizhoja.com\/wp-content\/uploads\/2020\/10\/test-2.jpg\" alt=\"\"\/><\/div><\/div>\n<\/div><\/div>\n\n\n\n<div class=\"wp-block-hacce-wrapper\"><div class=\"container\">\n<figure class=\"wp-block-image alignwide size-full historia-pie-imagen\" id=\"Bodegas-Marqu\u00e9s-de-Vizhoja\"><img loading=\"lazy\" decoding=\"async\" width=\"1753\" height=\"538\" src=\"https:\/\/bodegasmarquesdevizhoja.com\/wp-content\/uploads\/2020\/12\/historia-imagen-pie.png\" alt=\"Bodegas Marqu\u00e9s de Vizhoja\" class=\"wp-image-1467\" srcset=\"https:\/\/bodegasmarquesdevizhoja.com\/wp-content\/uploads\/2020\/12\/historia-imagen-pie.png 1753w, https:\/\/bodegasmarquesdevizhoja.com\/wp-content\/uploads\/2020\/12\/historia-imagen-pie-300x92.png 300w, https:\/\/bodegasmarquesdevizhoja.com\/wp-content\/uploads\/2020\/12\/historia-imagen-pie-600x184.png 600w, https:\/\/bodegasmarquesdevizhoja.com\/wp-content\/uploads\/2020\/12\/historia-imagen-pie-1024x314.png 1024w, https:\/\/bodegasmarquesdevizhoja.com\/wp-content\/uploads\/2020\/12\/historia-imagen-pie-768x236.png 768w, https:\/\/bodegasmarquesdevizhoja.com\/wp-content\/uploads\/2020\/12\/historia-imagen-pie-1536x471.png 1536w\" sizes=\"auto, (max-width: 1753px) 100vw, 1753px\" \/><\/figure>\n<\/div><\/div>\n","protected":false},"excerpt":{"rendered":"","protected":false},"author":1,"featured_media":0,"parent":120,"menu_order":0,"comment_status":"closed","ping_status":"closed","template":"templates\/template-biograf\u00edas.php","meta":{"_acf_changed":false,"footnotes":""},"class_list":["post-152","page","type-page","status-publish","hentry"],"acf":[],"yoast_head":"<!-- This site is optimized with the Yoast SEO plugin v27.2 - https:\/\/yoast.com\/product\/yoast-seo-wordpress\/ -->\n<title>Jorge Pel\u00e1ez - Marqu\u00e9s de Vizhoja<\/title>\n<meta name=\"description\" content=\"Jorge Pel\u00e1ez presidente y propietario de la bodega gallega Bodegas Marqu\u00e9s de Vizhoja.\" \/>\n<meta name=\"robots\" content=\"index, follow, max-snippet:-1, max-image-preview:large, max-video-preview:-1\" \/>\n<link rel=\"canonical\" href=\"https:\/\/bodegasmarquesdevizhoja.com\/es\/bodegas-marques-de-vizhoja\/jorge-pelaez\/\" \/>\n<meta property=\"og:locale\" content=\"es_ES\" \/>\n<meta property=\"og:type\" content=\"article\" \/>\n<meta property=\"og:title\" content=\"Jorge Pel\u00e1ez - Marqu\u00e9s de Vizhoja\" \/>\n<meta property=\"og:description\" content=\"Jorge Pel\u00e1ez presidente y propietario de la bodega gallega Bodegas Marqu\u00e9s de Vizhoja.\" \/>\n<meta property=\"og:url\" content=\"https:\/\/bodegasmarquesdevizhoja.com\/es\/bodegas-marques-de-vizhoja\/jorge-pelaez\/\" \/>\n<meta property=\"og:site_name\" content=\"Marqu\u00e9s de Vizhoja\" \/>\n<meta property=\"article:modified_time\" content=\"2021-03-08T15:32:25+00:00\" \/>\n<meta property=\"og:image\" content=\"https:\/\/bodegasmarquesdevizhoja.com\/wp-content\/uploads\/2020\/10\/test-2.jpg\" \/>\n<meta name=\"twitter:card\" content=\"summary_large_image\" \/>\n<meta name=\"twitter:label1\" content=\"Tiempo de lectura\" \/>\n\t<meta name=\"twitter:data1\" content=\"2 minutos\" \/>\n<script type=\"application\/ld+json\" class=\"yoast-schema-graph\">{\"@context\":\"https:\/\/schema.org\",\"@graph\":[{\"@type\":\"WebPage\",\"@id\":\"https:\/\/bodegasmarquesdevizhoja.com\/es\/bodegas-marques-de-vizhoja\/jorge-pelaez\/\",\"url\":\"https:\/\/bodegasmarquesdevizhoja.com\/es\/bodegas-marques-de-vizhoja\/jorge-pelaez\/\",\"name\":\"Jorge Pel\u00e1ez - Marqu\u00e9s de Vizhoja\",\"isPartOf\":{\"@id\":\"https:\/\/bodegasmarquesdevizhoja.com\/es\/#website\"},\"primaryImageOfPage\":{\"@id\":\"https:\/\/bodegasmarquesdevizhoja.com\/es\/bodegas-marques-de-vizhoja\/jorge-pelaez\/#primaryimage\"},\"image\":{\"@id\":\"https:\/\/bodegasmarquesdevizhoja.com\/es\/bodegas-marques-de-vizhoja\/jorge-pelaez\/#primaryimage\"},\"thumbnailUrl\":\"https:\/\/bodegasmarquesdevizhoja.com\/wp-content\/uploads\/2020\/10\/test-2.jpg\",\"datePublished\":\"2020-10-21T09:54:16+00:00\",\"dateModified\":\"2021-03-08T15:32:25+00:00\",\"description\":\"Jorge Pel\u00e1ez presidente y propietario de la bodega gallega Bodegas Marqu\u00e9s de Vizhoja.\",\"breadcrumb\":{\"@id\":\"https:\/\/bodegasmarquesdevizhoja.com\/es\/bodegas-marques-de-vizhoja\/jorge-pelaez\/#breadcrumb\"},\"inLanguage\":\"es\",\"potentialAction\":[{\"@type\":\"ReadAction\",\"target\":[\"https:\/\/bodegasmarquesdevizhoja.com\/es\/bodegas-marques-de-vizhoja\/jorge-pelaez\/\"]}]},{\"@type\":\"ImageObject\",\"inLanguage\":\"es\",\"@id\":\"https:\/\/bodegasmarquesdevizhoja.com\/es\/bodegas-marques-de-vizhoja\/jorge-pelaez\/#primaryimage\",\"url\":\"https:\/\/bodegasmarquesdevizhoja.com\/wp-content\/uploads\/2020\/10\/test-2.jpg\",\"contentUrl\":\"https:\/\/bodegasmarquesdevizhoja.com\/wp-content\/uploads\/2020\/10\/test-2.jpg\"},{\"@type\":\"BreadcrumbList\",\"@id\":\"https:\/\/bodegasmarquesdevizhoja.com\/es\/bodegas-marques-de-vizhoja\/jorge-pelaez\/#breadcrumb\",\"itemListElement\":[{\"@type\":\"ListItem\",\"position\":1,\"name\":\"Home\",\"item\":\"https:\/\/bodegasmarquesdevizhoja.com\/es\/\"},{\"@type\":\"ListItem\",\"position\":2,\"name\":\"Bodegas MDV\",\"item\":\"https:\/\/bodegasmarquesdevizhoja.com\/es\/bodegas-marques-de-vizhoja\/\"},{\"@type\":\"ListItem\",\"position\":3,\"name\":\"Jorge Pel\u00e1ez\"}]},{\"@type\":\"WebSite\",\"@id\":\"https:\/\/bodegasmarquesdevizhoja.com\/es\/#website\",\"url\":\"https:\/\/bodegasmarquesdevizhoja.com\/es\/\",\"name\":\"Marqu\u00e9s de Vizhoja\",\"description\":\"\",\"potentialAction\":[{\"@type\":\"SearchAction\",\"target\":{\"@type\":\"EntryPoint\",\"urlTemplate\":\"https:\/\/bodegasmarquesdevizhoja.com\/es\/?s={search_term_string}\"},\"query-input\":{\"@type\":\"PropertyValueSpecification\",\"valueRequired\":true,\"valueName\":\"search_term_string\"}}],\"inLanguage\":\"es\"}]}<\/script>\n<!-- \/ Yoast SEO plugin. -->","yoast_head_json":{"title":"Jorge Pel\u00e1ez - Marqu\u00e9s de Vizhoja","description":"Jorge Pel\u00e1ez presidente y propietario de la bodega gallega Bodegas Marqu\u00e9s de Vizhoja.","robots":{"index":"index","follow":"follow","max-snippet":"max-snippet:-1","max-image-preview":"max-image-preview:large","max-video-preview":"max-video-preview:-1"},"canonical":"https:\/\/bodegasmarquesdevizhoja.com\/es\/bodegas-marques-de-vizhoja\/jorge-pelaez\/","og_locale":"es_ES","og_type":"article","og_title":"Jorge Pel\u00e1ez - Marqu\u00e9s de Vizhoja","og_description":"Jorge Pel\u00e1ez presidente y propietario de la bodega gallega Bodegas Marqu\u00e9s de Vizhoja.","og_url":"https:\/\/bodegasmarquesdevizhoja.com\/es\/bodegas-marques-de-vizhoja\/jorge-pelaez\/","og_site_name":"Marqu\u00e9s de Vizhoja","article_modified_time":"2021-03-08T15:32:25+00:00","og_image":[{"url":"https:\/\/bodegasmarquesdevizhoja.com\/wp-content\/uploads\/2020\/10\/test-2.jpg","type":"","width":"","height":""}],"twitter_card":"summary_large_image","twitter_misc":{"Tiempo de lectura":"2 minutos"},"schema":{"@context":"https:\/\/schema.org","@graph":[{"@type":"WebPage","@id":"https:\/\/bodegasmarquesdevizhoja.com\/es\/bodegas-marques-de-vizhoja\/jorge-pelaez\/","url":"https:\/\/bodegasmarquesdevizhoja.com\/es\/bodegas-marques-de-vizhoja\/jorge-pelaez\/","name":"Jorge Pel\u00e1ez - Marqu\u00e9s de Vizhoja","isPartOf":{"@id":"https:\/\/bodegasmarquesdevizhoja.com\/es\/#website"},"primaryImageOfPage":{"@id":"https:\/\/bodegasmarquesdevizhoja.com\/es\/bodegas-marques-de-vizhoja\/jorge-pelaez\/#primaryimage"},"image":{"@id":"https:\/\/bodegasmarquesdevizhoja.com\/es\/bodegas-marques-de-vizhoja\/jorge-pelaez\/#primaryimage"},"thumbnailUrl":"https:\/\/bodegasmarquesdevizhoja.com\/wp-content\/uploads\/2020\/10\/test-2.jpg","datePublished":"2020-10-21T09:54:16+00:00","dateModified":"2021-03-08T15:32:25+00:00","description":"Jorge Pel\u00e1ez presidente y propietario de la bodega gallega Bodegas Marqu\u00e9s de Vizhoja.","breadcrumb":{"@id":"https:\/\/bodegasmarquesdevizhoja.com\/es\/bodegas-marques-de-vizhoja\/jorge-pelaez\/#breadcrumb"},"inLanguage":"es","potentialAction":[{"@type":"ReadAction","target":["https:\/\/bodegasmarquesdevizhoja.com\/es\/bodegas-marques-de-vizhoja\/jorge-pelaez\/"]}]},{"@type":"ImageObject","inLanguage":"es","@id":"https:\/\/bodegasmarquesdevizhoja.com\/es\/bodegas-marques-de-vizhoja\/jorge-pelaez\/#primaryimage","url":"https:\/\/bodegasmarquesdevizhoja.com\/wp-content\/uploads\/2020\/10\/test-2.jpg","contentUrl":"https:\/\/bodegasmarquesdevizhoja.com\/wp-content\/uploads\/2020\/10\/test-2.jpg"},{"@type":"BreadcrumbList","@id":"https:\/\/bodegasmarquesdevizhoja.com\/es\/bodegas-marques-de-vizhoja\/jorge-pelaez\/#breadcrumb","itemListElement":[{"@type":"ListItem","position":1,"name":"Home","item":"https:\/\/bodegasmarquesdevizhoja.com\/es\/"},{"@type":"ListItem","position":2,"name":"Bodegas MDV","item":"https:\/\/bodegasmarquesdevizhoja.com\/es\/bodegas-marques-de-vizhoja\/"},{"@type":"ListItem","position":3,"name":"Jorge Pel\u00e1ez"}]},{"@type":"WebSite","@id":"https:\/\/bodegasmarquesdevizhoja.com\/es\/#website","url":"https:\/\/bodegasmarquesdevizhoja.com\/es\/","name":"Marqu\u00e9s de Vizhoja","description":"","potentialAction":[{"@type":"SearchAction","target":{"@type":"EntryPoint","urlTemplate":"https:\/\/bodegasmarquesdevizhoja.com\/es\/?s={search_term_string}"},"query-input":{"@type":"PropertyValueSpecification","valueRequired":true,"valueName":"search_term_string"}}],"inLanguage":"es"}]}},"jetpack_sharing_enabled":true,"_links":{"self":[{"href":"https:\/\/bodegasmarquesdevizhoja.com\/es\/wp-json\/wp\/v2\/pages\/152","targetHints":{"allow":["GET"]}}],"collection":[{"href":"https:\/\/bodegasmarquesdevizhoja.com\/es\/wp-json\/wp\/v2\/pages"}],"about":[{"href":"https:\/\/bodegasmarquesdevizhoja.com\/es\/wp-json\/wp\/v2\/types\/page"}],"author":[{"embeddable":true,"href":"https:\/\/bodegasmarquesdevizhoja.com\/es\/wp-json\/wp\/v2\/users\/1"}],"replies":[{"embeddable":true,"href":"https:\/\/bodegasmarquesdevizhoja.com\/es\/wp-json\/wp\/v2\/comments?post=152"}],"version-history":[{"count":47,"href":"https:\/\/bodegasmarquesdevizhoja.com\/es\/wp-json\/wp\/v2\/pages\/152\/revisions"}],"predecessor-version":[{"id":2992,"href":"https:\/\/bodegasmarquesdevizhoja.com\/es\/wp-json\/wp\/v2\/pages\/152\/revisions\/2992"}],"up":[{"embeddable":true,"href":"https:\/\/bodegasmarquesdevizhoja.com\/es\/wp-json\/wp\/v2\/pages\/120"}],"wp:attachment":[{"href":"https:\/\/bodegasmarquesdevizhoja.com\/es\/wp-json\/wp\/v2\/media?parent=152"}],"curies":[{"name":"wp","href":"https:\/\/api.w.org\/{rel}","templated":true}]}}