{"id":156,"date":"2020-10-21T11:54:59","date_gmt":"2020-10-21T09:54:59","guid":{"rendered":"https:\/\/bodegasmarquesdevizhoja.com\/?page_id=156"},"modified":"2021-03-04T15:38:58","modified_gmt":"2021-03-04T14:38:58","slug":"mariano-pelaez","status":"publish","type":"page","link":"https:\/\/bodegasmarquesdevizhoja.com\/es\/la-historia-de-la-bodegas\/mariano-pelaez\/","title":{"rendered":"Mariano Pel\u00e1ez"},"content":{"rendered":"\n<div class=\"wp-block-cover alignwide is-position-center-center historia-cabecera\" style=\"background-image:url(https:\/\/bodegasmarquesdevizhoja.com\/wp-content\/uploads\/2021\/02\/mariano.jpg);min-height:770px;background-position:50% 50%;aspect-ratio:unset;\"><div class=\"wp-block-cover__inner-container is-layout-flow wp-block-cover-is-layout-flow\">\n<h1 class=\"wp-block-heading\">Mariano Pel\u00e1ez Lomana<\/h1>\n\n\n\n<p>El padre de Bodegas Marqu\u00e9s de Vizhoja \u2013 nuestro padre<\/p>\n<\/div><\/div>\n\n\n<div class=\"bloque-historia-hito \">\n    <div class=\"hito-fondo-imagen\" style=\"background-image:url()\">\n        <div class=\"container\">\n            <div class=\"hito-data\">\n                <h1 class=\"hito-titulo\">El vino se hace en el vi\u00f1edo, no en la bodega<\/h1>                                            <\/div>\n        <\/div>\n     <\/div>\n<\/div>\n\n\n<div class=\"wp-block-hacce-wrapper\"><div class=\"container\">\n<div class=\"wp-block-hacce-texto-foto inverted historia-bloque\"><div class=\"texto centered\">\n<p class=\"h5 antetitulo\">Mariano Pel\u00e1ez<\/p>\n\n\n\n<p class=\"h2 titulo\">Nuestro padre, un visionario en el mundo del vino<\/p>\n\n\n\n<p>Nac\u00ed en Bouzas (Vigo) el d\u00eda dedicado a la Virgen del Carmen, patrona de los marineros, el 16 de julio de 1935. Mis padres hab\u00edan dejado su tierra natal, Palencia, para buscar un mejor porvenir. Mi padre, Mariano Pel\u00e1ez Mu\u00f1oz, era de origen palentino y propietario de mojuelos (vi\u00f1edos). Mi madre, \u00c1ngeles Lomana Redondo, era burgalesa y confitera. En mi ciudad natal fundaron una familia y abrieron una taberna de vino y ultramarinos.<\/p>\n\n\n\n<p>Con solo 10 a\u00f1os de edad ya acompa\u00f1aba a mi padre a comprar el vino que despu\u00e9s vend\u00eda y despachaba en el negocio. Mi madre se encargaba de que fuera con \u00e9l. Dos a\u00f1os despu\u00e9s me matricularon en la escuela de comercio. A los 16 decid\u00ed que quer\u00eda empezar a trabajar.&nbsp;<\/p>\n\n\n\n<p>Todav\u00eda recuerdo aquella conversaci\u00f3n con mi padre. Me acerqu\u00e9 a \u00e9l para proponerle compaginar el trabajo en la taberna y el ultramarinos con los estudios.&nbsp;<\/p>\n\n\n\n<p>Su reacci\u00f3n fue r\u00e1pida. \u201c\u00bfQuieres trabajar conmigo?\u201d, me pregunt\u00f3. A continuaci\u00f3n, se quit\u00f3 el mandil\u00f3n de color caqui y mientras me lo colocaba, junto con un l\u00e1piz en la oreja, me volvi\u00f3 a preguntar \u201c\u00bfsabes multiplicar?\u201d\u2026<\/p>\n\n\n\n<p>Respond\u00ed con un rotundo \u201cs\u00ed\u201d y empec\u00e9 a recitar de inmediato la tabla del 4\u2026<\/p>\n\n\n\n<p>Mi padre me cort\u00f3 y respondi\u00f3: \u201cEso no vale, hijo; no basta con multiplicar n\u00fameros, tienes que saber, tambi\u00e9n, multiplicar el negocio\u201d.&nbsp;<\/p>\n<\/div><div class=\"foto\"><img decoding=\"async\" src=\"https:\/\/bodegasmarquesdevizhoja.com\/wp-content\/uploads\/2021\/02\/Mariano_Pelaez_JMOrriol-1.jpg\" alt=\"\"\/><\/div><\/div>\n<\/div><\/div>\n\n\n\n<div class=\"wp-block-hacce-wrapper row-texto\"><div class=\"container\">\n<div style=\"height:100px\" aria-hidden=\"true\" class=\"wp-block-spacer\"><\/div>\n\n\n\n<p>As\u00ed fueron mis comienzos en el negocio familiar. Poco a poco se fue especializando en el suministro de productos delicatessen. Todo eso suced\u00eda en los a\u00f1os 60, cuando Bouzas se iba convirtiendo en el barrio residencial de los nuevos armadores de Vigo. En ese momento pens\u00e9 en abrir m\u00e1s tiendas de este tipo en los principales barrios de la ciudad, pero la uva y el vino ya me hab\u00edan seducido.<\/p>\n\n\n\n<p>El a\u00f1o 1968 fue uno de los m\u00e1s importantes para mi trayectoria profesional. Fund\u00e9 Bodegas Marqu\u00e9s de Vizhoja, lleg\u00f3 el primer premio al trabajo, el Premio Hoja de Parra, y vio la luz mi primer vino, Marqu\u00e9s de Vizhoja, el vino de la Hoja de Parra. Era un fiel reflejo del sabor aut\u00e9ntico, un vino que sab\u00eda a uva, de calidad y de esp\u00edritu emprendedor.&nbsp;<\/p>\n\n\n\n<p>Solo cinco a\u00f1os despu\u00e9s, en 1976, compr\u00e9 la Finca La Moreira. En la capilla del pazo encontr\u00e9 una imagen de la Virgen del Carmen. Entonces supe que mi suerte y mi futuro estaban all\u00ed, en esa finca con m\u00e1s de 120.000 metros cuadrados de extensi\u00f3n y una plantaci\u00f3n de 10.000 metros.<\/p>\n\n\n\n<p>En ese momento comenzamos el trabajo en el vi\u00f1edo, que dar\u00eda sus frutos a\u00f1os despu\u00e9s. Comenzamos la adaptaci\u00f3n de los vi\u00f1edos de Arbo. Creamos vi\u00f1edos profesionales con una plantaci\u00f3n automatizada. Injertamos las cepas y fuimos pioneros en el uso de la forma de \u201cuve\u201d.<\/p>\n\n\n\n<p>Al mismo tiempo, trabaj\u00e9 en la creaci\u00f3n del Consejo Regulador de la Denominaci\u00f3n de Origen R\u00edas Baixas. El B.O.E. recoge su fundaci\u00f3n en 1988. Ese a\u00f1o sali\u00f3 la primera a\u00f1ada controlada por la D.O., cuando solo contaba con 14 bodegas.&nbsp;<\/p>\n\n\n\n<p>El mismo a\u00f1o salieron de nuestras bodegas dos R\u00edas Baixas, Torre La Moreira, albari\u00f1o 100%, y Se\u00f1or da Folla Verde, con un 70% de uva albari\u00f1a, 15% de treixadura y 15% de loureira.<\/p>\n\n\n\n<p>El vino que dio origen a mi carrera, Marqu\u00e9s de Vizhoja, contin\u00faa su andadura hasta hoy como un vino de autor, sin D.O.<\/p>\n<\/div><\/div>\n\n\n\n<div class=\"wp-block-hacce-wrapper\"><div class=\"container\">\n<figure class=\"wp-block-image alignwide size-full historia-pie-imagen\" id=\"Bodegas-Marqu\u00e9s-de-Vizhoja\"><img loading=\"lazy\" decoding=\"async\" width=\"1753\" height=\"538\" src=\"https:\/\/bodegasmarquesdevizhoja.com\/wp-content\/uploads\/2020\/12\/historia-imagen-pie.png\" alt=\"Bodegas Marqu\u00e9s de Vizhoja\" class=\"wp-image-1467\" srcset=\"https:\/\/bodegasmarquesdevizhoja.com\/wp-content\/uploads\/2020\/12\/historia-imagen-pie.png 1753w, https:\/\/bodegasmarquesdevizhoja.com\/wp-content\/uploads\/2020\/12\/historia-imagen-pie-300x92.png 300w, https:\/\/bodegasmarquesdevizhoja.com\/wp-content\/uploads\/2020\/12\/historia-imagen-pie-600x184.png 600w, https:\/\/bodegasmarquesdevizhoja.com\/wp-content\/uploads\/2020\/12\/historia-imagen-pie-1024x314.png 1024w, https:\/\/bodegasmarquesdevizhoja.com\/wp-content\/uploads\/2020\/12\/historia-imagen-pie-768x236.png 768w, https:\/\/bodegasmarquesdevizhoja.com\/wp-content\/uploads\/2020\/12\/historia-imagen-pie-1536x471.png 1536w\" sizes=\"auto, (max-width: 1753px) 100vw, 1753px\" \/><\/figure>\n<\/div><\/div>\n","protected":false},"excerpt":{"rendered":"","protected":false},"author":1,"featured_media":0,"parent":124,"menu_order":0,"comment_status":"closed","ping_status":"closed","template":"templates\/template-biograf\u00edas.php","meta":{"_acf_changed":false,"footnotes":""},"class_list":["post-156","page","type-page","status-publish","hentry"],"acf":[],"yoast_head":"<!-- This site is optimized with the Yoast SEO plugin v27.2 - https:\/\/yoast.com\/product\/yoast-seo-wordpress\/ -->\n<title>Mariano Pel\u00e1ez - Marqu\u00e9s de Vizhoja<\/title>\n<meta name=\"description\" content=\"Mariano Pel\u00e1ez, fundador de la bodega gallega. Su biograf\u00eda pasa por una larga trayectoria vinculada siempre con el albari\u00f1o.\" \/>\n<meta name=\"robots\" content=\"index, follow, max-snippet:-1, max-image-preview:large, max-video-preview:-1\" \/>\n<link rel=\"canonical\" href=\"https:\/\/bodegasmarquesdevizhoja.com\/es\/la-historia-de-la-bodegas\/mariano-pelaez\/\" \/>\n<meta property=\"og:locale\" content=\"es_ES\" \/>\n<meta property=\"og:type\" content=\"article\" \/>\n<meta property=\"og:title\" content=\"Mariano Pel\u00e1ez - Marqu\u00e9s de Vizhoja\" \/>\n<meta property=\"og:description\" content=\"Mariano Pel\u00e1ez, fundador de la bodega gallega. Su biograf\u00eda pasa por una larga trayectoria vinculada siempre con el albari\u00f1o.\" \/>\n<meta property=\"og:url\" content=\"https:\/\/bodegasmarquesdevizhoja.com\/es\/la-historia-de-la-bodegas\/mariano-pelaez\/\" \/>\n<meta property=\"og:site_name\" content=\"Marqu\u00e9s de Vizhoja\" \/>\n<meta property=\"article:modified_time\" content=\"2021-03-04T14:38:58+00:00\" \/>\n<meta property=\"og:image\" content=\"https:\/\/bodegasmarquesdevizhoja.com\/wp-content\/uploads\/2021\/02\/Mariano_Pelaez_JMOrriol-1.jpg\" \/>\n<meta name=\"twitter:card\" content=\"summary_large_image\" \/>\n<meta name=\"twitter:label1\" content=\"Tiempo de lectura\" \/>\n\t<meta name=\"twitter:data1\" content=\"3 minutos\" \/>\n<script type=\"application\/ld+json\" class=\"yoast-schema-graph\">{\"@context\":\"https:\/\/schema.org\",\"@graph\":[{\"@type\":\"WebPage\",\"@id\":\"https:\/\/bodegasmarquesdevizhoja.com\/es\/la-historia-de-la-bodegas\/mariano-pelaez\/\",\"url\":\"https:\/\/bodegasmarquesdevizhoja.com\/es\/la-historia-de-la-bodegas\/mariano-pelaez\/\",\"name\":\"Mariano Pel\u00e1ez - Marqu\u00e9s de Vizhoja\",\"isPartOf\":{\"@id\":\"https:\/\/bodegasmarquesdevizhoja.com\/es\/#website\"},\"primaryImageOfPage\":{\"@id\":\"https:\/\/bodegasmarquesdevizhoja.com\/es\/la-historia-de-la-bodegas\/mariano-pelaez\/#primaryimage\"},\"image\":{\"@id\":\"https:\/\/bodegasmarquesdevizhoja.com\/es\/la-historia-de-la-bodegas\/mariano-pelaez\/#primaryimage\"},\"thumbnailUrl\":\"https:\/\/bodegasmarquesdevizhoja.com\/wp-content\/uploads\/2021\/02\/Mariano_Pelaez_JMOrriol-1.jpg\",\"datePublished\":\"2020-10-21T09:54:59+00:00\",\"dateModified\":\"2021-03-04T14:38:58+00:00\",\"description\":\"Mariano Pel\u00e1ez, fundador de la bodega gallega. Su biograf\u00eda pasa por una larga trayectoria vinculada siempre con el albari\u00f1o.\",\"breadcrumb\":{\"@id\":\"https:\/\/bodegasmarquesdevizhoja.com\/es\/la-historia-de-la-bodegas\/mariano-pelaez\/#breadcrumb\"},\"inLanguage\":\"es\",\"potentialAction\":[{\"@type\":\"ReadAction\",\"target\":[\"https:\/\/bodegasmarquesdevizhoja.com\/es\/la-historia-de-la-bodegas\/mariano-pelaez\/\"]}]},{\"@type\":\"ImageObject\",\"inLanguage\":\"es\",\"@id\":\"https:\/\/bodegasmarquesdevizhoja.com\/es\/la-historia-de-la-bodegas\/mariano-pelaez\/#primaryimage\",\"url\":\"https:\/\/bodegasmarquesdevizhoja.com\/wp-content\/uploads\/2021\/02\/Mariano_Pelaez_JMOrriol-1.jpg\",\"contentUrl\":\"https:\/\/bodegasmarquesdevizhoja.com\/wp-content\/uploads\/2021\/02\/Mariano_Pelaez_JMOrriol-1.jpg\"},{\"@type\":\"BreadcrumbList\",\"@id\":\"https:\/\/bodegasmarquesdevizhoja.com\/es\/la-historia-de-la-bodegas\/mariano-pelaez\/#breadcrumb\",\"itemListElement\":[{\"@type\":\"ListItem\",\"position\":1,\"name\":\"Home\",\"item\":\"https:\/\/bodegasmarquesdevizhoja.com\/es\/\"},{\"@type\":\"ListItem\",\"position\":2,\"name\":\"La Historia de la bodega\",\"item\":\"https:\/\/bodegasmarquesdevizhoja.com\/es\/la-historia-de-la-bodegas\/\"},{\"@type\":\"ListItem\",\"position\":3,\"name\":\"Mariano Pel\u00e1ez\"}]},{\"@type\":\"WebSite\",\"@id\":\"https:\/\/bodegasmarquesdevizhoja.com\/es\/#website\",\"url\":\"https:\/\/bodegasmarquesdevizhoja.com\/es\/\",\"name\":\"Marqu\u00e9s de Vizhoja\",\"description\":\"\",\"potentialAction\":[{\"@type\":\"SearchAction\",\"target\":{\"@type\":\"EntryPoint\",\"urlTemplate\":\"https:\/\/bodegasmarquesdevizhoja.com\/es\/?s={search_term_string}\"},\"query-input\":{\"@type\":\"PropertyValueSpecification\",\"valueRequired\":true,\"valueName\":\"search_term_string\"}}],\"inLanguage\":\"es\"}]}<\/script>\n<!-- \/ Yoast SEO plugin. -->","yoast_head_json":{"title":"Mariano Pel\u00e1ez - Marqu\u00e9s de Vizhoja","description":"Mariano Pel\u00e1ez, fundador de la bodega gallega. Su biograf\u00eda pasa por una larga trayectoria vinculada siempre con el albari\u00f1o.","robots":{"index":"index","follow":"follow","max-snippet":"max-snippet:-1","max-image-preview":"max-image-preview:large","max-video-preview":"max-video-preview:-1"},"canonical":"https:\/\/bodegasmarquesdevizhoja.com\/es\/la-historia-de-la-bodegas\/mariano-pelaez\/","og_locale":"es_ES","og_type":"article","og_title":"Mariano Pel\u00e1ez - Marqu\u00e9s de Vizhoja","og_description":"Mariano Pel\u00e1ez, fundador de la bodega gallega. Su biograf\u00eda pasa por una larga trayectoria vinculada siempre con el albari\u00f1o.","og_url":"https:\/\/bodegasmarquesdevizhoja.com\/es\/la-historia-de-la-bodegas\/mariano-pelaez\/","og_site_name":"Marqu\u00e9s de Vizhoja","article_modified_time":"2021-03-04T14:38:58+00:00","og_image":[{"url":"https:\/\/bodegasmarquesdevizhoja.com\/wp-content\/uploads\/2021\/02\/Mariano_Pelaez_JMOrriol-1.jpg","type":"","width":"","height":""}],"twitter_card":"summary_large_image","twitter_misc":{"Tiempo de lectura":"3 minutos"},"schema":{"@context":"https:\/\/schema.org","@graph":[{"@type":"WebPage","@id":"https:\/\/bodegasmarquesdevizhoja.com\/es\/la-historia-de-la-bodegas\/mariano-pelaez\/","url":"https:\/\/bodegasmarquesdevizhoja.com\/es\/la-historia-de-la-bodegas\/mariano-pelaez\/","name":"Mariano Pel\u00e1ez - Marqu\u00e9s de Vizhoja","isPartOf":{"@id":"https:\/\/bodegasmarquesdevizhoja.com\/es\/#website"},"primaryImageOfPage":{"@id":"https:\/\/bodegasmarquesdevizhoja.com\/es\/la-historia-de-la-bodegas\/mariano-pelaez\/#primaryimage"},"image":{"@id":"https:\/\/bodegasmarquesdevizhoja.com\/es\/la-historia-de-la-bodegas\/mariano-pelaez\/#primaryimage"},"thumbnailUrl":"https:\/\/bodegasmarquesdevizhoja.com\/wp-content\/uploads\/2021\/02\/Mariano_Pelaez_JMOrriol-1.jpg","datePublished":"2020-10-21T09:54:59+00:00","dateModified":"2021-03-04T14:38:58+00:00","description":"Mariano Pel\u00e1ez, fundador de la bodega gallega. Su biograf\u00eda pasa por una larga trayectoria vinculada siempre con el albari\u00f1o.","breadcrumb":{"@id":"https:\/\/bodegasmarquesdevizhoja.com\/es\/la-historia-de-la-bodegas\/mariano-pelaez\/#breadcrumb"},"inLanguage":"es","potentialAction":[{"@type":"ReadAction","target":["https:\/\/bodegasmarquesdevizhoja.com\/es\/la-historia-de-la-bodegas\/mariano-pelaez\/"]}]},{"@type":"ImageObject","inLanguage":"es","@id":"https:\/\/bodegasmarquesdevizhoja.com\/es\/la-historia-de-la-bodegas\/mariano-pelaez\/#primaryimage","url":"https:\/\/bodegasmarquesdevizhoja.com\/wp-content\/uploads\/2021\/02\/Mariano_Pelaez_JMOrriol-1.jpg","contentUrl":"https:\/\/bodegasmarquesdevizhoja.com\/wp-content\/uploads\/2021\/02\/Mariano_Pelaez_JMOrriol-1.jpg"},{"@type":"BreadcrumbList","@id":"https:\/\/bodegasmarquesdevizhoja.com\/es\/la-historia-de-la-bodegas\/mariano-pelaez\/#breadcrumb","itemListElement":[{"@type":"ListItem","position":1,"name":"Home","item":"https:\/\/bodegasmarquesdevizhoja.com\/es\/"},{"@type":"ListItem","position":2,"name":"La Historia de la bodega","item":"https:\/\/bodegasmarquesdevizhoja.com\/es\/la-historia-de-la-bodegas\/"},{"@type":"ListItem","position":3,"name":"Mariano Pel\u00e1ez"}]},{"@type":"WebSite","@id":"https:\/\/bodegasmarquesdevizhoja.com\/es\/#website","url":"https:\/\/bodegasmarquesdevizhoja.com\/es\/","name":"Marqu\u00e9s de Vizhoja","description":"","potentialAction":[{"@type":"SearchAction","target":{"@type":"EntryPoint","urlTemplate":"https:\/\/bodegasmarquesdevizhoja.com\/es\/?s={search_term_string}"},"query-input":{"@type":"PropertyValueSpecification","valueRequired":true,"valueName":"search_term_string"}}],"inLanguage":"es"}]}},"jetpack_sharing_enabled":true,"_links":{"self":[{"href":"https:\/\/bodegasmarquesdevizhoja.com\/es\/wp-json\/wp\/v2\/pages\/156","targetHints":{"allow":["GET"]}}],"collection":[{"href":"https:\/\/bodegasmarquesdevizhoja.com\/es\/wp-json\/wp\/v2\/pages"}],"about":[{"href":"https:\/\/bodegasmarquesdevizhoja.com\/es\/wp-json\/wp\/v2\/types\/page"}],"author":[{"embeddable":true,"href":"https:\/\/bodegasmarquesdevizhoja.com\/es\/wp-json\/wp\/v2\/users\/1"}],"replies":[{"embeddable":true,"href":"https:\/\/bodegasmarquesdevizhoja.com\/es\/wp-json\/wp\/v2\/comments?post=156"}],"version-history":[{"count":48,"href":"https:\/\/bodegasmarquesdevizhoja.com\/es\/wp-json\/wp\/v2\/pages\/156\/revisions"}],"predecessor-version":[{"id":2827,"href":"https:\/\/bodegasmarquesdevizhoja.com\/es\/wp-json\/wp\/v2\/pages\/156\/revisions\/2827"}],"up":[{"embeddable":true,"href":"https:\/\/bodegasmarquesdevizhoja.com\/es\/wp-json\/wp\/v2\/pages\/124"}],"wp:attachment":[{"href":"https:\/\/bodegasmarquesdevizhoja.com\/es\/wp-json\/wp\/v2\/media?parent=156"}],"curies":[{"name":"wp","href":"https:\/\/api.w.org\/{rel}","templated":true}]}}