{"id":160,"date":"2020-10-21T11:55:43","date_gmt":"2020-10-21T09:55:43","guid":{"rendered":"https:\/\/bodegasmarquesdevizhoja.com\/?page_id=160"},"modified":"2021-03-04T15:18:19","modified_gmt":"2021-03-04T14:18:19","slug":"javier-pelaez","status":"publish","type":"page","link":"https:\/\/bodegasmarquesdevizhoja.com\/es\/elaboracion\/javier-pelaez\/","title":{"rendered":"Javier Pel\u00e1ez"},"content":{"rendered":"\n<div class=\"wp-block-cover alignwide is-position-center-center historia-cabecera\" style=\"background-image:url(https:\/\/bodegasmarquesdevizhoja.com\/wp-content\/uploads\/2021\/02\/javier.jpg);min-height:770px;background-position:50% 50%;aspect-ratio:unset;\"><div class=\"wp-block-cover__inner-container is-layout-flow wp-block-cover-is-layout-flow\">\n<h1 class=\"wp-block-heading\">Javier Pel\u00e1ez<\/h1>\n\n\n\n<p>En\u00f3logo y propietario<br>de Bodegas Marqu\u00e9s de Vizhoja.<\/p>\n<\/div><\/div>\n\n\n<div class=\"bloque-historia-hito \">\n    <div class=\"hito-fondo-imagen\" style=\"background-image:url()\">\n        <div class=\"container\">\n            <div class=\"hito-data\">\n                <h1 class=\"hito-titulo\">\u201cLa vendimia es la magia en la que se produce el equilibrio entre la tierra y la persona\u201d<\/h1>                                            <\/div>\n        <\/div>\n     <\/div>\n<\/div>\n\n\n<div class=\"wp-block-hacce-wrapper\"><div class=\"container\">\n<div class=\"wp-block-hacce-texto-foto inverted historia-bloque\"><div class=\"texto centered\">\n<p class=\"h5 antetitulo\">Javier Pel\u00e1ez<\/p>\n\n\n\n<p class=\"h2 titulo\">Creatividad y pasi\u00f3n por la elaboraci\u00f3n<\/p>\n\n\n\n<p>\u201cLa vendimia es la magia en la que se produce el equilibrio entre la tierra y la persona\u201d.<\/p>\n\n\n\n<p>Javier Pel\u00e1ez pertenece a la segunda generaci\u00f3n de la familia que ha creado Bodegas Marqu\u00e9s de Vizhoja. La saga de los Pel\u00e1ez ha sido tambi\u00e9n promotora de la creaci\u00f3n de la D.O. R\u00edas Baixas. Es una familia dedicada a la viticultura, pionera en la defensa y en la reivindicaci\u00f3n de la uva. De hecho, Javier Pel\u00e1ez compagina su trabajo en la bodega con su cargo de miembro y juez del comit\u00e9 de calificaci\u00f3n y cata de los vinos del Consejo Regulador R\u00edas Baixas.<\/p>\n\n\n\n<p>Javier Pel\u00e1ez cuenta con m\u00e1s de 25 a\u00f1os de experiencia como en\u00f3logo en la direcci\u00f3n t\u00e9cnica de Bodegas Marqu\u00e9s de Vizhoja. Como fiel disc\u00edpulo de su padre, D. Mariano Pel\u00e1ez, muestra un verdadero fervor por su trabajo, por el cuidado del vi\u00f1edo y por la elaboraci\u00f3n de los vinos y sus <em>coupages<\/em>.<\/p>\n\n\n\n<p>Esa admiraci\u00f3n por su padre le ha llevado a trazarse como misi\u00f3n \u201cseguir sus pasos al frente de una empresa de important\u00edsima tradici\u00f3n familiar\u201d. Su trabajo tiene como objetivo \u201cque nuestros productos sigan conquistando paladares de todo el mundo\u201d. Son muchos los amantes del vino que ya los disfrutan y por eso su mayor orgullo es \u201cque nuestros vinos, que con tanto mimo cuidamos enamoren al consumidor a\u00f1ada tras a\u00f1ada\u201d.<\/p>\n<\/div><div class=\"foto\"><img decoding=\"async\" src=\"https:\/\/bodegasmarquesdevizhoja.com\/wp-content\/uploads\/2021\/02\/Javier_Pelaez.png\" alt=\"\"\/><\/div><\/div>\n<\/div><\/div>\n\n\n\n<div class=\"wp-block-hacce-wrapper\"><div class=\"container\">\n<figure class=\"wp-block-image alignwide size-full historia-pie-imagen\" id=\"Bodegas-Marqu\u00e9s-de-Vizhoja\"><img loading=\"lazy\" decoding=\"async\" width=\"1753\" height=\"538\" src=\"https:\/\/bodegasmarquesdevizhoja.com\/wp-content\/uploads\/2020\/12\/historia-imagen-pie.png\" alt=\"Bodegas Marqu\u00e9s de Vizhoja\" class=\"wp-image-1467\" srcset=\"https:\/\/bodegasmarquesdevizhoja.com\/wp-content\/uploads\/2020\/12\/historia-imagen-pie.png 1753w, https:\/\/bodegasmarquesdevizhoja.com\/wp-content\/uploads\/2020\/12\/historia-imagen-pie-300x92.png 300w, https:\/\/bodegasmarquesdevizhoja.com\/wp-content\/uploads\/2020\/12\/historia-imagen-pie-600x184.png 600w, https:\/\/bodegasmarquesdevizhoja.com\/wp-content\/uploads\/2020\/12\/historia-imagen-pie-1024x314.png 1024w, https:\/\/bodegasmarquesdevizhoja.com\/wp-content\/uploads\/2020\/12\/historia-imagen-pie-768x236.png 768w, https:\/\/bodegasmarquesdevizhoja.com\/wp-content\/uploads\/2020\/12\/historia-imagen-pie-1536x471.png 1536w\" sizes=\"auto, (max-width: 1753px) 100vw, 1753px\" \/><\/figure>\n<\/div><\/div>\n","protected":false},"excerpt":{"rendered":"","protected":false},"author":1,"featured_media":0,"parent":128,"menu_order":0,"comment_status":"closed","ping_status":"closed","template":"templates\/template-biograf\u00edas.php","meta":{"_acf_changed":false,"footnotes":""},"class_list":["post-160","page","type-page","status-publish","hentry"],"acf":[],"yoast_head":"<!-- This site is optimized with the Yoast SEO plugin v27.2 - https:\/\/yoast.com\/product\/yoast-seo-wordpress\/ -->\n<title>Javier Pel\u00e1ez - Marqu\u00e9s de Vizhoja<\/title>\n<meta name=\"description\" content=\"Biograf\u00eda de Javier Pel\u00e1ez, propietario y director t\u00e9cnico de la bodega gallega Bodegas Marqu\u00e9s de Vizhoja\" \/>\n<meta name=\"robots\" content=\"index, follow, max-snippet:-1, max-image-preview:large, max-video-preview:-1\" \/>\n<link rel=\"canonical\" href=\"https:\/\/bodegasmarquesdevizhoja.com\/es\/elaboracion\/javier-pelaez\/\" \/>\n<meta property=\"og:locale\" content=\"es_ES\" \/>\n<meta property=\"og:type\" content=\"article\" \/>\n<meta property=\"og:title\" content=\"Javier Pel\u00e1ez - Marqu\u00e9s de Vizhoja\" \/>\n<meta property=\"og:description\" content=\"Biograf\u00eda de Javier Pel\u00e1ez, propietario y director t\u00e9cnico de la bodega gallega Bodegas Marqu\u00e9s de Vizhoja\" \/>\n<meta property=\"og:url\" content=\"https:\/\/bodegasmarquesdevizhoja.com\/es\/elaboracion\/javier-pelaez\/\" \/>\n<meta property=\"og:site_name\" content=\"Marqu\u00e9s de Vizhoja\" \/>\n<meta property=\"article:modified_time\" content=\"2021-03-04T14:18:19+00:00\" \/>\n<meta property=\"og:image\" content=\"https:\/\/bodegasmarquesdevizhoja.com\/wp-content\/uploads\/2021\/02\/Javier_Pelaez.png\" \/>\n<meta name=\"twitter:card\" content=\"summary_large_image\" \/>\n<meta name=\"twitter:label1\" content=\"Tiempo de lectura\" \/>\n\t<meta name=\"twitter:data1\" content=\"2 minutos\" \/>\n<script type=\"application\/ld+json\" class=\"yoast-schema-graph\">{\"@context\":\"https:\/\/schema.org\",\"@graph\":[{\"@type\":\"WebPage\",\"@id\":\"https:\/\/bodegasmarquesdevizhoja.com\/es\/elaboracion\/javier-pelaez\/\",\"url\":\"https:\/\/bodegasmarquesdevizhoja.com\/es\/elaboracion\/javier-pelaez\/\",\"name\":\"Javier Pel\u00e1ez - Marqu\u00e9s de Vizhoja\",\"isPartOf\":{\"@id\":\"https:\/\/bodegasmarquesdevizhoja.com\/es\/#website\"},\"primaryImageOfPage\":{\"@id\":\"https:\/\/bodegasmarquesdevizhoja.com\/es\/elaboracion\/javier-pelaez\/#primaryimage\"},\"image\":{\"@id\":\"https:\/\/bodegasmarquesdevizhoja.com\/es\/elaboracion\/javier-pelaez\/#primaryimage\"},\"thumbnailUrl\":\"https:\/\/bodegasmarquesdevizhoja.com\/wp-content\/uploads\/2021\/02\/Javier_Pelaez.png\",\"datePublished\":\"2020-10-21T09:55:43+00:00\",\"dateModified\":\"2021-03-04T14:18:19+00:00\",\"description\":\"Biograf\u00eda de Javier Pel\u00e1ez, propietario y director t\u00e9cnico de la bodega gallega Bodegas Marqu\u00e9s de Vizhoja\",\"breadcrumb\":{\"@id\":\"https:\/\/bodegasmarquesdevizhoja.com\/es\/elaboracion\/javier-pelaez\/#breadcrumb\"},\"inLanguage\":\"es\",\"potentialAction\":[{\"@type\":\"ReadAction\",\"target\":[\"https:\/\/bodegasmarquesdevizhoja.com\/es\/elaboracion\/javier-pelaez\/\"]}]},{\"@type\":\"ImageObject\",\"inLanguage\":\"es\",\"@id\":\"https:\/\/bodegasmarquesdevizhoja.com\/es\/elaboracion\/javier-pelaez\/#primaryimage\",\"url\":\"https:\/\/bodegasmarquesdevizhoja.com\/wp-content\/uploads\/2021\/02\/Javier_Pelaez.png\",\"contentUrl\":\"https:\/\/bodegasmarquesdevizhoja.com\/wp-content\/uploads\/2021\/02\/Javier_Pelaez.png\"},{\"@type\":\"BreadcrumbList\",\"@id\":\"https:\/\/bodegasmarquesdevizhoja.com\/es\/elaboracion\/javier-pelaez\/#breadcrumb\",\"itemListElement\":[{\"@type\":\"ListItem\",\"position\":1,\"name\":\"Home\",\"item\":\"https:\/\/bodegasmarquesdevizhoja.com\/es\/\"},{\"@type\":\"ListItem\",\"position\":2,\"name\":\"Elaboraci\u00f3n\",\"item\":\"https:\/\/bodegasmarquesdevizhoja.com\/es\/elaboracion\/\"},{\"@type\":\"ListItem\",\"position\":3,\"name\":\"Javier Pel\u00e1ez\"}]},{\"@type\":\"WebSite\",\"@id\":\"https:\/\/bodegasmarquesdevizhoja.com\/es\/#website\",\"url\":\"https:\/\/bodegasmarquesdevizhoja.com\/es\/\",\"name\":\"Marqu\u00e9s de Vizhoja\",\"description\":\"\",\"potentialAction\":[{\"@type\":\"SearchAction\",\"target\":{\"@type\":\"EntryPoint\",\"urlTemplate\":\"https:\/\/bodegasmarquesdevizhoja.com\/es\/?s={search_term_string}\"},\"query-input\":{\"@type\":\"PropertyValueSpecification\",\"valueRequired\":true,\"valueName\":\"search_term_string\"}}],\"inLanguage\":\"es\"}]}<\/script>\n<!-- \/ Yoast SEO plugin. -->","yoast_head_json":{"title":"Javier Pel\u00e1ez - Marqu\u00e9s de Vizhoja","description":"Biograf\u00eda de Javier Pel\u00e1ez, propietario y director t\u00e9cnico de la bodega gallega Bodegas Marqu\u00e9s de Vizhoja","robots":{"index":"index","follow":"follow","max-snippet":"max-snippet:-1","max-image-preview":"max-image-preview:large","max-video-preview":"max-video-preview:-1"},"canonical":"https:\/\/bodegasmarquesdevizhoja.com\/es\/elaboracion\/javier-pelaez\/","og_locale":"es_ES","og_type":"article","og_title":"Javier Pel\u00e1ez - Marqu\u00e9s de Vizhoja","og_description":"Biograf\u00eda de Javier Pel\u00e1ez, propietario y director t\u00e9cnico de la bodega gallega Bodegas Marqu\u00e9s de Vizhoja","og_url":"https:\/\/bodegasmarquesdevizhoja.com\/es\/elaboracion\/javier-pelaez\/","og_site_name":"Marqu\u00e9s de Vizhoja","article_modified_time":"2021-03-04T14:18:19+00:00","og_image":[{"url":"https:\/\/bodegasmarquesdevizhoja.com\/wp-content\/uploads\/2021\/02\/Javier_Pelaez.png","type":"","width":"","height":""}],"twitter_card":"summary_large_image","twitter_misc":{"Tiempo de lectura":"2 minutos"},"schema":{"@context":"https:\/\/schema.org","@graph":[{"@type":"WebPage","@id":"https:\/\/bodegasmarquesdevizhoja.com\/es\/elaboracion\/javier-pelaez\/","url":"https:\/\/bodegasmarquesdevizhoja.com\/es\/elaboracion\/javier-pelaez\/","name":"Javier Pel\u00e1ez - Marqu\u00e9s de Vizhoja","isPartOf":{"@id":"https:\/\/bodegasmarquesdevizhoja.com\/es\/#website"},"primaryImageOfPage":{"@id":"https:\/\/bodegasmarquesdevizhoja.com\/es\/elaboracion\/javier-pelaez\/#primaryimage"},"image":{"@id":"https:\/\/bodegasmarquesdevizhoja.com\/es\/elaboracion\/javier-pelaez\/#primaryimage"},"thumbnailUrl":"https:\/\/bodegasmarquesdevizhoja.com\/wp-content\/uploads\/2021\/02\/Javier_Pelaez.png","datePublished":"2020-10-21T09:55:43+00:00","dateModified":"2021-03-04T14:18:19+00:00","description":"Biograf\u00eda de Javier Pel\u00e1ez, propietario y director t\u00e9cnico de la bodega gallega Bodegas Marqu\u00e9s de Vizhoja","breadcrumb":{"@id":"https:\/\/bodegasmarquesdevizhoja.com\/es\/elaboracion\/javier-pelaez\/#breadcrumb"},"inLanguage":"es","potentialAction":[{"@type":"ReadAction","target":["https:\/\/bodegasmarquesdevizhoja.com\/es\/elaboracion\/javier-pelaez\/"]}]},{"@type":"ImageObject","inLanguage":"es","@id":"https:\/\/bodegasmarquesdevizhoja.com\/es\/elaboracion\/javier-pelaez\/#primaryimage","url":"https:\/\/bodegasmarquesdevizhoja.com\/wp-content\/uploads\/2021\/02\/Javier_Pelaez.png","contentUrl":"https:\/\/bodegasmarquesdevizhoja.com\/wp-content\/uploads\/2021\/02\/Javier_Pelaez.png"},{"@type":"BreadcrumbList","@id":"https:\/\/bodegasmarquesdevizhoja.com\/es\/elaboracion\/javier-pelaez\/#breadcrumb","itemListElement":[{"@type":"ListItem","position":1,"name":"Home","item":"https:\/\/bodegasmarquesdevizhoja.com\/es\/"},{"@type":"ListItem","position":2,"name":"Elaboraci\u00f3n","item":"https:\/\/bodegasmarquesdevizhoja.com\/es\/elaboracion\/"},{"@type":"ListItem","position":3,"name":"Javier Pel\u00e1ez"}]},{"@type":"WebSite","@id":"https:\/\/bodegasmarquesdevizhoja.com\/es\/#website","url":"https:\/\/bodegasmarquesdevizhoja.com\/es\/","name":"Marqu\u00e9s de Vizhoja","description":"","potentialAction":[{"@type":"SearchAction","target":{"@type":"EntryPoint","urlTemplate":"https:\/\/bodegasmarquesdevizhoja.com\/es\/?s={search_term_string}"},"query-input":{"@type":"PropertyValueSpecification","valueRequired":true,"valueName":"search_term_string"}}],"inLanguage":"es"}]}},"jetpack_sharing_enabled":true,"_links":{"self":[{"href":"https:\/\/bodegasmarquesdevizhoja.com\/es\/wp-json\/wp\/v2\/pages\/160","targetHints":{"allow":["GET"]}}],"collection":[{"href":"https:\/\/bodegasmarquesdevizhoja.com\/es\/wp-json\/wp\/v2\/pages"}],"about":[{"href":"https:\/\/bodegasmarquesdevizhoja.com\/es\/wp-json\/wp\/v2\/types\/page"}],"author":[{"embeddable":true,"href":"https:\/\/bodegasmarquesdevizhoja.com\/es\/wp-json\/wp\/v2\/users\/1"}],"replies":[{"embeddable":true,"href":"https:\/\/bodegasmarquesdevizhoja.com\/es\/wp-json\/wp\/v2\/comments?post=160"}],"version-history":[{"count":33,"href":"https:\/\/bodegasmarquesdevizhoja.com\/es\/wp-json\/wp\/v2\/pages\/160\/revisions"}],"predecessor-version":[{"id":2811,"href":"https:\/\/bodegasmarquesdevizhoja.com\/es\/wp-json\/wp\/v2\/pages\/160\/revisions\/2811"}],"up":[{"embeddable":true,"href":"https:\/\/bodegasmarquesdevizhoja.com\/es\/wp-json\/wp\/v2\/pages\/128"}],"wp:attachment":[{"href":"https:\/\/bodegasmarquesdevizhoja.com\/es\/wp-json\/wp\/v2\/media?parent=160"}],"curies":[{"name":"wp","href":"https:\/\/api.w.org\/{rel}","templated":true}]}}