{"id":192,"date":"2020-10-21T12:19:43","date_gmt":"2020-10-21T10:19:43","guid":{"rendered":"https:\/\/bodegasmarquesdevizhoja.com\/?page_id=192"},"modified":"2023-10-04T13:47:08","modified_gmt":"2023-10-04T11:47:08","slug":"politica-de-cookies","status":"publish","type":"page","link":"https:\/\/bodegasmarquesdevizhoja.com\/es\/politica-de-cookies\/","title":{"rendered":"Pol\u00edtica de cookies"},"content":{"rendered":"\n<h2 class=\"wp-block-heading\">1. Uso de cookies y alcance de esta pol\u00edtica<\/h2>\n\n\n\n<p>El sitio web www.bodegasmarquesdevizhoja.com (el \u201cSitio Web\u201d), titularidad de Bodegas Marqu\u00e9s de Vizhoja, S.A.U, utiliza cookies. Esta tecnolog\u00eda permite almacenar y recuperar informaci\u00f3n de los equipos de los usuarios (ordenador, dispositivo m\u00f3vil u otros) con diversos fines.<\/p>\n\n\n\n<p>La presente pol\u00edtica de cookies tiene por finalidad informarle sobre las cookies que se utilizan en nuestro Sitio Web (la \u201cPol\u00edtica de Cookies\u201d).<\/p>\n\n\n\n<h2 class=\"wp-block-heading\">2. Tipo de cookies que se usan en el sitio web<\/h2>\n\n\n\n<!-- OneTrust Cookies List start -->\n<div id=\"ot-sdk-cookie-policy\"><\/div>\n<!-- OneTrust Cookies List end -->\n\n\n\n<p><strong>Cookies propias:<\/strong> Son aquellas cookies respecto de las que exclusivamente nosotros somos responsables de la informaci\u00f3n que se trata, si bien la tecnolog\u00eda empleada puede ser de un tercero que act\u00faa como mero prestador de servicios.<\/p>\n\n\n\n<p>Aparte de utilizar cookies t\u00e9cnicas, que permiten el funcionamiento del Sitio Web y la prestaci\u00f3n de los servicios ofrecidos en el mismo (estas cookies recuerdan, por ejemplo, las preferencias sobre las cookies del usuario o los elementos que integran un pedido para poder realizar las compras), utilizamos los siguientes tipos de cookies:<\/p>\n\n\n\n<figure class=\"wp-block-table is-style-stripes\"><table class=\"has-background has-fixed-layout\" style=\"background-color:#e7f5fe\"><thead><tr><th>Finalidad<\/th><th class=\"has-text-align-center\" data-align=\"center\">Plazo de conservaci\u00f3n<\/th><\/tr><\/thead><tbody><tr><td>Cookies anal\u00edticas: permiten conocer c\u00f3mo interact\u00faan los usuarios con el Sitio Web (por ejemplo, cu\u00e1l es el n\u00famero total de visitas o qu\u00e9 partes del Sitio Web gozan de mayor popularidad). Esta informaci\u00f3n nos ayuda a mejorar el Sitio Web y ofrecer mejor experiencia a los usuarios.<\/td><td class=\"has-text-align-center\" data-align=\"center\">24 meses<\/td><\/tr><tr><td>Cookies de personalizaci\u00f3n: permiten recordar informaci\u00f3n para que el usuario acceda al servicio con determinadas caracter\u00edsticas que pueden diferenciar su experiencia de la de otros usuarios (por ejemplo, podemos determinar si ya has visto el chat, para no volver a mostr\u00e1rtelo).<\/td><td class=\"has-text-align-center\" data-align=\"center\">24 meses<\/td><\/tr><tr><td>Cookies de publicidad comportamental: permiten mostrar al usuario publicidad personalizada, es decir, adaptada y orientada a sus gustos e intereses. Para ello, se desarrolla un perfil del usuario basado en las caracter\u00edsticas de su dispositivo y sus h\u00e1bitos de navegaci\u00f3n (por ejemplo, las p\u00e1ginas visitadas).<\/td><td class=\"has-text-align-center\" data-align=\"center\">24 meses<\/td><\/tr><\/tbody><\/table><\/figure>\n\n\n\n<p><strong>Cookies de terceros:<\/strong> Son aquellas cookies respecto de las que una tercera entidad es responsable de la informaci\u00f3n que se trata. En nuestro Sitio Web utilizamos las siguientes cookies de terceros, asociadas a los servicios de Google Maps y YouTube de Google:<\/p>\n\n\n\n<figure class=\"wp-block-table is-style-stripes\"><table class=\"has-background has-fixed-layout\" style=\"background-color:#e7f5fe\"><thead><tr><th>Finalidad<\/th><th>Tercero<\/th><th>M\u00e1s informaci\u00f3n<\/th><\/tr><\/thead><tbody><tr><td>Cookies anal\u00edticas: ayudan a recoger datos que permiten a los servicios entender c\u00f3mo interact\u00faan con ellos los usuarios. Esta informaci\u00f3n se utiliza para mejorar el contenido de los servicios y sus funciones, as\u00ed como para ofrecer una mejor experiencia a los usuarios<\/td><td>Google<\/td><td><a href=\"https:\/\/policies.google.com\/technologies\/cookies?hl=es\" target=\"_blank\" rel=\"noreferrer noopener\"><span style=\"color:#354abe\" class=\"has-inline-color\">C\u00f3mo utiliza Google las<br>cookies<\/span><\/a><br><a href=\"https:\/\/developers.google.com\/analytics\/devguides\/collection\/analyticsjs\/cookie-usage\"><br><\/a><a href=\"https:\/\/policies.google.com\/privacy?hl=es\" target=\"_blank\" rel=\"noreferrer noopener\"><span style=\"color:#354abe\" class=\"has-inline-color\">Pol\u00edtica de privacidad de Google<\/span><\/a><\/td><\/tr><tr><td>Cookies de personalizaci\u00f3n: mejoran la experiencia de los usuarios ofreci\u00e9ndoles funciones y contenidos personalizados.<\/td><td>Google<\/td><td><a href=\"https:\/\/policies.google.com\/technologies\/cookies?hl=es\" target=\"_blank\" rel=\"noreferrer noopener\"><span style=\"color:#354abe\" class=\"has-inline-color\">C\u00f3mo utiliza Google las<br>cookies<\/span><\/a><br><a href=\"https:\/\/policies.google.com\/technologies\/cookies?hl=es#types-of-cookies\"><br><\/a><a href=\"https:\/\/policies.google.com\/privacy?hl=es\" target=\"_blank\" rel=\"noreferrer noopener\"><span style=\"color:#354abe\" class=\"has-inline-color\">Pol\u00edtica de privacidad de Google<\/span><\/a><a href=\"https:\/\/policies.google.com\/technologies\/cookies?hl=es#types-of-cookies\" target=\"_blank\" rel=\"noreferrer noopener\"><span style=\"color:#354abe\" class=\"has-inline-color\"><br><\/span><\/a><br><a href=\"https:\/\/www.mautic.org\/privacy-policy\"><\/a><\/td><\/tr><tr><td>Cookies de publicidad: permiten publicar y renderizar anuncios, personalizar anuncios, limitar el n\u00famero de veces que se muestra un anuncio a un usuario, ocultar anuncios que el usuario ha indicado que no quiere volver a ver y medir la eficacia de los anuncios.<\/td><td>Google<\/td><td><a href=\"https:\/\/policies.google.com\/technologies\/cookies?hl=es\" target=\"_blank\" rel=\"noreferrer noopener\"><span style=\"color:#354abe\" class=\"has-inline-color\">C\u00f3mo utiliza Google las<br>cookies<\/span><\/a><br><a href=\"https:\/\/policies.google.com\/technologies\/ads?hl=es\"><br><\/a><a href=\"https:\/\/policies.google.com\/privacy?hl=es\" target=\"_blank\" rel=\"noreferrer noopener\"><span style=\"color:#354abe\" class=\"has-inline-color\">Pol\u00edtica de privacidad de Google<\/span><\/a><\/td><\/tr><\/tbody><\/table><\/figure>\n\n\n\n<h2 class=\"wp-block-heading\">3. Retirar su consentimiento<\/h2>\n\n\n\n<script id=\"CookieDeclaration\" src=\"https:\/\/consent.cookiebot.com\/1c614dc7-b1c7-42ec-a969-a43fd2d005a6\/cd.js\" type=\"text\/javascript\" async=\"\"><\/script>\n\n\n\n<h2 class=\"wp-block-heading\">4. Deshabilitar, bloquear y eliminar las cookies<\/h2>\n\n\n\n<p>Usted puede bloquear o deshabilitar las cookies cambiando la configuraci\u00f3n de su navegador. La pr\u00e1ctica mayor\u00eda de navegadores permiten advertir de la presencia de cookies o rechazarlas autom\u00e1ticamente.<\/p>\n\n\n\n<p>No obstante, tenga en cuenta que si bloquea el uso de cookies, aunque podr\u00e1 seguir navegando por nuestro Sitio Web, el uso de algunos de sus servicios podr\u00e1 verse limitado y, por tanto, su experiencia ser\u00e1 menos satisfactoria (por ejemplo, podr\u00edan no guardarse sus preferencias sobre el uso de cookies y nuestra tienda podr\u00eda no funcionar adecuadamente).<\/p>\n\n\n\n<p>A continuaci\u00f3n, le facilitamos enlaces con informaci\u00f3n sobre la forma de ajustar la configuraci\u00f3n de cookies de los principales navegadores:<\/p>\n\n\n\n<p>a) Internet Explorer 11: <a href=\"https:\/\/support.microsoft.com\/es-es\/help\/17442\/windowsinternet- explorer-delete-manage-cookies\" target=\"_blank\" rel=\"noreferrer noopener\"><span style=\"color:#354abe\" class=\"has-inline-color\">https:\/\/support.microsoft.com\/es-es\/help\/17442\/windowsinternet- explorer-delete-manage-cookies<\/span><\/a><\/p>\n\n\n\n<p>b) Firefox: <a href=\"https:\/\/support.mozilla.org\/es\/kb\/habilitar-y-deshabilitar-cookies-sitios-web-rastrear-preferencias\" target=\"_blank\" rel=\"noreferrer noopener\"><span style=\"color:#354abe\" class=\"has-inline-color\">https:\/\/support.mozilla.org\/es\/kb\/habilitar-y-deshabilitar-cookies-sitios-web-rastrear-preferencias<\/span><\/a><\/p>\n\n\n\n<p>c) Chrome: <a href=\"https:\/\/support.google.com\/chrome\/answer\/95647?co=GENIE.Platform=Des ktop&amp;hl=es\" target=\"_blank\" rel=\"noreferrer noopener\"><span style=\"color:#354abe\" class=\"has-inline-color\">https:\/\/support.google.com\/chrome\/answer\/95647?co=GENIE.Platform=Des ktop&amp;hl=es<\/span><\/a><\/p>\n\n\n\n<p>d) Safari: <a href=\"https:\/\/support.apple.com\/es-es\/guide\/safari\/sfri11471\/mac\" target=\"_blank\" rel=\"noreferrer noopener\"><span style=\"color:#354abe\" class=\"has-inline-color\">https:\/\/support.apple.com\/es-es\/guide\/safari\/sfri11471\/mac<\/span><\/a> (para iOS: <a href=\"https:\/\/support.apple.com\/es-es\/HT201265\" target=\"_blank\" rel=\"noreferrer noopener\"><span style=\"color:#354abe\" class=\"has-inline-color\">https:\/\/support.apple.com\/es-es\/HT201265<\/span><\/a>).&nbsp;<\/p>\n\n\n\n<p>Para mayor informaci\u00f3n sobre c\u00f3mo administrar las cookies, por favor visite: <a href=\"http:\/\/www.allaboutcookies.org\/es\/administrar-las-cookies\" target=\"_blank\" rel=\"noreferrer noopener\"><span style=\"color:#354abe\" class=\"has-inline-color\">http:\/\/www.allaboutcookies.org\/es\/administrar-las-cookies<\/span><\/a>.<\/p>\n\n\n\n<p>Algunos terceros ofrecen mecanismos de rechazo de sus cookies:<\/p>\n\n\n\n<p>a) Google: <a href=\"https:\/\/chrome.google.com\/webstore\/detail\/google-analytics-opt-out\/fllaojicojecljbmefodhfapmkghcbnh?hl=es\" target=\"_blank\" rel=\"noreferrer noopener\"><span style=\"color:#354abe\" class=\"has-inline-color\">complemento para inhabilitar Google Analytics<\/span><\/a> y desactivar <a href=\"https:\/\/adssettings.google.com\/authenticated?hl=es\" target=\"_blank\" rel=\"noreferrer noopener\"><span style=\"color:#354abe\" class=\"has-inline-color\">personalizaci\u00f3n de anuncios<\/span><\/a>.<\/p>\n\n\n\n<p>Si usted acepta las cookies de terceros, deber\u00e1 eliminarlas desde las opciones del navegador o, en su caso, mediante mecanismos ofrecidos por los terceros, ya que, una vez aceptadas, nosotros no tenemos control sobre las mismas.<\/p>\n\n\n\n<h2 class=\"wp-block-heading\">5. Informaci\u00f3n adicional sobre protecci\u00f3n de datos<\/h2>\n\n\n\n<p>En este apartado le informamos de aquellos aspectos espec\u00edficos del tratamiento de sus datos relacionados con el uso de cookies que no se han cubierto en el resto de esta Pol\u00edtica de Cookies. Para m\u00e1s informaci\u00f3n sobre el tratamiento de sus datos (incluida la informaci\u00f3n sobre el ejercicio de sus derechos), consulte nuestra <a href=\"https:\/\/bodegasmarquesdevizhoja.com\/es\/politica-privacidad\/\"><span style=\"color:#354abe\" class=\"has-inline-color\">pol\u00edtica de privacidad<\/span><\/a><\/p>\n\n\n\n<p><strong>5.1. Base jur\u00eddica del tratamiento<\/strong><\/p>\n\n\n\n<p>El tratamiento de datos derivado del uso de cookies est\u00e1 legitimado por su consentimiento, que usted podr\u00e1 retirar en cualquier momento conforme se indica en los apartados 3 y 4 de esta pol\u00edtica.<\/p>\n\n\n\n<p><strong>5.2. Categor\u00edas de datos<\/strong><\/p>\n\n\n\n<p>Estos son los tipos de datos que se tratan a trav\u00e9s de las cookies:<\/p>\n\n\n\n<p>\u2022 Cookies anal\u00edticas: fecha y hora de visita al Sitio Web, p\u00e1ginas vistas, tiempo que ha estado en nuestro Sitio Web y sitios visitados antes y despu\u00e9s de la visita.<\/p>\n\n\n\n<p>\u2022 Cookies de personalizaci\u00f3n: fecha y hora de visita al Sitio Web, tipo de navegador, idioma del navegador, tipo de dispositivo utilizado, p\u00e1ginas visitadas, visitas anteriores a la web, desde donde lleg\u00f3 a la p\u00e1gina.<\/p>\n\n\n\n<p>\u2022 Cookies de publicidad comportamental: fecha y hora de visita al Sitio Web, idioma del navegador del usuario, tipo de dispositivo utilizado, p\u00e1ginas visitadas, visitas anteriores a la web, desde donde lleg\u00f3 a la p\u00e1gina.<\/p>\n\n\n\n<p>Respecto de las cookies de terceros, consulte los enlaces facilitados para estos terceros en el apartado 2 de esta Pol\u00edtica de Cookies.<\/p>\n\n\n\n<p><strong>5.3. Elaboraci\u00f3n de perfiles<\/strong><\/p>\n\n\n\n<p>Si usted acepta el uso de cookies de publicidad comportamental, se crear\u00e1 un perfil para mostrarle publicidad personalizada, seg\u00fan se describe en el apartado 2 de esta Pol\u00edtica de Cookies. Las categor\u00edas de datos que se utilizan para la creaci\u00f3n de perfiles se especifican en el subapartado anterior.<\/p>\n\n\n\n<p>Por ejemplo, si usted accede a la p\u00e1gina web desde un anuncio que tenemos publicado en el buscador de Google, el sistema lo detectar\u00e1 y le mostrar\u00e1 un determindado banner o promoci\u00f3n de producto.<\/p>\n\n\n\n<p>Respecto de las cookies de terceros, consulte los enlaces facilitados para estos terceros en el apartado 2 de esta Pol\u00edtica de Cookies.<\/p>\n\n\n\n<p><strong>5.4. Destinatarios de los datos<\/strong><\/p>\n\n\n\n<p>Compartimos la informaci\u00f3n recogida con autoridades y organismos p\u00fablicos, para el cumplimiento de obligaciones legales, as\u00ed como con prestadores de servicios de tecnolog\u00edas de la informaci\u00f3n que, como encargados del tratamiento, act\u00faan por nuestra cuenta (por ejemplo, Google en relaci\u00f3n con el uso de <a href=\"https:\/\/developers.google.com\/analytics\/devguides\/collection\/analyticsjs\/cookie-usage?hl=es\" target=\"_blank\" rel=\"noreferrer noopener\"><span style=\"color:#354abe\" class=\"has-inline-color\">Google Analytics<\/span><\/a>).<\/p>\n\n\n\n<p>Respecto de las cookies de terceros, consulte los enlaces facilitados para estos terceros en el apartado 2 de esta Pol\u00edtica de Cookies.<\/p>\n\n\n\n<p><strong>5.5. Transferencias a terceros pa\u00edses<\/strong><\/p>\n\n\n\n<p>Bodegas Marqu\u00e9s de Vizhoja, S.A.U. no realiza transferencias a terceros pa\u00edses<\/p>\n\n\n\n<p>Respecto de las cookies de terceros, consulte los enlaces facilitados para estos terceros en el apartado 2 de esta Pol\u00edtica de Cookies.<\/p>\n\n\n\n<h2 class=\"wp-block-heading\">6. Cambios en la pol\u00edtica de cookies<\/h2>\n\n\n\n<p>La Pol\u00edtica de Cookies de nuestro Sitio Web podr\u00e1 actualizarse por distintos motivos (por ejemplo, para adecuarla a las cookies que se utilicen en cada momento). Para estar adecuadamente informado sobre c\u00f3mo y para qu\u00e9 usamos las cookies en cada momento, le recomendamos leer esta pol\u00edtica cuando acceda a nuestro Sitio Web.&nbsp;<\/p>\n\n\n\n<h2 class=\"wp-block-heading\">7. Contacto<\/h2>\n\n\n\n<p>Si tuviera alguna duda, comentario o sugerencia sobre la Pol\u00edtica de Cookies, por favor escriba a: <a href=\"mailto:marquesdevizhoja@marquesdevizhoja.com\"><span style=\"color:#354abe\" class=\"has-inline-color\">marquesdevizhoja@marquesdevizhoja.com<\/span><\/a><\/p>\n","protected":false},"excerpt":{"rendered":"<p>1. Uso de cookies y alcance de esta pol\u00edtica El sitio web www.bodegasmarquesdevizhoja.com (el \u201cSitio Web\u201d), titularidad de Bodegas Marqu\u00e9s de Vizhoja, S.A.U, utiliza cookies. Esta tecnolog\u00eda permite almacenar y recuperar informaci\u00f3n de los equipos de los usuarios (ordenador, dispositivo m\u00f3vil u otros) con diversos fines. La presente pol\u00edtica de cookies tiene por finalidad informarle [&hellip;]<\/p>\n","protected":false},"author":1,"featured_media":0,"parent":0,"menu_order":0,"comment_status":"closed","ping_status":"closed","template":"","meta":{"_acf_changed":false,"footnotes":""},"class_list":["post-192","page","type-page","status-publish","hentry"],"acf":[],"yoast_head":"<!-- This site is optimized with the Yoast SEO plugin v27.2 - https:\/\/yoast.com\/product\/yoast-seo-wordpress\/ -->\n<title>Pol\u00edtica de cookies - Marqu\u00e9s de Vizhoja<\/title>\n<meta name=\"robots\" content=\"index, follow, max-snippet:-1, max-image-preview:large, max-video-preview:-1\" \/>\n<link rel=\"canonical\" href=\"https:\/\/bodegasmarquesdevizhoja.com\/es\/politica-de-cookies\/\" \/>\n<meta property=\"og:locale\" content=\"es_ES\" \/>\n<meta property=\"og:type\" content=\"article\" \/>\n<meta property=\"og:title\" content=\"Pol\u00edtica de cookies - Marqu\u00e9s de Vizhoja\" \/>\n<meta property=\"og:description\" content=\"1. Uso de cookies y alcance de esta pol\u00edtica El sitio web www.bodegasmarquesdevizhoja.com (el \u201cSitio Web\u201d), titularidad de Bodegas Marqu\u00e9s de Vizhoja, S.A.U, utiliza cookies. Esta tecnolog\u00eda permite almacenar y recuperar informaci\u00f3n de los equipos de los usuarios (ordenador, dispositivo m\u00f3vil u otros) con diversos fines. La presente pol\u00edtica de cookies tiene por finalidad informarle [&hellip;]\" \/>\n<meta property=\"og:url\" content=\"https:\/\/bodegasmarquesdevizhoja.com\/es\/politica-de-cookies\/\" \/>\n<meta property=\"og:site_name\" content=\"Marqu\u00e9s de Vizhoja\" \/>\n<meta property=\"article:modified_time\" content=\"2023-10-04T11:47:08+00:00\" \/>\n<meta name=\"twitter:card\" content=\"summary_large_image\" \/>\n<meta name=\"twitter:label1\" content=\"Tiempo de lectura\" \/>\n\t<meta name=\"twitter:data1\" content=\"6 minutos\" \/>\n<script type=\"application\/ld+json\" class=\"yoast-schema-graph\">{\"@context\":\"https:\/\/schema.org\",\"@graph\":[{\"@type\":\"WebPage\",\"@id\":\"https:\/\/bodegasmarquesdevizhoja.com\/es\/politica-de-cookies\/\",\"url\":\"https:\/\/bodegasmarquesdevizhoja.com\/es\/politica-de-cookies\/\",\"name\":\"Pol\u00edtica de cookies - Marqu\u00e9s de Vizhoja\",\"isPartOf\":{\"@id\":\"https:\/\/bodegasmarquesdevizhoja.com\/es\/#website\"},\"datePublished\":\"2020-10-21T10:19:43+00:00\",\"dateModified\":\"2023-10-04T11:47:08+00:00\",\"breadcrumb\":{\"@id\":\"https:\/\/bodegasmarquesdevizhoja.com\/es\/politica-de-cookies\/#breadcrumb\"},\"inLanguage\":\"es\",\"potentialAction\":[{\"@type\":\"ReadAction\",\"target\":[\"https:\/\/bodegasmarquesdevizhoja.com\/es\/politica-de-cookies\/\"]}]},{\"@type\":\"BreadcrumbList\",\"@id\":\"https:\/\/bodegasmarquesdevizhoja.com\/es\/politica-de-cookies\/#breadcrumb\",\"itemListElement\":[{\"@type\":\"ListItem\",\"position\":1,\"name\":\"Home\",\"item\":\"https:\/\/bodegasmarquesdevizhoja.com\/es\/\"},{\"@type\":\"ListItem\",\"position\":2,\"name\":\"Pol\u00edtica de cookies\"}]},{\"@type\":\"WebSite\",\"@id\":\"https:\/\/bodegasmarquesdevizhoja.com\/es\/#website\",\"url\":\"https:\/\/bodegasmarquesdevizhoja.com\/es\/\",\"name\":\"Marqu\u00e9s de Vizhoja\",\"description\":\"\",\"potentialAction\":[{\"@type\":\"SearchAction\",\"target\":{\"@type\":\"EntryPoint\",\"urlTemplate\":\"https:\/\/bodegasmarquesdevizhoja.com\/es\/?s={search_term_string}\"},\"query-input\":{\"@type\":\"PropertyValueSpecification\",\"valueRequired\":true,\"valueName\":\"search_term_string\"}}],\"inLanguage\":\"es\"}]}<\/script>\n<!-- \/ Yoast SEO plugin. -->","yoast_head_json":{"title":"Pol\u00edtica de cookies - Marqu\u00e9s de Vizhoja","robots":{"index":"index","follow":"follow","max-snippet":"max-snippet:-1","max-image-preview":"max-image-preview:large","max-video-preview":"max-video-preview:-1"},"canonical":"https:\/\/bodegasmarquesdevizhoja.com\/es\/politica-de-cookies\/","og_locale":"es_ES","og_type":"article","og_title":"Pol\u00edtica de cookies - Marqu\u00e9s de Vizhoja","og_description":"1. Uso de cookies y alcance de esta pol\u00edtica El sitio web www.bodegasmarquesdevizhoja.com (el \u201cSitio Web\u201d), titularidad de Bodegas Marqu\u00e9s de Vizhoja, S.A.U, utiliza cookies. Esta tecnolog\u00eda permite almacenar y recuperar informaci\u00f3n de los equipos de los usuarios (ordenador, dispositivo m\u00f3vil u otros) con diversos fines. La presente pol\u00edtica de cookies tiene por finalidad informarle [&hellip;]","og_url":"https:\/\/bodegasmarquesdevizhoja.com\/es\/politica-de-cookies\/","og_site_name":"Marqu\u00e9s de Vizhoja","article_modified_time":"2023-10-04T11:47:08+00:00","twitter_card":"summary_large_image","twitter_misc":{"Tiempo de lectura":"6 minutos"},"schema":{"@context":"https:\/\/schema.org","@graph":[{"@type":"WebPage","@id":"https:\/\/bodegasmarquesdevizhoja.com\/es\/politica-de-cookies\/","url":"https:\/\/bodegasmarquesdevizhoja.com\/es\/politica-de-cookies\/","name":"Pol\u00edtica de cookies - Marqu\u00e9s de Vizhoja","isPartOf":{"@id":"https:\/\/bodegasmarquesdevizhoja.com\/es\/#website"},"datePublished":"2020-10-21T10:19:43+00:00","dateModified":"2023-10-04T11:47:08+00:00","breadcrumb":{"@id":"https:\/\/bodegasmarquesdevizhoja.com\/es\/politica-de-cookies\/#breadcrumb"},"inLanguage":"es","potentialAction":[{"@type":"ReadAction","target":["https:\/\/bodegasmarquesdevizhoja.com\/es\/politica-de-cookies\/"]}]},{"@type":"BreadcrumbList","@id":"https:\/\/bodegasmarquesdevizhoja.com\/es\/politica-de-cookies\/#breadcrumb","itemListElement":[{"@type":"ListItem","position":1,"name":"Home","item":"https:\/\/bodegasmarquesdevizhoja.com\/es\/"},{"@type":"ListItem","position":2,"name":"Pol\u00edtica de cookies"}]},{"@type":"WebSite","@id":"https:\/\/bodegasmarquesdevizhoja.com\/es\/#website","url":"https:\/\/bodegasmarquesdevizhoja.com\/es\/","name":"Marqu\u00e9s de Vizhoja","description":"","potentialAction":[{"@type":"SearchAction","target":{"@type":"EntryPoint","urlTemplate":"https:\/\/bodegasmarquesdevizhoja.com\/es\/?s={search_term_string}"},"query-input":{"@type":"PropertyValueSpecification","valueRequired":true,"valueName":"search_term_string"}}],"inLanguage":"es"}]}},"jetpack_sharing_enabled":true,"_links":{"self":[{"href":"https:\/\/bodegasmarquesdevizhoja.com\/es\/wp-json\/wp\/v2\/pages\/192","targetHints":{"allow":["GET"]}}],"collection":[{"href":"https:\/\/bodegasmarquesdevizhoja.com\/es\/wp-json\/wp\/v2\/pages"}],"about":[{"href":"https:\/\/bodegasmarquesdevizhoja.com\/es\/wp-json\/wp\/v2\/types\/page"}],"author":[{"embeddable":true,"href":"https:\/\/bodegasmarquesdevizhoja.com\/es\/wp-json\/wp\/v2\/users\/1"}],"replies":[{"embeddable":true,"href":"https:\/\/bodegasmarquesdevizhoja.com\/es\/wp-json\/wp\/v2\/comments?post=192"}],"version-history":[{"count":92,"href":"https:\/\/bodegasmarquesdevizhoja.com\/es\/wp-json\/wp\/v2\/pages\/192\/revisions"}],"predecessor-version":[{"id":310199,"href":"https:\/\/bodegasmarquesdevizhoja.com\/es\/wp-json\/wp\/v2\/pages\/192\/revisions\/310199"}],"wp:attachment":[{"href":"https:\/\/bodegasmarquesdevizhoja.com\/es\/wp-json\/wp\/v2\/media?parent=192"}],"curies":[{"name":"wp","href":"https:\/\/api.w.org\/{rel}","templated":true}]}}