{"id":3,"date":"2020-10-15T10:53:34","date_gmt":"2020-10-15T08:53:34","guid":{"rendered":"https:\/\/bodegasmarquesdevizhoja.com\/?page_id=3"},"modified":"2021-05-28T11:45:26","modified_gmt":"2021-05-28T09:45:26","slug":"politica-privacidad","status":"publish","type":"page","link":"https:\/\/bodegasmarquesdevizhoja.com\/es\/politica-privacidad\/","title":{"rendered":"Pol\u00edtica de privacidad"},"content":{"rendered":"\n<p>Esta pol\u00edtica aplica a los tratamientos de datos realizados en el sitio web, con excepci\u00f3n de los derivados del uso de cookies (el usuario puede consultar nuestra pol\u00edtica de cookies si desea m\u00e1s informaci\u00f3n a este respecto).<\/p>\n\n\n\n<p><strong>1. Responsable del tratamiento<\/strong><\/p>\n\n\n\n<p>El responsable del tratamiento es Bodegas Marqu\u00e9s de Vizhoja, S.A.U., con CIF A36655025 y direcci\u00f3n en Finca La Moreira s\/n, 36438 Pontevedra (Espa\u00f1a).<\/p>\n\n\n\n<p><strong>2. Finalidades y bases jur\u00eddicas del tratamiento<\/strong><\/p>\n\n\n\n<p>Bodegas Marqu\u00e9s de Vizhoja, S.A.U. tratar\u00e1 los datos personales de los usuarios del sitio web para las siguientes finalidades:<\/p>\n\n\n\n<p>a) Para gestionar el registro de usuarios.<\/p>\n\n\n\n<p>La base jur\u00eddica que legitima este tratamiento es la ejecuci\u00f3n del contrato entre el usuario y Bodegas Marqu\u00e9s de Vizhoja, S.A.U. que conlleva su condici\u00f3n de usuario registrado.<\/p>\n\n\n\n<p>b) Para atender y gestionar las compras realizadas en la tienda online.<\/p>\n\n\n\n<p>La base jur\u00eddica que legitima este tratamiento es la ejecuci\u00f3n del contrato de compraventa entre el usuario (cliente) y Bodegas Marqu\u00e9s de Vizhoja, S.A.U.<\/p>\n\n\n\n<p>c) Para el env\u00edo de la newsletter.<\/p>\n\n\n\n<p>La base jur\u00eddica que legitima este tratamiento es el consentimiento del usuario, que podr\u00e1 revocar en cualquier momento si desea dejar de recibir la newsletter.<\/p>\n\n\n\n<p>d) Para atender las preguntas, comentarios y sugerencias del usuario.<\/p>\n\n\n\n<p>La base jur\u00eddica que legitima este tratamiento es el consentimiento del usuario, que podr\u00e1 revocar en cualquier momento, si bien ello tendr\u00e1 como consecuencia que no podr\u00e1 ser atendido.<\/p>\n\n\n\n<p><strong>3. Categor\u00edas de datos<\/strong><\/p>\n\n\n\n<p>Las categor\u00edas de datos personales tratadas son las que se identifican en cada formulario y el usuario aporte. Otros datos personales no ser\u00e1n recogidos a menos que proporcione esta informaci\u00f3n de manera voluntaria.<\/p>\n\n\n\n<p><strong>4. Plazos de conservaci\u00f3n<\/strong><\/p>\n\n\n\n<p>Los datos se conservar\u00e1n durante los plazos siguientes:<\/p>\n\n\n\n<p>a) Gesti\u00f3n del registro de usuarios: mientras el usuario permanezca registrado.<\/p>\n\n\n\n<p>b) Atenci\u00f3n y gesti\u00f3n de las compras realizadas en la tienda online: mientras dure la relaci\u00f3n contractual que se derive de las compras.<\/p>\n\n\n\n<p>c) Env\u00edo de la newsletter: hasta que el usuario se oponga a su env\u00edo (o solicite la supresi\u00f3n de sus datos).<\/p>\n\n\n\n<p>d) Atenci\u00f3n de preguntas, comentarios y sugerencias: mientras los datos sean necesarios para atender estas solicitudes y hasta un a\u00f1o despu\u00e9s de haberlas atendido.<\/p>\n\n\n\n<p>En todos los casos anteriores, con posterioridad al periodo indicado, los datos se conservar\u00e1n a disposici\u00f3n de jueces y tribunales, el Ministerio Fiscal o las administraciones p\u00fablicas competentes, para atender posibles responsabilidades derivadas del tratamiento durante el plazo de prescripci\u00f3n de las mismas.<\/p>\n\n\n\n<p><strong>5. Destinatarios<\/strong><\/p>\n\n\n\n<p>En el marco de las finalidades descritas en esta pol\u00edtica, Bodegas Marqu\u00e9s de Vizhoja, S.A.U. comunicar\u00e1 los datos a:<\/p>\n\n\n\n<p>Proveedores y colaboradores de servicios de transporte para la entrega de los productos comprados en la tienda.<\/p>\n\n\n\n<p>Proveedores de servicios de tecnolog\u00edas de la informaci\u00f3n (por ejemplo, para el env\u00edo de emails).<\/p>\n\n\n\n<p>Autoridades p\u00fablicas en cumplimiento de obligaciones legales (por ejemplo, obligaciones tributarias).<\/p>\n\n\n\n<p><strong>6. Transferencias a terceros pa\u00edses<\/strong><\/p>\n\n\n\n<p>Bodegas Marqu\u00e9s de Vizhoja, S.A.U. no realiza transferencias a terceros pa\u00edses.<\/p>\n\n\n\n<p><strong>7. Derechos de los interesados<\/strong><\/p>\n\n\n\n<p>Los usuarios tienen los siguientes derechos: acceso a los datos personales, rectificaci\u00f3n, supresi\u00f3n, limitaci\u00f3n del tratamiento, oposici\u00f3n al tratamiento, portabilidad de los datos y, cuando el tratamiento se base en el consentimiento, el derecho a retirarlo en cualquier momento. Los usuarios podr\u00e1n encontrar m\u00e1s informaci\u00f3n sobre estos derechos aqu\u00ed.<\/p>\n\n\n\n<p>Los usuarios podr\u00e1n ejercitar estos derechos, identific\u00e1ndose debidamente, dirigi\u00e9ndose por v\u00eda postal a Finca La Moreira s\/n, 36438 Pontevedra (Espa\u00f1a) o por v\u00eda electr\u00f3nica a <a href=\"mailto:marquesdevizhoja@marquesdevizhoja.com\">marquesdevizhoja@marquesdevizhoja.com<\/a>.<\/p>\n\n\n\n<p>Los usuarios que consideren vulnerados sus derechos podr\u00e1n presentar una reclamaci\u00f3n ante la Agencia Espa\u00f1ola de Protecci\u00f3n de Datos (www.aepd.es).<\/p>\n\n\n\n<p>Bodegas Marqu\u00e9s de Vizhoja S.A.U-&nbsp; se encuentra adherida al <a href=\"https:\/\/www.autocontrol.es\/wp-content\/uploads\/2020\/11\/codigo-de-conducta-proteccion-de-datos.pdf\">C\u00f3digo de Conducta de Protecci\u00f3n de Datos en la Actividad Publicitaria<\/a> de AUTOCONTROL, acreditado por la Agencia Espa\u00f1ola de Protecci\u00f3n de Datos y por tanto, est\u00e1 vinculada a su sistema extrajudicial de tramitaci\u00f3n de reclamaciones cuando est\u00e9n relacionadas con protecci\u00f3n de datos y publicidad, disponible para los interesados en el sitio web <a href=\"http:\/\/www.autocontrol.es\">www.autocontrol.es<\/a><\/p>\n","protected":false},"excerpt":{"rendered":"<p>Esta pol\u00edtica aplica a los tratamientos de datos realizados en el sitio web, con excepci\u00f3n de los derivados del uso de cookies (el usuario puede consultar nuestra pol\u00edtica de cookies si desea m\u00e1s informaci\u00f3n a este respecto). 1. Responsable del tratamiento El responsable del tratamiento es Bodegas Marqu\u00e9s de Vizhoja, S.A.U., con CIF A36655025 y [&hellip;]<\/p>\n","protected":false},"author":1,"featured_media":0,"parent":0,"menu_order":0,"comment_status":"closed","ping_status":"closed","template":"","meta":{"_acf_changed":false,"footnotes":""},"class_list":["post-3","page","type-page","status-publish","hentry"],"acf":[],"yoast_head":"<!-- This site is optimized with the Yoast SEO plugin v27.2 - https:\/\/yoast.com\/product\/yoast-seo-wordpress\/ -->\n<title>Pol\u00edtica de privacidad - Marqu\u00e9s de Vizhoja<\/title>\n<meta name=\"robots\" content=\"index, follow, max-snippet:-1, max-image-preview:large, max-video-preview:-1\" \/>\n<link rel=\"canonical\" href=\"https:\/\/bodegasmarquesdevizhoja.com\/es\/politica-privacidad\/\" \/>\n<meta property=\"og:locale\" content=\"es_ES\" \/>\n<meta property=\"og:type\" content=\"article\" \/>\n<meta property=\"og:title\" content=\"Pol\u00edtica de privacidad - Marqu\u00e9s de Vizhoja\" \/>\n<meta property=\"og:description\" content=\"Esta pol\u00edtica aplica a los tratamientos de datos realizados en el sitio web, con excepci\u00f3n de los derivados del uso de cookies (el usuario puede consultar nuestra pol\u00edtica de cookies si desea m\u00e1s informaci\u00f3n a este respecto). 1. Responsable del tratamiento El responsable del tratamiento es Bodegas Marqu\u00e9s de Vizhoja, S.A.U., con CIF A36655025 y [&hellip;]\" \/>\n<meta property=\"og:url\" content=\"https:\/\/bodegasmarquesdevizhoja.com\/es\/politica-privacidad\/\" \/>\n<meta property=\"og:site_name\" content=\"Marqu\u00e9s de Vizhoja\" \/>\n<meta property=\"article:modified_time\" content=\"2021-05-28T09:45:26+00:00\" \/>\n<meta name=\"twitter:card\" content=\"summary_large_image\" \/>\n<meta name=\"twitter:label1\" content=\"Tiempo de lectura\" \/>\n\t<meta name=\"twitter:data1\" content=\"3 minutos\" \/>\n<script type=\"application\/ld+json\" class=\"yoast-schema-graph\">{\"@context\":\"https:\/\/schema.org\",\"@graph\":[{\"@type\":\"WebPage\",\"@id\":\"https:\/\/bodegasmarquesdevizhoja.com\/es\/politica-privacidad\/\",\"url\":\"https:\/\/bodegasmarquesdevizhoja.com\/es\/politica-privacidad\/\",\"name\":\"Pol\u00edtica de privacidad - Marqu\u00e9s de Vizhoja\",\"isPartOf\":{\"@id\":\"https:\/\/bodegasmarquesdevizhoja.com\/es\/#website\"},\"datePublished\":\"2020-10-15T08:53:34+00:00\",\"dateModified\":\"2021-05-28T09:45:26+00:00\",\"breadcrumb\":{\"@id\":\"https:\/\/bodegasmarquesdevizhoja.com\/es\/politica-privacidad\/#breadcrumb\"},\"inLanguage\":\"es\",\"potentialAction\":[{\"@type\":\"ReadAction\",\"target\":[\"https:\/\/bodegasmarquesdevizhoja.com\/es\/politica-privacidad\/\"]}]},{\"@type\":\"BreadcrumbList\",\"@id\":\"https:\/\/bodegasmarquesdevizhoja.com\/es\/politica-privacidad\/#breadcrumb\",\"itemListElement\":[{\"@type\":\"ListItem\",\"position\":1,\"name\":\"Home\",\"item\":\"https:\/\/bodegasmarquesdevizhoja.com\/es\/\"},{\"@type\":\"ListItem\",\"position\":2,\"name\":\"Pol\u00edtica de privacidad\"}]},{\"@type\":\"WebSite\",\"@id\":\"https:\/\/bodegasmarquesdevizhoja.com\/es\/#website\",\"url\":\"https:\/\/bodegasmarquesdevizhoja.com\/es\/\",\"name\":\"Marqu\u00e9s de Vizhoja\",\"description\":\"\",\"potentialAction\":[{\"@type\":\"SearchAction\",\"target\":{\"@type\":\"EntryPoint\",\"urlTemplate\":\"https:\/\/bodegasmarquesdevizhoja.com\/es\/?s={search_term_string}\"},\"query-input\":{\"@type\":\"PropertyValueSpecification\",\"valueRequired\":true,\"valueName\":\"search_term_string\"}}],\"inLanguage\":\"es\"}]}<\/script>\n<!-- \/ Yoast SEO plugin. -->","yoast_head_json":{"title":"Pol\u00edtica de privacidad - Marqu\u00e9s de Vizhoja","robots":{"index":"index","follow":"follow","max-snippet":"max-snippet:-1","max-image-preview":"max-image-preview:large","max-video-preview":"max-video-preview:-1"},"canonical":"https:\/\/bodegasmarquesdevizhoja.com\/es\/politica-privacidad\/","og_locale":"es_ES","og_type":"article","og_title":"Pol\u00edtica de privacidad - Marqu\u00e9s de Vizhoja","og_description":"Esta pol\u00edtica aplica a los tratamientos de datos realizados en el sitio web, con excepci\u00f3n de los derivados del uso de cookies (el usuario puede consultar nuestra pol\u00edtica de cookies si desea m\u00e1s informaci\u00f3n a este respecto). 1. Responsable del tratamiento El responsable del tratamiento es Bodegas Marqu\u00e9s de Vizhoja, S.A.U., con CIF A36655025 y [&hellip;]","og_url":"https:\/\/bodegasmarquesdevizhoja.com\/es\/politica-privacidad\/","og_site_name":"Marqu\u00e9s de Vizhoja","article_modified_time":"2021-05-28T09:45:26+00:00","twitter_card":"summary_large_image","twitter_misc":{"Tiempo de lectura":"3 minutos"},"schema":{"@context":"https:\/\/schema.org","@graph":[{"@type":"WebPage","@id":"https:\/\/bodegasmarquesdevizhoja.com\/es\/politica-privacidad\/","url":"https:\/\/bodegasmarquesdevizhoja.com\/es\/politica-privacidad\/","name":"Pol\u00edtica de privacidad - Marqu\u00e9s de Vizhoja","isPartOf":{"@id":"https:\/\/bodegasmarquesdevizhoja.com\/es\/#website"},"datePublished":"2020-10-15T08:53:34+00:00","dateModified":"2021-05-28T09:45:26+00:00","breadcrumb":{"@id":"https:\/\/bodegasmarquesdevizhoja.com\/es\/politica-privacidad\/#breadcrumb"},"inLanguage":"es","potentialAction":[{"@type":"ReadAction","target":["https:\/\/bodegasmarquesdevizhoja.com\/es\/politica-privacidad\/"]}]},{"@type":"BreadcrumbList","@id":"https:\/\/bodegasmarquesdevizhoja.com\/es\/politica-privacidad\/#breadcrumb","itemListElement":[{"@type":"ListItem","position":1,"name":"Home","item":"https:\/\/bodegasmarquesdevizhoja.com\/es\/"},{"@type":"ListItem","position":2,"name":"Pol\u00edtica de privacidad"}]},{"@type":"WebSite","@id":"https:\/\/bodegasmarquesdevizhoja.com\/es\/#website","url":"https:\/\/bodegasmarquesdevizhoja.com\/es\/","name":"Marqu\u00e9s de Vizhoja","description":"","potentialAction":[{"@type":"SearchAction","target":{"@type":"EntryPoint","urlTemplate":"https:\/\/bodegasmarquesdevizhoja.com\/es\/?s={search_term_string}"},"query-input":{"@type":"PropertyValueSpecification","valueRequired":true,"valueName":"search_term_string"}}],"inLanguage":"es"}]}},"jetpack_sharing_enabled":true,"_links":{"self":[{"href":"https:\/\/bodegasmarquesdevizhoja.com\/es\/wp-json\/wp\/v2\/pages\/3","targetHints":{"allow":["GET"]}}],"collection":[{"href":"https:\/\/bodegasmarquesdevizhoja.com\/es\/wp-json\/wp\/v2\/pages"}],"about":[{"href":"https:\/\/bodegasmarquesdevizhoja.com\/es\/wp-json\/wp\/v2\/types\/page"}],"author":[{"embeddable":true,"href":"https:\/\/bodegasmarquesdevizhoja.com\/es\/wp-json\/wp\/v2\/users\/1"}],"replies":[{"embeddable":true,"href":"https:\/\/bodegasmarquesdevizhoja.com\/es\/wp-json\/wp\/v2\/comments?post=3"}],"version-history":[{"count":5,"href":"https:\/\/bodegasmarquesdevizhoja.com\/es\/wp-json\/wp\/v2\/pages\/3\/revisions"}],"predecessor-version":[{"id":3596,"href":"https:\/\/bodegasmarquesdevizhoja.com\/es\/wp-json\/wp\/v2\/pages\/3\/revisions\/3596"}],"wp:attachment":[{"href":"https:\/\/bodegasmarquesdevizhoja.com\/es\/wp-json\/wp\/v2\/media?parent=3"}],"curies":[{"name":"wp","href":"https:\/\/api.w.org\/{rel}","templated":true}]}}