{"id":4242,"date":"2021-06-23T09:33:02","date_gmt":"2021-06-23T07:33:02","guid":{"rendered":"https:\/\/bodegasmarquesdevizhoja.com\/?page_id=4242"},"modified":"2021-06-23T09:33:27","modified_gmt":"2021-06-23T07:33:27","slug":"bases-y-condiciones-legales","status":"publish","type":"page","link":"https:\/\/bodegasmarquesdevizhoja.com\/es\/bases-y-condiciones-legales\/","title":{"rendered":"Bases y condiciones legales"},"content":{"rendered":"\n<h2 class=\"wp-block-heading\">Sorteo \u201c Estamos de celebraci\u00f3n! Estrenamos web\u201d<\/h2>\n\n\n\n<p>El 23 de junio de 2021 Bodegas Marqu\u00e9s de Vizhoja S.A.U. con motivo del estreno de su nueva web bajo el dominio www.bodegasmarquesdevizhoja.com lanza una promoci\u00f3n bajo el nombre \u201cESTAMOS DE CELEBRACI\u00d3N! ESTRENAMOS WEB donde se premiar\u00e1 con una vinoteca GIONA CVG 18T junto con 18 botellas de vino blanco Marqu\u00e9s de Vizhoja 0,75l. Adem\u00e1s, las 150 primeras compras recibir\u00e1n un regalo directo; una bolsa shopping \u201cComo Marqueses\u201d.<\/p>\n\n\n\n<p>BODEGAS MARQU\u00c9S DE VIZHOJA S.A.U. (en adelante Bodegas Marqu\u00e9s de Vizhoja), domiciliada en Finca La Moreira s\/n &#8211; A36655025, realizar\u00e1 una promoci\u00f3n de \u00e1mbito nacional en la que se sortear\u00e1 una vinoteca junto con 18 botellas de vino blanco Marqu\u00e9s de Vizhoja.<\/p>\n\n\n\n<h3 class=\"wp-block-heading\">Fechas de participaci\u00f3n:<\/h3>\n\n\n\n<p>Del 23\/06\/2021 al 23\/07\/2021<\/p>\n\n\n\n<h3 class=\"wp-block-heading\">Requisitos de la promoci\u00f3n:<\/h3>\n\n\n\n<ol class=\"wp-block-list\"><li>Podr\u00e1 participar cualquier persona f\u00edsica de Espa\u00f1a ajena a Bodegas Marqu\u00e9s de Vizhoja exceptuando Islas Canarias, Ceuta y Melilla.<\/li><li>Ser mayor de 18 a\u00f1os.<\/li><li>Realizar una compra dentro del per\u00edodo 23\/06\/2021 al 23\/07\/2021 y con un importe m\u00ednimo de 25 \u20ac, no acumulables con los gastos de env\u00edo. No se admitir\u00e1n compras fuera de estas fechas. La compra m\u00ednima deber\u00e1 ser por cada pedido, no se podr\u00e1n acumular pedidos para llegar a la compra m\u00ednima. Los clientes podr\u00e1n participar con una compra de cualquier d\u00eda que corresponda al per\u00edodo de la promoci\u00f3n (del 23\/06\/2021 al 23\/07\/2021).<\/li><li>Estar suscritos a la newsletter de la web de Bodegas Marqu\u00e9s de Vizhoja <a href=\"https:\/\/bodegasmarquesdevizhoja.com\/es\/\">www.bodegasmarquesdevizhoja.com<\/a><\/li><\/ol>\n\n\n\n<p>El hecho de participar en el sorteo cumpliendo los requisitos de la promoci\u00f3n supone un regalo directo de una BOLSA SHOPPING COMO MARQUESES 140 g\/m\u00b2 100% algod\u00f3n. Hasta fin de existencias o fin de promoci\u00f3n*<\/p>\n\n\n\n<p>*Fin de existencias: 150 bolsas shopping Como Marqueses 149 g\/m2 100% algod\u00f3n. Fin de promoci\u00f3n: del 23\/06\/2021 al 23\/07\/2021)<\/p>\n\n\n\n<h2 class=\"wp-block-heading\">La promoci\u00f3n se regir\u00e1 por las siguientes bases y condiciones:<\/h2>\n\n\n\n<ol class=\"wp-block-list\"><li>BASES Y CONDICIONES: La participaci\u00f3n en esta Promoci\u00f3n \u201cESTAMOS DE CELEBRACI\u00d3N! ESTRENAMOS WEB\u201d con Bodegas Marqu\u00e9s de Vizhoja SAU, implica el conocimiento y la aceptaci\u00f3n por parte del participante de las presentes bases y condiciones. Cualquier violaci\u00f3n a las mismas o a los procedimientos o sistemas aqu\u00ed establecidos para la realizaci\u00f3n del presente concurso implicar\u00e1 la inmediata exclusi\u00f3n de las mismas y\/o la revocaci\u00f3n de los premios.<\/li><li>DEL PLAZO DE LA PROMOCI\u00d3N Y \u00c1MBITO GEOGR\u00c1FICO DEL SORTEO: La presente promoci\u00f3n comenzar\u00e1 el d\u00eda 23 de junio de 2021 y regir\u00e1, salvo modificaci\u00f3n de las presentes bases y condiciones, hasta el d\u00eda 23 de julio 2021. El \u00e1mbito geogr\u00e1fico del sorteo queda limitado a Espa\u00f1a exceptuando las Islas Canarias, Ceuta y Melilla. Fuera de este \u00e1mbito quedar\u00e1 prohibida la participaci\u00f3n.<\/li><li>DE LOS REQUISITOS PARA PARTICIPAR \u2013 DEL PARTICIPANTE: Podr\u00e1n participar todas aquellas personas, f\u00edsicas (mayores de edad, entendidas en Espa\u00f1a toda persona mayor de 18 a\u00f1os) o jur\u00eddicas, residentes Espa\u00f1a. Es obligatorio estar darse de alta en la newsletter de Bodegas Marqu\u00e9s de Vizhoja, y hacer una compra m\u00ednima de 25\u20ac (no acumulabres con gastos de env\u00edo ni otros tickets) en la tienda online <a href=\"https:\/\/bodegasmarquesdevizhoja.com\/es\/tienda\/\">www.bodegasmarquesdevizhoja.com\/tienda<\/a> . Todo tipo de reclamo referido a la inclusi\u00f3n y\/o participaci\u00f3n en el sorteo por parte del PARTICIPANTE deber\u00e1 ser efectuado, en forma expresa, indefectiblemente hasta los cinco (5) d\u00edas anteriores al sorteo, vencido dicho t\u00e9rmino no ser\u00e1 aceptado reclamo alguno. Quedan excluidos del presente sorteo y por ende no podr\u00e1n participar del mismo, aquellas personas relacionadas profesionalmente o familiares de Bodegas Marqu\u00e9s de Vizhoja SAU .<\/li><li>DEL LUGAR Y FECHA DEL SORTEO: El sorteo correspondiente a esta promoci\u00f3n, se har\u00e1 entre todos los participantes que cumplan las condiciones y hayan participado. Se efectuar\u00e1 el mismo el d\u00eda 25 de julio de 2021 con aplicaciones inform\u00e1ticas antes de las 20h. El proceso de notificaci\u00f3n y adjudicaci\u00f3n del premio ser\u00e1 el siguiente:<ol><li>El participante o participantes que resulte ganador ser\u00e1 notificado en forma fehaciente dentro del plazo de un (1) d\u00eda h\u00e1bil, contado a partir de la fecha de realizaci\u00f3n del sorteo.<\/li><li>Una vez notificado fehacientemente del mismo, deber\u00e1 llamar a las oficinas del ORGANIZADOR o enviar un email a <a href=\"mailto:marketing@marquesdevizhoja.com\" target=\"_blank\" rel=\"noreferrer noopener\">marketing@marquesdevizhoja.com<\/a>, acreditando fehacientemente su titularidad e identidad, dentro de los Diez (10) d\u00edas h\u00e1biles posteriores a la notificaci\u00f3n para solicitar su premio, y coordinar la entrega.<\/li><li>El ORGANIZADOR entregar\u00e1 al ganador una constancia de presentaci\u00f3n, la que ser\u00e1 considerada como constancia y prueba v\u00e1lida a los efectos anteriormente se\u00f1alados. Si el ganador del sorteo no se hiciere presente dentro del plazo indicado y en las condiciones anteriormente fijadas y\/o no acreditare su condici\u00f3n de tal, el ORGANIZADOR proceder\u00e1 a correr el orden de los premios asign\u00e1ndole el mismo al inmediato sucesivo posterior, no teniendo este derecho alguno a reclamo posterior de ninguna naturaleza. En caso de no haber orden, se repetir\u00eda el sorteo con los mismos participantes que los que participaron en el primer sorteo. En caso de volverse a repetir esta circunstancia El ORGANIZADOR podr\u00e1 en consecuencia, disponer libremente del mismo o bien declarar desierto dicho premio. Es condici\u00f3n esencial del GANADOR acreditar que es seguidor de las redes sociales de Bodegas Marqu\u00e9s de Vizhoja S.A.U. y que cumple los requisitos de participaci\u00f3n.<\/li><\/ol><\/li><li>DE LOS PREMIOS: <ol><li>Premio directo: Las 150 primeras compras que cumplan los requisitos de estas bases, recibir\u00e1n una bolsa shopping \u201cComo Marqueses\u201d Edici\u00f3n ReiZentolo. Entrega de bolsas limitadas hasta fin de existencias o fin de promoci\u00f3n. <\/li><li>Sorteo de Vinoteca y vino blanco Marqu\u00e9s de Vizhoja: Aquellos participantes del sorteo que cumplan los requisitos indicados en las bases legales, optar\u00e1n al sorteo de una vinoteca junto con 18 botellas de vino blanco Marqu\u00e9s de Vizhoja 0,75l. Habr\u00e1 una (1) persona ganadora, teniendo derecho a la vinoteca GIONA CVG 18T y 18 botellas de vino blanco Marqu\u00e9s de Vizhoja 0,75l. Los gastos de transporte a un punto de Espa\u00f1a, exceptuando Islas Canarias, Ceuta y Melilla, estar\u00e1n incluidos en el sorteo. Los gastos adicionales y\/o tr\u00e1mites que no se encuentre previsto en las presentes bases y condiciones ser\u00e1n exclusivamente a cargo del participante. <\/li><li>En ning\u00fan caso los premios podr\u00e1n ser objeto de cambio, alteraci\u00f3n o compensaci\u00f3n a petici\u00f3n del ganador ni canjearse por su contravalor econ\u00f3mico.<\/li><li>La entrega de la mercanc\u00eda se realizar\u00e1 en dos env\u00edos separados la vinoteca del vino. El ORGANIZADOR no otorga garant\u00eda de calidad, evicci\u00f3n ni vicios redhibitorios de los premios. La probabilidad matem\u00e1tica de adjudicaci\u00f3n de premios depender\u00e1 de la cantidad de participantes intervinientes y de la cantidad de n\u00fameros de participaci\u00f3n que el ORGANIZADOR otorgue conforme las condiciones establecidas en las cl\u00e1usulas anteriores.<\/li><li>La probabilidad matem\u00e1tica de adjudicaci\u00f3n de los Premios surge de la siguiente f\u00f3rmula P (%)=(Q\/C)x3, donde Q representa la cantidad de premios y C la cantidad de n\u00fameros asignados a los participantes que cumplan con las condiciones establecidas en el presente pliego. Por lo tanto, en caso que Q=3 y C=5000, la probabilidad resultar\u00eda 3\/5000\u00d7100=150. La probabilidad informada es meramente ilustrativa y a modo de ejemplo, toda vez que no es posible conocer previamente que cantidad exacta de n\u00fameros de participaci\u00f3n que participar\u00e1n del presente sorteo. Los premios asignados y no reclamados en el t\u00e9rmino establecido en el presente, si los hubiere, quedar\u00e1n en poder del ORGANIZADOR, quien determinar\u00e1 el destino que les dar\u00e1.-<\/li><\/ol><\/li><li>DE LAS AUTORIZACIONES: Quien resulte ganador de esta promoci\u00f3n, autoriza expresamente al ORGANIZADOR Bodegas Marqu\u00e9s de Vizhoja SAU y a quienes \u00e9ste designe para la publicidad, a difundir su nombre, datos personales, premios, im\u00e1genes, fotograf\u00edas, voces y\/o las de su grupo familiar si correspondiera, a los fines publicitarios, en los medios de comunicaci\u00f3n, p\u00e1gina web del ORGANIZADOR y toda otra forma que considere conveniente, sin l\u00edmite de tiempo y sin costo alguno para el ORGANIZADOR.-<\/li><li>MODIFICACIONES: El presente sorteo podr\u00e1 ser suspendido, cancelado y\/o modificado total o parcialmente, en cualquier momento, al solo arbitrio del ORGANIZADOR, previa notificaci\u00f3n a trav\u00e9s de la web , newsletter y de los medios de sus redes sociales, sin derecho a reclamo alguno por parte de los participantes. El ORGANIZADOR es el \u00f3rgano inapelable que interpretar\u00e1 todas y cada una de las cuestiones que se susciten con relaci\u00f3n a las presentes bases y condiciones.- BODEGAS MARQU\u00c9S DE VIZHOJA S.A.U. se reserva, siempre que redunde en el buen fin de la promoci\u00f3n y no se contrario a la Ley, el derecho a modificar las bases en cualquier momento si las circunstancias as\u00ed lo requirieran. La modificaci\u00f3n se anunciar\u00e1 y entrar\u00e1 en vigor a partir de la fecha de su anuncio, sin que los concursantes puedan realizar reclamaci\u00f3n alguna a BODEGAS MARQU\u00c9S DE VIZHOJA S.A.U. por ello.<\/li><li>DE LAS PROHIBICIONES \u2013 RESPONSABILIDAD: Se deja expresamente establecido que, en ning\u00fan caso el participante que resulte ganador de esta promoci\u00f3n podr\u00e1 canjear o solicitar el canje del premio obtenido por dinero en efectivo u otro producto. Asimismo el ORGANIZADOR deslinda cualquier tipo de responsabilidad por los accidentes que pudieran ocurrir durante el traslado o realizaci\u00f3n de los premios, toda vez que su actuaci\u00f3n como ORGANIZADOR finaliza con la entrega del premio sorteado al PARTICIPANTE que resulte ganador del mismo.<\/li><li>LEY Y JURISDICCI\u00d3N APLICABLE: La interpretaci\u00f3n y el cumplimiento de las presentes bases se regir\u00e1n por la legislaci\u00f3n espa\u00f1ola. BODEGAS MARQU\u00c9S DE VIZHOJA S.A.U. y los participantes que participen en el concurso, con renuncia expresa al propio fuero que, en su caso, les fuera aplicable, se someten en cuanto se refiera a la resoluci\u00f3n de cualquier controversia que pudiera derivarse de las bases o de la celebraci\u00f3n o resultado del Concurso, a la jurisdicci\u00f3n de los Juzgados y Tribunales de Vigo.<\/li><li>INFORMACI\u00d3N B\u00c1SICA SOBRE PROTECCI\u00d3N DE DATOS: <ol><li>Responsable: BODEGAS MARQU\u00c9S DE VIZHOJA S.A.U.<\/li><li>Finalidad: Gestio\u0301n del sorteo y Envi\u0301o de publicidad de nuestros productos y servicios. Publicacio\u0301n de su nombre y apellidos en caso de resultar ganador en los sitios web y medios propios de BODEGAS MARQU\u00c9S DE VIZHOJA S.A.U. asi\u0301 como en los medios que Bodegas Marqu\u00e9s de Vizhoja S.A.U. estime oportunos.<\/li><li>Legitimacio\u0301n Ejecucio\u0301n de un contrato (gestio\u0301n del sorteo y publicacio\u0301n del nombre del ganador en caso de resultar ganador para la correcta ejecucio\u0301n del mismo)<\/li><li>Consentimiento: Envi\u0301o de comunicaci\u00f3n comercial.<\/li><li>Intere\u0301s legi\u0301timo: Publicacio\u0301n del nombre del ganador\/a. Entendie\u0301ndose como intere\u0301s legi\u0301timo de la empresa publicar el nombre del ganador una vez lei\u0301do y aceptado las bases generales del sorteo como condicio\u0301n indispensable para poder participar en el mismo. No se van a llevar a cabo transferencias de datos a terceros pai\u0301ses sitos fuera de la Unio\u0301n Europea.<\/li><li>Derechos: Tienes el derecho de acceso, rectificacio\u0301n, supresio\u0301n, portabilidad de sus datos, asi\u0301 como de limitacio\u0301n u oposicio\u0301n a su tratamiento, como se detalla en el siguiente link: <a href=\"https:\/\/marquesdevizhoja.servidor.gal\/es\/politica-privacidad\/\">Pol\u00edtica de privacidad<\/a><\/li><\/ol><\/li><\/ol>\n\n\n\n<p>El solo hecho de participar en la presente promoci\u00f3n, implica el conocimiento y aceptaci\u00f3n sin condici\u00f3n ni reserva alguna, por parte del PARTICIPANTE, de todas y cada una de las cl\u00e1usulas integrantes en la presente BASES y CONDICIONES, sin derecho a reclamo de ninguna naturaleza.<\/p>\n\n\n\n<p>*Fin de existencias: 150 bolsas shopping Como Marqueses 149 g\/m2 100% algod\u00f3n. Fin de promoci\u00f3n: del 23\/06\/2021 al 23\/07\/2021)<\/p>\n\n\n\n<p>Arbo, Galicia, Espa\u00f1a, d\u00eda 23\/06\/2021<\/p>\n","protected":false},"excerpt":{"rendered":"<p>Sorteo \u201c Estamos de celebraci\u00f3n! Estrenamos web\u201d El 23 de junio de 2021 Bodegas Marqu\u00e9s de Vizhoja S.A.U. con motivo del estreno de su nueva web bajo el dominio www.bodegasmarquesdevizhoja.com lanza una promoci\u00f3n bajo el nombre \u201cESTAMOS DE CELEBRACI\u00d3N! ESTRENAMOS WEB donde se premiar\u00e1 con una vinoteca GIONA CVG 18T junto con 18 botellas de [&hellip;]<\/p>\n","protected":false},"author":1,"featured_media":0,"parent":0,"menu_order":0,"comment_status":"closed","ping_status":"closed","template":"","meta":{"_acf_changed":false,"footnotes":""},"class_list":["post-4242","page","type-page","status-publish","hentry"],"acf":[],"yoast_head":"<!-- This site is optimized with the Yoast SEO plugin v27.2 - https:\/\/yoast.com\/product\/yoast-seo-wordpress\/ -->\n<title>Bases y condiciones legales - Marqu\u00e9s de Vizhoja<\/title>\n<meta name=\"robots\" content=\"index, follow, max-snippet:-1, max-image-preview:large, max-video-preview:-1\" \/>\n<link rel=\"canonical\" href=\"https:\/\/bodegasmarquesdevizhoja.com\/es\/bases-y-condiciones-legales\/\" \/>\n<meta property=\"og:locale\" content=\"es_ES\" \/>\n<meta property=\"og:type\" content=\"article\" \/>\n<meta property=\"og:title\" content=\"Bases y condiciones legales - Marqu\u00e9s de Vizhoja\" \/>\n<meta property=\"og:description\" content=\"Sorteo \u201c Estamos de celebraci\u00f3n! Estrenamos web\u201d El 23 de junio de 2021 Bodegas Marqu\u00e9s de Vizhoja S.A.U. con motivo del estreno de su nueva web bajo el dominio www.bodegasmarquesdevizhoja.com lanza una promoci\u00f3n bajo el nombre \u201cESTAMOS DE CELEBRACI\u00d3N! ESTRENAMOS WEB donde se premiar\u00e1 con una vinoteca GIONA CVG 18T junto con 18 botellas de [&hellip;]\" \/>\n<meta property=\"og:url\" content=\"https:\/\/bodegasmarquesdevizhoja.com\/es\/bases-y-condiciones-legales\/\" \/>\n<meta property=\"og:site_name\" content=\"Marqu\u00e9s de Vizhoja\" \/>\n<meta property=\"article:modified_time\" content=\"2021-06-23T07:33:27+00:00\" \/>\n<meta name=\"twitter:card\" content=\"summary_large_image\" \/>\n<meta name=\"twitter:label1\" content=\"Tiempo de lectura\" \/>\n\t<meta name=\"twitter:data1\" content=\"8 minutos\" \/>\n<script type=\"application\/ld+json\" class=\"yoast-schema-graph\">{\"@context\":\"https:\/\/schema.org\",\"@graph\":[{\"@type\":\"WebPage\",\"@id\":\"https:\/\/bodegasmarquesdevizhoja.com\/es\/bases-y-condiciones-legales\/\",\"url\":\"https:\/\/bodegasmarquesdevizhoja.com\/es\/bases-y-condiciones-legales\/\",\"name\":\"Bases y condiciones legales - Marqu\u00e9s de Vizhoja\",\"isPartOf\":{\"@id\":\"https:\/\/bodegasmarquesdevizhoja.com\/es\/#website\"},\"datePublished\":\"2021-06-23T07:33:02+00:00\",\"dateModified\":\"2021-06-23T07:33:27+00:00\",\"breadcrumb\":{\"@id\":\"https:\/\/bodegasmarquesdevizhoja.com\/es\/bases-y-condiciones-legales\/#breadcrumb\"},\"inLanguage\":\"es\",\"potentialAction\":[{\"@type\":\"ReadAction\",\"target\":[\"https:\/\/bodegasmarquesdevizhoja.com\/es\/bases-y-condiciones-legales\/\"]}]},{\"@type\":\"BreadcrumbList\",\"@id\":\"https:\/\/bodegasmarquesdevizhoja.com\/es\/bases-y-condiciones-legales\/#breadcrumb\",\"itemListElement\":[{\"@type\":\"ListItem\",\"position\":1,\"name\":\"Home\",\"item\":\"https:\/\/bodegasmarquesdevizhoja.com\/es\/\"},{\"@type\":\"ListItem\",\"position\":2,\"name\":\"Bases y condiciones legales\"}]},{\"@type\":\"WebSite\",\"@id\":\"https:\/\/bodegasmarquesdevizhoja.com\/es\/#website\",\"url\":\"https:\/\/bodegasmarquesdevizhoja.com\/es\/\",\"name\":\"Marqu\u00e9s de Vizhoja\",\"description\":\"\",\"potentialAction\":[{\"@type\":\"SearchAction\",\"target\":{\"@type\":\"EntryPoint\",\"urlTemplate\":\"https:\/\/bodegasmarquesdevizhoja.com\/es\/?s={search_term_string}\"},\"query-input\":{\"@type\":\"PropertyValueSpecification\",\"valueRequired\":true,\"valueName\":\"search_term_string\"}}],\"inLanguage\":\"es\"}]}<\/script>\n<!-- \/ Yoast SEO plugin. -->","yoast_head_json":{"title":"Bases y condiciones legales - Marqu\u00e9s de Vizhoja","robots":{"index":"index","follow":"follow","max-snippet":"max-snippet:-1","max-image-preview":"max-image-preview:large","max-video-preview":"max-video-preview:-1"},"canonical":"https:\/\/bodegasmarquesdevizhoja.com\/es\/bases-y-condiciones-legales\/","og_locale":"es_ES","og_type":"article","og_title":"Bases y condiciones legales - Marqu\u00e9s de Vizhoja","og_description":"Sorteo \u201c Estamos de celebraci\u00f3n! Estrenamos web\u201d El 23 de junio de 2021 Bodegas Marqu\u00e9s de Vizhoja S.A.U. con motivo del estreno de su nueva web bajo el dominio www.bodegasmarquesdevizhoja.com lanza una promoci\u00f3n bajo el nombre \u201cESTAMOS DE CELEBRACI\u00d3N! ESTRENAMOS WEB donde se premiar\u00e1 con una vinoteca GIONA CVG 18T junto con 18 botellas de [&hellip;]","og_url":"https:\/\/bodegasmarquesdevizhoja.com\/es\/bases-y-condiciones-legales\/","og_site_name":"Marqu\u00e9s de Vizhoja","article_modified_time":"2021-06-23T07:33:27+00:00","twitter_card":"summary_large_image","twitter_misc":{"Tiempo de lectura":"8 minutos"},"schema":{"@context":"https:\/\/schema.org","@graph":[{"@type":"WebPage","@id":"https:\/\/bodegasmarquesdevizhoja.com\/es\/bases-y-condiciones-legales\/","url":"https:\/\/bodegasmarquesdevizhoja.com\/es\/bases-y-condiciones-legales\/","name":"Bases y condiciones legales - Marqu\u00e9s de Vizhoja","isPartOf":{"@id":"https:\/\/bodegasmarquesdevizhoja.com\/es\/#website"},"datePublished":"2021-06-23T07:33:02+00:00","dateModified":"2021-06-23T07:33:27+00:00","breadcrumb":{"@id":"https:\/\/bodegasmarquesdevizhoja.com\/es\/bases-y-condiciones-legales\/#breadcrumb"},"inLanguage":"es","potentialAction":[{"@type":"ReadAction","target":["https:\/\/bodegasmarquesdevizhoja.com\/es\/bases-y-condiciones-legales\/"]}]},{"@type":"BreadcrumbList","@id":"https:\/\/bodegasmarquesdevizhoja.com\/es\/bases-y-condiciones-legales\/#breadcrumb","itemListElement":[{"@type":"ListItem","position":1,"name":"Home","item":"https:\/\/bodegasmarquesdevizhoja.com\/es\/"},{"@type":"ListItem","position":2,"name":"Bases y condiciones legales"}]},{"@type":"WebSite","@id":"https:\/\/bodegasmarquesdevizhoja.com\/es\/#website","url":"https:\/\/bodegasmarquesdevizhoja.com\/es\/","name":"Marqu\u00e9s de Vizhoja","description":"","potentialAction":[{"@type":"SearchAction","target":{"@type":"EntryPoint","urlTemplate":"https:\/\/bodegasmarquesdevizhoja.com\/es\/?s={search_term_string}"},"query-input":{"@type":"PropertyValueSpecification","valueRequired":true,"valueName":"search_term_string"}}],"inLanguage":"es"}]}},"jetpack_sharing_enabled":true,"_links":{"self":[{"href":"https:\/\/bodegasmarquesdevizhoja.com\/es\/wp-json\/wp\/v2\/pages\/4242","targetHints":{"allow":["GET"]}}],"collection":[{"href":"https:\/\/bodegasmarquesdevizhoja.com\/es\/wp-json\/wp\/v2\/pages"}],"about":[{"href":"https:\/\/bodegasmarquesdevizhoja.com\/es\/wp-json\/wp\/v2\/types\/page"}],"author":[{"embeddable":true,"href":"https:\/\/bodegasmarquesdevizhoja.com\/es\/wp-json\/wp\/v2\/users\/1"}],"replies":[{"embeddable":true,"href":"https:\/\/bodegasmarquesdevizhoja.com\/es\/wp-json\/wp\/v2\/comments?post=4242"}],"version-history":[{"count":1,"href":"https:\/\/bodegasmarquesdevizhoja.com\/es\/wp-json\/wp\/v2\/pages\/4242\/revisions"}],"predecessor-version":[{"id":4243,"href":"https:\/\/bodegasmarquesdevizhoja.com\/es\/wp-json\/wp\/v2\/pages\/4242\/revisions\/4243"}],"wp:attachment":[{"href":"https:\/\/bodegasmarquesdevizhoja.com\/es\/wp-json\/wp\/v2\/media?parent=4242"}],"curies":[{"name":"wp","href":"https:\/\/api.w.org\/{rel}","templated":true}]}}