{"id":308999,"date":"2023-07-20T08:55:47","date_gmt":"2023-07-20T06:55:47","guid":{"rendered":"https:\/\/bodegasmarquesdevizhoja.com\/?post_type=product&#038;p=308999"},"modified":"2026-03-23T09:55:44","modified_gmt":"2026-03-23T08:55:44","slug":"pack-como-marqueses-delantal","status":"publish","type":"product","link":"https:\/\/bodegasmarquesdevizhoja.com\/es\/tienda\/pack-como-marqueses-delantal\/","title":{"rendered":"Pack Como Marqueses &#8211; Delantal"},"content":{"rendered":"","protected":false},"excerpt":{"rendered":"<ul>\n<li>12 botellas de 0,75 l de vino blanco Marqu\u00e9s de Vizhoja<\/li>\n<li>1 delantal edici\u00f3n Reizentolo \u00abComo Marqueses\u00bb<\/li>\n<\/ul>\n<p>&nbsp;<\/p>\n","protected":false},"featured_media":314008,"template":"","meta":{"_acf_changed":false},"product_brand":[],"product_cat":[46],"product_tag":[],"giftcard-category":[],"class_list":{"0":"post-308999","1":"product","2":"type-product","3":"status-publish","4":"has-post-thumbnail","6":"product_cat-packs","8":"first","9":"instock","10":"taxable","11":"shipping-taxable","12":"purchasable","13":"product-type-simple"},"acf":[],"yoast_head":"<!-- This site is optimized with the Yoast SEO plugin v27.2 - https:\/\/yoast.com\/product\/yoast-seo-wordpress\/ -->\n<title>Pack Como Marqueses - Delantal - Marqu\u00e9s de Vizhoja<\/title>\n<meta name=\"robots\" content=\"index, follow, max-snippet:-1, max-image-preview:large, max-video-preview:-1\" \/>\n<link rel=\"canonical\" href=\"https:\/\/bodegasmarquesdevizhoja.com\/es\/tienda\/pack-como-marqueses-delantal\/\" \/>\n<meta property=\"og:locale\" content=\"es_ES\" \/>\n<meta property=\"og:type\" content=\"article\" \/>\n<meta property=\"og:title\" content=\"Pack Como Marqueses - Delantal - Marqu\u00e9s de Vizhoja\" \/>\n<meta property=\"og:description\" content=\"12 botellas de 0,75 l de vino blanco Marqu\u00e9s de Vizhoja  1 delantal edici\u00f3n Reizentolo &quot;Como Marqueses&quot;  &nbsp;\" \/>\n<meta property=\"og:url\" content=\"https:\/\/bodegasmarquesdevizhoja.com\/es\/tienda\/pack-como-marqueses-delantal\/\" \/>\n<meta property=\"og:site_name\" content=\"Marqu\u00e9s de Vizhoja\" \/>\n<meta property=\"article:modified_time\" content=\"2026-03-23T08:55:44+00:00\" \/>\n<meta property=\"og:image\" content=\"https:\/\/bodegasmarquesdevizhoja.com\/wp-content\/uploads\/2023\/07\/1-300x209-1.jpg\" \/>\n\t<meta property=\"og:image:width\" content=\"300\" \/>\n\t<meta property=\"og:image:height\" content=\"209\" \/>\n\t<meta property=\"og:image:type\" content=\"image\/jpeg\" \/>\n<meta name=\"twitter:card\" content=\"summary_large_image\" \/>\n<meta name=\"twitter:label1\" content=\"Tiempo de lectura\" \/>\n\t<meta name=\"twitter:data1\" content=\"1 minuto\" \/>\n<script type=\"application\/ld+json\" class=\"yoast-schema-graph\">{\"@context\":\"https:\/\/schema.org\",\"@graph\":[{\"@type\":\"WebPage\",\"@id\":\"https:\/\/bodegasmarquesdevizhoja.com\/es\/tienda\/pack-como-marqueses-delantal\/\",\"url\":\"https:\/\/bodegasmarquesdevizhoja.com\/es\/tienda\/pack-como-marqueses-delantal\/\",\"name\":\"Pack Como Marqueses - Delantal - Marqu\u00e9s de Vizhoja\",\"isPartOf\":{\"@id\":\"https:\/\/bodegasmarquesdevizhoja.com\/es\/#website\"},\"primaryImageOfPage\":{\"@id\":\"https:\/\/bodegasmarquesdevizhoja.com\/es\/tienda\/pack-como-marqueses-delantal\/#primaryimage\"},\"image\":{\"@id\":\"https:\/\/bodegasmarquesdevizhoja.com\/es\/tienda\/pack-como-marqueses-delantal\/#primaryimage\"},\"thumbnailUrl\":\"https:\/\/bodegasmarquesdevizhoja.com\/wp-content\/uploads\/2023\/07\/1-300x209-1.jpg\",\"datePublished\":\"2023-07-20T06:55:47+00:00\",\"dateModified\":\"2026-03-23T08:55:44+00:00\",\"breadcrumb\":{\"@id\":\"https:\/\/bodegasmarquesdevizhoja.com\/es\/tienda\/pack-como-marqueses-delantal\/#breadcrumb\"},\"inLanguage\":\"es\",\"potentialAction\":[{\"@type\":\"ReadAction\",\"target\":[\"https:\/\/bodegasmarquesdevizhoja.com\/es\/tienda\/pack-como-marqueses-delantal\/\"]}]},{\"@type\":\"ImageObject\",\"inLanguage\":\"es\",\"@id\":\"https:\/\/bodegasmarquesdevizhoja.com\/es\/tienda\/pack-como-marqueses-delantal\/#primaryimage\",\"url\":\"https:\/\/bodegasmarquesdevizhoja.com\/wp-content\/uploads\/2023\/07\/1-300x209-1.jpg\",\"contentUrl\":\"https:\/\/bodegasmarquesdevizhoja.com\/wp-content\/uploads\/2023\/07\/1-300x209-1.jpg\",\"width\":300,\"height\":209,\"caption\":\"xr:d:DAFZJhTV0rk:68,j:3219360727775874336,t:23122014\"},{\"@type\":\"BreadcrumbList\",\"@id\":\"https:\/\/bodegasmarquesdevizhoja.com\/es\/tienda\/pack-como-marqueses-delantal\/#breadcrumb\",\"itemListElement\":[{\"@type\":\"ListItem\",\"position\":1,\"name\":\"Home\",\"item\":\"https:\/\/bodegasmarquesdevizhoja.com\/es\/\"},{\"@type\":\"ListItem\",\"position\":2,\"name\":\"Pack Como Marqueses &#8211; Delantal\"}]},{\"@type\":\"WebSite\",\"@id\":\"https:\/\/bodegasmarquesdevizhoja.com\/es\/#website\",\"url\":\"https:\/\/bodegasmarquesdevizhoja.com\/es\/\",\"name\":\"Marqu\u00e9s de Vizhoja\",\"description\":\"\",\"potentialAction\":[{\"@type\":\"SearchAction\",\"target\":{\"@type\":\"EntryPoint\",\"urlTemplate\":\"https:\/\/bodegasmarquesdevizhoja.com\/es\/?s={search_term_string}\"},\"query-input\":{\"@type\":\"PropertyValueSpecification\",\"valueRequired\":true,\"valueName\":\"search_term_string\"}}],\"inLanguage\":\"es\"}]}<\/script>\n<!-- \/ Yoast SEO plugin. -->","yoast_head_json":{"title":"Pack Como Marqueses - Delantal - Marqu\u00e9s de Vizhoja","robots":{"index":"index","follow":"follow","max-snippet":"max-snippet:-1","max-image-preview":"max-image-preview:large","max-video-preview":"max-video-preview:-1"},"canonical":"https:\/\/bodegasmarquesdevizhoja.com\/es\/tienda\/pack-como-marqueses-delantal\/","og_locale":"es_ES","og_type":"article","og_title":"Pack Como Marqueses - Delantal - Marqu\u00e9s de Vizhoja","og_description":"12 botellas de 0,75 l de vino blanco Marqu\u00e9s de Vizhoja  1 delantal edici\u00f3n Reizentolo \"Como Marqueses\"  &nbsp;","og_url":"https:\/\/bodegasmarquesdevizhoja.com\/es\/tienda\/pack-como-marqueses-delantal\/","og_site_name":"Marqu\u00e9s de Vizhoja","article_modified_time":"2026-03-23T08:55:44+00:00","og_image":[{"width":300,"height":209,"url":"https:\/\/bodegasmarquesdevizhoja.com\/wp-content\/uploads\/2023\/07\/1-300x209-1.jpg","type":"image\/jpeg"}],"twitter_card":"summary_large_image","twitter_misc":{"Tiempo de lectura":"1 minuto"},"schema":{"@context":"https:\/\/schema.org","@graph":[{"@type":"WebPage","@id":"https:\/\/bodegasmarquesdevizhoja.com\/es\/tienda\/pack-como-marqueses-delantal\/","url":"https:\/\/bodegasmarquesdevizhoja.com\/es\/tienda\/pack-como-marqueses-delantal\/","name":"Pack Como Marqueses - Delantal - Marqu\u00e9s de Vizhoja","isPartOf":{"@id":"https:\/\/bodegasmarquesdevizhoja.com\/es\/#website"},"primaryImageOfPage":{"@id":"https:\/\/bodegasmarquesdevizhoja.com\/es\/tienda\/pack-como-marqueses-delantal\/#primaryimage"},"image":{"@id":"https:\/\/bodegasmarquesdevizhoja.com\/es\/tienda\/pack-como-marqueses-delantal\/#primaryimage"},"thumbnailUrl":"https:\/\/bodegasmarquesdevizhoja.com\/wp-content\/uploads\/2023\/07\/1-300x209-1.jpg","datePublished":"2023-07-20T06:55:47+00:00","dateModified":"2026-03-23T08:55:44+00:00","breadcrumb":{"@id":"https:\/\/bodegasmarquesdevizhoja.com\/es\/tienda\/pack-como-marqueses-delantal\/#breadcrumb"},"inLanguage":"es","potentialAction":[{"@type":"ReadAction","target":["https:\/\/bodegasmarquesdevizhoja.com\/es\/tienda\/pack-como-marqueses-delantal\/"]}]},{"@type":"ImageObject","inLanguage":"es","@id":"https:\/\/bodegasmarquesdevizhoja.com\/es\/tienda\/pack-como-marqueses-delantal\/#primaryimage","url":"https:\/\/bodegasmarquesdevizhoja.com\/wp-content\/uploads\/2023\/07\/1-300x209-1.jpg","contentUrl":"https:\/\/bodegasmarquesdevizhoja.com\/wp-content\/uploads\/2023\/07\/1-300x209-1.jpg","width":300,"height":209,"caption":"xr:d:DAFZJhTV0rk:68,j:3219360727775874336,t:23122014"},{"@type":"BreadcrumbList","@id":"https:\/\/bodegasmarquesdevizhoja.com\/es\/tienda\/pack-como-marqueses-delantal\/#breadcrumb","itemListElement":[{"@type":"ListItem","position":1,"name":"Home","item":"https:\/\/bodegasmarquesdevizhoja.com\/es\/"},{"@type":"ListItem","position":2,"name":"Pack Como Marqueses &#8211; Delantal"}]},{"@type":"WebSite","@id":"https:\/\/bodegasmarquesdevizhoja.com\/es\/#website","url":"https:\/\/bodegasmarquesdevizhoja.com\/es\/","name":"Marqu\u00e9s de Vizhoja","description":"","potentialAction":[{"@type":"SearchAction","target":{"@type":"EntryPoint","urlTemplate":"https:\/\/bodegasmarquesdevizhoja.com\/es\/?s={search_term_string}"},"query-input":{"@type":"PropertyValueSpecification","valueRequired":true,"valueName":"search_term_string"}}],"inLanguage":"es"}]}},"jetpack_sharing_enabled":true,"_links":{"self":[{"href":"https:\/\/bodegasmarquesdevizhoja.com\/es\/wp-json\/wp\/v2\/product\/308999","targetHints":{"allow":["GET"]}}],"collection":[{"href":"https:\/\/bodegasmarquesdevizhoja.com\/es\/wp-json\/wp\/v2\/product"}],"about":[{"href":"https:\/\/bodegasmarquesdevizhoja.com\/es\/wp-json\/wp\/v2\/types\/product"}],"wp:featuredmedia":[{"embeddable":true,"href":"https:\/\/bodegasmarquesdevizhoja.com\/es\/wp-json\/wp\/v2\/media\/314008"}],"wp:attachment":[{"href":"https:\/\/bodegasmarquesdevizhoja.com\/es\/wp-json\/wp\/v2\/media?parent=308999"}],"wp:term":[{"taxonomy":"product_brand","embeddable":true,"href":"https:\/\/bodegasmarquesdevizhoja.com\/es\/wp-json\/wp\/v2\/product_brand?post=308999"},{"taxonomy":"product_cat","embeddable":true,"href":"https:\/\/bodegasmarquesdevizhoja.com\/es\/wp-json\/wp\/v2\/product_cat?post=308999"},{"taxonomy":"product_tag","embeddable":true,"href":"https:\/\/bodegasmarquesdevizhoja.com\/es\/wp-json\/wp\/v2\/product_tag?post=308999"},{"taxonomy":"giftcard-category","embeddable":true,"href":"https:\/\/bodegasmarquesdevizhoja.com\/es\/wp-json\/wp\/v2\/giftcard-category?post=308999"}],"curies":[{"name":"wp","href":"https:\/\/api.w.org\/{rel}","templated":true}]}}