{"id":312482,"date":"2025-06-25T10:05:15","date_gmt":"2025-06-25T08:05:15","guid":{"rendered":"https:\/\/bodegasmarquesdevizhoja.com\/?post_type=product&#038;p=312482"},"modified":"2026-03-23T09:51:50","modified_gmt":"2026-03-23T08:51:50","slug":"vinos-espumoso-senor-da-folla-verde-brut-nature","status":"publish","type":"product","link":"https:\/\/bodegasmarquesdevizhoja.com\/es\/tienda\/vinos-espumoso-senor-da-folla-verde-brut-nature\/","title":{"rendered":"Espumoso Se\u00f1or da Folla Verde"},"content":{"rendered":"<p>Se\u00f1or da Folla Verde Brut Nature es un vino espumoso premium\u00a0 que expresa con autenticidad la esencia del Condado do Tea, dentro de la D.O. R\u00edas Baixas. Este vino se compone de un coupage cuidadosamente seleccionado: <strong data-start=\"525\" data-end=\"541\">70% Albari\u00f1o<\/strong>, <strong data-start=\"543\" data-end=\"561\">15% Treixadura<\/strong> y <strong data-start=\"564\" data-end=\"580\">15% Loureira<\/strong>. Esta combinaci\u00f3n de variedades aut\u00f3ctonas gallegas aporta frescura, estructura y una identidad varietal inconfundible. Su elaboraci\u00f3n mediante el m\u00e9todo tradicional (Champenoise) incluye una crianza de 5 meses sobre l\u00edas en cuba y 38 meses en rima, lo que le confiere una notable complejidad, textura cremosa y elegancia.<\/p>\n<p data-start=\"642\" data-end=\"982\">Se\u00f1or da Folla Verde Brut Nature es un espumoso premium elaborado por Bodegas Marqu\u00e9s de Vizhoja en el coraz\u00f3n del Condado do Tea, dentro de la D.O. R\u00edas Baixas. Su coupage est\u00e1 compuesto por 70% Albari\u00f1o, 15% Treixadura y 15% Loureira, variedades aut\u00f3ctonas gallegas que aportan frescura, complejidad y un perfil arom\u00e1tico caracter\u00edstico.<\/p>\n<p data-start=\"1423\" data-end=\"1679\">Es el acompa\u00f1ante ideal para mariscos gallegos, ceviches, tatakis, pescados blancos al horno y quesos de pasta blanda. Su edici\u00f3n limitada de solo 2.619 botellas lo convierte en una joya enol\u00f3gica para quienes buscan autenticidad y excelencia en cada copa.<\/p>\n","protected":false},"excerpt":{"rendered":"<p data-start=\"188\" data-end=\"546\"><strong data-start=\"188\" data-end=\"546\">Se\u00f1or da Folla Verde Brut Nature es un espumoso gallego de edici\u00f3n limitada que combina 70% Albari\u00f1o, 15% Treixadura y 15% Loureira, variedades aut\u00f3ctonas del Condado do Tea. Su cuidada elaboraci\u00f3n y prolongada crianza dan como resultado una burbuja fina, frescura vibrante y gran elegancia. Perfecto para acompa\u00f1ar mariscos, ceviches y pescados blancos.<\/strong><\/p>\n","protected":false},"featured_media":314002,"template":"","meta":{"_acf_changed":false},"product_brand":[],"product_cat":[155],"product_tag":[],"giftcard-category":[],"class_list":{"0":"post-312482","1":"product","2":"type-product","3":"status-publish","4":"has-post-thumbnail","6":"product_cat-espumosos","8":"first","9":"instock","10":"featured","11":"taxable","12":"shipping-taxable","13":"purchasable","14":"product-type-variable"},"acf":[],"yoast_head":"<!-- This site is optimized with the Yoast SEO plugin v27.2 - https:\/\/yoast.com\/product\/yoast-seo-wordpress\/ -->\n<title>Vino Espumoso Se\u00f1or da Folla Verde Brut Nature|D.O R\u00edas Baixas<\/title>\n<meta name=\"description\" content=\"Se\u00f1or da Folla Verde Brut Nature es un espumoso de edici\u00f3n limitada que combina 70% Albari\u00f1o, 15% Treixadura y 15% Loureira.\" \/>\n<meta name=\"robots\" content=\"index, follow, max-snippet:-1, max-image-preview:large, max-video-preview:-1\" \/>\n<link rel=\"canonical\" href=\"https:\/\/bodegasmarquesdevizhoja.com\/es\/tienda\/vinos-espumoso-senor-da-folla-verde-brut-nature\/\" \/>\n<meta property=\"og:locale\" content=\"es_ES\" \/>\n<meta property=\"og:type\" content=\"article\" \/>\n<meta property=\"og:title\" content=\"Vino Espumoso Se\u00f1or da Folla Verde Brut Nature|D.O R\u00edas Baixas\" \/>\n<meta property=\"og:description\" content=\"Se\u00f1or da Folla Verde Brut Nature es un espumoso de edici\u00f3n limitada que combina 70% Albari\u00f1o, 15% Treixadura y 15% Loureira.\" \/>\n<meta property=\"og:url\" content=\"https:\/\/bodegasmarquesdevizhoja.com\/es\/tienda\/vinos-espumoso-senor-da-folla-verde-brut-nature\/\" \/>\n<meta property=\"og:site_name\" content=\"Marqu\u00e9s de Vizhoja\" \/>\n<meta property=\"article:modified_time\" content=\"2026-03-23T08:51:50+00:00\" \/>\n<meta property=\"og:image\" content=\"https:\/\/bodegasmarquesdevizhoja.com\/wp-content\/uploads\/2025\/06\/EspumosoSenor-2-111x300-1.png\" \/>\n\t<meta property=\"og:image:width\" content=\"111\" \/>\n\t<meta property=\"og:image:height\" content=\"300\" \/>\n\t<meta property=\"og:image:type\" content=\"image\/png\" \/>\n<meta name=\"twitter:card\" content=\"summary_large_image\" \/>\n<meta name=\"twitter:label1\" content=\"Tiempo de lectura\" \/>\n\t<meta name=\"twitter:data1\" content=\"2 minutos\" \/>\n<script type=\"application\/ld+json\" class=\"yoast-schema-graph\">{\"@context\":\"https:\/\/schema.org\",\"@graph\":[{\"@type\":\"WebPage\",\"@id\":\"https:\/\/bodegasmarquesdevizhoja.com\/es\/tienda\/vinos-espumoso-senor-da-folla-verde-brut-nature\/\",\"url\":\"https:\/\/bodegasmarquesdevizhoja.com\/es\/tienda\/vinos-espumoso-senor-da-folla-verde-brut-nature\/\",\"name\":\"Vino Espumoso Se\u00f1or da Folla Verde Brut Nature|D.O R\u00edas Baixas\",\"isPartOf\":{\"@id\":\"https:\/\/bodegasmarquesdevizhoja.com\/es\/#website\"},\"primaryImageOfPage\":{\"@id\":\"https:\/\/bodegasmarquesdevizhoja.com\/es\/tienda\/vinos-espumoso-senor-da-folla-verde-brut-nature\/#primaryimage\"},\"image\":{\"@id\":\"https:\/\/bodegasmarquesdevizhoja.com\/es\/tienda\/vinos-espumoso-senor-da-folla-verde-brut-nature\/#primaryimage\"},\"thumbnailUrl\":\"https:\/\/bodegasmarquesdevizhoja.com\/wp-content\/uploads\/2025\/06\/EspumosoSenor-2-111x300-1.png\",\"datePublished\":\"2025-06-25T08:05:15+00:00\",\"dateModified\":\"2026-03-23T08:51:50+00:00\",\"description\":\"Se\u00f1or da Folla Verde Brut Nature es un espumoso de edici\u00f3n limitada que combina 70% Albari\u00f1o, 15% Treixadura y 15% Loureira.\",\"breadcrumb\":{\"@id\":\"https:\/\/bodegasmarquesdevizhoja.com\/es\/tienda\/vinos-espumoso-senor-da-folla-verde-brut-nature\/#breadcrumb\"},\"inLanguage\":\"es\",\"potentialAction\":[{\"@type\":\"ReadAction\",\"target\":[\"https:\/\/bodegasmarquesdevizhoja.com\/es\/tienda\/vinos-espumoso-senor-da-folla-verde-brut-nature\/\"]}]},{\"@type\":\"ImageObject\",\"inLanguage\":\"es\",\"@id\":\"https:\/\/bodegasmarquesdevizhoja.com\/es\/tienda\/vinos-espumoso-senor-da-folla-verde-brut-nature\/#primaryimage\",\"url\":\"https:\/\/bodegasmarquesdevizhoja.com\/wp-content\/uploads\/2025\/06\/EspumosoSenor-2-111x300-1.png\",\"contentUrl\":\"https:\/\/bodegasmarquesdevizhoja.com\/wp-content\/uploads\/2025\/06\/EspumosoSenor-2-111x300-1.png\",\"width\":111,\"height\":300},{\"@type\":\"BreadcrumbList\",\"@id\":\"https:\/\/bodegasmarquesdevizhoja.com\/es\/tienda\/vinos-espumoso-senor-da-folla-verde-brut-nature\/#breadcrumb\",\"itemListElement\":[{\"@type\":\"ListItem\",\"position\":1,\"name\":\"Home\",\"item\":\"https:\/\/bodegasmarquesdevizhoja.com\/es\/\"},{\"@type\":\"ListItem\",\"position\":2,\"name\":\"Espumoso Se\u00f1or da Folla Verde\"}]},{\"@type\":\"WebSite\",\"@id\":\"https:\/\/bodegasmarquesdevizhoja.com\/es\/#website\",\"url\":\"https:\/\/bodegasmarquesdevizhoja.com\/es\/\",\"name\":\"Marqu\u00e9s de Vizhoja\",\"description\":\"\",\"potentialAction\":[{\"@type\":\"SearchAction\",\"target\":{\"@type\":\"EntryPoint\",\"urlTemplate\":\"https:\/\/bodegasmarquesdevizhoja.com\/es\/?s={search_term_string}\"},\"query-input\":{\"@type\":\"PropertyValueSpecification\",\"valueRequired\":true,\"valueName\":\"search_term_string\"}}],\"inLanguage\":\"es\"}]}<\/script>\n<!-- \/ Yoast SEO plugin. -->","yoast_head_json":{"title":"Vino Espumoso Se\u00f1or da Folla Verde Brut Nature|D.O R\u00edas Baixas","description":"Se\u00f1or da Folla Verde Brut Nature es un espumoso de edici\u00f3n limitada que combina 70% Albari\u00f1o, 15% Treixadura y 15% Loureira.","robots":{"index":"index","follow":"follow","max-snippet":"max-snippet:-1","max-image-preview":"max-image-preview:large","max-video-preview":"max-video-preview:-1"},"canonical":"https:\/\/bodegasmarquesdevizhoja.com\/es\/tienda\/vinos-espumoso-senor-da-folla-verde-brut-nature\/","og_locale":"es_ES","og_type":"article","og_title":"Vino Espumoso Se\u00f1or da Folla Verde Brut Nature|D.O R\u00edas Baixas","og_description":"Se\u00f1or da Folla Verde Brut Nature es un espumoso de edici\u00f3n limitada que combina 70% Albari\u00f1o, 15% Treixadura y 15% Loureira.","og_url":"https:\/\/bodegasmarquesdevizhoja.com\/es\/tienda\/vinos-espumoso-senor-da-folla-verde-brut-nature\/","og_site_name":"Marqu\u00e9s de Vizhoja","article_modified_time":"2026-03-23T08:51:50+00:00","og_image":[{"width":111,"height":300,"url":"https:\/\/bodegasmarquesdevizhoja.com\/wp-content\/uploads\/2025\/06\/EspumosoSenor-2-111x300-1.png","type":"image\/png"}],"twitter_card":"summary_large_image","twitter_misc":{"Tiempo de lectura":"2 minutos"},"schema":{"@context":"https:\/\/schema.org","@graph":[{"@type":"WebPage","@id":"https:\/\/bodegasmarquesdevizhoja.com\/es\/tienda\/vinos-espumoso-senor-da-folla-verde-brut-nature\/","url":"https:\/\/bodegasmarquesdevizhoja.com\/es\/tienda\/vinos-espumoso-senor-da-folla-verde-brut-nature\/","name":"Vino Espumoso Se\u00f1or da Folla Verde Brut Nature|D.O R\u00edas Baixas","isPartOf":{"@id":"https:\/\/bodegasmarquesdevizhoja.com\/es\/#website"},"primaryImageOfPage":{"@id":"https:\/\/bodegasmarquesdevizhoja.com\/es\/tienda\/vinos-espumoso-senor-da-folla-verde-brut-nature\/#primaryimage"},"image":{"@id":"https:\/\/bodegasmarquesdevizhoja.com\/es\/tienda\/vinos-espumoso-senor-da-folla-verde-brut-nature\/#primaryimage"},"thumbnailUrl":"https:\/\/bodegasmarquesdevizhoja.com\/wp-content\/uploads\/2025\/06\/EspumosoSenor-2-111x300-1.png","datePublished":"2025-06-25T08:05:15+00:00","dateModified":"2026-03-23T08:51:50+00:00","description":"Se\u00f1or da Folla Verde Brut Nature es un espumoso de edici\u00f3n limitada que combina 70% Albari\u00f1o, 15% Treixadura y 15% Loureira.","breadcrumb":{"@id":"https:\/\/bodegasmarquesdevizhoja.com\/es\/tienda\/vinos-espumoso-senor-da-folla-verde-brut-nature\/#breadcrumb"},"inLanguage":"es","potentialAction":[{"@type":"ReadAction","target":["https:\/\/bodegasmarquesdevizhoja.com\/es\/tienda\/vinos-espumoso-senor-da-folla-verde-brut-nature\/"]}]},{"@type":"ImageObject","inLanguage":"es","@id":"https:\/\/bodegasmarquesdevizhoja.com\/es\/tienda\/vinos-espumoso-senor-da-folla-verde-brut-nature\/#primaryimage","url":"https:\/\/bodegasmarquesdevizhoja.com\/wp-content\/uploads\/2025\/06\/EspumosoSenor-2-111x300-1.png","contentUrl":"https:\/\/bodegasmarquesdevizhoja.com\/wp-content\/uploads\/2025\/06\/EspumosoSenor-2-111x300-1.png","width":111,"height":300},{"@type":"BreadcrumbList","@id":"https:\/\/bodegasmarquesdevizhoja.com\/es\/tienda\/vinos-espumoso-senor-da-folla-verde-brut-nature\/#breadcrumb","itemListElement":[{"@type":"ListItem","position":1,"name":"Home","item":"https:\/\/bodegasmarquesdevizhoja.com\/es\/"},{"@type":"ListItem","position":2,"name":"Espumoso Se\u00f1or da Folla Verde"}]},{"@type":"WebSite","@id":"https:\/\/bodegasmarquesdevizhoja.com\/es\/#website","url":"https:\/\/bodegasmarquesdevizhoja.com\/es\/","name":"Marqu\u00e9s de Vizhoja","description":"","potentialAction":[{"@type":"SearchAction","target":{"@type":"EntryPoint","urlTemplate":"https:\/\/bodegasmarquesdevizhoja.com\/es\/?s={search_term_string}"},"query-input":{"@type":"PropertyValueSpecification","valueRequired":true,"valueName":"search_term_string"}}],"inLanguage":"es"}]}},"jetpack_sharing_enabled":true,"_links":{"self":[{"href":"https:\/\/bodegasmarquesdevizhoja.com\/es\/wp-json\/wp\/v2\/product\/312482","targetHints":{"allow":["GET"]}}],"collection":[{"href":"https:\/\/bodegasmarquesdevizhoja.com\/es\/wp-json\/wp\/v2\/product"}],"about":[{"href":"https:\/\/bodegasmarquesdevizhoja.com\/es\/wp-json\/wp\/v2\/types\/product"}],"wp:featuredmedia":[{"embeddable":true,"href":"https:\/\/bodegasmarquesdevizhoja.com\/es\/wp-json\/wp\/v2\/media\/314002"}],"wp:attachment":[{"href":"https:\/\/bodegasmarquesdevizhoja.com\/es\/wp-json\/wp\/v2\/media?parent=312482"}],"wp:term":[{"taxonomy":"product_brand","embeddable":true,"href":"https:\/\/bodegasmarquesdevizhoja.com\/es\/wp-json\/wp\/v2\/product_brand?post=312482"},{"taxonomy":"product_cat","embeddable":true,"href":"https:\/\/bodegasmarquesdevizhoja.com\/es\/wp-json\/wp\/v2\/product_cat?post=312482"},{"taxonomy":"product_tag","embeddable":true,"href":"https:\/\/bodegasmarquesdevizhoja.com\/es\/wp-json\/wp\/v2\/product_tag?post=312482"},{"taxonomy":"giftcard-category","embeddable":true,"href":"https:\/\/bodegasmarquesdevizhoja.com\/es\/wp-json\/wp\/v2\/giftcard-category?post=312482"}],"curies":[{"name":"wp","href":"https:\/\/api.w.org\/{rel}","templated":true}]}}