{"id":312504,"date":"2025-06-25T12:02:42","date_gmt":"2025-06-25T10:02:42","guid":{"rendered":"https:\/\/bodegasmarquesdevizhoja.com\/?post_type=product&#038;p=312504"},"modified":"2026-03-23T09:53:27","modified_gmt":"2026-03-23T08:53:27","slug":"espumoso-torre-la-moreira-brut-nature","status":"publish","type":"product","link":"https:\/\/bodegasmarquesdevizhoja.com\/es\/tienda\/espumoso-torre-la-moreira-brut-nature\/","title":{"rendered":"Espumoso Torre la Moreira"},"content":{"rendered":"<p data-start=\"203\" data-end=\"526\"><strong data-start=\"203\" data-end=\"235\">Torre La Moreira Brut Nature<\/strong> es un espumoso singular, elaborado al 100% con uvas <strong data-start=\"288\" data-end=\"300\">Albari\u00f1o<\/strong> procedentes de una selecci\u00f3n cuidadosa en la finca La Moreira y parcelas del prestigioso <em data-start=\"390\" data-end=\"406\">Condado do Tea<\/em>, subzona de la D.O. R\u00edas Baixas. Este espumoso gallego expresa la esencia del Albari\u00f1o en su forma m\u00e1s pura y elegante.<\/p>\n<p data-start=\"528\" data-end=\"926\">La vinificaci\u00f3n se realiza siguiendo el <strong data-start=\"568\" data-end=\"604\">m\u00e9todo tradicional o champenoise<\/strong>, el mismo utilizado en Champagne, lo que permite una segunda fermentaci\u00f3n natural en botella. Su <strong data-start=\"702\" data-end=\"736\">crianza sobre l\u00edas de 17 meses<\/strong> aporta una untuosidad cremosa y complejidad arom\u00e1tica, mientras que los <strong data-start=\"809\" data-end=\"829\">38 meses en rima<\/strong> refuerzan su estructura, redondez y finura, convirti\u00e9ndolo en un espumoso de guarda excepcional.<\/p>\n<p data-start=\"928\" data-end=\"1204\">En nariz, despliega un perfil arom\u00e1tico refinado con notas de frutas blancas, c\u00edtricos maduros, flores blancas y elegantes matices de boller\u00eda y frutos secos. En boca se muestra seco (<strong data-start=\"1112\" data-end=\"1127\">Brut Nature<\/strong>), fresco y envolvente, con una burbuja integrada y un final largo y mineral.<\/p>\n<p data-start=\"1562\" data-end=\"1808\"><strong data-start=\"1675\" data-end=\"1707\">Torre La Moreira Brut Nature<\/strong> representa el Albari\u00f1o en su m\u00e1xima expresi\u00f3n, llevado a una nueva dimensi\u00f3n a trav\u00e9s de la burbuja.<\/p>\n","protected":false},"excerpt":{"rendered":"<p><strong data-start=\"203\" data-end=\"235\">Torre La Moreira Brut Nature<\/strong> es un espumoso singular, elaborado al 100% con uvas <strong data-start=\"288\" data-end=\"300\">Albari\u00f1o<\/strong> procedentes de una selecci\u00f3n cuidadosa en la finca La Moreira y parcelas del prestigioso <em data-start=\"390\" data-end=\"406\">Condado do Tea<\/em>, subzona de la D.O. R\u00edas Baixas. Este espumoso gallego expresa la esencia del Albari\u00f1o en su forma m\u00e1s pura y elegante.<\/p>\n","protected":false},"featured_media":314005,"template":"","meta":{"_acf_changed":false},"product_brand":[],"product_cat":[155],"product_tag":[156],"giftcard-category":[],"class_list":{"0":"post-312504","1":"product","2":"type-product","3":"status-publish","4":"has-post-thumbnail","6":"product_cat-espumosos","7":"product_tag-espumoso-torre-la-moreira-brut-nature","9":"first","10":"outofstock","11":"featured","12":"taxable","13":"shipping-taxable","14":"purchasable","15":"product-type-variable"},"acf":[],"yoast_head":"<!-- This site is optimized with the Yoast SEO plugin v27.2 - https:\/\/yoast.com\/product\/yoast-seo-wordpress\/ -->\n<title>Espumoso Torre La Moreira Brut Nature | 100% Albari\u00f1o<\/title>\n<meta name=\"description\" content=\"Espumoso Torre la Moreira Brut Nature | Vino elegante, fresco y seco, ideal para maridar con mariscos o celebrar. Compra online en nuestra tienda oficial.\" \/>\n<meta name=\"robots\" content=\"index, follow, max-snippet:-1, max-image-preview:large, max-video-preview:-1\" \/>\n<link rel=\"canonical\" href=\"https:\/\/bodegasmarquesdevizhoja.com\/es\/tienda\/espumoso-torre-la-moreira-brut-nature\/\" \/>\n<meta property=\"og:locale\" content=\"es_ES\" \/>\n<meta property=\"og:type\" content=\"article\" \/>\n<meta property=\"og:title\" content=\"Espumoso Torre La Moreira Brut Nature | 100% Albari\u00f1o\" \/>\n<meta property=\"og:description\" content=\"Espumoso Torre la Moreira Brut Nature | Vino elegante, fresco y seco, ideal para maridar con mariscos o celebrar. Compra online en nuestra tienda oficial.\" \/>\n<meta property=\"og:url\" content=\"https:\/\/bodegasmarquesdevizhoja.com\/es\/tienda\/espumoso-torre-la-moreira-brut-nature\/\" \/>\n<meta property=\"og:site_name\" content=\"Marqu\u00e9s de Vizhoja\" \/>\n<meta property=\"article:modified_time\" content=\"2026-03-23T08:53:27+00:00\" \/>\n<meta property=\"og:image\" content=\"https:\/\/bodegasmarquesdevizhoja.com\/wp-content\/uploads\/2025\/06\/BotellaEspumosoTorreF-2-300x863-1.png\" \/>\n\t<meta property=\"og:image:width\" content=\"300\" \/>\n\t<meta property=\"og:image:height\" content=\"863\" \/>\n\t<meta property=\"og:image:type\" content=\"image\/png\" \/>\n<meta name=\"twitter:card\" content=\"summary_large_image\" \/>\n<meta name=\"twitter:label1\" content=\"Tiempo de lectura\" \/>\n\t<meta name=\"twitter:data1\" content=\"2 minutos\" \/>\n<script type=\"application\/ld+json\" class=\"yoast-schema-graph\">{\"@context\":\"https:\/\/schema.org\",\"@graph\":[{\"@type\":\"WebPage\",\"@id\":\"https:\/\/bodegasmarquesdevizhoja.com\/es\/tienda\/espumoso-torre-la-moreira-brut-nature\/\",\"url\":\"https:\/\/bodegasmarquesdevizhoja.com\/es\/tienda\/espumoso-torre-la-moreira-brut-nature\/\",\"name\":\"Espumoso Torre La Moreira Brut Nature | 100% Albari\u00f1o\",\"isPartOf\":{\"@id\":\"https:\/\/bodegasmarquesdevizhoja.com\/es\/#website\"},\"primaryImageOfPage\":{\"@id\":\"https:\/\/bodegasmarquesdevizhoja.com\/es\/tienda\/espumoso-torre-la-moreira-brut-nature\/#primaryimage\"},\"image\":{\"@id\":\"https:\/\/bodegasmarquesdevizhoja.com\/es\/tienda\/espumoso-torre-la-moreira-brut-nature\/#primaryimage\"},\"thumbnailUrl\":\"https:\/\/bodegasmarquesdevizhoja.com\/wp-content\/uploads\/2025\/06\/BotellaEspumosoTorreF-2-300x863-1.png\",\"datePublished\":\"2025-06-25T10:02:42+00:00\",\"dateModified\":\"2026-03-23T08:53:27+00:00\",\"description\":\"Espumoso Torre la Moreira Brut Nature | Vino elegante, fresco y seco, ideal para maridar con mariscos o celebrar. Compra online en nuestra tienda oficial.\",\"breadcrumb\":{\"@id\":\"https:\/\/bodegasmarquesdevizhoja.com\/es\/tienda\/espumoso-torre-la-moreira-brut-nature\/#breadcrumb\"},\"inLanguage\":\"es\",\"potentialAction\":[{\"@type\":\"ReadAction\",\"target\":[\"https:\/\/bodegasmarquesdevizhoja.com\/es\/tienda\/espumoso-torre-la-moreira-brut-nature\/\"]}]},{\"@type\":\"ImageObject\",\"inLanguage\":\"es\",\"@id\":\"https:\/\/bodegasmarquesdevizhoja.com\/es\/tienda\/espumoso-torre-la-moreira-brut-nature\/#primaryimage\",\"url\":\"https:\/\/bodegasmarquesdevizhoja.com\/wp-content\/uploads\/2025\/06\/BotellaEspumosoTorreF-2-300x863-1.png\",\"contentUrl\":\"https:\/\/bodegasmarquesdevizhoja.com\/wp-content\/uploads\/2025\/06\/BotellaEspumosoTorreF-2-300x863-1.png\",\"width\":300,\"height\":863},{\"@type\":\"BreadcrumbList\",\"@id\":\"https:\/\/bodegasmarquesdevizhoja.com\/es\/tienda\/espumoso-torre-la-moreira-brut-nature\/#breadcrumb\",\"itemListElement\":[{\"@type\":\"ListItem\",\"position\":1,\"name\":\"Home\",\"item\":\"https:\/\/bodegasmarquesdevizhoja.com\/es\/\"},{\"@type\":\"ListItem\",\"position\":2,\"name\":\"Espumoso Torre la Moreira\"}]},{\"@type\":\"WebSite\",\"@id\":\"https:\/\/bodegasmarquesdevizhoja.com\/es\/#website\",\"url\":\"https:\/\/bodegasmarquesdevizhoja.com\/es\/\",\"name\":\"Marqu\u00e9s de Vizhoja\",\"description\":\"\",\"potentialAction\":[{\"@type\":\"SearchAction\",\"target\":{\"@type\":\"EntryPoint\",\"urlTemplate\":\"https:\/\/bodegasmarquesdevizhoja.com\/es\/?s={search_term_string}\"},\"query-input\":{\"@type\":\"PropertyValueSpecification\",\"valueRequired\":true,\"valueName\":\"search_term_string\"}}],\"inLanguage\":\"es\"}]}<\/script>\n<!-- \/ Yoast SEO plugin. -->","yoast_head_json":{"title":"Espumoso Torre La Moreira Brut Nature | 100% Albari\u00f1o","description":"Espumoso Torre la Moreira Brut Nature | Vino elegante, fresco y seco, ideal para maridar con mariscos o celebrar. Compra online en nuestra tienda oficial.","robots":{"index":"index","follow":"follow","max-snippet":"max-snippet:-1","max-image-preview":"max-image-preview:large","max-video-preview":"max-video-preview:-1"},"canonical":"https:\/\/bodegasmarquesdevizhoja.com\/es\/tienda\/espumoso-torre-la-moreira-brut-nature\/","og_locale":"es_ES","og_type":"article","og_title":"Espumoso Torre La Moreira Brut Nature | 100% Albari\u00f1o","og_description":"Espumoso Torre la Moreira Brut Nature | Vino elegante, fresco y seco, ideal para maridar con mariscos o celebrar. Compra online en nuestra tienda oficial.","og_url":"https:\/\/bodegasmarquesdevizhoja.com\/es\/tienda\/espumoso-torre-la-moreira-brut-nature\/","og_site_name":"Marqu\u00e9s de Vizhoja","article_modified_time":"2026-03-23T08:53:27+00:00","og_image":[{"width":300,"height":863,"url":"https:\/\/bodegasmarquesdevizhoja.com\/wp-content\/uploads\/2025\/06\/BotellaEspumosoTorreF-2-300x863-1.png","type":"image\/png"}],"twitter_card":"summary_large_image","twitter_misc":{"Tiempo de lectura":"2 minutos"},"schema":{"@context":"https:\/\/schema.org","@graph":[{"@type":"WebPage","@id":"https:\/\/bodegasmarquesdevizhoja.com\/es\/tienda\/espumoso-torre-la-moreira-brut-nature\/","url":"https:\/\/bodegasmarquesdevizhoja.com\/es\/tienda\/espumoso-torre-la-moreira-brut-nature\/","name":"Espumoso Torre La Moreira Brut Nature | 100% Albari\u00f1o","isPartOf":{"@id":"https:\/\/bodegasmarquesdevizhoja.com\/es\/#website"},"primaryImageOfPage":{"@id":"https:\/\/bodegasmarquesdevizhoja.com\/es\/tienda\/espumoso-torre-la-moreira-brut-nature\/#primaryimage"},"image":{"@id":"https:\/\/bodegasmarquesdevizhoja.com\/es\/tienda\/espumoso-torre-la-moreira-brut-nature\/#primaryimage"},"thumbnailUrl":"https:\/\/bodegasmarquesdevizhoja.com\/wp-content\/uploads\/2025\/06\/BotellaEspumosoTorreF-2-300x863-1.png","datePublished":"2025-06-25T10:02:42+00:00","dateModified":"2026-03-23T08:53:27+00:00","description":"Espumoso Torre la Moreira Brut Nature | Vino elegante, fresco y seco, ideal para maridar con mariscos o celebrar. Compra online en nuestra tienda oficial.","breadcrumb":{"@id":"https:\/\/bodegasmarquesdevizhoja.com\/es\/tienda\/espumoso-torre-la-moreira-brut-nature\/#breadcrumb"},"inLanguage":"es","potentialAction":[{"@type":"ReadAction","target":["https:\/\/bodegasmarquesdevizhoja.com\/es\/tienda\/espumoso-torre-la-moreira-brut-nature\/"]}]},{"@type":"ImageObject","inLanguage":"es","@id":"https:\/\/bodegasmarquesdevizhoja.com\/es\/tienda\/espumoso-torre-la-moreira-brut-nature\/#primaryimage","url":"https:\/\/bodegasmarquesdevizhoja.com\/wp-content\/uploads\/2025\/06\/BotellaEspumosoTorreF-2-300x863-1.png","contentUrl":"https:\/\/bodegasmarquesdevizhoja.com\/wp-content\/uploads\/2025\/06\/BotellaEspumosoTorreF-2-300x863-1.png","width":300,"height":863},{"@type":"BreadcrumbList","@id":"https:\/\/bodegasmarquesdevizhoja.com\/es\/tienda\/espumoso-torre-la-moreira-brut-nature\/#breadcrumb","itemListElement":[{"@type":"ListItem","position":1,"name":"Home","item":"https:\/\/bodegasmarquesdevizhoja.com\/es\/"},{"@type":"ListItem","position":2,"name":"Espumoso Torre la Moreira"}]},{"@type":"WebSite","@id":"https:\/\/bodegasmarquesdevizhoja.com\/es\/#website","url":"https:\/\/bodegasmarquesdevizhoja.com\/es\/","name":"Marqu\u00e9s de Vizhoja","description":"","potentialAction":[{"@type":"SearchAction","target":{"@type":"EntryPoint","urlTemplate":"https:\/\/bodegasmarquesdevizhoja.com\/es\/?s={search_term_string}"},"query-input":{"@type":"PropertyValueSpecification","valueRequired":true,"valueName":"search_term_string"}}],"inLanguage":"es"}]}},"jetpack_sharing_enabled":true,"_links":{"self":[{"href":"https:\/\/bodegasmarquesdevizhoja.com\/es\/wp-json\/wp\/v2\/product\/312504","targetHints":{"allow":["GET"]}}],"collection":[{"href":"https:\/\/bodegasmarquesdevizhoja.com\/es\/wp-json\/wp\/v2\/product"}],"about":[{"href":"https:\/\/bodegasmarquesdevizhoja.com\/es\/wp-json\/wp\/v2\/types\/product"}],"wp:featuredmedia":[{"embeddable":true,"href":"https:\/\/bodegasmarquesdevizhoja.com\/es\/wp-json\/wp\/v2\/media\/314005"}],"wp:attachment":[{"href":"https:\/\/bodegasmarquesdevizhoja.com\/es\/wp-json\/wp\/v2\/media?parent=312504"}],"wp:term":[{"taxonomy":"product_brand","embeddable":true,"href":"https:\/\/bodegasmarquesdevizhoja.com\/es\/wp-json\/wp\/v2\/product_brand?post=312504"},{"taxonomy":"product_cat","embeddable":true,"href":"https:\/\/bodegasmarquesdevizhoja.com\/es\/wp-json\/wp\/v2\/product_cat?post=312504"},{"taxonomy":"product_tag","embeddable":true,"href":"https:\/\/bodegasmarquesdevizhoja.com\/es\/wp-json\/wp\/v2\/product_tag?post=312504"},{"taxonomy":"giftcard-category","embeddable":true,"href":"https:\/\/bodegasmarquesdevizhoja.com\/es\/wp-json\/wp\/v2\/giftcard-category?post=312504"}],"curies":[{"name":"wp","href":"https:\/\/api.w.org\/{rel}","templated":true}]}}