{"id":369,"date":"2020-10-23T12:03:36","date_gmt":"2020-10-23T10:03:36","guid":{"rendered":"https:\/\/bodegasmarquesdevizhoja.com\/?post_type=product&#038;p=369"},"modified":"2024-11-27T11:18:20","modified_gmt":"2024-11-27T10:18:20","slug":"pack-de-600-monodosis-de-gotas-del-marques","status":"publish","type":"product","link":"https:\/\/bodegasmarquesdevizhoja.com\/es\/tienda\/pack-de-600-monodosis-de-gotas-del-marques\/","title":{"rendered":"Pack de 600 monodosis"},"content":{"rendered":"","protected":false},"excerpt":{"rendered":"<p><strong>6 cajas de 100 monodosis con expositor de\u00a0 regalo.<\/strong><\/p>\n<p>El pack de 600 monodosis de licor Gotas del Marqu\u00e9s contiene 6 cajas de 100 unidades de cada variedad de Gotas del Marqu\u00e9s de Vizhoja: Aguardiente de Orujo, Crema de Licor, An\u00eds Seco, Brandy, Scotch Whisky y Ron Dominicano A\u00f1ejo.<\/p>\n<p>Los pedidos de packs de 600 monodosis de Gotas del Marqu\u00e9s tienen de regalo un expositor de mesa de metacrilato para Gotas del Marqu\u00e9s.<\/p>\n","protected":false},"featured_media":2102,"template":"","meta":{"_acf_changed":false},"product_brand":[],"product_cat":[32,46],"product_tag":[],"giftcard-category":[],"class_list":{"0":"post-369","1":"product","2":"type-product","3":"status-publish","4":"has-post-thumbnail","6":"product_cat-gotas-del-marques","7":"product_cat-packs","9":"first","10":"outofstock","11":"taxable","12":"shipping-taxable","13":"purchasable","14":"product-type-simple"},"acf":[],"yoast_head":"<!-- This site is optimized with the Yoast SEO plugin v27.2 - https:\/\/yoast.com\/product\/yoast-seo-wordpress\/ -->\n<title>Pack de 600 monodosis - Marqu\u00e9s de Vizhoja<\/title>\n<meta name=\"description\" content=\"Pack de 600 monodosis de licor Gotas del Marqu\u00e9s.\" \/>\n<meta name=\"robots\" content=\"index, follow, max-snippet:-1, max-image-preview:large, max-video-preview:-1\" \/>\n<link rel=\"canonical\" href=\"https:\/\/bodegasmarquesdevizhoja.com\/es\/tienda\/pack-de-600-monodosis-de-gotas-del-marques\/\" \/>\n<meta property=\"og:locale\" content=\"es_ES\" \/>\n<meta property=\"og:type\" content=\"article\" \/>\n<meta property=\"og:title\" content=\"Pack de 600 monodosis - Marqu\u00e9s de Vizhoja\" \/>\n<meta property=\"og:description\" content=\"Pack de 600 monodosis de licor Gotas del Marqu\u00e9s.\" \/>\n<meta property=\"og:url\" content=\"https:\/\/bodegasmarquesdevizhoja.com\/es\/tienda\/pack-de-600-monodosis-de-gotas-del-marques\/\" \/>\n<meta property=\"og:site_name\" content=\"Marqu\u00e9s de Vizhoja\" \/>\n<meta property=\"article:modified_time\" content=\"2024-11-27T10:18:20+00:00\" \/>\n<meta property=\"og:image\" content=\"https:\/\/bodegasmarquesdevizhoja.com\/wp-content\/uploads\/2020\/10\/ExpositorPareja-1.png\" \/>\n\t<meta property=\"og:image:width\" content=\"900\" \/>\n\t<meta property=\"og:image:height\" content=\"1392\" \/>\n\t<meta property=\"og:image:type\" content=\"image\/png\" \/>\n<meta name=\"twitter:card\" content=\"summary_large_image\" \/>\n<script type=\"application\/ld+json\" class=\"yoast-schema-graph\">{\"@context\":\"https:\/\/schema.org\",\"@graph\":[{\"@type\":\"WebPage\",\"@id\":\"https:\/\/bodegasmarquesdevizhoja.com\/es\/tienda\/pack-de-600-monodosis-de-gotas-del-marques\/\",\"url\":\"https:\/\/bodegasmarquesdevizhoja.com\/es\/tienda\/pack-de-600-monodosis-de-gotas-del-marques\/\",\"name\":\"Pack de 600 monodosis - Marqu\u00e9s de Vizhoja\",\"isPartOf\":{\"@id\":\"https:\/\/bodegasmarquesdevizhoja.com\/es\/#website\"},\"primaryImageOfPage\":{\"@id\":\"https:\/\/bodegasmarquesdevizhoja.com\/es\/tienda\/pack-de-600-monodosis-de-gotas-del-marques\/#primaryimage\"},\"image\":{\"@id\":\"https:\/\/bodegasmarquesdevizhoja.com\/es\/tienda\/pack-de-600-monodosis-de-gotas-del-marques\/#primaryimage\"},\"thumbnailUrl\":\"https:\/\/bodegasmarquesdevizhoja.com\/wp-content\/uploads\/2020\/10\/ExpositorPareja-1.png\",\"datePublished\":\"2020-10-23T10:03:36+00:00\",\"dateModified\":\"2024-11-27T10:18:20+00:00\",\"description\":\"Pack de 600 monodosis de licor Gotas del Marqu\u00e9s.\",\"breadcrumb\":{\"@id\":\"https:\/\/bodegasmarquesdevizhoja.com\/es\/tienda\/pack-de-600-monodosis-de-gotas-del-marques\/#breadcrumb\"},\"inLanguage\":\"es\",\"potentialAction\":[{\"@type\":\"ReadAction\",\"target\":[\"https:\/\/bodegasmarquesdevizhoja.com\/es\/tienda\/pack-de-600-monodosis-de-gotas-del-marques\/\"]}]},{\"@type\":\"ImageObject\",\"inLanguage\":\"es\",\"@id\":\"https:\/\/bodegasmarquesdevizhoja.com\/es\/tienda\/pack-de-600-monodosis-de-gotas-del-marques\/#primaryimage\",\"url\":\"https:\/\/bodegasmarquesdevizhoja.com\/wp-content\/uploads\/2020\/10\/ExpositorPareja-1.png\",\"contentUrl\":\"https:\/\/bodegasmarquesdevizhoja.com\/wp-content\/uploads\/2020\/10\/ExpositorPareja-1.png\",\"width\":900,\"height\":1392,\"caption\":\"Expositor gotas del marqu\u00e9s pack 600 blister\"},{\"@type\":\"BreadcrumbList\",\"@id\":\"https:\/\/bodegasmarquesdevizhoja.com\/es\/tienda\/pack-de-600-monodosis-de-gotas-del-marques\/#breadcrumb\",\"itemListElement\":[{\"@type\":\"ListItem\",\"position\":1,\"name\":\"Home\",\"item\":\"https:\/\/bodegasmarquesdevizhoja.com\/es\/\"},{\"@type\":\"ListItem\",\"position\":2,\"name\":\"Pack de 600 monodosis\"}]},{\"@type\":\"WebSite\",\"@id\":\"https:\/\/bodegasmarquesdevizhoja.com\/es\/#website\",\"url\":\"https:\/\/bodegasmarquesdevizhoja.com\/es\/\",\"name\":\"Marqu\u00e9s de Vizhoja\",\"description\":\"\",\"potentialAction\":[{\"@type\":\"SearchAction\",\"target\":{\"@type\":\"EntryPoint\",\"urlTemplate\":\"https:\/\/bodegasmarquesdevizhoja.com\/es\/?s={search_term_string}\"},\"query-input\":{\"@type\":\"PropertyValueSpecification\",\"valueRequired\":true,\"valueName\":\"search_term_string\"}}],\"inLanguage\":\"es\"}]}<\/script>\n<!-- \/ Yoast SEO plugin. -->","yoast_head_json":{"title":"Pack de 600 monodosis - Marqu\u00e9s de Vizhoja","description":"Pack de 600 monodosis de licor Gotas del Marqu\u00e9s.","robots":{"index":"index","follow":"follow","max-snippet":"max-snippet:-1","max-image-preview":"max-image-preview:large","max-video-preview":"max-video-preview:-1"},"canonical":"https:\/\/bodegasmarquesdevizhoja.com\/es\/tienda\/pack-de-600-monodosis-de-gotas-del-marques\/","og_locale":"es_ES","og_type":"article","og_title":"Pack de 600 monodosis - Marqu\u00e9s de Vizhoja","og_description":"Pack de 600 monodosis de licor Gotas del Marqu\u00e9s.","og_url":"https:\/\/bodegasmarquesdevizhoja.com\/es\/tienda\/pack-de-600-monodosis-de-gotas-del-marques\/","og_site_name":"Marqu\u00e9s de Vizhoja","article_modified_time":"2024-11-27T10:18:20+00:00","og_image":[{"width":900,"height":1392,"url":"https:\/\/bodegasmarquesdevizhoja.com\/wp-content\/uploads\/2020\/10\/ExpositorPareja-1.png","type":"image\/png"}],"twitter_card":"summary_large_image","schema":{"@context":"https:\/\/schema.org","@graph":[{"@type":"WebPage","@id":"https:\/\/bodegasmarquesdevizhoja.com\/es\/tienda\/pack-de-600-monodosis-de-gotas-del-marques\/","url":"https:\/\/bodegasmarquesdevizhoja.com\/es\/tienda\/pack-de-600-monodosis-de-gotas-del-marques\/","name":"Pack de 600 monodosis - Marqu\u00e9s de Vizhoja","isPartOf":{"@id":"https:\/\/bodegasmarquesdevizhoja.com\/es\/#website"},"primaryImageOfPage":{"@id":"https:\/\/bodegasmarquesdevizhoja.com\/es\/tienda\/pack-de-600-monodosis-de-gotas-del-marques\/#primaryimage"},"image":{"@id":"https:\/\/bodegasmarquesdevizhoja.com\/es\/tienda\/pack-de-600-monodosis-de-gotas-del-marques\/#primaryimage"},"thumbnailUrl":"https:\/\/bodegasmarquesdevizhoja.com\/wp-content\/uploads\/2020\/10\/ExpositorPareja-1.png","datePublished":"2020-10-23T10:03:36+00:00","dateModified":"2024-11-27T10:18:20+00:00","description":"Pack de 600 monodosis de licor Gotas del Marqu\u00e9s.","breadcrumb":{"@id":"https:\/\/bodegasmarquesdevizhoja.com\/es\/tienda\/pack-de-600-monodosis-de-gotas-del-marques\/#breadcrumb"},"inLanguage":"es","potentialAction":[{"@type":"ReadAction","target":["https:\/\/bodegasmarquesdevizhoja.com\/es\/tienda\/pack-de-600-monodosis-de-gotas-del-marques\/"]}]},{"@type":"ImageObject","inLanguage":"es","@id":"https:\/\/bodegasmarquesdevizhoja.com\/es\/tienda\/pack-de-600-monodosis-de-gotas-del-marques\/#primaryimage","url":"https:\/\/bodegasmarquesdevizhoja.com\/wp-content\/uploads\/2020\/10\/ExpositorPareja-1.png","contentUrl":"https:\/\/bodegasmarquesdevizhoja.com\/wp-content\/uploads\/2020\/10\/ExpositorPareja-1.png","width":900,"height":1392,"caption":"Expositor gotas del marqu\u00e9s pack 600 blister"},{"@type":"BreadcrumbList","@id":"https:\/\/bodegasmarquesdevizhoja.com\/es\/tienda\/pack-de-600-monodosis-de-gotas-del-marques\/#breadcrumb","itemListElement":[{"@type":"ListItem","position":1,"name":"Home","item":"https:\/\/bodegasmarquesdevizhoja.com\/es\/"},{"@type":"ListItem","position":2,"name":"Pack de 600 monodosis"}]},{"@type":"WebSite","@id":"https:\/\/bodegasmarquesdevizhoja.com\/es\/#website","url":"https:\/\/bodegasmarquesdevizhoja.com\/es\/","name":"Marqu\u00e9s de Vizhoja","description":"","potentialAction":[{"@type":"SearchAction","target":{"@type":"EntryPoint","urlTemplate":"https:\/\/bodegasmarquesdevizhoja.com\/es\/?s={search_term_string}"},"query-input":{"@type":"PropertyValueSpecification","valueRequired":true,"valueName":"search_term_string"}}],"inLanguage":"es"}]}},"jetpack_sharing_enabled":true,"_links":{"self":[{"href":"https:\/\/bodegasmarquesdevizhoja.com\/es\/wp-json\/wp\/v2\/product\/369","targetHints":{"allow":["GET"]}}],"collection":[{"href":"https:\/\/bodegasmarquesdevizhoja.com\/es\/wp-json\/wp\/v2\/product"}],"about":[{"href":"https:\/\/bodegasmarquesdevizhoja.com\/es\/wp-json\/wp\/v2\/types\/product"}],"wp:featuredmedia":[{"embeddable":true,"href":"https:\/\/bodegasmarquesdevizhoja.com\/es\/wp-json\/wp\/v2\/media\/2102"}],"wp:attachment":[{"href":"https:\/\/bodegasmarquesdevizhoja.com\/es\/wp-json\/wp\/v2\/media?parent=369"}],"wp:term":[{"taxonomy":"product_brand","embeddable":true,"href":"https:\/\/bodegasmarquesdevizhoja.com\/es\/wp-json\/wp\/v2\/product_brand?post=369"},{"taxonomy":"product_cat","embeddable":true,"href":"https:\/\/bodegasmarquesdevizhoja.com\/es\/wp-json\/wp\/v2\/product_cat?post=369"},{"taxonomy":"product_tag","embeddable":true,"href":"https:\/\/bodegasmarquesdevizhoja.com\/es\/wp-json\/wp\/v2\/product_tag?post=369"},{"taxonomy":"giftcard-category","embeddable":true,"href":"https:\/\/bodegasmarquesdevizhoja.com\/es\/wp-json\/wp\/v2\/giftcard-category?post=369"}],"curies":[{"name":"wp","href":"https:\/\/api.w.org\/{rel}","templated":true}]}}