{"id":375,"date":"2020-10-23T12:12:25","date_gmt":"2020-10-23T10:12:25","guid":{"rendered":"https:\/\/bodegasmarquesdevizhoja.com\/?post_type=product&#038;p=375"},"modified":"2026-03-23T10:01:23","modified_gmt":"2026-03-23T09:01:23","slug":"pack-torre-la-moreira","status":"publish","type":"product","link":"https:\/\/bodegasmarquesdevizhoja.com\/es\/tienda\/pack-torre-la-moreira\/","title":{"rendered":"Pack Torre la Moreira"},"content":{"rendered":"","protected":false},"excerpt":{"rendered":"<p><span style=\"font-weight: 400;\">6 botellas\u00a0 0,75l\u00a0 de Torre La Moreira\u00a0 (D.O. R\u00edas Baixas, 100% albari\u00f1o) + 1 enfriador<\/span><\/p>\n","protected":false},"featured_media":314017,"template":"","meta":{"_acf_changed":false},"product_brand":[],"product_cat":[46],"product_tag":[],"giftcard-category":[],"class_list":{"0":"post-375","1":"product","2":"type-product","3":"status-publish","4":"has-post-thumbnail","6":"product_cat-packs","8":"first","9":"instock","10":"taxable","11":"shipping-taxable","12":"purchasable","13":"product-type-simple"},"acf":[],"yoast_head":"<!-- This site is optimized with the Yoast SEO plugin v27.2 - https:\/\/yoast.com\/product\/yoast-seo-wordpress\/ -->\n<title>Pack Torre la Moreira - Marqu\u00e9s de Vizhoja<\/title>\n<meta name=\"description\" content=\"Pack de vino blanco Torre la Moreira. Una caja de 6 botellas de 0,75l de albari\u00f1o 100% Torre La Moreira (D.O. R\u00edas Baixas) y un enfriador.\" \/>\n<meta name=\"robots\" content=\"index, follow, max-snippet:-1, max-image-preview:large, max-video-preview:-1\" \/>\n<link rel=\"canonical\" href=\"https:\/\/bodegasmarquesdevizhoja.com\/es\/tienda\/pack-torre-la-moreira\/\" \/>\n<meta property=\"og:locale\" content=\"es_ES\" \/>\n<meta property=\"og:type\" content=\"article\" \/>\n<meta property=\"og:title\" content=\"Pack Torre la Moreira - Marqu\u00e9s de Vizhoja\" \/>\n<meta property=\"og:description\" content=\"Pack de vino blanco Torre la Moreira. Una caja de 6 botellas de 0,75l de albari\u00f1o 100% Torre La Moreira (D.O. R\u00edas Baixas) y un enfriador.\" \/>\n<meta property=\"og:url\" content=\"https:\/\/bodegasmarquesdevizhoja.com\/es\/tienda\/pack-torre-la-moreira\/\" \/>\n<meta property=\"og:site_name\" content=\"Marqu\u00e9s de Vizhoja\" \/>\n<meta property=\"article:modified_time\" content=\"2026-03-23T09:01:23+00:00\" \/>\n<meta property=\"og:image\" content=\"https:\/\/bodegasmarquesdevizhoja.com\/wp-content\/uploads\/2020\/10\/19-300x209-1.jpg\" \/>\n\t<meta property=\"og:image:width\" content=\"300\" \/>\n\t<meta property=\"og:image:height\" content=\"209\" \/>\n\t<meta property=\"og:image:type\" content=\"image\/jpeg\" \/>\n<meta name=\"twitter:card\" content=\"summary_large_image\" \/>\n<meta name=\"twitter:label1\" content=\"Tiempo de lectura\" \/>\n\t<meta name=\"twitter:data1\" content=\"1 minuto\" \/>\n<script type=\"application\/ld+json\" class=\"yoast-schema-graph\">{\"@context\":\"https:\/\/schema.org\",\"@graph\":[{\"@type\":\"WebPage\",\"@id\":\"https:\/\/bodegasmarquesdevizhoja.com\/es\/tienda\/pack-torre-la-moreira\/\",\"url\":\"https:\/\/bodegasmarquesdevizhoja.com\/es\/tienda\/pack-torre-la-moreira\/\",\"name\":\"Pack Torre la Moreira - Marqu\u00e9s de Vizhoja\",\"isPartOf\":{\"@id\":\"https:\/\/bodegasmarquesdevizhoja.com\/es\/#website\"},\"primaryImageOfPage\":{\"@id\":\"https:\/\/bodegasmarquesdevizhoja.com\/es\/tienda\/pack-torre-la-moreira\/#primaryimage\"},\"image\":{\"@id\":\"https:\/\/bodegasmarquesdevizhoja.com\/es\/tienda\/pack-torre-la-moreira\/#primaryimage\"},\"thumbnailUrl\":\"https:\/\/bodegasmarquesdevizhoja.com\/wp-content\/uploads\/2020\/10\/19-300x209-1.jpg\",\"datePublished\":\"2020-10-23T10:12:25+00:00\",\"dateModified\":\"2026-03-23T09:01:23+00:00\",\"description\":\"Pack de vino blanco Torre la Moreira. Una caja de 6 botellas de 0,75l de albari\u00f1o 100% Torre La Moreira (D.O. R\u00edas Baixas) y un enfriador.\",\"breadcrumb\":{\"@id\":\"https:\/\/bodegasmarquesdevizhoja.com\/es\/tienda\/pack-torre-la-moreira\/#breadcrumb\"},\"inLanguage\":\"es\",\"potentialAction\":[{\"@type\":\"ReadAction\",\"target\":[\"https:\/\/bodegasmarquesdevizhoja.com\/es\/tienda\/pack-torre-la-moreira\/\"]}]},{\"@type\":\"ImageObject\",\"inLanguage\":\"es\",\"@id\":\"https:\/\/bodegasmarquesdevizhoja.com\/es\/tienda\/pack-torre-la-moreira\/#primaryimage\",\"url\":\"https:\/\/bodegasmarquesdevizhoja.com\/wp-content\/uploads\/2020\/10\/19-300x209-1.jpg\",\"contentUrl\":\"https:\/\/bodegasmarquesdevizhoja.com\/wp-content\/uploads\/2020\/10\/19-300x209-1.jpg\",\"width\":300,\"height\":209},{\"@type\":\"BreadcrumbList\",\"@id\":\"https:\/\/bodegasmarquesdevizhoja.com\/es\/tienda\/pack-torre-la-moreira\/#breadcrumb\",\"itemListElement\":[{\"@type\":\"ListItem\",\"position\":1,\"name\":\"Inicio\",\"item\":\"https:\/\/bodegasmarquesdevizhoja.com\/es\/\"},{\"@type\":\"ListItem\",\"position\":2,\"name\":\"Pack Torre la Moreira\"}]},{\"@type\":\"WebSite\",\"@id\":\"https:\/\/bodegasmarquesdevizhoja.com\/es\/#website\",\"url\":\"https:\/\/bodegasmarquesdevizhoja.com\/es\/\",\"name\":\"Marqu\u00e9s de Vizhoja\",\"description\":\"\",\"potentialAction\":[{\"@type\":\"SearchAction\",\"target\":{\"@type\":\"EntryPoint\",\"urlTemplate\":\"https:\/\/bodegasmarquesdevizhoja.com\/es\/?s={search_term_string}\"},\"query-input\":{\"@type\":\"PropertyValueSpecification\",\"valueRequired\":true,\"valueName\":\"search_term_string\"}}],\"inLanguage\":\"es\"}]}<\/script>\n<!-- \/ Yoast SEO plugin. -->","yoast_head_json":{"title":"Pack Torre la Moreira - Marqu\u00e9s de Vizhoja","description":"Pack de vino blanco Torre la Moreira. Una caja de 6 botellas de 0,75l de albari\u00f1o 100% Torre La Moreira (D.O. R\u00edas Baixas) y un enfriador.","robots":{"index":"index","follow":"follow","max-snippet":"max-snippet:-1","max-image-preview":"max-image-preview:large","max-video-preview":"max-video-preview:-1"},"canonical":"https:\/\/bodegasmarquesdevizhoja.com\/es\/tienda\/pack-torre-la-moreira\/","og_locale":"es_ES","og_type":"article","og_title":"Pack Torre la Moreira - Marqu\u00e9s de Vizhoja","og_description":"Pack de vino blanco Torre la Moreira. Una caja de 6 botellas de 0,75l de albari\u00f1o 100% Torre La Moreira (D.O. R\u00edas Baixas) y un enfriador.","og_url":"https:\/\/bodegasmarquesdevizhoja.com\/es\/tienda\/pack-torre-la-moreira\/","og_site_name":"Marqu\u00e9s de Vizhoja","article_modified_time":"2026-03-23T09:01:23+00:00","og_image":[{"width":300,"height":209,"url":"https:\/\/bodegasmarquesdevizhoja.com\/wp-content\/uploads\/2020\/10\/19-300x209-1.jpg","type":"image\/jpeg"}],"twitter_card":"summary_large_image","twitter_misc":{"Tiempo de lectura":"1 minuto"},"schema":{"@context":"https:\/\/schema.org","@graph":[{"@type":"WebPage","@id":"https:\/\/bodegasmarquesdevizhoja.com\/es\/tienda\/pack-torre-la-moreira\/","url":"https:\/\/bodegasmarquesdevizhoja.com\/es\/tienda\/pack-torre-la-moreira\/","name":"Pack Torre la Moreira - Marqu\u00e9s de Vizhoja","isPartOf":{"@id":"https:\/\/bodegasmarquesdevizhoja.com\/es\/#website"},"primaryImageOfPage":{"@id":"https:\/\/bodegasmarquesdevizhoja.com\/es\/tienda\/pack-torre-la-moreira\/#primaryimage"},"image":{"@id":"https:\/\/bodegasmarquesdevizhoja.com\/es\/tienda\/pack-torre-la-moreira\/#primaryimage"},"thumbnailUrl":"https:\/\/bodegasmarquesdevizhoja.com\/wp-content\/uploads\/2020\/10\/19-300x209-1.jpg","datePublished":"2020-10-23T10:12:25+00:00","dateModified":"2026-03-23T09:01:23+00:00","description":"Pack de vino blanco Torre la Moreira. Una caja de 6 botellas de 0,75l de albari\u00f1o 100% Torre La Moreira (D.O. R\u00edas Baixas) y un enfriador.","breadcrumb":{"@id":"https:\/\/bodegasmarquesdevizhoja.com\/es\/tienda\/pack-torre-la-moreira\/#breadcrumb"},"inLanguage":"es","potentialAction":[{"@type":"ReadAction","target":["https:\/\/bodegasmarquesdevizhoja.com\/es\/tienda\/pack-torre-la-moreira\/"]}]},{"@type":"ImageObject","inLanguage":"es","@id":"https:\/\/bodegasmarquesdevizhoja.com\/es\/tienda\/pack-torre-la-moreira\/#primaryimage","url":"https:\/\/bodegasmarquesdevizhoja.com\/wp-content\/uploads\/2020\/10\/19-300x209-1.jpg","contentUrl":"https:\/\/bodegasmarquesdevizhoja.com\/wp-content\/uploads\/2020\/10\/19-300x209-1.jpg","width":300,"height":209},{"@type":"BreadcrumbList","@id":"https:\/\/bodegasmarquesdevizhoja.com\/es\/tienda\/pack-torre-la-moreira\/#breadcrumb","itemListElement":[{"@type":"ListItem","position":1,"name":"Inicio","item":"https:\/\/bodegasmarquesdevizhoja.com\/es\/"},{"@type":"ListItem","position":2,"name":"Pack Torre la Moreira"}]},{"@type":"WebSite","@id":"https:\/\/bodegasmarquesdevizhoja.com\/es\/#website","url":"https:\/\/bodegasmarquesdevizhoja.com\/es\/","name":"Marqu\u00e9s de Vizhoja","description":"","potentialAction":[{"@type":"SearchAction","target":{"@type":"EntryPoint","urlTemplate":"https:\/\/bodegasmarquesdevizhoja.com\/es\/?s={search_term_string}"},"query-input":{"@type":"PropertyValueSpecification","valueRequired":true,"valueName":"search_term_string"}}],"inLanguage":"es"}]}},"jetpack_sharing_enabled":true,"_links":{"self":[{"href":"https:\/\/bodegasmarquesdevizhoja.com\/es\/wp-json\/wp\/v2\/product\/375","targetHints":{"allow":["GET"]}}],"collection":[{"href":"https:\/\/bodegasmarquesdevizhoja.com\/es\/wp-json\/wp\/v2\/product"}],"about":[{"href":"https:\/\/bodegasmarquesdevizhoja.com\/es\/wp-json\/wp\/v2\/types\/product"}],"wp:featuredmedia":[{"embeddable":true,"href":"https:\/\/bodegasmarquesdevizhoja.com\/es\/wp-json\/wp\/v2\/media\/314017"}],"wp:attachment":[{"href":"https:\/\/bodegasmarquesdevizhoja.com\/es\/wp-json\/wp\/v2\/media?parent=375"}],"wp:term":[{"taxonomy":"product_brand","embeddable":true,"href":"https:\/\/bodegasmarquesdevizhoja.com\/es\/wp-json\/wp\/v2\/product_brand?post=375"},{"taxonomy":"product_cat","embeddable":true,"href":"https:\/\/bodegasmarquesdevizhoja.com\/es\/wp-json\/wp\/v2\/product_cat?post=375"},{"taxonomy":"product_tag","embeddable":true,"href":"https:\/\/bodegasmarquesdevizhoja.com\/es\/wp-json\/wp\/v2\/product_tag?post=375"},{"taxonomy":"giftcard-category","embeddable":true,"href":"https:\/\/bodegasmarquesdevizhoja.com\/es\/wp-json\/wp\/v2\/giftcard-category?post=375"}],"curies":[{"name":"wp","href":"https:\/\/api.w.org\/{rel}","templated":true}]}}