{"id":4564,"date":"2021-07-19T10:07:14","date_gmt":"2021-07-19T08:07:14","guid":{"rendered":"https:\/\/bodegasmarquesdevizhoja.com\/?post_type=product&#038;p=4564"},"modified":"2026-03-23T09:50:22","modified_gmt":"2026-03-23T08:50:22","slug":"apadrina-una-cepa-de-albarino","status":"publish","type":"product","link":"https:\/\/bodegasmarquesdevizhoja.com\/es\/tienda\/apadrina-una-cepa-de-albarino\/","title":{"rendered":"Apadrina una cepa de albari\u00f1o"},"content":{"rendered":"","protected":false},"excerpt":{"rendered":"<p><span style=\"font-weight: 400;\">\u00a0El apadrinamiento de una cepa de albari\u00f1o est\u00e1 compuesto por:<\/span><\/p>\n<ul>\n<li style=\"font-weight: 400;\" aria-level=\"1\"><span style=\"font-weight: 400;\">Diploma acreditativo de padrino\/madrina.<\/span><\/li>\n<li style=\"font-weight: 400;\" aria-level=\"1\"><span style=\"font-weight: 400;\">Placa identificativa\u00a0 con el nombre elegido en la cepa apadrinada.<\/span><\/li>\n<li style=\"font-weight: 400;\" aria-level=\"1\"><span style=\"font-weight: 400;\">Informaci\u00f3n peri\u00f3dica sobre el estado de la cepa.<\/span><\/li>\n<li style=\"font-weight: 400;\" aria-level=\"1\"><span style=\"font-weight: 400;\">Entrega de 1 caja de 6 botellas de 0,75l de Torre La Moreira (100% albari\u00f1o, D.O. R\u00edas Baixas) junto con un enfriador.<\/span><\/li>\n<\/ul>\n<p><span style=\"font-weight: 400;\">El periodo de duraci\u00f3n del apadrinamiento es de un a\u00f1o, con posibilidad de renovaci\u00f3n.<\/span><\/p>\n<p><em><span style=\"font-weight: 400;\">\u00a0<\/span><\/em><\/p>\n","protected":false},"featured_media":313999,"template":"","meta":{"_acf_changed":false},"product_brand":[],"product_cat":[46],"product_tag":[],"giftcard-category":[],"class_list":{"0":"post-4564","1":"product","2":"type-product","3":"status-publish","4":"has-post-thumbnail","6":"product_cat-packs","8":"first","9":"instock","10":"featured","11":"taxable","12":"shipping-taxable","13":"purchasable","14":"product-type-simple"},"acf":[],"yoast_head":"<!-- This site is optimized with the Yoast SEO plugin v27.2 - https:\/\/yoast.com\/product\/yoast-seo-wordpress\/ -->\n<title>Apadrina una cepa de albari\u00f1o - Bodegas Marqu\u00e9s de Vizhoja<\/title>\n<meta name=\"description\" content=\"Ad\u00e9ntrate en el mundo del vino apadrinando una cepa de albari\u00f1o ubicada en una de las subzonas de la D.O. R\u00edas Baixas (Condado do Tea).\" \/>\n<meta name=\"robots\" content=\"index, follow, max-snippet:-1, max-image-preview:large, max-video-preview:-1\" \/>\n<link rel=\"canonical\" href=\"https:\/\/bodegasmarquesdevizhoja.com\/es\/tienda\/apadrina-una-cepa-de-albarino\/\" \/>\n<meta property=\"og:locale\" content=\"es_ES\" \/>\n<meta property=\"og:type\" content=\"article\" \/>\n<meta property=\"og:title\" content=\"Apadrina una cepa de albari\u00f1o - Bodegas Marqu\u00e9s de Vizhoja\" \/>\n<meta property=\"og:description\" content=\"Ad\u00e9ntrate en el mundo del vino apadrinando una cepa de albari\u00f1o ubicada en una de las subzonas de la D.O. R\u00edas Baixas (Condado do Tea).\" \/>\n<meta property=\"og:url\" content=\"https:\/\/bodegasmarquesdevizhoja.com\/es\/tienda\/apadrina-una-cepa-de-albarino\/\" \/>\n<meta property=\"og:site_name\" content=\"Marqu\u00e9s de Vizhoja\" \/>\n<meta property=\"article:modified_time\" content=\"2026-03-23T08:50:22+00:00\" \/>\n<meta property=\"og:image\" content=\"https:\/\/bodegasmarquesdevizhoja.com\/wp-content\/uploads\/2021\/07\/ApadrinaunaCepa-300x209-1.jpg\" \/>\n\t<meta property=\"og:image:width\" content=\"300\" \/>\n\t<meta property=\"og:image:height\" content=\"209\" \/>\n\t<meta property=\"og:image:type\" content=\"image\/jpeg\" \/>\n<meta name=\"twitter:card\" content=\"summary_large_image\" \/>\n<meta name=\"twitter:label1\" content=\"Tiempo de lectura\" \/>\n\t<meta name=\"twitter:data1\" content=\"1 minuto\" \/>\n<script type=\"application\/ld+json\" class=\"yoast-schema-graph\">{\"@context\":\"https:\/\/schema.org\",\"@graph\":[{\"@type\":\"WebPage\",\"@id\":\"https:\/\/bodegasmarquesdevizhoja.com\/es\/tienda\/apadrina-una-cepa-de-albarino\/\",\"url\":\"https:\/\/bodegasmarquesdevizhoja.com\/es\/tienda\/apadrina-una-cepa-de-albarino\/\",\"name\":\"Apadrina una cepa de albari\u00f1o - Bodegas Marqu\u00e9s de Vizhoja\",\"isPartOf\":{\"@id\":\"https:\/\/bodegasmarquesdevizhoja.com\/es\/#website\"},\"primaryImageOfPage\":{\"@id\":\"https:\/\/bodegasmarquesdevizhoja.com\/es\/tienda\/apadrina-una-cepa-de-albarino\/#primaryimage\"},\"image\":{\"@id\":\"https:\/\/bodegasmarquesdevizhoja.com\/es\/tienda\/apadrina-una-cepa-de-albarino\/#primaryimage\"},\"thumbnailUrl\":\"https:\/\/bodegasmarquesdevizhoja.com\/wp-content\/uploads\/2021\/07\/ApadrinaunaCepa-300x209-1.jpg\",\"datePublished\":\"2021-07-19T08:07:14+00:00\",\"dateModified\":\"2026-03-23T08:50:22+00:00\",\"description\":\"Ad\u00e9ntrate en el mundo del vino apadrinando una cepa de albari\u00f1o ubicada en una de las subzonas de la D.O. R\u00edas Baixas (Condado do Tea).\",\"breadcrumb\":{\"@id\":\"https:\/\/bodegasmarquesdevizhoja.com\/es\/tienda\/apadrina-una-cepa-de-albarino\/#breadcrumb\"},\"inLanguage\":\"es\",\"potentialAction\":[{\"@type\":\"ReadAction\",\"target\":[\"https:\/\/bodegasmarquesdevizhoja.com\/es\/tienda\/apadrina-una-cepa-de-albarino\/\"]}]},{\"@type\":\"ImageObject\",\"inLanguage\":\"es\",\"@id\":\"https:\/\/bodegasmarquesdevizhoja.com\/es\/tienda\/apadrina-una-cepa-de-albarino\/#primaryimage\",\"url\":\"https:\/\/bodegasmarquesdevizhoja.com\/wp-content\/uploads\/2021\/07\/ApadrinaunaCepa-300x209-1.jpg\",\"contentUrl\":\"https:\/\/bodegasmarquesdevizhoja.com\/wp-content\/uploads\/2021\/07\/ApadrinaunaCepa-300x209-1.jpg\",\"width\":300,\"height\":209,\"caption\":\"xr:d:DAFZJhTV0rk:51,j:3803702155850893952,t:23121413\"},{\"@type\":\"BreadcrumbList\",\"@id\":\"https:\/\/bodegasmarquesdevizhoja.com\/es\/tienda\/apadrina-una-cepa-de-albarino\/#breadcrumb\",\"itemListElement\":[{\"@type\":\"ListItem\",\"position\":1,\"name\":\"Home\",\"item\":\"https:\/\/bodegasmarquesdevizhoja.com\/es\/\"},{\"@type\":\"ListItem\",\"position\":2,\"name\":\"Apadrina una cepa de albari\u00f1o\"}]},{\"@type\":\"WebSite\",\"@id\":\"https:\/\/bodegasmarquesdevizhoja.com\/es\/#website\",\"url\":\"https:\/\/bodegasmarquesdevizhoja.com\/es\/\",\"name\":\"Marqu\u00e9s de Vizhoja\",\"description\":\"\",\"potentialAction\":[{\"@type\":\"SearchAction\",\"target\":{\"@type\":\"EntryPoint\",\"urlTemplate\":\"https:\/\/bodegasmarquesdevizhoja.com\/es\/?s={search_term_string}\"},\"query-input\":{\"@type\":\"PropertyValueSpecification\",\"valueRequired\":true,\"valueName\":\"search_term_string\"}}],\"inLanguage\":\"es\"}]}<\/script>\n<!-- \/ Yoast SEO plugin. -->","yoast_head_json":{"title":"Apadrina una cepa de albari\u00f1o - Bodegas Marqu\u00e9s de Vizhoja","description":"Ad\u00e9ntrate en el mundo del vino apadrinando una cepa de albari\u00f1o ubicada en una de las subzonas de la D.O. R\u00edas Baixas (Condado do Tea).","robots":{"index":"index","follow":"follow","max-snippet":"max-snippet:-1","max-image-preview":"max-image-preview:large","max-video-preview":"max-video-preview:-1"},"canonical":"https:\/\/bodegasmarquesdevizhoja.com\/es\/tienda\/apadrina-una-cepa-de-albarino\/","og_locale":"es_ES","og_type":"article","og_title":"Apadrina una cepa de albari\u00f1o - Bodegas Marqu\u00e9s de Vizhoja","og_description":"Ad\u00e9ntrate en el mundo del vino apadrinando una cepa de albari\u00f1o ubicada en una de las subzonas de la D.O. R\u00edas Baixas (Condado do Tea).","og_url":"https:\/\/bodegasmarquesdevizhoja.com\/es\/tienda\/apadrina-una-cepa-de-albarino\/","og_site_name":"Marqu\u00e9s de Vizhoja","article_modified_time":"2026-03-23T08:50:22+00:00","og_image":[{"width":300,"height":209,"url":"https:\/\/bodegasmarquesdevizhoja.com\/wp-content\/uploads\/2021\/07\/ApadrinaunaCepa-300x209-1.jpg","type":"image\/jpeg"}],"twitter_card":"summary_large_image","twitter_misc":{"Tiempo de lectura":"1 minuto"},"schema":{"@context":"https:\/\/schema.org","@graph":[{"@type":"WebPage","@id":"https:\/\/bodegasmarquesdevizhoja.com\/es\/tienda\/apadrina-una-cepa-de-albarino\/","url":"https:\/\/bodegasmarquesdevizhoja.com\/es\/tienda\/apadrina-una-cepa-de-albarino\/","name":"Apadrina una cepa de albari\u00f1o - Bodegas Marqu\u00e9s de Vizhoja","isPartOf":{"@id":"https:\/\/bodegasmarquesdevizhoja.com\/es\/#website"},"primaryImageOfPage":{"@id":"https:\/\/bodegasmarquesdevizhoja.com\/es\/tienda\/apadrina-una-cepa-de-albarino\/#primaryimage"},"image":{"@id":"https:\/\/bodegasmarquesdevizhoja.com\/es\/tienda\/apadrina-una-cepa-de-albarino\/#primaryimage"},"thumbnailUrl":"https:\/\/bodegasmarquesdevizhoja.com\/wp-content\/uploads\/2021\/07\/ApadrinaunaCepa-300x209-1.jpg","datePublished":"2021-07-19T08:07:14+00:00","dateModified":"2026-03-23T08:50:22+00:00","description":"Ad\u00e9ntrate en el mundo del vino apadrinando una cepa de albari\u00f1o ubicada en una de las subzonas de la D.O. R\u00edas Baixas (Condado do Tea).","breadcrumb":{"@id":"https:\/\/bodegasmarquesdevizhoja.com\/es\/tienda\/apadrina-una-cepa-de-albarino\/#breadcrumb"},"inLanguage":"es","potentialAction":[{"@type":"ReadAction","target":["https:\/\/bodegasmarquesdevizhoja.com\/es\/tienda\/apadrina-una-cepa-de-albarino\/"]}]},{"@type":"ImageObject","inLanguage":"es","@id":"https:\/\/bodegasmarquesdevizhoja.com\/es\/tienda\/apadrina-una-cepa-de-albarino\/#primaryimage","url":"https:\/\/bodegasmarquesdevizhoja.com\/wp-content\/uploads\/2021\/07\/ApadrinaunaCepa-300x209-1.jpg","contentUrl":"https:\/\/bodegasmarquesdevizhoja.com\/wp-content\/uploads\/2021\/07\/ApadrinaunaCepa-300x209-1.jpg","width":300,"height":209,"caption":"xr:d:DAFZJhTV0rk:51,j:3803702155850893952,t:23121413"},{"@type":"BreadcrumbList","@id":"https:\/\/bodegasmarquesdevizhoja.com\/es\/tienda\/apadrina-una-cepa-de-albarino\/#breadcrumb","itemListElement":[{"@type":"ListItem","position":1,"name":"Home","item":"https:\/\/bodegasmarquesdevizhoja.com\/es\/"},{"@type":"ListItem","position":2,"name":"Apadrina una cepa de albari\u00f1o"}]},{"@type":"WebSite","@id":"https:\/\/bodegasmarquesdevizhoja.com\/es\/#website","url":"https:\/\/bodegasmarquesdevizhoja.com\/es\/","name":"Marqu\u00e9s de Vizhoja","description":"","potentialAction":[{"@type":"SearchAction","target":{"@type":"EntryPoint","urlTemplate":"https:\/\/bodegasmarquesdevizhoja.com\/es\/?s={search_term_string}"},"query-input":{"@type":"PropertyValueSpecification","valueRequired":true,"valueName":"search_term_string"}}],"inLanguage":"es"}]}},"jetpack_sharing_enabled":true,"_links":{"self":[{"href":"https:\/\/bodegasmarquesdevizhoja.com\/es\/wp-json\/wp\/v2\/product\/4564","targetHints":{"allow":["GET"]}}],"collection":[{"href":"https:\/\/bodegasmarquesdevizhoja.com\/es\/wp-json\/wp\/v2\/product"}],"about":[{"href":"https:\/\/bodegasmarquesdevizhoja.com\/es\/wp-json\/wp\/v2\/types\/product"}],"wp:featuredmedia":[{"embeddable":true,"href":"https:\/\/bodegasmarquesdevizhoja.com\/es\/wp-json\/wp\/v2\/media\/313999"}],"wp:attachment":[{"href":"https:\/\/bodegasmarquesdevizhoja.com\/es\/wp-json\/wp\/v2\/media?parent=4564"}],"wp:term":[{"taxonomy":"product_brand","embeddable":true,"href":"https:\/\/bodegasmarquesdevizhoja.com\/es\/wp-json\/wp\/v2\/product_brand?post=4564"},{"taxonomy":"product_cat","embeddable":true,"href":"https:\/\/bodegasmarquesdevizhoja.com\/es\/wp-json\/wp\/v2\/product_cat?post=4564"},{"taxonomy":"product_tag","embeddable":true,"href":"https:\/\/bodegasmarquesdevizhoja.com\/es\/wp-json\/wp\/v2\/product_tag?post=4564"},{"taxonomy":"giftcard-category","embeddable":true,"href":"https:\/\/bodegasmarquesdevizhoja.com\/es\/wp-json\/wp\/v2\/giftcard-category?post=4564"}],"curies":[{"name":"wp","href":"https:\/\/api.w.org\/{rel}","templated":true}]}}