{"id":123,"date":"2020-10-21T11:47:41","date_gmt":"2020-10-21T09:47:41","guid":{"rendered":"https:\/\/bodegasmarquesdevizhoja.com\/bodegas-mdv\/"},"modified":"2021-05-31T09:22:15","modified_gmt":"2021-05-31T07:22:15","slug":"bodegas-marques-de-vizhoja","status":"publish","type":"page","link":"https:\/\/bodegasmarquesdevizhoja.com\/gl\/bodegas-marques-de-vizhoja\/","title":{"rendered":"Bodegas MDV"},"content":{"rendered":"<div class=\"n2_clear\"><ss3-force-full-width data-overflow-x=\"body\" data-horizontal-selector=\"body\"><div class=\"n2-section-smartslider fitvidsignore  n2_clear\" data-ssid=\"10\" tabindex=\"0\" role=\"region\" aria-label=\"Slider\"><div id=\"n2-ss-10-align\" class=\"n2-ss-align\"><div class=\"n2-padding\"><div id=\"n2-ss-10\" data-creator=\"Smart Slider 3\" data-responsive=\"fullwidth\" class=\"n2-ss-slider n2-ow n2-has-hover n2notransition  \">\n\n\n\n<div class=\"n2-ss-slider-wrapper-inside\">\n        <div class=\"n2-ss-slider-1 n2_ss__touch_element n2-ow\">\n            <div class=\"n2-ss-slider-2 n2-ow\">\n                                                <div class=\"n2-ss-slider-3 n2-ow\">\n\n                    <div class=\"n2-ss-slide-backgrounds n2-ow-all\"><div class=\"n2-ss-slide-background\" data-public-id=\"1\" data-mode=\"fill\"><div class=\"n2-ss-slide-background-image\" data-blur=\"0\" data-opacity=\"100\" data-x=\"65\" data-y=\"50\" data-alt=\"\" data-title=\"\" style=\"--ss-o-pos-x:65%\"><picture class=\"skip-lazy jetpack-lazy-image\" data-skip-lazy=\"1\"><img decoding=\"async\" src=\"\/\/bodegasmarquesdevizhoja.com\/wp-content\/uploads\/2020\/12\/slider-bodegas.jpg\" alt=\"\" title=\"\" loading=\"lazy\" class=\"skip-lazy jetpack-lazy-image\" data-skip-lazy=\"1\"><\/picture><\/div><div data-color=\"RGBA(255,255,255,0)\" style=\"background-color: RGBA(255,255,255,0);\" class=\"n2-ss-slide-background-color\"><\/div><\/div><div class=\"n2-ss-slide-background\" data-public-id=\"2\" data-mode=\"fill\" aria-hidden=\"true\"><div class=\"n2-ss-slide-background-image\" data-blur=\"0\" data-opacity=\"100\" data-x=\"65\" data-y=\"50\" data-alt=\"\" data-title=\"\" style=\"--ss-o-pos-x:65%\"><picture class=\"skip-lazy jetpack-lazy-image\" data-skip-lazy=\"1\"><img decoding=\"async\" src=\"\/\/bodegasmarquesdevizhoja.com\/wp-content\/uploads\/2020\/12\/slider-bodegas.jpg\" alt=\"\" title=\"\" loading=\"lazy\" class=\"skip-lazy jetpack-lazy-image\" data-skip-lazy=\"1\"><\/picture><\/div><div data-color=\"RGBA(255,255,255,0)\" style=\"background-color: RGBA(255,255,255,0);\" class=\"n2-ss-slide-background-color\"><\/div><\/div><\/div>                    <div class=\"n2-ss-slider-4 n2-ow\">\n                        <svg xmlns=\"http:\/\/www.w3.org\/2000\/svg\" viewBox=\"0 0 1920 750\" data-related-device=\"desktopPortrait\" class=\"n2-ow n2-ss-preserve-size n2-ss-preserve-size--slider n2-ss-slide-limiter\"><\/svg><div data-first=\"1\" data-slide-duration=\"0\" data-id=\"23\" data-slide-public-id=\"1\" data-title=\"Bodegas MDV Slide 1\" class=\"n2-ss-slide n2-ow  n2-ss-slide-23\"><div role=\"note\" class=\"n2-ss-slide--focus\" tabindex=\"-1\">Bodegas MDV Slide 1<\/div><div class=\"n2-ss-layers-container n2-ss-slide-limiter n2-ow\"><div class=\"n2-ss-layer n2-ow n-uc-NyrhM7ZnK4d4\" data-sstype=\"slide\" data-pm=\"default\"><div class=\"n2-ss-layer n2-ow n-uc-MYxb4oaZL8yX\" data-pm=\"default\" data-sstype=\"content\" data-hasbackground=\"0\"><div class=\"n2-ss-section-main-content n2-ss-layer-with-background n2-ss-layer-content n2-ow n-uc-MYxb4oaZL8yX-inner\"><div class=\"n2-ss-layer n2-ow n-uc-fOVIQdwfGmC6\" data-pm=\"normal\" data-sstype=\"layer\"><div id=\"n2-ss-10item1\" class=\"n2-font-b7161547df7d385ff6771dab565576c4-hover   n2-ss-item-content n2-ss-text n2-ow\" style=\"display:block;\">BODEGAS MARQU\u00c9S DE VIZHOJA<\/div><\/div><div class=\"n2-ss-layer n2-ow n-uc-Jhq3Hr3rZJV8\" data-pm=\"normal\" data-sstype=\"layer\"><div id=\"n2-ss-10item2\" class=\"n2-font-7f0272165b6bf40108931b7de2e6bf28-hover   n2-ss-item-content n2-ss-text n2-ow\" style=\"display:block;\">Compromiso co vi\u00f1o da terra<br><\/div><\/div><\/div><\/div><\/div><\/div><\/div><div data-slide-duration=\"0\" data-id=\"23\" data-slide-public-id=\"2\" aria-hidden=\"true\" data-title=\"Bodegas MDV Slide 1\" class=\"n2-ss-slide n2-ow  n2-ss-slide-23\"><div role=\"note\" class=\"n2-ss-slide--focus\" tabindex=\"-1\">Bodegas MDV Slide 1<\/div><div class=\"n2-ss-layers-container n2-ss-slide-limiter n2-ow\"><div class=\"n2-ss-layer n2-ow n-uc-l9qe1Eki0ylg\" data-sstype=\"slide\" data-pm=\"default\"><div class=\"n2-ss-layer n2-ow n-uc-MYxb4oaZL8yX\" data-pm=\"default\" data-sstype=\"content\" data-hasbackground=\"0\"><div class=\"n2-ss-section-main-content n2-ss-layer-with-background n2-ss-layer-content n2-ow n-uc-MYxb4oaZL8yX-inner\"><div class=\"n2-ss-layer n2-ow n-uc-aL4zXvleMiIO\" data-pm=\"normal\" data-sstype=\"layer\"><div id=\"n2-ss-10item3\" class=\"n2-font-b7161547df7d385ff6771dab565576c4-hover   n2-ss-item-content n2-ss-text n2-ow\" style=\"display:block;\">BODEGAS MARQU\u00c9S DE VIZHOJA<\/div><\/div><div class=\"n2-ss-layer n2-ow n-uc-zpGC6sZTYshA\" data-pm=\"normal\" data-sstype=\"layer\"><div id=\"n2-ss-10item4\" class=\"n2-font-7f0272165b6bf40108931b7de2e6bf28-hover   n2-ss-item-content n2-ss-text n2-ow\" style=\"display:block;\">Compromiso co vi\u00f1o da terra<br><\/div><\/div><\/div><\/div><\/div><\/div><\/div>                    <\/div>\n\n                                    <\/div>\n            <\/div>\n        <\/div>\n        <div class=\"n2-ss-slider-controls n2-ss-slider-controls-absolute-right-center\"><div style=\"--widget-offset:10px;\" class=\"n2-ss-widget n2-ss-control-bullet n2-ow-all n2-ss-control-bullet-vertical\"><div class=\" nextend-bullet-bar n2-bar-justify-content-center\" role=\"group\" aria-label=\"Choose slide to display.\"><div class=\"n2-bullet n2-style-d20935ccf65a71403f7deafa50d88afd-dot \" style=\"visibility:hidden;\"><\/div><\/div><\/div><\/div><\/div><\/div><ss3-loader><\/ss3-loader><\/div><\/div><div class=\"n2_clear\"><\/div><\/div><\/ss3-force-full-width><\/div>\n\n\n<div id=\"bodegas-intro\" class=\"wp-block-hacce-wrapper has-white-color\" style=\"background-color:#0c0c0c\"><div class=\"container\">\n<div class=\"wp-block-columns are-vertically-aligned-center is-layout-flex wp-container-core-columns-is-layout-9d6595d7 wp-block-columns-is-layout-flex\">\n<div class=\"wp-block-column is-vertically-aligned-center is-layout-flow wp-block-column-is-layout-flow\" style=\"flex-basis:50%\">\n<div class=\"wp-block-image\"><figure class=\"aligncenter size-large\"><img loading=\"lazy\" decoding=\"async\" width=\"484\" height=\"484\" src=\"https:\/\/bodegasmarquesdevizhoja.com\/wp-content\/uploads\/2020\/12\/Mariano-Pelaez.png\" alt=\"\" class=\"wp-image-1685\" srcset=\"https:\/\/bodegasmarquesdevizhoja.com\/wp-content\/uploads\/2020\/12\/Mariano-Pelaez.png 484w, https:\/\/bodegasmarquesdevizhoja.com\/wp-content\/uploads\/2020\/12\/Mariano-Pelaez-300x300.png 300w, https:\/\/bodegasmarquesdevizhoja.com\/wp-content\/uploads\/2020\/12\/Mariano-Pelaez-100x100.png 100w, https:\/\/bodegasmarquesdevizhoja.com\/wp-content\/uploads\/2020\/12\/Mariano-Pelaez-150x150.png 150w\" sizes=\"auto, (max-width: 484px) 100vw, 484px\" \/><\/figure><\/div>\n\n\n\n<p><\/p>\n<\/div>\n\n\n\n<div class=\"wp-block-column is-vertically-aligned-center py-5 col-texto is-layout-flow wp-block-column-is-layout-flow\" style=\"flex-basis:50%\">\n<p>Noso pai, D. Mariano Pel\u00e1ez, transmitiunos unha filosof\u00eda que se resume en dedicaci\u00f3n e tradici\u00f3n. O respecto polo traballo tradicional e a uni\u00f3n dos medios actuais para lograr unha fusi\u00f3n de arte e enolox\u00eda.<\/p>\n\n\n\n<p>&nbsp;Como adoitaba dicir: \u201cO vi\u00f1o faise no vi\u00f1edo, non na bodega\u201d.<\/p>\n<\/div>\n<\/div>\n<\/div><\/div>\n\n\n\n<div class=\"wp-block-hacce-wrapper mt-5\"><div class=\"container\">\n<div class=\"wp-block-columns are-vertically-aligned-center is-layout-flex wp-container-core-columns-is-layout-9d6595d7 wp-block-columns-is-layout-flex\">\n<div class=\"wp-block-column is-vertically-aligned-center is-layout-flow wp-block-column-is-layout-flow\">\n<div class=\"wp-block-group col-texto\"><div class=\"wp-block-group__inner-container is-layout-flow wp-block-group-is-layout-flow\">\n<h3 class=\"h2 titulo wp-block-heading\"><strong>A nosa filosof\u00eda<\/strong><\/h3>\n\n\n\n<h5 class=\"antetitulo mb-4 wp-block-heading\">TRADICI\u00d3N E INNOVACI\u00d3N<\/h5>\n\n\n\n<p>Somos os seus fillos, Jorge e Javier Pel\u00e1ez, os que continuamos \u00e1 fronte da xesti\u00f3n das Bodegas Marqu\u00e9s de Vizhoja na actualidade.<\/p>\n\n\n\n<p>Durante os seus anos de traballo transmitiunos o co\u00f1ecemento adquirido coa s\u00faa experiencia e un af\u00e1n indiscutible por acadar a m\u00e1xima calidade. Para iso apostou por un equilibrio entre a innovaci\u00f3n e a tradici\u00f3n secular da elaboraci\u00f3n do vi\u00f1o en Galicia. Esas ensinanzas son as que pretendemos manter vixentes na nosa bodega e transmitirllas \u00e1 pr\u00f3xima xeraci\u00f3n.<\/p>\n<\/div><\/div>\n<\/div>\n\n\n\n<div class=\"wp-block-column is-vertically-aligned-center is-layout-flow wp-block-column-is-layout-flow\">\n<figure class=\"wp-block-image size-full\"><img loading=\"lazy\" decoding=\"async\" width=\"878\" height=\"703\" src=\"https:\/\/bodegasmarquesdevizhoja.com\/wp-content\/uploads\/2020\/12\/foto-bodega-1.jpg\" alt=\"\" class=\"wp-image-1633\" srcset=\"https:\/\/bodegasmarquesdevizhoja.com\/wp-content\/uploads\/2020\/12\/foto-bodega-1.jpg 878w, https:\/\/bodegasmarquesdevizhoja.com\/wp-content\/uploads\/2020\/12\/foto-bodega-1-300x240.jpg 300w, https:\/\/bodegasmarquesdevizhoja.com\/wp-content\/uploads\/2020\/12\/foto-bodega-1-600x480.jpg 600w, https:\/\/bodegasmarquesdevizhoja.com\/wp-content\/uploads\/2020\/12\/foto-bodega-1-768x615.jpg 768w\" sizes=\"auto, (max-width: 878px) 100vw, 878px\" \/><\/figure>\n<\/div>\n<\/div>\n<\/div><\/div>\n\n\n\n<div class=\"wp-block-hacce-wrapper row-texto\"><div class=\"container\">\n<div style=\"height:100px\" aria-hidden=\"true\" class=\"wp-block-spacer\"><\/div>\n\n\n\n<h2 class=\"has-text-align-center h1 titulo wp-block-heading\"><strong>A nosa historia comeza na Finca La Moreira<\/strong><\/h2>\n\n\n\n<p class=\"has-text-align-center\">Na realidade, tr\u00e1tase dun antigo secadoiro de tabaco convertido en bodega. Os dep\u00f3sitos novos de aceiro inoxidable con control de temperatura dan proba da modernizaci\u00f3n do espazo. Con eles elaboramos os vi\u00f1os seguindo uns procesos actuais. O Pazo La Moreira \u00e9 onde contin\u00faa o noso cami\u00f1o, un lugar convertido na sede do imaxinario \u201cMarquesado de Vizhoja\u201d. Este edificio simboliza a antiga nobreza galega e as formas tradicionais de cultivo e explotaci\u00f3n da terra.<\/p>\n\n\n\n<div class=\"wp-block-buttons is-content-justification-center mt-4 is-layout-flex wp-block-buttons-is-layout-flex\">\n<div class=\"wp-block-button\"><a class=\"wp-block-button__link\" href=\"https:\/\/bodegasmarquesdevizhoja.com\/gl\/a-historia-da-bodega\/\">Saber m\u00e1is<\/a><\/div>\n<\/div>\n\n\n\n<div style=\"height:75px\" aria-hidden=\"true\" class=\"wp-block-spacer\"><\/div>\n<\/div><\/div>\n\n\n\n<div class=\"wp-block-hacce-wrapper\"><div class=\"container\">\n<figure class=\"wp-block-image size-full mb-0\"><img loading=\"lazy\" decoding=\"async\" width=\"1785\" height=\"721\" src=\"https:\/\/bodegasmarquesdevizhoja.com\/wp-content\/uploads\/2021\/02\/FotoAerea_Bodegas-1.jpg\" alt=\"\" class=\"wp-image-2530\" srcset=\"https:\/\/bodegasmarquesdevizhoja.com\/wp-content\/uploads\/2021\/02\/FotoAerea_Bodegas-1.jpg 1785w, https:\/\/bodegasmarquesdevizhoja.com\/wp-content\/uploads\/2021\/02\/FotoAerea_Bodegas-1-300x121.jpg 300w, https:\/\/bodegasmarquesdevizhoja.com\/wp-content\/uploads\/2021\/02\/FotoAerea_Bodegas-1-600x242.jpg 600w, https:\/\/bodegasmarquesdevizhoja.com\/wp-content\/uploads\/2021\/02\/FotoAerea_Bodegas-1-1024x414.jpg 1024w, https:\/\/bodegasmarquesdevizhoja.com\/wp-content\/uploads\/2021\/02\/FotoAerea_Bodegas-1-768x310.jpg 768w, https:\/\/bodegasmarquesdevizhoja.com\/wp-content\/uploads\/2021\/02\/FotoAerea_Bodegas-1-1536x620.jpg 1536w\" sizes=\"auto, (max-width: 1785px) 100vw, 1785px\" \/><\/figure>\n\n\n\n<div class=\"wp-block-columns columns-no-margin is-layout-flex wp-container-core-columns-is-layout-9d6595d7 wp-block-columns-is-layout-flex\">\n<div class=\"wp-block-column is-layout-flow wp-block-column-is-layout-flow\">\n<figure class=\"wp-block-image size-full\"><img loading=\"lazy\" decoding=\"async\" width=\"893\" height=\"721\" src=\"https:\/\/bodegasmarquesdevizhoja.com\/wp-content\/uploads\/2020\/12\/foto-bodega-3-1.jpg\" alt=\"\" class=\"wp-image-1709\" srcset=\"https:\/\/bodegasmarquesdevizhoja.com\/wp-content\/uploads\/2020\/12\/foto-bodega-3-1.jpg 893w, https:\/\/bodegasmarquesdevizhoja.com\/wp-content\/uploads\/2020\/12\/foto-bodega-3-1-300x242.jpg 300w, https:\/\/bodegasmarquesdevizhoja.com\/wp-content\/uploads\/2020\/12\/foto-bodega-3-1-600x484.jpg 600w, https:\/\/bodegasmarquesdevizhoja.com\/wp-content\/uploads\/2020\/12\/foto-bodega-3-1-768x620.jpg 768w\" sizes=\"auto, (max-width: 893px) 100vw, 893px\" \/><\/figure>\n<\/div>\n\n\n\n<div class=\"wp-block-column is-layout-flow wp-block-column-is-layout-flow\">\n<figure class=\"wp-block-image size-full\"><img loading=\"lazy\" decoding=\"async\" width=\"893\" height=\"721\" src=\"https:\/\/bodegasmarquesdevizhoja.com\/wp-content\/uploads\/2020\/12\/foto-bodega-4-1.jpg\" alt=\"\" class=\"wp-image-1712\" srcset=\"https:\/\/bodegasmarquesdevizhoja.com\/wp-content\/uploads\/2020\/12\/foto-bodega-4-1.jpg 893w, https:\/\/bodegasmarquesdevizhoja.com\/wp-content\/uploads\/2020\/12\/foto-bodega-4-1-300x242.jpg 300w, https:\/\/bodegasmarquesdevizhoja.com\/wp-content\/uploads\/2020\/12\/foto-bodega-4-1-600x484.jpg 600w, https:\/\/bodegasmarquesdevizhoja.com\/wp-content\/uploads\/2020\/12\/foto-bodega-4-1-768x620.jpg 768w\" sizes=\"auto, (max-width: 893px) 100vw, 893px\" \/><\/figure>\n<\/div>\n<\/div>\n<\/div><\/div>\n\n\n\n<div class=\"wp-block-hacce-wrapper mt-5\"><div class=\"container\">\n<div class=\"wp-block-columns are-vertically-aligned-center is-layout-flex wp-container-core-columns-is-layout-9d6595d7 wp-block-columns-is-layout-flex\">\n<div class=\"wp-block-column is-vertically-aligned-center is-layout-flow wp-block-column-is-layout-flow\">\n<div class=\"wp-block-group\"><div class=\"wp-block-group__inner-container is-layout-flow wp-block-group-is-layout-flow\">\n<figure class=\"wp-block-image size-large\"><img loading=\"lazy\" decoding=\"async\" width=\"875\" height=\"707\" src=\"https:\/\/bodegasmarquesdevizhoja.com\/wp-content\/uploads\/2021\/02\/Uvas-1.png\" alt=\"\" class=\"wp-image-2396\" srcset=\"https:\/\/bodegasmarquesdevizhoja.com\/wp-content\/uploads\/2021\/02\/Uvas-1.png 875w, https:\/\/bodegasmarquesdevizhoja.com\/wp-content\/uploads\/2021\/02\/Uvas-1-300x242.png 300w, https:\/\/bodegasmarquesdevizhoja.com\/wp-content\/uploads\/2021\/02\/Uvas-1-600x485.png 600w, https:\/\/bodegasmarquesdevizhoja.com\/wp-content\/uploads\/2021\/02\/Uvas-1-768x621.png 768w\" sizes=\"auto, (max-width: 875px) 100vw, 875px\" \/><\/figure>\n<\/div><\/div>\n<\/div>\n\n\n\n<div class=\"wp-block-column is-vertically-aligned-center is-layout-flow wp-block-column-is-layout-flow\">\n<div class=\"wp-block-group col-texto\"><div class=\"wp-block-group__inner-container is-layout-flow wp-block-group-is-layout-flow\">\n<h3 class=\"h2 titulo wp-block-heading\"><strong>As uvas<\/strong><\/h3>\n\n\n\n<p>As uvas de Bodegas Marqu\u00e9s de Vizhoja presentan un equilibrio de acidez \u00f3ptimo. Iso permite unhas produci\u00f3ns de calidade excepcional con albari\u00f1o, loureira e treixadura. O segredo bas\u00e9ase no terreo onde se asenta a Finca La Moreira. O Condado do Tea conta cunha terra de gran calidade. O R\u00edo Mi\u00f1o garante un clima favorecedor para o cultivo. A orograf\u00eda xoga tam\u00e9n un papel clave. A inclinaci\u00f3n da ladeira protexe os vi\u00f1edos contra xeadas, ventos e temperaturas extremas. Ademais, facilita a drenaxe natural cara ao Mi\u00f1o. Todo iso d\u00e1 lugar a un <em>terroir<\/em> privilexiado, como se pode comprobar nas nosas uvas.<\/p>\n\n\n\n<div class=\"wp-block-buttons mt-5 is-layout-flex wp-block-buttons-is-layout-flex\">\n<div class=\"wp-block-button\"><a class=\"wp-block-button__link\" href=\"https:\/\/bodegasmarquesdevizhoja.com\/gl\/vinos-do-rias-baixas-gl\/\">&nbsp;CO\u00d1ECE OS VI\u00d1OS<\/a><\/div>\n<\/div>\n<\/div><\/div>\n<\/div>\n<\/div>\n<\/div><\/div>\n\n\n\n<div class=\"wp-block-hacce-wrapper row-texto\"><div class=\"container\">\n<div style=\"height:75px\" aria-hidden=\"true\" class=\"wp-block-spacer\"><\/div>\n\n\n\n<h2 class=\"has-text-align-center h1 titulo wp-block-heading\">\u201c\u00c9 condici\u00f3n dos nosos xenes ter mosto nas veas. Esa \u00e9 a raz\u00f3n pola que amamos e gozamos tanto do que facemos\u201d<\/h2>\n\n\n\n<p class=\"has-text-align-center has-dark-gray-color has-text-color\"><strong>Jorge Pel\u00e1ez. <\/strong>Presidente e propietario de Bodegas Marqu\u00e9s de Vizhoja.<\/p>\n\n\n\n<div class=\"wp-block-buttons is-content-justification-center mt-4 is-layout-flex wp-block-buttons-is-layout-flex\">\n<div class=\"wp-block-button\"><a class=\"wp-block-button__link\" href=\"https:\/\/bodegasmarquesdevizhoja.com\/gl\/bodegas-marques-de-vizhoja\/jorge-pelaez\/\">Saber m\u00e1is<\/a><\/div>\n<\/div>\n\n\n\n<div style=\"height:75px\" aria-hidden=\"true\" class=\"wp-block-spacer\"><\/div>\n<\/div><\/div>\n\n\n\n<p><\/p>\n","protected":false},"excerpt":{"rendered":"","protected":false},"author":1,"featured_media":0,"parent":0,"menu_order":0,"comment_status":"closed","ping_status":"closed","template":"templates\/template-no-header.php","meta":{"_acf_changed":false,"footnotes":""},"class_list":["post-123","page","type-page","status-publish","hentry"],"acf":[],"yoast_head":"<!-- This site is optimized with the Yoast SEO plugin v27.2 - https:\/\/yoast.com\/product\/yoast-seo-wordpress\/ -->\n<title>Bodegas MDV - Marqu\u00e9s de Vizhoja<\/title>\n<meta name=\"description\" content=\"Bodegas Marqu\u00e9s de Vizhoja es una bodega gallega con m\u00e1s de 50 a\u00f1os de trayectoria. Dentro de su gama de productos destacan los vinos blancos.\" \/>\n<meta name=\"robots\" content=\"index, follow, max-snippet:-1, max-image-preview:large, max-video-preview:-1\" \/>\n<link rel=\"canonical\" href=\"https:\/\/bodegasmarquesdevizhoja.com\/es\/bodegas-marques-de-vizhoja\/\" \/>\n<meta property=\"og:locale\" content=\"gl_ES\" \/>\n<meta property=\"og:type\" content=\"article\" \/>\n<meta property=\"og:title\" content=\"Bodegas MDV - Marqu\u00e9s de Vizhoja\" \/>\n<meta property=\"og:description\" content=\"Bodegas Marqu\u00e9s de Vizhoja es una bodega gallega con m\u00e1s de 50 a\u00f1os de trayectoria. Dentro de su gama de productos destacan los vinos blancos.\" \/>\n<meta property=\"og:url\" content=\"https:\/\/bodegasmarquesdevizhoja.com\/es\/bodegas-marques-de-vizhoja\/\" \/>\n<meta property=\"og:site_name\" content=\"Marqu\u00e9s de Vizhoja\" \/>\n<meta property=\"article:modified_time\" content=\"2021-05-31T07:22:15+00:00\" \/>\n<meta property=\"og:image\" content=\"https:\/\/bodegasmarquesdevizhoja.com\/wp-content\/uploads\/2020\/12\/Mariano-Pelaez.png\" \/>\n<meta name=\"twitter:card\" content=\"summary_large_image\" \/>\n<meta name=\"twitter:label1\" content=\"Tempo de lectura\" \/>\n\t<meta name=\"twitter:data1\" content=\"3 minutos\" \/>\n<script type=\"application\/ld+json\" class=\"yoast-schema-graph\">{\"@context\":\"https:\/\/schema.org\",\"@graph\":[{\"@type\":\"WebPage\",\"@id\":\"https:\/\/bodegasmarquesdevizhoja.com\/es\/bodegas-marques-de-vizhoja\/\",\"url\":\"https:\/\/bodegasmarquesdevizhoja.com\/es\/bodegas-marques-de-vizhoja\/\",\"name\":\"Bodegas MDV - Marqu\u00e9s de Vizhoja\",\"isPartOf\":{\"@id\":\"https:\/\/bodegasmarquesdevizhoja.com\/es\/#website\"},\"primaryImageOfPage\":{\"@id\":\"https:\/\/bodegasmarquesdevizhoja.com\/es\/bodegas-marques-de-vizhoja\/#primaryimage\"},\"image\":{\"@id\":\"https:\/\/bodegasmarquesdevizhoja.com\/es\/bodegas-marques-de-vizhoja\/#primaryimage\"},\"thumbnailUrl\":\"https:\/\/bodegasmarquesdevizhoja.com\/wp-content\/uploads\/2020\/12\/Mariano-Pelaez.png\",\"datePublished\":\"2020-10-21T09:47:41+00:00\",\"dateModified\":\"2021-05-31T07:22:15+00:00\",\"description\":\"Bodegas Marqu\u00e9s de Vizhoja es una bodega gallega con m\u00e1s de 50 a\u00f1os de trayectoria. Dentro de su gama de productos destacan los vinos blancos.\",\"breadcrumb\":{\"@id\":\"https:\/\/bodegasmarquesdevizhoja.com\/es\/bodegas-marques-de-vizhoja\/#breadcrumb\"},\"inLanguage\":\"gl-ES\",\"potentialAction\":[{\"@type\":\"ReadAction\",\"target\":[\"https:\/\/bodegasmarquesdevizhoja.com\/es\/bodegas-marques-de-vizhoja\/\"]}]},{\"@type\":\"ImageObject\",\"inLanguage\":\"gl-ES\",\"@id\":\"https:\/\/bodegasmarquesdevizhoja.com\/es\/bodegas-marques-de-vizhoja\/#primaryimage\",\"url\":\"https:\/\/bodegasmarquesdevizhoja.com\/wp-content\/uploads\/2020\/12\/Mariano-Pelaez.png\",\"contentUrl\":\"https:\/\/bodegasmarquesdevizhoja.com\/wp-content\/uploads\/2020\/12\/Mariano-Pelaez.png\"},{\"@type\":\"BreadcrumbList\",\"@id\":\"https:\/\/bodegasmarquesdevizhoja.com\/es\/bodegas-marques-de-vizhoja\/#breadcrumb\",\"itemListElement\":[{\"@type\":\"ListItem\",\"position\":1,\"name\":\"Inicio\",\"item\":\"https:\/\/bodegasmarquesdevizhoja.com\/gl\/\"},{\"@type\":\"ListItem\",\"position\":2,\"name\":\"Bodegas MDV\"}]},{\"@type\":\"WebSite\",\"@id\":\"https:\/\/bodegasmarquesdevizhoja.com\/es\/#website\",\"url\":\"https:\/\/bodegasmarquesdevizhoja.com\/es\/\",\"name\":\"Marqu\u00e9s de Vizhoja\",\"description\":\"\",\"potentialAction\":[{\"@type\":\"SearchAction\",\"target\":{\"@type\":\"EntryPoint\",\"urlTemplate\":\"https:\/\/bodegasmarquesdevizhoja.com\/es\/?s={search_term_string}\"},\"query-input\":{\"@type\":\"PropertyValueSpecification\",\"valueRequired\":true,\"valueName\":\"search_term_string\"}}],\"inLanguage\":\"gl-ES\"}]}<\/script>\n<!-- \/ Yoast SEO plugin. -->","yoast_head_json":{"title":"Bodegas MDV - Marqu\u00e9s de Vizhoja","description":"Bodegas Marqu\u00e9s de Vizhoja es una bodega gallega con m\u00e1s de 50 a\u00f1os de trayectoria. Dentro de su gama de productos destacan los vinos blancos.","robots":{"index":"index","follow":"follow","max-snippet":"max-snippet:-1","max-image-preview":"max-image-preview:large","max-video-preview":"max-video-preview:-1"},"canonical":"https:\/\/bodegasmarquesdevizhoja.com\/es\/bodegas-marques-de-vizhoja\/","og_locale":"gl_ES","og_type":"article","og_title":"Bodegas MDV - Marqu\u00e9s de Vizhoja","og_description":"Bodegas Marqu\u00e9s de Vizhoja es una bodega gallega con m\u00e1s de 50 a\u00f1os de trayectoria. Dentro de su gama de productos destacan los vinos blancos.","og_url":"https:\/\/bodegasmarquesdevizhoja.com\/es\/bodegas-marques-de-vizhoja\/","og_site_name":"Marqu\u00e9s de Vizhoja","article_modified_time":"2021-05-31T07:22:15+00:00","og_image":[{"url":"https:\/\/bodegasmarquesdevizhoja.com\/wp-content\/uploads\/2020\/12\/Mariano-Pelaez.png","type":"","width":"","height":""}],"twitter_card":"summary_large_image","twitter_misc":{"Tempo de lectura":"3 minutos"},"schema":{"@context":"https:\/\/schema.org","@graph":[{"@type":"WebPage","@id":"https:\/\/bodegasmarquesdevizhoja.com\/es\/bodegas-marques-de-vizhoja\/","url":"https:\/\/bodegasmarquesdevizhoja.com\/es\/bodegas-marques-de-vizhoja\/","name":"Bodegas MDV - Marqu\u00e9s de Vizhoja","isPartOf":{"@id":"https:\/\/bodegasmarquesdevizhoja.com\/es\/#website"},"primaryImageOfPage":{"@id":"https:\/\/bodegasmarquesdevizhoja.com\/es\/bodegas-marques-de-vizhoja\/#primaryimage"},"image":{"@id":"https:\/\/bodegasmarquesdevizhoja.com\/es\/bodegas-marques-de-vizhoja\/#primaryimage"},"thumbnailUrl":"https:\/\/bodegasmarquesdevizhoja.com\/wp-content\/uploads\/2020\/12\/Mariano-Pelaez.png","datePublished":"2020-10-21T09:47:41+00:00","dateModified":"2021-05-31T07:22:15+00:00","description":"Bodegas Marqu\u00e9s de Vizhoja es una bodega gallega con m\u00e1s de 50 a\u00f1os de trayectoria. Dentro de su gama de productos destacan los vinos blancos.","breadcrumb":{"@id":"https:\/\/bodegasmarquesdevizhoja.com\/es\/bodegas-marques-de-vizhoja\/#breadcrumb"},"inLanguage":"gl-ES","potentialAction":[{"@type":"ReadAction","target":["https:\/\/bodegasmarquesdevizhoja.com\/es\/bodegas-marques-de-vizhoja\/"]}]},{"@type":"ImageObject","inLanguage":"gl-ES","@id":"https:\/\/bodegasmarquesdevizhoja.com\/es\/bodegas-marques-de-vizhoja\/#primaryimage","url":"https:\/\/bodegasmarquesdevizhoja.com\/wp-content\/uploads\/2020\/12\/Mariano-Pelaez.png","contentUrl":"https:\/\/bodegasmarquesdevizhoja.com\/wp-content\/uploads\/2020\/12\/Mariano-Pelaez.png"},{"@type":"BreadcrumbList","@id":"https:\/\/bodegasmarquesdevizhoja.com\/es\/bodegas-marques-de-vizhoja\/#breadcrumb","itemListElement":[{"@type":"ListItem","position":1,"name":"Inicio","item":"https:\/\/bodegasmarquesdevizhoja.com\/gl\/"},{"@type":"ListItem","position":2,"name":"Bodegas MDV"}]},{"@type":"WebSite","@id":"https:\/\/bodegasmarquesdevizhoja.com\/es\/#website","url":"https:\/\/bodegasmarquesdevizhoja.com\/es\/","name":"Marqu\u00e9s de Vizhoja","description":"","potentialAction":[{"@type":"SearchAction","target":{"@type":"EntryPoint","urlTemplate":"https:\/\/bodegasmarquesdevizhoja.com\/es\/?s={search_term_string}"},"query-input":{"@type":"PropertyValueSpecification","valueRequired":true,"valueName":"search_term_string"}}],"inLanguage":"gl-ES"}]}},"jetpack_sharing_enabled":true,"_links":{"self":[{"href":"https:\/\/bodegasmarquesdevizhoja.com\/gl\/wp-json\/wp\/v2\/pages\/123","targetHints":{"allow":["GET"]}}],"collection":[{"href":"https:\/\/bodegasmarquesdevizhoja.com\/gl\/wp-json\/wp\/v2\/pages"}],"about":[{"href":"https:\/\/bodegasmarquesdevizhoja.com\/gl\/wp-json\/wp\/v2\/types\/page"}],"author":[{"embeddable":true,"href":"https:\/\/bodegasmarquesdevizhoja.com\/gl\/wp-json\/wp\/v2\/users\/1"}],"replies":[{"embeddable":true,"href":"https:\/\/bodegasmarquesdevizhoja.com\/gl\/wp-json\/wp\/v2\/comments?post=123"}],"version-history":[{"count":39,"href":"https:\/\/bodegasmarquesdevizhoja.com\/gl\/wp-json\/wp\/v2\/pages\/123\/revisions"}],"predecessor-version":[{"id":3727,"href":"https:\/\/bodegasmarquesdevizhoja.com\/gl\/wp-json\/wp\/v2\/pages\/123\/revisions\/3727"}],"wp:attachment":[{"href":"https:\/\/bodegasmarquesdevizhoja.com\/gl\/wp-json\/wp\/v2\/media?parent=123"}],"curies":[{"name":"wp","href":"https:\/\/api.w.org\/{rel}","templated":true}]}}