{"id":151,"date":"2020-10-15T10:53:34","date_gmt":"2020-10-15T08:53:34","guid":{"rendered":"https:\/\/bodegasmarquesdevizhoja.com\/?page_id=151"},"modified":"2021-07-21T14:34:08","modified_gmt":"2021-07-21T12:34:08","slug":"politica-privacidade","status":"publish","type":"page","link":"https:\/\/bodegasmarquesdevizhoja.com\/gl\/politica-privacidade\/","title":{"rendered":"Pol\u00edtica de privacidade"},"content":{"rendered":"\n<p>Esta pol\u00edtica apl\u00edcase aos tratamentos de datos realizados no sitio web, con excepci\u00f3n dos derivados do uso de cookies (o usuario pode consultar a nosa pol\u00edtica de cookies se desexa m\u00e1is informaci\u00f3n a este respecto).<\/p>\n\n\n\n<h3 class=\"wp-block-heading\"><strong>1. Responsable do tratamento<\/strong><\/h3>\n\n\n\n<p>O responsable do tratamento \u00e9 Bodegas Marqu\u00e9s de Vizhoja, S.A.U., co CIF A36655025 e enderezo en Finca La Moreira s\/n, 36438 Pontevedra (Espa\u00f1a).<\/p>\n\n\n\n<h3 class=\"wp-block-heading\"><strong>2. Finalidades e bases xur\u00eddicas do tratamento<\/strong><\/h3>\n\n\n\n<p>Bodegas Marqu\u00e9s de Vizhoja, S.A.U. tratar\u00e1 os datos persoais dos usuarios do sitio web para as seguintes finalidades:<\/p>\n\n\n\n<p>a) Para xestionar o rexistro de usuarios.<\/p>\n\n\n\n<p>A base xur\u00eddica que lexitima este tratamento \u00e9 a execuci\u00f3n do contrato entre o usuario e Bodegas Marqu\u00e9s de Vizhoja, S.A.U. que implica a s\u00faa condici\u00f3n de usuario rexistrado.<\/p>\n\n\n\n<p>b) Para atender e xestionar as compras realizadas na tenda online.<\/p>\n\n\n\n<p>A base xur\u00eddica que lexitima este tratamento \u00e9 a execuci\u00f3n do contrato de compravenda entre o usuario (cliente) e Bodegas Marqu\u00e9s de Vizhoja, S.A.U.<\/p>\n\n\n\n<p>c) Para o env\u00edo da newsletter.<\/p>\n\n\n\n<p>A base xur\u00eddica que lexitima este tratamento \u00e9 o consentimento do usuario, que poder\u00e1 revogar en calquera momento se desexa deixar de recibir a newsletter.<\/p>\n\n\n\n<p>d) Para atender as preguntas, comentarios e suxesti\u00f3ns do usuario.<\/p>\n\n\n\n<p>A base xur\u00eddica que lexitima este tratamento \u00e9 o consentimento do usuario, que poder\u00e1 revogar en calquera momento, se ben iso ter\u00e1 como consecuencia que non poder\u00e1 ser atendido.<\/p>\n\n\n\n<h3 class=\"wp-block-heading\"><strong>3. Categor\u00edas de datos<\/strong><\/h3>\n\n\n\n<p>As categor\u00edas de datos persoais tratadas son as que se identifican en cada formulario e que o usuario achegue. Non se recoller\u00e1 ning\u00fan outro dato persoal a menos que proporcione esta informaci\u00f3n de maneira voluntaria.<\/p>\n\n\n\n<h3 class=\"wp-block-heading\"><strong>4. Prazos de conservaci\u00f3n<\/strong><\/h3>\n\n\n\n<p>Os datos conservaranse durante os prazos seguintes:<\/p>\n\n\n\n<p>a) Xesti\u00f3n do rexistro de usuarios: mentres o usuario permaneza rexistrado.<\/p>\n\n\n\n<p>b) Atenci\u00f3n e xesti\u00f3n das compras realizadas na tenda online: mentres dure a relaci\u00f3n contractual que se derive das compras.<\/p>\n\n\n\n<p>c) Env\u00edo da newsletter: ata que o usuario se opo\u00f1a ao seu env\u00edo (ou solicite a supresi\u00f3n dos seus datos).<\/p>\n\n\n\n<p>d) Atenci\u00f3n de preguntas, comentarios e suxesti\u00f3ns: mentres os datos sexan necesarios para atender estas solicitudes e ata un ano despois de atendelas.<\/p>\n\n\n\n<p>En todos os casos anteriores, con posterioridade ao per\u00edodo indicado, os datos conservaranse \u00e1 disposici\u00f3n de xu\u00edces e tribunais, o Ministerio Fiscal ou as administraci\u00f3ns p\u00fablicas competentes, para atender posibles responsabilidades derivadas do tratamento durante o prazo de prescrici\u00f3n das mesmas.<\/p>\n\n\n\n<h3 class=\"wp-block-heading\"><strong>5. Destinatarios<\/strong><\/h3>\n\n\n\n<p>No marco das finalidades descritas nesta pol\u00edtica, Bodegas Marqu\u00e9s de Vizhoja, S.A.U. comunicar\u00e1 os datos a:<\/p>\n\n\n\n<p>Provedores e colaboradores de servizos de transporte para a entrega dos produtos comprados na tenda.<\/p>\n\n\n\n<p>Provedores de servizos de tecnolox\u00edas da informaci\u00f3n (por exemplo, para o env\u00edo de emails).<\/p>\n\n\n\n<p>Autoridades p\u00fablicas en cumprimento de obrigas legais (por exemplo, obrigas tributarias).<\/p>\n\n\n\n<h3 class=\"wp-block-heading\">6. Transferencias a terceiros pa\u00edses<\/h3>\n\n\n\n<p>Bodegas Marqu\u00e9s de Vizhoja, S.A.U. non realiza transferencias a terceiros pa\u00edses.<\/p>\n\n\n\n<h3 class=\"wp-block-heading\"><strong>7. Dereitos dos interesados<\/strong><\/h3>\n\n\n\n<p>Os usuarios te\u00f1en os seguintes dereitos: acceso aos datos persoais, rectificaci\u00f3n, supresi\u00f3n, limitaci\u00f3n do tratamento, oposici\u00f3n ao tratamento, portabilidade dos datos e, cando o tratamento se base no consentimento, o dereito a retiralo en calquera momento. Os usuarios poder\u00e1n encontrar m\u00e1is informaci\u00f3n sobre estes dereitos aqu\u00ed.<\/p>\n\n\n\n<p>Os usuarios poder\u00e1n exercitar estes dereitos, identific\u00e1ndose debidamente, dirix\u00edndose por v\u00eda postal a Finca La Moreira s\/n, 36438 Pontevedra (Espa\u00f1a) ou por v\u00eda electr\u00f3nica a <a href=\"mailto:marquesdevizhoja@marquesdevizhoja.com\">marquesdevizhoja@marquesdevizhoja.com<\/a>.<\/p>\n\n\n\n<p>Os usuarios que consideren vulnerados os seus dereitos poder\u00e1n presentar unha reclamaci\u00f3n ante a Axencia Espa\u00f1ola de Protecci\u00f3n de Datos (www.aepd.es).<\/p>\n\n\n\n<p>Bodegas Marqu\u00e9s de Vizhoja S.A.U-&nbsp; at\u00f3pase adherida ao <a href=\"https:\/\/www.autocontrol.es\/wp-content\/uploads\/2020\/11\/codigo-de-conducta-proteccion-de-datos.pdf\">C\u00f3digo de Conduta de Protecci\u00f3n de Datos na Actividade Publicitaria<\/a> de AUTOCONTROL, acreditado pola Axencia Espa\u00f1ola de Protecci\u00f3n de Datos e, polo tanto, est\u00e1 vinculada ao seu sistema extraxudicial de tramitaci\u00f3n de reclamaci\u00f3ns cando estean relacionadas coa protecci\u00f3n de datos e publicidade, dispo\u00f1ible para os interesados no sitio web <a href=\"http:\/\/www.autocontrol.es\">www.autocontrol.es<\/a><\/p>\n","protected":false},"excerpt":{"rendered":"<p>Esta pol\u00edtica apl\u00edcase aos tratamentos de datos realizados no sitio web, con excepci\u00f3n dos derivados do uso de cookies (o usuario pode consultar a nosa pol\u00edtica de cookies se desexa m\u00e1is informaci\u00f3n a este respecto). 1. Responsable do tratamento O responsable do tratamento \u00e9 Bodegas Marqu\u00e9s de Vizhoja, S.A.U., co CIF A36655025 e enderezo en [&hellip;]<\/p>\n","protected":false},"author":1,"featured_media":0,"parent":0,"menu_order":0,"comment_status":"closed","ping_status":"closed","template":"","meta":{"_acf_changed":false,"footnotes":""},"class_list":["post-151","page","type-page","status-publish","hentry"],"acf":[],"yoast_head":"<!-- This site is optimized with the Yoast SEO plugin v27.2 - https:\/\/yoast.com\/product\/yoast-seo-wordpress\/ -->\n<title>Pol\u00edtica de privacidade - Marqu\u00e9s de Vizhoja<\/title>\n<meta name=\"robots\" content=\"index, follow, max-snippet:-1, max-image-preview:large, max-video-preview:-1\" \/>\n<link rel=\"canonical\" href=\"https:\/\/bodegasmarquesdevizhoja.com\/es\/politica-privacidad\/\" \/>\n<meta property=\"og:locale\" content=\"gl_ES\" \/>\n<meta property=\"og:type\" content=\"article\" \/>\n<meta property=\"og:title\" content=\"Pol\u00edtica de privacidade - Marqu\u00e9s de Vizhoja\" \/>\n<meta property=\"og:description\" content=\"Esta pol\u00edtica apl\u00edcase aos tratamentos de datos realizados no sitio web, con excepci\u00f3n dos derivados do uso de cookies (o usuario pode consultar a nosa pol\u00edtica de cookies se desexa m\u00e1is informaci\u00f3n a este respecto). 1. Responsable do tratamento O responsable do tratamento \u00e9 Bodegas Marqu\u00e9s de Vizhoja, S.A.U., co CIF A36655025 e enderezo en [&hellip;]\" \/>\n<meta property=\"og:url\" content=\"https:\/\/bodegasmarquesdevizhoja.com\/es\/politica-privacidad\/\" \/>\n<meta property=\"og:site_name\" content=\"Marqu\u00e9s de Vizhoja\" \/>\n<meta property=\"article:modified_time\" content=\"2021-07-21T12:34:08+00:00\" \/>\n<meta name=\"twitter:card\" content=\"summary_large_image\" \/>\n<meta name=\"twitter:label1\" content=\"Tempo de lectura\" \/>\n\t<meta name=\"twitter:data1\" content=\"3 minutos\" \/>\n<script type=\"application\/ld+json\" class=\"yoast-schema-graph\">{\"@context\":\"https:\/\/schema.org\",\"@graph\":[{\"@type\":\"WebPage\",\"@id\":\"https:\/\/bodegasmarquesdevizhoja.com\/es\/politica-privacidad\/\",\"url\":\"https:\/\/bodegasmarquesdevizhoja.com\/es\/politica-privacidad\/\",\"name\":\"Pol\u00edtica de privacidade - Marqu\u00e9s de Vizhoja\",\"isPartOf\":{\"@id\":\"https:\/\/bodegasmarquesdevizhoja.com\/es\/#website\"},\"datePublished\":\"2020-10-15T08:53:34+00:00\",\"dateModified\":\"2021-07-21T12:34:08+00:00\",\"breadcrumb\":{\"@id\":\"https:\/\/bodegasmarquesdevizhoja.com\/es\/politica-privacidad\/#breadcrumb\"},\"inLanguage\":\"gl-ES\",\"potentialAction\":[{\"@type\":\"ReadAction\",\"target\":[\"https:\/\/bodegasmarquesdevizhoja.com\/es\/politica-privacidad\/\"]}]},{\"@type\":\"BreadcrumbList\",\"@id\":\"https:\/\/bodegasmarquesdevizhoja.com\/es\/politica-privacidad\/#breadcrumb\",\"itemListElement\":[{\"@type\":\"ListItem\",\"position\":1,\"name\":\"Inicio\",\"item\":\"https:\/\/bodegasmarquesdevizhoja.com\/gl\/\"},{\"@type\":\"ListItem\",\"position\":2,\"name\":\"Pol\u00edtica de privacidade\"}]},{\"@type\":\"WebSite\",\"@id\":\"https:\/\/bodegasmarquesdevizhoja.com\/es\/#website\",\"url\":\"https:\/\/bodegasmarquesdevizhoja.com\/es\/\",\"name\":\"Marqu\u00e9s de Vizhoja\",\"description\":\"\",\"potentialAction\":[{\"@type\":\"SearchAction\",\"target\":{\"@type\":\"EntryPoint\",\"urlTemplate\":\"https:\/\/bodegasmarquesdevizhoja.com\/es\/?s={search_term_string}\"},\"query-input\":{\"@type\":\"PropertyValueSpecification\",\"valueRequired\":true,\"valueName\":\"search_term_string\"}}],\"inLanguage\":\"gl-ES\"}]}<\/script>\n<!-- \/ Yoast SEO plugin. -->","yoast_head_json":{"title":"Pol\u00edtica de privacidade - Marqu\u00e9s de Vizhoja","robots":{"index":"index","follow":"follow","max-snippet":"max-snippet:-1","max-image-preview":"max-image-preview:large","max-video-preview":"max-video-preview:-1"},"canonical":"https:\/\/bodegasmarquesdevizhoja.com\/es\/politica-privacidad\/","og_locale":"gl_ES","og_type":"article","og_title":"Pol\u00edtica de privacidade - Marqu\u00e9s de Vizhoja","og_description":"Esta pol\u00edtica apl\u00edcase aos tratamentos de datos realizados no sitio web, con excepci\u00f3n dos derivados do uso de cookies (o usuario pode consultar a nosa pol\u00edtica de cookies se desexa m\u00e1is informaci\u00f3n a este respecto). 1. Responsable do tratamento O responsable do tratamento \u00e9 Bodegas Marqu\u00e9s de Vizhoja, S.A.U., co CIF A36655025 e enderezo en [&hellip;]","og_url":"https:\/\/bodegasmarquesdevizhoja.com\/es\/politica-privacidad\/","og_site_name":"Marqu\u00e9s de Vizhoja","article_modified_time":"2021-07-21T12:34:08+00:00","twitter_card":"summary_large_image","twitter_misc":{"Tempo de lectura":"3 minutos"},"schema":{"@context":"https:\/\/schema.org","@graph":[{"@type":"WebPage","@id":"https:\/\/bodegasmarquesdevizhoja.com\/es\/politica-privacidad\/","url":"https:\/\/bodegasmarquesdevizhoja.com\/es\/politica-privacidad\/","name":"Pol\u00edtica de privacidade - Marqu\u00e9s de Vizhoja","isPartOf":{"@id":"https:\/\/bodegasmarquesdevizhoja.com\/es\/#website"},"datePublished":"2020-10-15T08:53:34+00:00","dateModified":"2021-07-21T12:34:08+00:00","breadcrumb":{"@id":"https:\/\/bodegasmarquesdevizhoja.com\/es\/politica-privacidad\/#breadcrumb"},"inLanguage":"gl-ES","potentialAction":[{"@type":"ReadAction","target":["https:\/\/bodegasmarquesdevizhoja.com\/es\/politica-privacidad\/"]}]},{"@type":"BreadcrumbList","@id":"https:\/\/bodegasmarquesdevizhoja.com\/es\/politica-privacidad\/#breadcrumb","itemListElement":[{"@type":"ListItem","position":1,"name":"Inicio","item":"https:\/\/bodegasmarquesdevizhoja.com\/gl\/"},{"@type":"ListItem","position":2,"name":"Pol\u00edtica de privacidade"}]},{"@type":"WebSite","@id":"https:\/\/bodegasmarquesdevizhoja.com\/es\/#website","url":"https:\/\/bodegasmarquesdevizhoja.com\/es\/","name":"Marqu\u00e9s de Vizhoja","description":"","potentialAction":[{"@type":"SearchAction","target":{"@type":"EntryPoint","urlTemplate":"https:\/\/bodegasmarquesdevizhoja.com\/es\/?s={search_term_string}"},"query-input":{"@type":"PropertyValueSpecification","valueRequired":true,"valueName":"search_term_string"}}],"inLanguage":"gl-ES"}]}},"jetpack_sharing_enabled":true,"_links":{"self":[{"href":"https:\/\/bodegasmarquesdevizhoja.com\/gl\/wp-json\/wp\/v2\/pages\/151","targetHints":{"allow":["GET"]}}],"collection":[{"href":"https:\/\/bodegasmarquesdevizhoja.com\/gl\/wp-json\/wp\/v2\/pages"}],"about":[{"href":"https:\/\/bodegasmarquesdevizhoja.com\/gl\/wp-json\/wp\/v2\/types\/page"}],"author":[{"embeddable":true,"href":"https:\/\/bodegasmarquesdevizhoja.com\/gl\/wp-json\/wp\/v2\/users\/1"}],"replies":[{"embeddable":true,"href":"https:\/\/bodegasmarquesdevizhoja.com\/gl\/wp-json\/wp\/v2\/comments?post=151"}],"version-history":[{"count":7,"href":"https:\/\/bodegasmarquesdevizhoja.com\/gl\/wp-json\/wp\/v2\/pages\/151\/revisions"}],"predecessor-version":[{"id":4723,"href":"https:\/\/bodegasmarquesdevizhoja.com\/gl\/wp-json\/wp\/v2\/pages\/151\/revisions\/4723"}],"wp:attachment":[{"href":"https:\/\/bodegasmarquesdevizhoja.com\/gl\/wp-json\/wp\/v2\/media?parent=151"}],"curies":[{"name":"wp","href":"https:\/\/api.w.org\/{rel}","templated":true}]}}