{"id":159,"date":"2020-10-21T11:54:59","date_gmt":"2020-10-21T09:54:59","guid":{"rendered":"https:\/\/bodegasmarquesdevizhoja.com\/historia\/mariano-pelaez\/"},"modified":"2021-05-31T09:21:26","modified_gmt":"2021-05-31T07:21:26","slug":"mariano-pelaez","status":"publish","type":"page","link":"https:\/\/bodegasmarquesdevizhoja.com\/gl\/a-historia-da-bodega\/mariano-pelaez\/","title":{"rendered":"Mariano Pel\u00e1ez"},"content":{"rendered":"\n<div class=\"wp-block-cover alignwide is-position-center-center historia-cabecera\" style=\"min-height:770px;aspect-ratio:unset;\"><img loading=\"lazy\" decoding=\"async\" width=\"1920\" height=\"770\" class=\"wp-block-cover__image-background wp-image-2771\" alt=\"\" src=\"https:\/\/bodegasmarquesdevizhoja.com\/wp-content\/uploads\/2021\/02\/mariano.jpg\" style=\"object-position:50% 50%\" data-object-fit=\"cover\" data-object-position=\"50% 50%\" srcset=\"https:\/\/bodegasmarquesdevizhoja.com\/wp-content\/uploads\/2021\/02\/mariano.jpg 1920w, https:\/\/bodegasmarquesdevizhoja.com\/wp-content\/uploads\/2021\/02\/mariano-300x120.jpg 300w, https:\/\/bodegasmarquesdevizhoja.com\/wp-content\/uploads\/2021\/02\/mariano-1024x411.jpg 1024w, https:\/\/bodegasmarquesdevizhoja.com\/wp-content\/uploads\/2021\/02\/mariano-768x308.jpg 768w, https:\/\/bodegasmarquesdevizhoja.com\/wp-content\/uploads\/2021\/02\/mariano-1536x616.jpg 1536w, https:\/\/bodegasmarquesdevizhoja.com\/wp-content\/uploads\/2021\/02\/mariano-600x241.jpg 600w\" sizes=\"auto, (max-width: 1920px) 100vw, 1920px\" \/><div class=\"wp-block-cover__inner-container is-layout-flow wp-block-cover-is-layout-flow\">\n<h1 class=\"wp-block-heading\">Mariano Pel\u00e1ez Lomana<\/h1>\n\n\n\n<p>O pai de Bodegas Marqu\u00e9s de Vizhoja: o noso pai<\/p>\n<\/div><\/div>\n\n\n<div class=\"bloque-historia-hito \">\n    <div class=\"hito-fondo-imagen\" style=\"background-image:url()\">\n        <div class=\"container\">\n            <div class=\"hito-data\">\n                <h1 class=\"hito-titulo\">O vi\u00f1o faise no vi\u00f1edo, non na bodega<\/h1>                                            <\/div>\n        <\/div>\n     <\/div>\n<\/div>\n\n\n<div class=\"wp-block-hacce-wrapper\"><div class=\"container\">\n<div class=\"wp-block-hacce-texto-foto inverted historia-bloque\"><div class=\"texto centered\">\n<p class=\"h5 antetitulo\">Mariano Pel\u00e1ez<\/p>\n\n\n\n<p>O noso pai, un visionario no mundo do vi\u00f1o<\/p>\n\n\n\n<p>Nac\u00edn en Bouzas (Vigo) o d\u00eda dedicado \u00e1 Virxe do Carmen, patroa dos mari\u00f1eiros, o 16 de xullo de 1935. Os meus pais deixaran a s\u00faa terra natal, Palencia, para buscar un mellor porvir. O meu pai, Mariano Pel\u00e1ez Mu\u00f1oz, era de orixe palentino e propietario de <em>mojuelos<\/em> (vi\u00f1edos). A mi\u00f1a nai, \u00c1ngeles Lomana Redondo, era burgalesa e pasteleira. Na mi\u00f1a cidade natal fundaron unha familia e abriron unha taberna de vi\u00f1o e ultramarinos.<\/p>\n\n\n\n<p>Con so 10 anos de idade, acompa\u00f1aba o meu pai a comprar o vi\u00f1o que despois vend\u00eda e despachaba no negocio. A mi\u00f1a nai encarg\u00e1base de que fora con el. Dous anos despois matricul\u00e1ronme na escola de comercio. Aos 16 decid\u00edn que quer\u00eda empezar a traballar.<\/p>\n\n\n\n<p>A\u00ednda lembro aquela conversa co meu pai. Achegueime a el para propo\u00f1erlle compaxinar o traballo na taberna e o ultramarinos cos estudos.<\/p>\n\n\n\n<p>A s\u00faa reacci\u00f3n foi r\u00e1pida. \u201cQueres traballar comigo?\u201d, preguntoume. A continuaci\u00f3n, quitou o mandil de cor caqui e mentres mo po\u00f1\u00eda, xunto cun lapis na orella, volveu preguntar \u201csabes multiplicar?\u201d\u2026<\/p>\n\n\n\n<p>Respond\u00edn cun rotundo \u201csi\u201d e empecei a recitar de inmediato a t\u00e1boa do 4\u2026<\/p>\n\n\n\n<p>O meu pai interrompeume e respondeu: \u201cIso non vale, fillo; non basta con multiplicar n\u00fameros, tes que saber, tam\u00e9n, multiplicar o negocio\u201d.<\/p>\n<\/div><div class=\"foto\"><img decoding=\"async\" src=\"https:\/\/bodegasmarquesdevizhoja.com\/wp-content\/uploads\/2021\/02\/Mariano_Pelaez_JMOrriol-1.jpg\" alt=\"\"\/><\/div><\/div>\n<\/div><\/div>\n\n\n\n<div class=\"wp-block-hacce-wrapper row-texto\"><div class=\"container\">\n<p>As\u00ed foron os meus comezos no negocio familiar. Pouco a pouco foise especializando no subministro de produtos <em>delicatessen<\/em>. Todo iso suced\u00eda nos anos 60, cando Bouzas estaba convert\u00e9ndose no barrio residencial dos novos armadores de Vigo. Nese momento pensei en abrir m\u00e1is tendas deste tipo nos principais barrios da cidade, pero a uva e o vi\u00f1o seduc\u00edranme.<\/p>\n\n\n\n<p>O ano 1968 foi un dos m\u00e1is importantes na mi\u00f1a traxectoria profesional. Fundei Bodegas Marqu\u00e9s de Vizhoja; chegou o primeiro premio ao traballo, o Premio Hoja de Parra, e viu a luz o meu primeiro vi\u00f1o, Marqu\u00e9s de Vizhoja, o vi\u00f1o da Hoja de Parra. Era un fiel reflexo do sabor aut\u00e9ntico, un vi\u00f1o que sab\u00eda a uva, de calidade e de esp\u00edrito emprendedor.<\/p>\n\n\n\n<p>So cinco anos despois, en 1976, comprei a Finca La Moreira. Na capela do pazo encontrei unha imaxe da Virxe do Carmen. Daquela souben que a mi\u00f1a sorte e o meu futuro estaban al\u00ed, nese eido con m\u00e1is de 120.000 metros cadrados de extensi\u00f3n e unha plantaci\u00f3n de 10.000 metros.<\/p>\n\n\n\n<p>Nese momento comezamos o traballo no vi\u00f1edo, que dar\u00eda os seus froitos anos despois. Comezamos a adaptaci\u00f3n dos vi\u00f1edos de Arbo. Creamos vi\u00f1edos profesionais cunha plantaci\u00f3n automatizada. Enxertamos as cepas e fomos pioneiros no uso da forma de \u201cuve\u201d.<\/p>\n\n\n\n<p>Ao mesmo tempo, traballei na creaci\u00f3n do Consello Regulador da Denominaci\u00f3n de Orixe R\u00edas Baixas. O B.O.E. recolle a s\u00faa fundaci\u00f3n en 1988. Ese ano sa\u00edu a primeira anada controlada pola D.O., cando so contaba con 14 bodegas.<\/p>\n\n\n\n<p>O mesmo ano sa\u00edron das nosas bodegas dous R\u00edas Baixas, Torre La Moreira, albari\u00f1o 100%, e Se\u00f1or da Folla Verde, cun 70% de uva albari\u00f1a, 15% de treixadura e 15% de loureira.<\/p>\n\n\n\n<p>O vi\u00f1o que deu orixe \u00e1 mi\u00f1a carreira, Marqu\u00e9s de Vizhoja, contin\u00faa a s\u00faa andaina ata hoxe como un vi\u00f1o de autor, sen D.O.<\/p>\n<\/div><\/div>\n\n\n\n<div class=\"wp-block-hacce-wrapper\"><div class=\"container\">\n<figure class=\"wp-block-image alignwide size-full historia-pie-imagen\" id=\"Bodegas-Marqu\u00e9s-de-Vizhoja\"><img loading=\"lazy\" decoding=\"async\" width=\"1753\" height=\"538\" src=\"https:\/\/bodegasmarquesdevizhoja.com\/wp-content\/uploads\/2020\/12\/historia-imagen-pie.png\" alt=\"Bodegas Marqu\u00e9s de Vizhoja\" class=\"wp-image-1469\" srcset=\"https:\/\/bodegasmarquesdevizhoja.com\/wp-content\/uploads\/2020\/12\/historia-imagen-pie.png 1753w, https:\/\/bodegasmarquesdevizhoja.com\/wp-content\/uploads\/2020\/12\/historia-imagen-pie-300x92.png 300w, https:\/\/bodegasmarquesdevizhoja.com\/wp-content\/uploads\/2020\/12\/historia-imagen-pie-600x184.png 600w, https:\/\/bodegasmarquesdevizhoja.com\/wp-content\/uploads\/2020\/12\/historia-imagen-pie-1024x314.png 1024w, https:\/\/bodegasmarquesdevizhoja.com\/wp-content\/uploads\/2020\/12\/historia-imagen-pie-768x236.png 768w, https:\/\/bodegasmarquesdevizhoja.com\/wp-content\/uploads\/2020\/12\/historia-imagen-pie-1536x471.png 1536w\" sizes=\"auto, (max-width: 1753px) 100vw, 1753px\" \/><\/figure>\n<\/div><\/div>\n","protected":false},"excerpt":{"rendered":"","protected":false},"author":1,"featured_media":0,"parent":127,"menu_order":0,"comment_status":"closed","ping_status":"closed","template":"templates\/template-biograf\u00edas.php","meta":{"_acf_changed":false,"footnotes":""},"class_list":["post-159","page","type-page","status-publish","hentry"],"acf":[],"yoast_head":"<!-- This site is optimized with the Yoast SEO plugin v27.2 - https:\/\/yoast.com\/product\/yoast-seo-wordpress\/ -->\n<title>Mariano Pel\u00e1ez - Marqu\u00e9s de Vizhoja<\/title>\n<meta name=\"robots\" content=\"index, follow, max-snippet:-1, max-image-preview:large, max-video-preview:-1\" \/>\n<link rel=\"canonical\" href=\"https:\/\/bodegasmarquesdevizhoja.com\/es\/la-historia-de-la-bodegas\/mariano-pelaez\/\" \/>\n<meta property=\"og:locale\" content=\"gl_ES\" \/>\n<meta property=\"og:type\" content=\"article\" \/>\n<meta property=\"og:title\" content=\"Mariano Pel\u00e1ez - Marqu\u00e9s de Vizhoja\" \/>\n<meta property=\"og:url\" content=\"https:\/\/bodegasmarquesdevizhoja.com\/es\/la-historia-de-la-bodegas\/mariano-pelaez\/\" \/>\n<meta property=\"og:site_name\" content=\"Marqu\u00e9s de Vizhoja\" \/>\n<meta property=\"article:modified_time\" content=\"2021-05-31T07:21:26+00:00\" \/>\n<meta property=\"og:image\" content=\"https:\/\/bodegasmarquesdevizhoja.com\/wp-content\/uploads\/2021\/02\/mariano.jpg\" \/>\n<meta name=\"twitter:card\" content=\"summary_large_image\" \/>\n<meta name=\"twitter:label1\" content=\"Tempo de lectura\" \/>\n\t<meta name=\"twitter:data1\" content=\"3 minutos\" \/>\n<script type=\"application\/ld+json\" class=\"yoast-schema-graph\">{\"@context\":\"https:\/\/schema.org\",\"@graph\":[{\"@type\":\"WebPage\",\"@id\":\"https:\/\/bodegasmarquesdevizhoja.com\/es\/la-historia-de-la-bodegas\/mariano-pelaez\/\",\"url\":\"https:\/\/bodegasmarquesdevizhoja.com\/es\/la-historia-de-la-bodegas\/mariano-pelaez\/\",\"name\":\"Mariano Pel\u00e1ez - Marqu\u00e9s de Vizhoja\",\"isPartOf\":{\"@id\":\"https:\/\/bodegasmarquesdevizhoja.com\/es\/#website\"},\"primaryImageOfPage\":{\"@id\":\"https:\/\/bodegasmarquesdevizhoja.com\/es\/la-historia-de-la-bodegas\/mariano-pelaez\/#primaryimage\"},\"image\":{\"@id\":\"https:\/\/bodegasmarquesdevizhoja.com\/es\/la-historia-de-la-bodegas\/mariano-pelaez\/#primaryimage\"},\"thumbnailUrl\":\"https:\/\/bodegasmarquesdevizhoja.com\/wp-content\/uploads\/2021\/02\/mariano.jpg\",\"datePublished\":\"2020-10-21T09:54:59+00:00\",\"dateModified\":\"2021-05-31T07:21:26+00:00\",\"breadcrumb\":{\"@id\":\"https:\/\/bodegasmarquesdevizhoja.com\/es\/la-historia-de-la-bodegas\/mariano-pelaez\/#breadcrumb\"},\"inLanguage\":\"gl-ES\",\"potentialAction\":[{\"@type\":\"ReadAction\",\"target\":[\"https:\/\/bodegasmarquesdevizhoja.com\/es\/la-historia-de-la-bodegas\/mariano-pelaez\/\"]}]},{\"@type\":\"ImageObject\",\"inLanguage\":\"gl-ES\",\"@id\":\"https:\/\/bodegasmarquesdevizhoja.com\/es\/la-historia-de-la-bodegas\/mariano-pelaez\/#primaryimage\",\"url\":\"https:\/\/bodegasmarquesdevizhoja.com\/wp-content\/uploads\/2021\/02\/mariano.jpg\",\"contentUrl\":\"https:\/\/bodegasmarquesdevizhoja.com\/wp-content\/uploads\/2021\/02\/mariano.jpg\"},{\"@type\":\"BreadcrumbList\",\"@id\":\"https:\/\/bodegasmarquesdevizhoja.com\/es\/la-historia-de-la-bodegas\/mariano-pelaez\/#breadcrumb\",\"itemListElement\":[{\"@type\":\"ListItem\",\"position\":1,\"name\":\"Inicio\",\"item\":\"https:\/\/bodegasmarquesdevizhoja.com\/gl\/\"},{\"@type\":\"ListItem\",\"position\":2,\"name\":\"A Historia da adega\",\"item\":\"https:\/\/bodegasmarquesdevizhoja.com\/es\/la-historia-de-la-bodegas\/\"},{\"@type\":\"ListItem\",\"position\":3,\"name\":\"Mariano Pel\u00e1ez\"}]},{\"@type\":\"WebSite\",\"@id\":\"https:\/\/bodegasmarquesdevizhoja.com\/es\/#website\",\"url\":\"https:\/\/bodegasmarquesdevizhoja.com\/es\/\",\"name\":\"Marqu\u00e9s de Vizhoja\",\"description\":\"\",\"potentialAction\":[{\"@type\":\"SearchAction\",\"target\":{\"@type\":\"EntryPoint\",\"urlTemplate\":\"https:\/\/bodegasmarquesdevizhoja.com\/es\/?s={search_term_string}\"},\"query-input\":{\"@type\":\"PropertyValueSpecification\",\"valueRequired\":true,\"valueName\":\"search_term_string\"}}],\"inLanguage\":\"gl-ES\"}]}<\/script>\n<!-- \/ Yoast SEO plugin. -->","yoast_head_json":{"title":"Mariano Pel\u00e1ez - Marqu\u00e9s de Vizhoja","robots":{"index":"index","follow":"follow","max-snippet":"max-snippet:-1","max-image-preview":"max-image-preview:large","max-video-preview":"max-video-preview:-1"},"canonical":"https:\/\/bodegasmarquesdevizhoja.com\/es\/la-historia-de-la-bodegas\/mariano-pelaez\/","og_locale":"gl_ES","og_type":"article","og_title":"Mariano Pel\u00e1ez - Marqu\u00e9s de Vizhoja","og_url":"https:\/\/bodegasmarquesdevizhoja.com\/es\/la-historia-de-la-bodegas\/mariano-pelaez\/","og_site_name":"Marqu\u00e9s de Vizhoja","article_modified_time":"2021-05-31T07:21:26+00:00","og_image":[{"url":"https:\/\/bodegasmarquesdevizhoja.com\/wp-content\/uploads\/2021\/02\/mariano.jpg","type":"","width":"","height":""}],"twitter_card":"summary_large_image","twitter_misc":{"Tempo de lectura":"3 minutos"},"schema":{"@context":"https:\/\/schema.org","@graph":[{"@type":"WebPage","@id":"https:\/\/bodegasmarquesdevizhoja.com\/es\/la-historia-de-la-bodegas\/mariano-pelaez\/","url":"https:\/\/bodegasmarquesdevizhoja.com\/es\/la-historia-de-la-bodegas\/mariano-pelaez\/","name":"Mariano Pel\u00e1ez - Marqu\u00e9s de Vizhoja","isPartOf":{"@id":"https:\/\/bodegasmarquesdevizhoja.com\/es\/#website"},"primaryImageOfPage":{"@id":"https:\/\/bodegasmarquesdevizhoja.com\/es\/la-historia-de-la-bodegas\/mariano-pelaez\/#primaryimage"},"image":{"@id":"https:\/\/bodegasmarquesdevizhoja.com\/es\/la-historia-de-la-bodegas\/mariano-pelaez\/#primaryimage"},"thumbnailUrl":"https:\/\/bodegasmarquesdevizhoja.com\/wp-content\/uploads\/2021\/02\/mariano.jpg","datePublished":"2020-10-21T09:54:59+00:00","dateModified":"2021-05-31T07:21:26+00:00","breadcrumb":{"@id":"https:\/\/bodegasmarquesdevizhoja.com\/es\/la-historia-de-la-bodegas\/mariano-pelaez\/#breadcrumb"},"inLanguage":"gl-ES","potentialAction":[{"@type":"ReadAction","target":["https:\/\/bodegasmarquesdevizhoja.com\/es\/la-historia-de-la-bodegas\/mariano-pelaez\/"]}]},{"@type":"ImageObject","inLanguage":"gl-ES","@id":"https:\/\/bodegasmarquesdevizhoja.com\/es\/la-historia-de-la-bodegas\/mariano-pelaez\/#primaryimage","url":"https:\/\/bodegasmarquesdevizhoja.com\/wp-content\/uploads\/2021\/02\/mariano.jpg","contentUrl":"https:\/\/bodegasmarquesdevizhoja.com\/wp-content\/uploads\/2021\/02\/mariano.jpg"},{"@type":"BreadcrumbList","@id":"https:\/\/bodegasmarquesdevizhoja.com\/es\/la-historia-de-la-bodegas\/mariano-pelaez\/#breadcrumb","itemListElement":[{"@type":"ListItem","position":1,"name":"Inicio","item":"https:\/\/bodegasmarquesdevizhoja.com\/gl\/"},{"@type":"ListItem","position":2,"name":"A Historia da adega","item":"https:\/\/bodegasmarquesdevizhoja.com\/es\/la-historia-de-la-bodegas\/"},{"@type":"ListItem","position":3,"name":"Mariano Pel\u00e1ez"}]},{"@type":"WebSite","@id":"https:\/\/bodegasmarquesdevizhoja.com\/es\/#website","url":"https:\/\/bodegasmarquesdevizhoja.com\/es\/","name":"Marqu\u00e9s de Vizhoja","description":"","potentialAction":[{"@type":"SearchAction","target":{"@type":"EntryPoint","urlTemplate":"https:\/\/bodegasmarquesdevizhoja.com\/es\/?s={search_term_string}"},"query-input":{"@type":"PropertyValueSpecification","valueRequired":true,"valueName":"search_term_string"}}],"inLanguage":"gl-ES"}]}},"jetpack_sharing_enabled":true,"_links":{"self":[{"href":"https:\/\/bodegasmarquesdevizhoja.com\/gl\/wp-json\/wp\/v2\/pages\/159","targetHints":{"allow":["GET"]}}],"collection":[{"href":"https:\/\/bodegasmarquesdevizhoja.com\/gl\/wp-json\/wp\/v2\/pages"}],"about":[{"href":"https:\/\/bodegasmarquesdevizhoja.com\/gl\/wp-json\/wp\/v2\/types\/page"}],"author":[{"embeddable":true,"href":"https:\/\/bodegasmarquesdevizhoja.com\/gl\/wp-json\/wp\/v2\/users\/1"}],"replies":[{"embeddable":true,"href":"https:\/\/bodegasmarquesdevizhoja.com\/gl\/wp-json\/wp\/v2\/comments?post=159"}],"version-history":[{"count":45,"href":"https:\/\/bodegasmarquesdevizhoja.com\/gl\/wp-json\/wp\/v2\/pages\/159\/revisions"}],"predecessor-version":[{"id":6395,"href":"https:\/\/bodegasmarquesdevizhoja.com\/gl\/wp-json\/wp\/v2\/pages\/159\/revisions\/6395"}],"up":[{"embeddable":true,"href":"https:\/\/bodegasmarquesdevizhoja.com\/gl\/wp-json\/wp\/v2\/pages\/127"}],"wp:attachment":[{"href":"https:\/\/bodegasmarquesdevizhoja.com\/gl\/wp-json\/wp\/v2\/media?parent=159"}],"curies":[{"name":"wp","href":"https:\/\/api.w.org\/{rel}","templated":true}]}}