{"id":163,"date":"2020-10-21T11:55:43","date_gmt":"2020-10-21T09:55:43","guid":{"rendered":"https:\/\/bodegasmarquesdevizhoja.com\/historia\/javier-pelaez\/"},"modified":"2021-05-31T09:23:25","modified_gmt":"2021-05-31T07:23:25","slug":"javier-pelaez","status":"publish","type":"page","link":"https:\/\/bodegasmarquesdevizhoja.com\/gl\/elaboracion\/javier-pelaez\/","title":{"rendered":"Javier Pel\u00e1ez"},"content":{"rendered":"\n<div class=\"wp-block-cover alignwide is-position-center-center historia-cabecera\" style=\"min-height:770px;aspect-ratio:unset;\"><img loading=\"lazy\" decoding=\"async\" width=\"1920\" height=\"770\" class=\"wp-block-cover__image-background wp-image-2765\" alt=\"\" src=\"https:\/\/bodegasmarquesdevizhoja.com\/wp-content\/uploads\/2021\/02\/javier.jpg\" style=\"object-position:50% 50%\" data-object-fit=\"cover\" data-object-position=\"50% 50%\" srcset=\"https:\/\/bodegasmarquesdevizhoja.com\/wp-content\/uploads\/2021\/02\/javier.jpg 1920w, https:\/\/bodegasmarquesdevizhoja.com\/wp-content\/uploads\/2021\/02\/javier-300x120.jpg 300w, https:\/\/bodegasmarquesdevizhoja.com\/wp-content\/uploads\/2021\/02\/javier-1024x411.jpg 1024w, https:\/\/bodegasmarquesdevizhoja.com\/wp-content\/uploads\/2021\/02\/javier-768x308.jpg 768w, https:\/\/bodegasmarquesdevizhoja.com\/wp-content\/uploads\/2021\/02\/javier-1536x616.jpg 1536w, https:\/\/bodegasmarquesdevizhoja.com\/wp-content\/uploads\/2021\/02\/javier-600x241.jpg 600w\" sizes=\"auto, (max-width: 1920px) 100vw, 1920px\" \/><div class=\"wp-block-cover__inner-container is-layout-flow wp-block-cover-is-layout-flow\">\n<h1 class=\"wp-block-heading\">Javier Pel\u00e1ez<\/h1>\n\n\n\n<p>En\u00f3logo e propietario<br>de Bodegas Marqu\u00e9s de Vizhoja.<\/p>\n<\/div><\/div>\n\n\n<div class=\"bloque-historia-hito \">\n    <div class=\"hito-fondo-imagen\" style=\"background-image:url()\">\n        <div class=\"container\">\n            <div class=\"hito-data\">\n                <h1 class=\"hito-titulo\">\u201cA vendima \u00e9 a maxia na que se produce o equilibrio entre a terra e a persoa\u201d<\/h1>                                            <\/div>\n        <\/div>\n     <\/div>\n<\/div>\n\n\n<div class=\"wp-block-hacce-wrapper\"><div class=\"container\">\n<div class=\"wp-block-hacce-texto-foto inverted historia-bloque\"><div class=\"texto centered\">\n<p class=\"h5 antetitulo\">Javier Pel\u00e1ez<\/p>\n\n\n\n<p>Creatividade e paix\u00f3n pola elaboraci\u00f3n<\/p>\n\n\n\n<p>\u201cA vendima \u00e9 a maxia na que se produce o equilibrio entre a terra e a persoa\u201d.<\/p>\n\n\n\n<p>Javier Pel\u00e1ez pertence \u00e1 segunda xeraci\u00f3n da familia que creou Bodegas Marqu\u00e9s de Vizhoja. A saga dos Pel\u00e1ez foi tam\u00e9n promotora da creaci\u00f3n da D.O. R\u00edas Baixas. \u00c9 unha familia dedicada \u00e1 viticultura, pioneira na defensa e na reivindicaci\u00f3n da uva. De feito, Javier Pel\u00e1ez compaxina o seu traballo na bodega co seu cargo de membro e xu\u00edz no comit\u00e9 de cualificaci\u00f3n e cata de vi\u00f1os do Consello Regulador R\u00edas Baixas.<\/p>\n\n\n\n<p>Javier Pel\u00e1ez conta con m\u00e1is de 25 anos de experiencia como en\u00f3logo na direcci\u00f3n t\u00e9cnica de Bodegas Marqu\u00e9s de Vizhoja. Como fiel disc\u00edpulo de seu pai, D. Mariano Pel\u00e1ez, mostra un verdadeiro fervor polo seu traballo, polo coidado do vi\u00f1edo e pola elaboraci\u00f3n dos vi\u00f1os e os seus <em>coupages<\/em>.<\/p>\n\n\n\n<p>Esa admiraci\u00f3n polo seu pai levouno a po\u00f1erse como misi\u00f3n \u201cseguir os seus pasos \u00e1 fronte dunha empresa de important\u00edsima tradici\u00f3n familiar\u201d. O seu traballo ten como obxectivo \u201cque os nosos produtos sigan conquistando padais de todo o mundo\u201d. Son moitos os amantes do vi\u00f1o que xa os desfrutan e por iso o seu mellor orgullo \u00e9 \u201cque os nosos vi\u00f1os, que con tanto mimo coidamos namoren o consumidor anada tras anada\u201d.<\/p>\n<\/div><div class=\"foto\"><img decoding=\"async\" src=\"https:\/\/bodegasmarquesdevizhoja.com\/wp-content\/uploads\/2021\/02\/Javier_Pelaez.png\" alt=\"\"\/><\/div><\/div>\n<\/div><\/div>\n\n\n\n<div class=\"wp-block-hacce-wrapper\"><div class=\"container\">\n<figure class=\"wp-block-image alignwide size-full historia-pie-imagen\" id=\"Bodegas-Marqu\u00e9s-de-Vizhoja\"><img loading=\"lazy\" decoding=\"async\" width=\"1753\" height=\"538\" src=\"https:\/\/bodegasmarquesdevizhoja.com\/wp-content\/uploads\/2020\/12\/historia-imagen-pie.png\" alt=\"Bodegas Marqu\u00e9s de Vizhoja\" class=\"wp-image-1469\" srcset=\"https:\/\/bodegasmarquesdevizhoja.com\/wp-content\/uploads\/2020\/12\/historia-imagen-pie.png 1753w, https:\/\/bodegasmarquesdevizhoja.com\/wp-content\/uploads\/2020\/12\/historia-imagen-pie-300x92.png 300w, https:\/\/bodegasmarquesdevizhoja.com\/wp-content\/uploads\/2020\/12\/historia-imagen-pie-600x184.png 600w, https:\/\/bodegasmarquesdevizhoja.com\/wp-content\/uploads\/2020\/12\/historia-imagen-pie-1024x314.png 1024w, https:\/\/bodegasmarquesdevizhoja.com\/wp-content\/uploads\/2020\/12\/historia-imagen-pie-768x236.png 768w, https:\/\/bodegasmarquesdevizhoja.com\/wp-content\/uploads\/2020\/12\/historia-imagen-pie-1536x471.png 1536w\" sizes=\"auto, (max-width: 1753px) 100vw, 1753px\" \/><\/figure>\n<\/div><\/div>\n","protected":false},"excerpt":{"rendered":"","protected":false},"author":1,"featured_media":0,"parent":131,"menu_order":0,"comment_status":"closed","ping_status":"closed","template":"templates\/template-biograf\u00edas.php","meta":{"_acf_changed":false,"footnotes":""},"class_list":["post-163","page","type-page","status-publish","hentry"],"acf":[],"yoast_head":"<!-- This site is optimized with the Yoast SEO plugin v27.2 - https:\/\/yoast.com\/product\/yoast-seo-wordpress\/ -->\n<title>Javier Pel\u00e1ez - Marqu\u00e9s de Vizhoja<\/title>\n<meta name=\"robots\" content=\"index, follow, max-snippet:-1, max-image-preview:large, max-video-preview:-1\" \/>\n<link rel=\"canonical\" href=\"https:\/\/bodegasmarquesdevizhoja.com\/es\/elaboracion\/javier-pelaez\/\" \/>\n<meta property=\"og:locale\" content=\"gl_ES\" \/>\n<meta property=\"og:type\" content=\"article\" \/>\n<meta property=\"og:title\" content=\"Javier Pel\u00e1ez - Marqu\u00e9s de Vizhoja\" \/>\n<meta property=\"og:url\" content=\"https:\/\/bodegasmarquesdevizhoja.com\/es\/elaboracion\/javier-pelaez\/\" \/>\n<meta property=\"og:site_name\" content=\"Marqu\u00e9s de Vizhoja\" \/>\n<meta property=\"article:modified_time\" content=\"2021-05-31T07:23:25+00:00\" \/>\n<meta property=\"og:image\" content=\"https:\/\/bodegasmarquesdevizhoja.com\/wp-content\/uploads\/2021\/02\/javier.jpg\" \/>\n<meta name=\"twitter:card\" content=\"summary_large_image\" \/>\n<meta name=\"twitter:label1\" content=\"Tempo de lectura\" \/>\n\t<meta name=\"twitter:data1\" content=\"2 minutos\" \/>\n<script type=\"application\/ld+json\" class=\"yoast-schema-graph\">{\"@context\":\"https:\/\/schema.org\",\"@graph\":[{\"@type\":\"WebPage\",\"@id\":\"https:\/\/bodegasmarquesdevizhoja.com\/es\/elaboracion\/javier-pelaez\/\",\"url\":\"https:\/\/bodegasmarquesdevizhoja.com\/es\/elaboracion\/javier-pelaez\/\",\"name\":\"Javier Pel\u00e1ez - Marqu\u00e9s de Vizhoja\",\"isPartOf\":{\"@id\":\"https:\/\/bodegasmarquesdevizhoja.com\/es\/#website\"},\"primaryImageOfPage\":{\"@id\":\"https:\/\/bodegasmarquesdevizhoja.com\/es\/elaboracion\/javier-pelaez\/#primaryimage\"},\"image\":{\"@id\":\"https:\/\/bodegasmarquesdevizhoja.com\/es\/elaboracion\/javier-pelaez\/#primaryimage\"},\"thumbnailUrl\":\"https:\/\/bodegasmarquesdevizhoja.com\/wp-content\/uploads\/2021\/02\/javier.jpg\",\"datePublished\":\"2020-10-21T09:55:43+00:00\",\"dateModified\":\"2021-05-31T07:23:25+00:00\",\"breadcrumb\":{\"@id\":\"https:\/\/bodegasmarquesdevizhoja.com\/es\/elaboracion\/javier-pelaez\/#breadcrumb\"},\"inLanguage\":\"gl-ES\",\"potentialAction\":[{\"@type\":\"ReadAction\",\"target\":[\"https:\/\/bodegasmarquesdevizhoja.com\/es\/elaboracion\/javier-pelaez\/\"]}]},{\"@type\":\"ImageObject\",\"inLanguage\":\"gl-ES\",\"@id\":\"https:\/\/bodegasmarquesdevizhoja.com\/es\/elaboracion\/javier-pelaez\/#primaryimage\",\"url\":\"https:\/\/bodegasmarquesdevizhoja.com\/wp-content\/uploads\/2021\/02\/javier.jpg\",\"contentUrl\":\"https:\/\/bodegasmarquesdevizhoja.com\/wp-content\/uploads\/2021\/02\/javier.jpg\"},{\"@type\":\"BreadcrumbList\",\"@id\":\"https:\/\/bodegasmarquesdevizhoja.com\/es\/elaboracion\/javier-pelaez\/#breadcrumb\",\"itemListElement\":[{\"@type\":\"ListItem\",\"position\":1,\"name\":\"Inicio\",\"item\":\"https:\/\/bodegasmarquesdevizhoja.com\/gl\/\"},{\"@type\":\"ListItem\",\"position\":2,\"name\":\"Elaboraci\u00f3n\",\"item\":\"https:\/\/bodegasmarquesdevizhoja.com\/es\/elaboracion\/\"},{\"@type\":\"ListItem\",\"position\":3,\"name\":\"Javier Pel\u00e1ez\"}]},{\"@type\":\"WebSite\",\"@id\":\"https:\/\/bodegasmarquesdevizhoja.com\/es\/#website\",\"url\":\"https:\/\/bodegasmarquesdevizhoja.com\/es\/\",\"name\":\"Marqu\u00e9s de Vizhoja\",\"description\":\"\",\"potentialAction\":[{\"@type\":\"SearchAction\",\"target\":{\"@type\":\"EntryPoint\",\"urlTemplate\":\"https:\/\/bodegasmarquesdevizhoja.com\/es\/?s={search_term_string}\"},\"query-input\":{\"@type\":\"PropertyValueSpecification\",\"valueRequired\":true,\"valueName\":\"search_term_string\"}}],\"inLanguage\":\"gl-ES\"}]}<\/script>\n<!-- \/ Yoast SEO plugin. -->","yoast_head_json":{"title":"Javier Pel\u00e1ez - Marqu\u00e9s de Vizhoja","robots":{"index":"index","follow":"follow","max-snippet":"max-snippet:-1","max-image-preview":"max-image-preview:large","max-video-preview":"max-video-preview:-1"},"canonical":"https:\/\/bodegasmarquesdevizhoja.com\/es\/elaboracion\/javier-pelaez\/","og_locale":"gl_ES","og_type":"article","og_title":"Javier Pel\u00e1ez - Marqu\u00e9s de Vizhoja","og_url":"https:\/\/bodegasmarquesdevizhoja.com\/es\/elaboracion\/javier-pelaez\/","og_site_name":"Marqu\u00e9s de Vizhoja","article_modified_time":"2021-05-31T07:23:25+00:00","og_image":[{"url":"https:\/\/bodegasmarquesdevizhoja.com\/wp-content\/uploads\/2021\/02\/javier.jpg","type":"","width":"","height":""}],"twitter_card":"summary_large_image","twitter_misc":{"Tempo de lectura":"2 minutos"},"schema":{"@context":"https:\/\/schema.org","@graph":[{"@type":"WebPage","@id":"https:\/\/bodegasmarquesdevizhoja.com\/es\/elaboracion\/javier-pelaez\/","url":"https:\/\/bodegasmarquesdevizhoja.com\/es\/elaboracion\/javier-pelaez\/","name":"Javier Pel\u00e1ez - Marqu\u00e9s de Vizhoja","isPartOf":{"@id":"https:\/\/bodegasmarquesdevizhoja.com\/es\/#website"},"primaryImageOfPage":{"@id":"https:\/\/bodegasmarquesdevizhoja.com\/es\/elaboracion\/javier-pelaez\/#primaryimage"},"image":{"@id":"https:\/\/bodegasmarquesdevizhoja.com\/es\/elaboracion\/javier-pelaez\/#primaryimage"},"thumbnailUrl":"https:\/\/bodegasmarquesdevizhoja.com\/wp-content\/uploads\/2021\/02\/javier.jpg","datePublished":"2020-10-21T09:55:43+00:00","dateModified":"2021-05-31T07:23:25+00:00","breadcrumb":{"@id":"https:\/\/bodegasmarquesdevizhoja.com\/es\/elaboracion\/javier-pelaez\/#breadcrumb"},"inLanguage":"gl-ES","potentialAction":[{"@type":"ReadAction","target":["https:\/\/bodegasmarquesdevizhoja.com\/es\/elaboracion\/javier-pelaez\/"]}]},{"@type":"ImageObject","inLanguage":"gl-ES","@id":"https:\/\/bodegasmarquesdevizhoja.com\/es\/elaboracion\/javier-pelaez\/#primaryimage","url":"https:\/\/bodegasmarquesdevizhoja.com\/wp-content\/uploads\/2021\/02\/javier.jpg","contentUrl":"https:\/\/bodegasmarquesdevizhoja.com\/wp-content\/uploads\/2021\/02\/javier.jpg"},{"@type":"BreadcrumbList","@id":"https:\/\/bodegasmarquesdevizhoja.com\/es\/elaboracion\/javier-pelaez\/#breadcrumb","itemListElement":[{"@type":"ListItem","position":1,"name":"Inicio","item":"https:\/\/bodegasmarquesdevizhoja.com\/gl\/"},{"@type":"ListItem","position":2,"name":"Elaboraci\u00f3n","item":"https:\/\/bodegasmarquesdevizhoja.com\/es\/elaboracion\/"},{"@type":"ListItem","position":3,"name":"Javier Pel\u00e1ez"}]},{"@type":"WebSite","@id":"https:\/\/bodegasmarquesdevizhoja.com\/es\/#website","url":"https:\/\/bodegasmarquesdevizhoja.com\/es\/","name":"Marqu\u00e9s de Vizhoja","description":"","potentialAction":[{"@type":"SearchAction","target":{"@type":"EntryPoint","urlTemplate":"https:\/\/bodegasmarquesdevizhoja.com\/es\/?s={search_term_string}"},"query-input":{"@type":"PropertyValueSpecification","valueRequired":true,"valueName":"search_term_string"}}],"inLanguage":"gl-ES"}]}},"jetpack_sharing_enabled":true,"_links":{"self":[{"href":"https:\/\/bodegasmarquesdevizhoja.com\/gl\/wp-json\/wp\/v2\/pages\/163","targetHints":{"allow":["GET"]}}],"collection":[{"href":"https:\/\/bodegasmarquesdevizhoja.com\/gl\/wp-json\/wp\/v2\/pages"}],"about":[{"href":"https:\/\/bodegasmarquesdevizhoja.com\/gl\/wp-json\/wp\/v2\/types\/page"}],"author":[{"embeddable":true,"href":"https:\/\/bodegasmarquesdevizhoja.com\/gl\/wp-json\/wp\/v2\/users\/1"}],"replies":[{"embeddable":true,"href":"https:\/\/bodegasmarquesdevizhoja.com\/gl\/wp-json\/wp\/v2\/comments?post=163"}],"version-history":[{"count":35,"href":"https:\/\/bodegasmarquesdevizhoja.com\/gl\/wp-json\/wp\/v2\/pages\/163\/revisions"}],"predecessor-version":[{"id":3738,"href":"https:\/\/bodegasmarquesdevizhoja.com\/gl\/wp-json\/wp\/v2\/pages\/163\/revisions\/3738"}],"up":[{"embeddable":true,"href":"https:\/\/bodegasmarquesdevizhoja.com\/gl\/wp-json\/wp\/v2\/pages\/131"}],"wp:attachment":[{"href":"https:\/\/bodegasmarquesdevizhoja.com\/gl\/wp-json\/wp\/v2\/media?parent=163"}],"curies":[{"name":"wp","href":"https:\/\/api.w.org\/{rel}","templated":true}]}}