{"id":189,"date":"2020-10-21T12:17:52","date_gmt":"2020-10-21T10:17:52","guid":{"rendered":"https:\/\/bodegasmarquesdevizhoja.com\/condiciones-de-venta\/"},"modified":"2021-11-11T16:25:35","modified_gmt":"2021-11-11T15:25:35","slug":"condiciones-de-venta","status":"publish","type":"page","link":"https:\/\/bodegasmarquesdevizhoja.com\/gl\/condiciones-de-venta\/","title":{"rendered":"Condici\u00f3ns de venta"},"content":{"rendered":"\n<p>Condici\u00f3ns xerais de contrataci\u00f3n en <a href=\"http:\/\/www.bodegasmarquesdevizhoja.com\">www.bodegasmarquesdevizhoja.com<\/a> tenda online<\/p>\n\n\n\n<p>BODEGAS MARQU\u00c9S DE VIZHOJA S.A.U. pon \u00e1 disposici\u00f3n dos seus clientes a s\u00faa tenda en internet <a href=\"http:\/\/www.bodegasmarquesdevizhoja.com\">www.bodegasmarquesdevizhoja.com<\/a> (en adiante a web), co fin de que poidan adquirir os produtos que se ofrecen nela.<\/p>\n\n\n\n<p>Para cualquier reclamaci\u00f3n el cliente se podr\u00e1 dirigir a:<br>BODEGAS MARQU\u00c9S DE VIZHOJA, Finca La Moreira s\/N 36438 Arbo (Pontevedra) Tlf 986 665 825 Email: <a href=\"mailto:online@marquesdevizhoja.com\" target=\"_blank\" rel=\"noreferrer noopener\">online@marquesdevizhoja.com<\/a><\/p>\n\n\n\n<p>Recom\u00e9ndase ler as Condici\u00f3ns de Venda antes de proceder a un pedido.<\/p>\n\n\n\n<p>Para realizar calquera compra en <a href=\"http:\/\/www.bodegasmarquesdevizhoja.com\">www.bodegasmarquesdevizhoja.com<\/a>, requ\u00edrese que o usuario se rexistre na web mediante un formulario. Para facer compras na web de BODEGAS MARQU\u00c9S DE VIZHOJA S.A.U. o cliente deber\u00e1 aceptar expresamente as Condici\u00f3ns Xerais de Contrataci\u00f3n.<\/p>\n\n\n\n<p>BODEGAS MARQU\u00c9S DE VIZHOJA S.A.U. poder\u00e1 modificar en calquera momento as presentes condici\u00f3ns de venda, sempre respectando os compromisos previamente adquiridos polos seus clientes. As modificaci\u00f3ns ser\u00e1n publicadas na web para darse a co\u00f1ecer.<\/p>\n\n\n\n<p>BODEGAS MARQU\u00c9S DE VIZHOJA S.A.U. comprom\u00e9tese a non permitir ningunha transacci\u00f3n que sexa ilegal, ou se considere polas marcas de tarxetas de cr\u00e9dito ou do banco adquiriente, que poida ou te\u00f1a o potencial de da\u00f1ar a boa vontade dos mesmos ou influir de xeito negativo neles. As seguintes actividades est\u00e1n prohibidas en virtude dos programas das marcas de tarxetas: a venta ou oferta dun producto ou servicio que non sexa de plena conformidade con todas as leis aplicables ao Comprador, Banco Emisor, Comerciante, Titular da tarxeta, o tarxetas. Ademais, as seguintes actividades tam\u00e9n est\u00e1n prohibidas expl\u00edcitamente: Venta de bebidas alcoh\u00f3licas a menores de 18 anos.<\/p>\n\n\n\n<h2 class=\"wp-block-heading\"><strong>Limitaci\u00f3ns de venda<\/strong><\/h2>\n\n\n\n<p>As ofertas presentes na web e os servizos prestados por BODEGAS MARQU\u00c9S DE VIZHOJA S.A.U. est\u00e1n dirixidos, \u00fanica e exclusivamente, a persoas f\u00edsicas maiores de idade ou xur\u00eddicas que te\u00f1an a consideraci\u00f3n de consumidores ou usuarios finais en atenci\u00f3n \u00e1 normativa actual (Real decreto lexislativo 1\/2007, de 16 de novembro). En consecuencia, quen non re\u00fana os requisitos anteriores non poder\u00e1 adquirir os produtos a trav\u00e9s desta web.<\/p>\n\n\n\n<p>Polo tanto, mediante a aceptaci\u00f3n das presentes condici\u00f3ns de venda o usuario declara que \u00e9 unha persoa con capacidade para contratar e que leu e acepta as presentes Condici\u00f3ns Xerais de Contrataci\u00f3n.<\/p>\n\n\n\n<h2 class=\"wp-block-heading\"><strong>Produtos<\/strong><\/h2>\n\n\n\n<p>BODEGAS MARQU\u00c9S DE VIZHOJA S.A.U. poder\u00e1 ampliar produtos as\u00ed como mellorar os existentes.<\/p>\n\n\n\n<h2 class=\"wp-block-heading\"><strong>Prezos e pago<\/strong><\/h2>\n\n\n\n<p>BODEGAS MARQU\u00c9S DE VIZHOJA S.A.U. poder\u00e1 modificar, substitu\u00edr ou actualizar os prezos dos produtos que actualmente ofrece a trav\u00e9s da s\u00faa web.<\/p>\n\n\n\n<p>Os prezos e as tarifas aplicables son os que figuran en cada momento na web www.bodegasmarquesdevizhoja.com<\/p>\n\n\n\n<p>Os prezos mostrados na web aparecen detallados en euros e incl\u00faen o Imposto Sobre o Valor Engadido (I.V.E.)<\/p>\n\n\n\n<p>Nos prezos non est\u00e1n inclu\u00eddos os gastos de transporte e seguro.<\/p>\n\n\n\n<h2 class=\"wp-block-heading\"><strong>Custes de env\u00edo<\/strong><\/h2>\n\n\n\n<p>Os custes de env\u00edo poder\u00e1n ser modificados en calquera momento sen previo aviso.<\/p>\n\n\n\n<p>Os custos de env\u00edo ser\u00e1n calculados en funci\u00f3n do peso e o destino.<\/p>\n\n\n\n<p>Os custos de env\u00edo calcularanse unha vez se confirme a compra e se indique o enderezo de entrega.<\/p>\n\n\n\n<p>O env\u00edo ser\u00e1 realizado de forma gratu\u00edta \u00e1 Pen\u00ednsula e Baleares para pedidos cun importe igual ou superior a 55 \u20ac.<\/p>\n\n\n\n<h2 class=\"wp-block-heading\">Entrega dos pedidos<\/h2>\n\n\n\n<p>O prazo de entrega dos pedidos \u00e1 Pen\u00ednsula e Baleares \u00e9 de 48\/72 horas (excepto festivos e fins de semana), que empezan a contar desde que o pedido e o seu pago se reciben correctamente.<\/p>\n\n\n\n<p>Para facilitar a entrega ser\u00e1 necesario cubrir correctamente o formulario de compra. Polo que \u00e9 recomendable indicar un tel\u00e9fono de contacto no campo correspondente.<\/p>\n\n\n\n<p>Non se realizar\u00e1n entregas os s\u00e1bados, domingos nin festivos.<\/p>\n\n\n\n<p>Durante os d\u00edas festivos como\u00a0nadal\u00a0ou festas nacionais non podemos\u00a0garantir a entrega\u00a0en 48\/72 horas debido ao alto volume de env\u00edos.<\/p>\n\n\n\n<h2 class=\"wp-block-heading\"><strong>Seguimento do pedido<\/strong><\/h2>\n\n\n\n<p>O cliente poder\u00e1 saber o estado dos seus pedidos a trav\u00e9s da propia web. BODEGAS MARQU\u00c9S DE VIZHOJA S.A.U. tam\u00e9n pon \u00e1 s\u00faa disposici\u00f3n un tel\u00e9fono de atenci\u00f3n ao cliente: 986 665 825 e un correo electr\u00f3nico: <a href=\"mailto:online@marquesdevizhoja.com\">online@marquesdevizhoja.com<\/a><\/p>\n\n\n\n<h2 class=\"wp-block-heading\">Factura<\/h2>\n\n\n\n<p>O cliente recibir\u00e1 unha factura de cada unha das compras ben por correo electr\u00f3nico ben directamente xunto coa entrega do pedido<\/p>\n\n\n\n<h2 class=\"wp-block-heading\"><strong>Cambios e\/ou devoluci\u00f3ns<\/strong><\/h2>\n\n\n\n<p>Devoluci\u00f3ns<\/p>\n\n\n\n<p>O cliente dispor\u00e1 dun prazo de catorce (14) d\u00edas naturais desde a recepci\u00f3n do produto para exercer o seu dereito a desistir, total o parcialmente, da compra do produto, de conformidade coa lexislaci\u00f3n aplicable.<\/p>\n\n\n\n<p>De conformidade co disposto no artigo 102.1 e 2. do Real decreto lexislativo 1\/2007, de 16 de novembro, polo que se aproba o texto refundido da Lei xeral para a defensa dos consumidores e usuarios, e outras leis complementarias, non poder\u00e1 exercerse sobre botellas que se abriran, debido ao deterioro do contido neses casos.<\/p>\n\n\n\n<p>Tras finalizar os catorce (14) d\u00edas naturais, BODEGAS MARQU\u00c9S DE VIZHOJA S.A.U. non aceptar\u00e1 devoluci\u00f3ns.<\/p>\n\n\n\n<p>A devoluci\u00f3n dos produtos remitirase ao seguinte enderezo: BODEGAS MARQU\u00c9S DE VIZHOJA S.A.U. Finca La Moreira s\/n 36438 Arbo (Pontevedra). Tlf 986 665 825.<\/p>\n\n\n\n<p>Os gastos de transporte da devoluci\u00f3n correr\u00e1n a cargo do cliente.<\/p>\n\n\n\n<p>O produto ou os produtos deber\u00e1n estar en perfectas condici\u00f3ns e devolveranse na s\u00faa embalaxe e estado orixinal; inclu\u00edndo o xustificante de compra as\u00ed como accesorios ou regalos inclu\u00eddos, no seu caso.<\/p>\n\n\n\n<p>Unha vez recibida a devoluci\u00f3n, BODEGAS MARQU\u00c9S DE VIZHOJA S.A.U. proceder\u00e1 \u00e1 comprobaci\u00f3n dos produtos e realizar\u00e1 o abono correspondente \u00e1 compra nun prazo de catorce (14) d\u00edas naturais desde a recepci\u00f3n, conforme \u00e1 mesma modalidade de pago empregada polo cliente.<\/p>\n\n\n\n<h2 class=\"wp-block-heading\">Cancelaci\u00f3n<\/h2>\n\n\n\n<p>O cliente poder\u00e1 cancelar; sen custo alg\u00fan, sempre e cando o pedido non fose enviado ao usuario.<\/p>\n\n\n\n<h2 class=\"wp-block-heading\"><strong>Dereito de produtos defectuosos<\/strong><\/h2>\n\n\n\n<p>O cliente ter\u00e1 dereito ao reembolso do prezo dos produtos entregados se non se corresponden co pedido realizado polo cliente. O cliente ter\u00e1 dereito a reclamar e a que se lle entregue un produto igual ao solicitado, en perfecto estado e nun prazo m\u00e1ximo de quince (15) d\u00edas naturais desde a recepci\u00f3n do pedido, procedendo as\u00ed \u00e1 substituci\u00f3n.<\/p>\n\n\n\n<p>O cliente non deber\u00e1 facer fronte aos custos de devoluci\u00f3n dos produtos defectuosos.<\/p>\n\n\n\n<h2 class=\"wp-block-heading\">Formas de pago<\/h2>\n\n\n\n<p>As formas de pago admitidas son: tarxeta de d\u00e9bito e cr\u00e9dito, PayPal e Bizum. Non se admite ningunha outra forma de pago distinta das establecidas nas presentes condici\u00f3ns.<\/p>\n\n\n\n<p>Dispo\u00f1emos dun sistema de pago seguro. Cando un usuario realice unha compra coa tarxeta, acceder\u00e1 \u00e1 p\u00e1xina da entidade bancaria correspondente para introducir os datos da mesma.<\/p>\n\n\n\n<p>Os datos de pagamento son totalmente confidenciais.<\/p>\n","protected":false},"excerpt":{"rendered":"<p>Condici\u00f3ns xerais de contrataci\u00f3n en www.bodegasmarquesdevizhoja.com tenda online BODEGAS MARQU\u00c9S DE VIZHOJA S.A.U. pon \u00e1 disposici\u00f3n dos seus clientes a s\u00faa tenda en internet www.bodegasmarquesdevizhoja.com (en adiante a web), co fin de que poidan adquirir os produtos que se ofrecen nela. Para cualquier reclamaci\u00f3n el cliente se podr\u00e1 dirigir a:BODEGAS MARQU\u00c9S DE VIZHOJA, Finca La [&hellip;]<\/p>\n","protected":false},"author":1,"featured_media":0,"parent":0,"menu_order":0,"comment_status":"closed","ping_status":"closed","template":"","meta":{"_acf_changed":false,"footnotes":""},"class_list":["post-189","page","type-page","status-publish","hentry"],"acf":[],"yoast_head":"<!-- This site is optimized with the Yoast SEO plugin v27.2 - https:\/\/yoast.com\/product\/yoast-seo-wordpress\/ -->\n<title>Condici\u00f3ns de venta - Marqu\u00e9s de Vizhoja<\/title>\n<meta name=\"robots\" content=\"index, follow, max-snippet:-1, max-image-preview:large, max-video-preview:-1\" \/>\n<link rel=\"canonical\" href=\"https:\/\/bodegasmarquesdevizhoja.com\/es\/condiciones-de-venta\/\" \/>\n<meta property=\"og:locale\" content=\"gl_ES\" \/>\n<meta property=\"og:type\" content=\"article\" \/>\n<meta property=\"og:title\" content=\"Condici\u00f3ns de venta - Marqu\u00e9s de Vizhoja\" \/>\n<meta property=\"og:description\" content=\"Condici\u00f3ns xerais de contrataci\u00f3n en www.bodegasmarquesdevizhoja.com tenda online BODEGAS MARQU\u00c9S DE VIZHOJA S.A.U. pon \u00e1 disposici\u00f3n dos seus clientes a s\u00faa tenda en internet www.bodegasmarquesdevizhoja.com (en adiante a web), co fin de que poidan adquirir os produtos que se ofrecen nela. Para cualquier reclamaci\u00f3n el cliente se podr\u00e1 dirigir a:BODEGAS MARQU\u00c9S DE VIZHOJA, Finca La [&hellip;]\" \/>\n<meta property=\"og:url\" content=\"https:\/\/bodegasmarquesdevizhoja.com\/es\/condiciones-de-venta\/\" \/>\n<meta property=\"og:site_name\" content=\"Marqu\u00e9s de Vizhoja\" \/>\n<meta property=\"article:modified_time\" content=\"2021-11-11T15:25:35+00:00\" \/>\n<meta name=\"twitter:card\" content=\"summary_large_image\" \/>\n<meta name=\"twitter:label1\" content=\"Tempo de lectura\" \/>\n\t<meta name=\"twitter:data1\" content=\"5 minutos\" \/>\n<script type=\"application\/ld+json\" class=\"yoast-schema-graph\">{\"@context\":\"https:\/\/schema.org\",\"@graph\":[{\"@type\":\"WebPage\",\"@id\":\"https:\/\/bodegasmarquesdevizhoja.com\/es\/condiciones-de-venta\/\",\"url\":\"https:\/\/bodegasmarquesdevizhoja.com\/es\/condiciones-de-venta\/\",\"name\":\"Condici\u00f3ns de venta - Marqu\u00e9s de Vizhoja\",\"isPartOf\":{\"@id\":\"https:\/\/bodegasmarquesdevizhoja.com\/es\/#website\"},\"datePublished\":\"2020-10-21T10:17:52+00:00\",\"dateModified\":\"2021-11-11T15:25:35+00:00\",\"breadcrumb\":{\"@id\":\"https:\/\/bodegasmarquesdevizhoja.com\/es\/condiciones-de-venta\/#breadcrumb\"},\"inLanguage\":\"gl-ES\",\"potentialAction\":[{\"@type\":\"ReadAction\",\"target\":[\"https:\/\/bodegasmarquesdevizhoja.com\/es\/condiciones-de-venta\/\"]}]},{\"@type\":\"BreadcrumbList\",\"@id\":\"https:\/\/bodegasmarquesdevizhoja.com\/es\/condiciones-de-venta\/#breadcrumb\",\"itemListElement\":[{\"@type\":\"ListItem\",\"position\":1,\"name\":\"Inicio\",\"item\":\"https:\/\/bodegasmarquesdevizhoja.com\/gl\/\"},{\"@type\":\"ListItem\",\"position\":2,\"name\":\"Condici\u00f3ns de venta\"}]},{\"@type\":\"WebSite\",\"@id\":\"https:\/\/bodegasmarquesdevizhoja.com\/es\/#website\",\"url\":\"https:\/\/bodegasmarquesdevizhoja.com\/es\/\",\"name\":\"Marqu\u00e9s de Vizhoja\",\"description\":\"\",\"potentialAction\":[{\"@type\":\"SearchAction\",\"target\":{\"@type\":\"EntryPoint\",\"urlTemplate\":\"https:\/\/bodegasmarquesdevizhoja.com\/es\/?s={search_term_string}\"},\"query-input\":{\"@type\":\"PropertyValueSpecification\",\"valueRequired\":true,\"valueName\":\"search_term_string\"}}],\"inLanguage\":\"gl-ES\"}]}<\/script>\n<!-- \/ Yoast SEO plugin. -->","yoast_head_json":{"title":"Condici\u00f3ns de venta - Marqu\u00e9s de Vizhoja","robots":{"index":"index","follow":"follow","max-snippet":"max-snippet:-1","max-image-preview":"max-image-preview:large","max-video-preview":"max-video-preview:-1"},"canonical":"https:\/\/bodegasmarquesdevizhoja.com\/es\/condiciones-de-venta\/","og_locale":"gl_ES","og_type":"article","og_title":"Condici\u00f3ns de venta - Marqu\u00e9s de Vizhoja","og_description":"Condici\u00f3ns xerais de contrataci\u00f3n en www.bodegasmarquesdevizhoja.com tenda online BODEGAS MARQU\u00c9S DE VIZHOJA S.A.U. pon \u00e1 disposici\u00f3n dos seus clientes a s\u00faa tenda en internet www.bodegasmarquesdevizhoja.com (en adiante a web), co fin de que poidan adquirir os produtos que se ofrecen nela. Para cualquier reclamaci\u00f3n el cliente se podr\u00e1 dirigir a:BODEGAS MARQU\u00c9S DE VIZHOJA, Finca La [&hellip;]","og_url":"https:\/\/bodegasmarquesdevizhoja.com\/es\/condiciones-de-venta\/","og_site_name":"Marqu\u00e9s de Vizhoja","article_modified_time":"2021-11-11T15:25:35+00:00","twitter_card":"summary_large_image","twitter_misc":{"Tempo de lectura":"5 minutos"},"schema":{"@context":"https:\/\/schema.org","@graph":[{"@type":"WebPage","@id":"https:\/\/bodegasmarquesdevizhoja.com\/es\/condiciones-de-venta\/","url":"https:\/\/bodegasmarquesdevizhoja.com\/es\/condiciones-de-venta\/","name":"Condici\u00f3ns de venta - Marqu\u00e9s de Vizhoja","isPartOf":{"@id":"https:\/\/bodegasmarquesdevizhoja.com\/es\/#website"},"datePublished":"2020-10-21T10:17:52+00:00","dateModified":"2021-11-11T15:25:35+00:00","breadcrumb":{"@id":"https:\/\/bodegasmarquesdevizhoja.com\/es\/condiciones-de-venta\/#breadcrumb"},"inLanguage":"gl-ES","potentialAction":[{"@type":"ReadAction","target":["https:\/\/bodegasmarquesdevizhoja.com\/es\/condiciones-de-venta\/"]}]},{"@type":"BreadcrumbList","@id":"https:\/\/bodegasmarquesdevizhoja.com\/es\/condiciones-de-venta\/#breadcrumb","itemListElement":[{"@type":"ListItem","position":1,"name":"Inicio","item":"https:\/\/bodegasmarquesdevizhoja.com\/gl\/"},{"@type":"ListItem","position":2,"name":"Condici\u00f3ns de venta"}]},{"@type":"WebSite","@id":"https:\/\/bodegasmarquesdevizhoja.com\/es\/#website","url":"https:\/\/bodegasmarquesdevizhoja.com\/es\/","name":"Marqu\u00e9s de Vizhoja","description":"","potentialAction":[{"@type":"SearchAction","target":{"@type":"EntryPoint","urlTemplate":"https:\/\/bodegasmarquesdevizhoja.com\/es\/?s={search_term_string}"},"query-input":{"@type":"PropertyValueSpecification","valueRequired":true,"valueName":"search_term_string"}}],"inLanguage":"gl-ES"}]}},"jetpack_sharing_enabled":true,"_links":{"self":[{"href":"https:\/\/bodegasmarquesdevizhoja.com\/gl\/wp-json\/wp\/v2\/pages\/189","targetHints":{"allow":["GET"]}}],"collection":[{"href":"https:\/\/bodegasmarquesdevizhoja.com\/gl\/wp-json\/wp\/v2\/pages"}],"about":[{"href":"https:\/\/bodegasmarquesdevizhoja.com\/gl\/wp-json\/wp\/v2\/types\/page"}],"author":[{"embeddable":true,"href":"https:\/\/bodegasmarquesdevizhoja.com\/gl\/wp-json\/wp\/v2\/users\/1"}],"replies":[{"embeddable":true,"href":"https:\/\/bodegasmarquesdevizhoja.com\/gl\/wp-json\/wp\/v2\/comments?post=189"}],"version-history":[{"count":7,"href":"https:\/\/bodegasmarquesdevizhoja.com\/gl\/wp-json\/wp\/v2\/pages\/189\/revisions"}],"predecessor-version":[{"id":3311,"href":"https:\/\/bodegasmarquesdevizhoja.com\/gl\/wp-json\/wp\/v2\/pages\/189\/revisions\/3311"}],"wp:attachment":[{"href":"https:\/\/bodegasmarquesdevizhoja.com\/gl\/wp-json\/wp\/v2\/media?parent=189"}],"curies":[{"name":"wp","href":"https:\/\/api.w.org\/{rel}","templated":true}]}}