{"id":195,"date":"2020-10-21T12:19:43","date_gmt":"2020-10-21T10:19:43","guid":{"rendered":"https:\/\/bodegasmarquesdevizhoja.com\/politica-de-cookies\/"},"modified":"2021-09-15T11:51:46","modified_gmt":"2021-09-15T09:51:46","slug":"politica-de-cookies","status":"publish","type":"page","link":"https:\/\/bodegasmarquesdevizhoja.com\/gl\/politica-de-cookies\/","title":{"rendered":"Pol\u00edtica de cookies"},"content":{"rendered":"\n<h2 class=\"wp-block-heading\">1. Uso de cookies e alcance desta pol\u00edtica<\/h2>\n\n\n\n<p>O sitio web www.bodegasmarquesdevizhoja.com (o \u201cSitio Web\u201d), titularidade de Bodegas Marqu\u00e9s de Vizhoja, S.A.U, utiliza cookies. Esta tecnolox\u00eda permite almacenar e recuperar informaci\u00f3n dos equipos dos usuarios (ordenador, dispositivo m\u00f3bil ou outros) con diversos fins.<\/p>\n\n\n\n<p>A presente pol\u00edtica de cookies ten por finalidade informar sobre as cookies que se utilizan no noso Sitio Web (a \u201cPol\u00edtica de Cookies\u201d).<\/p>\n\n\n\n<h2 class=\"wp-block-heading\">2. Tipo de cookies que se usan no sitio web<\/h2>\n\n\n\n<p><strong>Cookies propias:<\/strong>&nbsp;son aquelas cookies respecto das que exclusivamente n\u00f3s somos responsables da informaci\u00f3n que se trata. Con todo, a tecnolox\u00eda empregada pode ser dun terceiro que act\u00faa como mero fornecedor de servizos.<\/p>\n\n\n\n<p>\u00c1 parte de utilizar cookies t\u00e9cnicas, que permiten o funcionamento do Sitio Web e a prestaci\u00f3n dos servizos fornecidos no mesmo (estas cookies lembran, por exemplo, as preferencias sobre as cookies do usuario ou os elementos que integran un pedido para poder realizar as compras), utilizamos os seguintes tipos de cookies:<\/p>\n\n\n\n<figure class=\"wp-block-table is-style-stripes\"><table class=\"has-subtle-pale-blue-background-color has-fixed-layout has-background\"><thead><tr><th>Finalidade<\/th><th class=\"has-text-align-center\" data-align=\"center\">Prazo de conservaci\u00f3n<\/th><\/tr><\/thead><tbody><tr><td>Cookies anal\u00edticas: permiten conocer c\u00f3mo Cookies anal\u00edticas: permiten co\u00f1ecer como interact\u00faan os usuarios co Sitio Web (por exemplo, cal \u00e9 o n\u00famero total de visitas ou que partes do Sitio Web gozan de maior popularidade). Esta informaci\u00f3n ax\u00fadanos a mellorar o Sitio Web e ofrecerlles una mellor experiencia aos usuarios.<\/td><td class=\"has-text-align-center\" data-align=\"center\">24 meses<\/td><\/tr><tr><td>Cookies de personalizaci\u00f3n: permiten lembrar informaci\u00f3n para que o usuario acceda ao servizo con determinadas caracter\u00edsticas que poden diferenciar a s\u00faa experiencia da doutros usuarios (por exemplo, podemos determinar se xa viu o chat, para non o amosar de novo).<\/td><td class=\"has-text-align-center\" data-align=\"center\">24 meses<\/td><\/tr><tr><td>Cookies de publicidad comportamental: permiten mostrar al usuario publicidad Cookies de publicidade comportamental: permiten mostrarlle ao usuario publicidade personalizada, \u00e9 dicir, adaptada e orientada aos seus gustos e intereses. Para iso, desenv\u00f3lvese un perfil do usuario baseado nas caracter\u00edsticas do seu dispositivo e os seus h\u00e1bitos de navegaci\u00f3n (por exemplo, as p\u00e1xinas visitadas).<\/td><td class=\"has-text-align-center\" data-align=\"center\">24 meses<\/td><\/tr><\/tbody><\/table><\/figure>\n\n\n\n<p><strong><strong>Cookies de terceiros:<\/strong>\u00a0<\/strong>son aquelas cookies respecto das que unha terceira entidade \u00e9 responsable da informaci\u00f3n que se trata. No noso Sitio Web utilizamos as seguintes cookies de terceiros asociadas aos servizos de Google Maps e YouTube de Google:<\/p>\n\n\n\n<figure class=\"wp-block-table is-style-stripes\"><table class=\"has-subtle-pale-blue-background-color has-fixed-layout has-background\"><thead><tr><th>Finalidade<\/th><th>Terceiro<\/th><th>M\u00e1is informaci\u00f3n<\/th><\/tr><\/thead><tbody><tr><td>Cookies anal\u00edticas: axudan a recompilar datos que permiten aos servizos entender como interact\u00faan con eles os usuarios. Esta informaci\u00f3n util\u00edzase para mellorar o contido dos servizos e as s\u00faas funci\u00f3ns, as\u00ed como para ofrecerlles unha mellor experiencia aos usuarios.<\/td><td>Google<\/td><td><a href=\"https:\/\/policies.google.com\/technologies\/cookies?hl=es\" target=\"_blank\" rel=\"noreferrer noopener\"><span style=\"color:#354abe\" class=\"has-inline-color\">C\u00f3mo utiliza Google as<br>cookies<\/span><\/a><br><a href=\"https:\/\/developers.google.com\/analytics\/devguides\/collection\/analyticsjs\/cookie-usage\"><br><\/a><a href=\"https:\/\/policies.google.com\/privacy?hl=es\" target=\"_blank\" rel=\"noreferrer noopener\"><span style=\"color:#354abe\" class=\"has-inline-color\">Pol\u00edtica de privacidade de Google<\/span><\/a><\/td><\/tr><tr><td>Cookies de personalizaci\u00f3n: melloran a experiencia dos usuarios ofrec\u00e9ndolles funci\u00f3ns e contidos personalizados.<\/td><td>Google<\/td><td><a href=\"https:\/\/policies.google.com\/technologies\/cookies?hl=es\" target=\"_blank\" rel=\"noreferrer noopener\"><span style=\"color:#354abe\" class=\"has-inline-color\">C\u00f3mo utiliza Google as<br>cookies<\/span><\/a><br><a href=\"https:\/\/policies.google.com\/technologies\/cookies?hl=es#types-of-cookies\"><br><\/a><a href=\"https:\/\/policies.google.com\/privacy?hl=es\" target=\"_blank\" rel=\"noreferrer noopener\"><span style=\"color:#354abe\" class=\"has-inline-color\">Pol\u00edtica de privacidade de Google<\/span><\/a><a href=\"https:\/\/policies.google.com\/technologies\/cookies?hl=es#types-of-cookies\" target=\"_blank\" rel=\"noreferrer noopener\"><span style=\"color:#354abe\" class=\"has-inline-color\"><br><\/span><\/a><br><a href=\"https:\/\/www.mautic.org\/privacy-policy\"><\/a><\/td><\/tr><tr><td>Cookies de publicidade: permiten publicar e renderizar anuncios, personalizar anuncios, limitar o n\u00famero de veces que se mostra un anuncio a un usuario, ocultar anuncios que o usuario indicou que non quere volver ver e medir a eficacia dos anuncios.<\/td><td>Google<\/td><td><a href=\"https:\/\/policies.google.com\/technologies\/cookies?hl=es\" target=\"_blank\" rel=\"noreferrer noopener\"><span style=\"color:#354abe\" class=\"has-inline-color\">C\u00f3mo utiliza Google as<br>cookies<\/span><\/a><br><a href=\"https:\/\/policies.google.com\/technologies\/ads?hl=es\"><br><\/a><a href=\"https:\/\/policies.google.com\/privacy?hl=es\" target=\"_blank\" rel=\"noreferrer noopener\"><span style=\"color:#354abe\" class=\"has-inline-color\">Pol\u00edtica de privacidade de Google<\/span><\/a><\/td><\/tr><\/tbody><\/table><\/figure>\n\n\n\n<h2 class=\"wp-block-heading\">3. Retirar o seu consentimento<\/h2>\n\n\n\n<script id=\"CookieDeclaration\" src=\"https:\/\/consent.cookiebot.com\/1c614dc7-b1c7-42ec-a969-a43fd2d005a6\/cd.js\" type=\"text\/javascript\" async=\"\"><\/script>\n\n\n\n<h2 class=\"wp-block-heading\">4. Deshabilitar, bloquear e eliminar as cookies<\/h2>\n\n\n\n<p>Vostede pode bloquear ou desactivar as cookies cambiando a configuraci\u00f3n do seu navegador. A maior\u00eda de navegadores permiten advertir da presenza de cookies ou rexeitalas automaticamente.<\/p>\n\n\n\n<p>Non obstante, te\u00f1a en conta que se bloquea o uso de cookies, a\u00ednda que poder\u00e1 seguir navegando polo noso Sitio Web, o uso dalg\u00fans dos seus servizos poder\u00e1 verse limitado e, polo tanto, a s\u00faa experiencia ser\u00e1 menos satisfactoria (por exemplo, poder\u00edan non gardarse as s\u00faas preferencias sobre o uso de cookies e a nosa tenda poder\u00eda non funcionar adecuadamente).<\/p>\n\n\n\n<p>A continuaci\u00f3n, facilitamos ligaz\u00f3ns con informaci\u00f3n sobre a forma de axustar a configuraci\u00f3n de cookies dos principais navegadores:<\/p>\n\n\n\n<p>a) Internet Explorer 11:&nbsp;<a href=\"https:\/\/support.microsoft.com\/es-es\/help\/17442\/windowsinternet-%20explorer-delete-manage-cookies\" target=\"_blank\" rel=\"noreferrer noopener\">https:\/\/support.microsoft.com\/es-es\/help\/17442\/windowsinternet- explorer-delete-manage-cookies<\/a><\/p>\n\n\n\n<p>b) Firefox:&nbsp;<a href=\"https:\/\/support.mozilla.org\/es\/kb\/habilitar-y-deshabilitar-cookies-sitios-web-rastrear-preferencias\" target=\"_blank\" rel=\"noreferrer noopener\">https:\/\/support.mozilla.org\/es\/kb\/habilitar-y-deshabilitar-cookies-sitios-web-rastrear-preferencias<\/a><\/p>\n\n\n\n<p>c) Chrome:&nbsp;<a href=\"https:\/\/support.google.com\/chrome\/answer\/95647?co=GENIE.Platform=Des%20ktop&amp;hl=es\" target=\"_blank\" rel=\"noreferrer noopener\">https:\/\/support.google.com\/chrome\/answer\/95647?co=GENIE.Platform=Des ktop&amp;hl=es<\/a><\/p>\n\n\n\n<p>d) Safari:&nbsp;<a href=\"https:\/\/support.apple.com\/es-es\/guide\/safari\/sfri11471\/mac\" target=\"_blank\" rel=\"noreferrer noopener\">https:\/\/support.apple.com\/es-es\/guide\/safari\/sfri11471\/mac<\/a>&nbsp;(para iOS:&nbsp;<a href=\"https:\/\/support.apple.com\/es-es\/HT201265\" target=\"_blank\" rel=\"noreferrer noopener\">https:\/\/support.apple.com\/es-es\/HT201265<\/a>).&nbsp;<\/p>\n\n\n\n<p>Se quere m\u00e1is informaci\u00f3n sobre como administrar as cookies, visite:&nbsp;<a href=\"http:\/\/www.allaboutcookies.org\/es\/administrar-las-cookies\" target=\"_blank\" rel=\"noreferrer noopener\">http:\/\/www.allaboutcookies.org\/es\/administrar-as-cookies<\/a>.<\/p>\n\n\n\n<p>Alg\u00fans terceiros ofrecen mecanismos de rexeitamento das s\u00faas cookies:<\/p>\n\n\n\n<p>a) Google:&nbsp;<a href=\"https:\/\/chrome.google.com\/webstore\/detail\/google-analytics-opt-out\/fllaojicojecljbmefodhfapmkghcbnh?hl=es\" target=\"_blank\" rel=\"noreferrer noopener\">complemento para inhabilitar Google Analytics<\/a>&nbsp;y desactivar&nbsp;<a href=\"https:\/\/adssettings.google.com\/authenticated?hl=es\" target=\"_blank\" rel=\"noreferrer noopener\">personalizaci\u00f3n de anuncios<\/a>.<\/p>\n\n\n\n<p>Se vostede acepta as cookies de terceiros, deber\u00e1 eliminalas desde as opci\u00f3ns do navegador ou, no seu caso, mediante mecanismos ofrecidos polos terceiros, xa que, unha vez aceptadas, n\u00f3s non temos control sobre as elas.<\/p>\n\n\n\n<h2 class=\"wp-block-heading\">5. Informaci\u00f3n adicional sobre protecci\u00f3n de datos<\/h2>\n\n\n\n<p>Neste apartado informamos daqueles aspectos espec\u00edficos do tratamento dos datos relacionados co uso de cookies que non se cubriron no resto desta Pol\u00edtica de Cookies. Se quere m\u00e1is informaci\u00f3n sobre o tratamento dos seus datos (inclu\u00edda a informaci\u00f3n sobre o exercicio dos seus dereitos), consulte a nosa\u00a0<a href=\"https:\/\/bodegasmarquesdevizhoja.com\/gl\/politica-privacidade\/\">pol\u00edtica de privacidad<\/a>e.<\/p>\n\n\n\n<p><strong>5.1. <strong>Base xur\u00eddica do tratamento<\/strong><\/strong><\/p>\n\n\n\n<p>O tratamento de datos derivado do uso de cookies est\u00e1 lexitimado polo seu consentimento, que vostede poder\u00e1 retirar en calquera momento conforme se indica nos apartados 3 e 4 desta pol\u00edtica.<\/p>\n\n\n\n<p><strong>5.2. Categor\u00edas de datos<\/strong><\/p>\n\n\n\n<p>Estes son os tipos de datos que se tratan a trav\u00e9s das cookies:<\/p>\n\n\n\n<p>\u2022 Cookies anal\u00edticas: data e hora de visita ao Sitio Web, p\u00e1xinas vistas, tempo que estivo no noso Sitio Web e sitios visitados antes e despois da visita.<\/p>\n\n\n\n<p>\u2022 Cookies de personalizaci\u00f3n: data e hora de visita ao Sitio Web, tipo de navegador, idioma do navegador, tipo de dispositivo utilizado, p\u00e1xinas visitadas, visitas anteriores \u00e1 web, desde onde chegou \u00e1 p\u00e1xina.<\/p>\n\n\n\n<p>\u2022 Cookies de publicidade comportamental: data e hora de visita ao Sitio Web, idioma do navegador do usuario, tipo de dispositivo utilizado, p\u00e1xinas visitadas, visitas anteriores \u00e1 web, desde onde chegou \u00e1 p\u00e1xina.<\/p>\n\n\n\n<p>Respecto das cookies de terceiros, consulte as ligaz\u00f3ns facilitadas para estes terceiros no apartado 2 desta Pol\u00edtica de Cookies.<\/p>\n\n\n\n<p><strong>5.3. Elaboraci\u00f3n de perf\u00eds<\/strong><\/p>\n\n\n\n<p>Se vostede acepta o uso de cookies de publicidade comportamental, crearase un perfil para mostrarlle publicidade personalizada, segundo se describe no apartado 2 desta Pol\u00edtica de Cookies. As categor\u00edas de datos que se utilizan para a creaci\u00f3n de perf\u00eds especif\u00edcanse no subapartado anterior.<\/p>\n\n\n\n<p>Por exemplo, se vostede accede \u00e1 p\u00e1xina web desde un anuncio que publicamos no buscador de Google, o sistema detectarao e amosaralle un determinado b\u00e1ner ou promoci\u00f3n de produto.<\/p>\n\n\n\n<p>Respecto das cookies de terceiros, consulte as ligaz\u00f3ns facilitadas para estes terceiros no apartado 2 desta Pol\u00edtica de Cookies.<\/p>\n\n\n\n<p><strong>5.4. Destinatarios dos datos<\/strong><\/p>\n\n\n\n<p>Compartimos a informaci\u00f3n recompilada con autoridades e organismos p\u00fablicos para o cumprimento de obrigas legais, as\u00ed como con fornecedores de servizos de tecnolox\u00edas da informaci\u00f3n que, como encargados do tratamento, act\u00faan pola nosa conta (por exemplo, Google en relaci\u00f3n co uso de&nbsp;<a href=\"https:\/\/developers.google.com\/analytics\/devguides\/collection\/analyticsjs\/cookie-usage?hl=es\" target=\"_blank\" rel=\"noreferrer noopener\">Google Analytics<\/a>).<\/p>\n\n\n\n<p>Respecto das cookies de terceiros, consulte as ligaz\u00f3ns facilitadas para estes terceiros no apartado 2 desta Pol\u00edtica de Cookies.<\/p>\n\n\n\n<p><strong>5.5. Transferencias a terceiros pa\u00edses<\/strong><\/p>\n\n\n\n<p>Bodegas Marqu\u00e9s de Vizhoja, S.A.U. non realiza transferencias a terceiros pa\u00edses.<\/p>\n\n\n\n<p>Respecto das cookies de terceiros, consulte as ligaz\u00f3ns facilitadas para estes terceiros no apartado 2 desta Pol\u00edtica de Cookies.<\/p>\n\n\n\n<h2 class=\"wp-block-heading\">6. Cambios na pol\u00edtica de cookies<\/h2>\n\n\n\n<p>A Pol\u00edtica de Cookies do noso Sitio Web poderase actualizar por distintos motivos (por exemplo, para adecuala \u00e1s cookies que se utilicen en cada momento). Para estar adecuadamente informado sobre como e para que usamos as cookies en cada momento, recomend\u00e1moslle ler esta pol\u00edtica cando acceda ao noso Sitio Web.\u00a0<\/p>\n\n\n\n<h2 class=\"wp-block-heading\">7. Contacto<\/h2>\n\n\n\n<p>Se tivera algunha d\u00fabida, comentario ou suxesti\u00f3n sobre a Pol\u00edtica de Cookies, escriba a:\u00a0<a href=\"mailto:marquesdevizhoja@marquesdevizhoja.com\">marquesdevizhoja@marquesdevizhoja.com<\/a>.<\/p>\n","protected":false},"excerpt":{"rendered":"<p>1. Uso de cookies e alcance desta pol\u00edtica O sitio web www.bodegasmarquesdevizhoja.com (o \u201cSitio Web\u201d), titularidade de Bodegas Marqu\u00e9s de Vizhoja, S.A.U, utiliza cookies. Esta tecnolox\u00eda permite almacenar e recuperar informaci\u00f3n dos equipos dos usuarios (ordenador, dispositivo m\u00f3bil ou outros) con diversos fins. A presente pol\u00edtica de cookies ten por finalidade informar sobre as cookies [&hellip;]<\/p>\n","protected":false},"author":1,"featured_media":0,"parent":0,"menu_order":0,"comment_status":"closed","ping_status":"closed","template":"","meta":{"_acf_changed":false,"footnotes":""},"class_list":["post-195","page","type-page","status-publish","hentry"],"acf":[],"yoast_head":"<!-- This site is optimized with the Yoast SEO plugin v27.2 - https:\/\/yoast.com\/product\/yoast-seo-wordpress\/ -->\n<title>Pol\u00edtica de cookies - Marqu\u00e9s de Vizhoja<\/title>\n<meta name=\"robots\" content=\"index, follow, max-snippet:-1, max-image-preview:large, max-video-preview:-1\" \/>\n<link rel=\"canonical\" href=\"https:\/\/bodegasmarquesdevizhoja.com\/es\/politica-de-cookies\/\" \/>\n<meta property=\"og:locale\" content=\"gl_ES\" \/>\n<meta property=\"og:type\" content=\"article\" \/>\n<meta property=\"og:title\" content=\"Pol\u00edtica de cookies - Marqu\u00e9s de Vizhoja\" \/>\n<meta property=\"og:description\" content=\"1. Uso de cookies e alcance desta pol\u00edtica O sitio web www.bodegasmarquesdevizhoja.com (o \u201cSitio Web\u201d), titularidade de Bodegas Marqu\u00e9s de Vizhoja, S.A.U, utiliza cookies. Esta tecnolox\u00eda permite almacenar e recuperar informaci\u00f3n dos equipos dos usuarios (ordenador, dispositivo m\u00f3bil ou outros) con diversos fins. A presente pol\u00edtica de cookies ten por finalidade informar sobre as cookies [&hellip;]\" \/>\n<meta property=\"og:url\" content=\"https:\/\/bodegasmarquesdevizhoja.com\/es\/politica-de-cookies\/\" \/>\n<meta property=\"og:site_name\" content=\"Marqu\u00e9s de Vizhoja\" \/>\n<meta property=\"article:modified_time\" content=\"2021-09-15T09:51:46+00:00\" \/>\n<meta name=\"twitter:card\" content=\"summary_large_image\" \/>\n<meta name=\"twitter:label1\" content=\"Tempo de lectura\" \/>\n\t<meta name=\"twitter:data1\" content=\"6 minutos\" \/>\n<script type=\"application\/ld+json\" class=\"yoast-schema-graph\">{\"@context\":\"https:\/\/schema.org\",\"@graph\":[{\"@type\":\"WebPage\",\"@id\":\"https:\/\/bodegasmarquesdevizhoja.com\/es\/politica-de-cookies\/\",\"url\":\"https:\/\/bodegasmarquesdevizhoja.com\/es\/politica-de-cookies\/\",\"name\":\"Pol\u00edtica de cookies - Marqu\u00e9s de Vizhoja\",\"isPartOf\":{\"@id\":\"https:\/\/bodegasmarquesdevizhoja.com\/es\/#website\"},\"datePublished\":\"2020-10-21T10:19:43+00:00\",\"dateModified\":\"2021-09-15T09:51:46+00:00\",\"breadcrumb\":{\"@id\":\"https:\/\/bodegasmarquesdevizhoja.com\/es\/politica-de-cookies\/#breadcrumb\"},\"inLanguage\":\"gl-ES\",\"potentialAction\":[{\"@type\":\"ReadAction\",\"target\":[\"https:\/\/bodegasmarquesdevizhoja.com\/es\/politica-de-cookies\/\"]}]},{\"@type\":\"BreadcrumbList\",\"@id\":\"https:\/\/bodegasmarquesdevizhoja.com\/es\/politica-de-cookies\/#breadcrumb\",\"itemListElement\":[{\"@type\":\"ListItem\",\"position\":1,\"name\":\"Inicio\",\"item\":\"https:\/\/bodegasmarquesdevizhoja.com\/gl\/\"},{\"@type\":\"ListItem\",\"position\":2,\"name\":\"Pol\u00edtica de cookies\"}]},{\"@type\":\"WebSite\",\"@id\":\"https:\/\/bodegasmarquesdevizhoja.com\/es\/#website\",\"url\":\"https:\/\/bodegasmarquesdevizhoja.com\/es\/\",\"name\":\"Marqu\u00e9s de Vizhoja\",\"description\":\"\",\"potentialAction\":[{\"@type\":\"SearchAction\",\"target\":{\"@type\":\"EntryPoint\",\"urlTemplate\":\"https:\/\/bodegasmarquesdevizhoja.com\/es\/?s={search_term_string}\"},\"query-input\":{\"@type\":\"PropertyValueSpecification\",\"valueRequired\":true,\"valueName\":\"search_term_string\"}}],\"inLanguage\":\"gl-ES\"}]}<\/script>\n<!-- \/ Yoast SEO plugin. -->","yoast_head_json":{"title":"Pol\u00edtica de cookies - Marqu\u00e9s de Vizhoja","robots":{"index":"index","follow":"follow","max-snippet":"max-snippet:-1","max-image-preview":"max-image-preview:large","max-video-preview":"max-video-preview:-1"},"canonical":"https:\/\/bodegasmarquesdevizhoja.com\/es\/politica-de-cookies\/","og_locale":"gl_ES","og_type":"article","og_title":"Pol\u00edtica de cookies - Marqu\u00e9s de Vizhoja","og_description":"1. Uso de cookies e alcance desta pol\u00edtica O sitio web www.bodegasmarquesdevizhoja.com (o \u201cSitio Web\u201d), titularidade de Bodegas Marqu\u00e9s de Vizhoja, S.A.U, utiliza cookies. Esta tecnolox\u00eda permite almacenar e recuperar informaci\u00f3n dos equipos dos usuarios (ordenador, dispositivo m\u00f3bil ou outros) con diversos fins. A presente pol\u00edtica de cookies ten por finalidade informar sobre as cookies [&hellip;]","og_url":"https:\/\/bodegasmarquesdevizhoja.com\/es\/politica-de-cookies\/","og_site_name":"Marqu\u00e9s de Vizhoja","article_modified_time":"2021-09-15T09:51:46+00:00","twitter_card":"summary_large_image","twitter_misc":{"Tempo de lectura":"6 minutos"},"schema":{"@context":"https:\/\/schema.org","@graph":[{"@type":"WebPage","@id":"https:\/\/bodegasmarquesdevizhoja.com\/es\/politica-de-cookies\/","url":"https:\/\/bodegasmarquesdevizhoja.com\/es\/politica-de-cookies\/","name":"Pol\u00edtica de cookies - Marqu\u00e9s de Vizhoja","isPartOf":{"@id":"https:\/\/bodegasmarquesdevizhoja.com\/es\/#website"},"datePublished":"2020-10-21T10:19:43+00:00","dateModified":"2021-09-15T09:51:46+00:00","breadcrumb":{"@id":"https:\/\/bodegasmarquesdevizhoja.com\/es\/politica-de-cookies\/#breadcrumb"},"inLanguage":"gl-ES","potentialAction":[{"@type":"ReadAction","target":["https:\/\/bodegasmarquesdevizhoja.com\/es\/politica-de-cookies\/"]}]},{"@type":"BreadcrumbList","@id":"https:\/\/bodegasmarquesdevizhoja.com\/es\/politica-de-cookies\/#breadcrumb","itemListElement":[{"@type":"ListItem","position":1,"name":"Inicio","item":"https:\/\/bodegasmarquesdevizhoja.com\/gl\/"},{"@type":"ListItem","position":2,"name":"Pol\u00edtica de cookies"}]},{"@type":"WebSite","@id":"https:\/\/bodegasmarquesdevizhoja.com\/es\/#website","url":"https:\/\/bodegasmarquesdevizhoja.com\/es\/","name":"Marqu\u00e9s de Vizhoja","description":"","potentialAction":[{"@type":"SearchAction","target":{"@type":"EntryPoint","urlTemplate":"https:\/\/bodegasmarquesdevizhoja.com\/es\/?s={search_term_string}"},"query-input":{"@type":"PropertyValueSpecification","valueRequired":true,"valueName":"search_term_string"}}],"inLanguage":"gl-ES"}]}},"jetpack_sharing_enabled":true,"_links":{"self":[{"href":"https:\/\/bodegasmarquesdevizhoja.com\/gl\/wp-json\/wp\/v2\/pages\/195","targetHints":{"allow":["GET"]}}],"collection":[{"href":"https:\/\/bodegasmarquesdevizhoja.com\/gl\/wp-json\/wp\/v2\/pages"}],"about":[{"href":"https:\/\/bodegasmarquesdevizhoja.com\/gl\/wp-json\/wp\/v2\/types\/page"}],"author":[{"embeddable":true,"href":"https:\/\/bodegasmarquesdevizhoja.com\/gl\/wp-json\/wp\/v2\/users\/1"}],"replies":[{"embeddable":true,"href":"https:\/\/bodegasmarquesdevizhoja.com\/gl\/wp-json\/wp\/v2\/comments?post=195"}],"version-history":[{"count":9,"href":"https:\/\/bodegasmarquesdevizhoja.com\/gl\/wp-json\/wp\/v2\/pages\/195\/revisions"}],"predecessor-version":[{"id":5878,"href":"https:\/\/bodegasmarquesdevizhoja.com\/gl\/wp-json\/wp\/v2\/pages\/195\/revisions\/5878"}],"wp:attachment":[{"href":"https:\/\/bodegasmarquesdevizhoja.com\/gl\/wp-json\/wp\/v2\/media?parent=195"}],"curies":[{"name":"wp","href":"https:\/\/api.w.org\/{rel}","templated":true}]}}