{"id":3757,"date":"2021-05-28T11:37:30","date_gmt":"2021-05-28T09:37:30","guid":{"rendered":"https:\/\/bodegasmarquesdevizhoja.com\/aviso-legal-2\/"},"modified":"2021-07-21T14:30:06","modified_gmt":"2021-07-21T12:30:06","slug":"aviso-legal","status":"publish","type":"page","link":"https:\/\/bodegasmarquesdevizhoja.com\/gl\/aviso-legal\/","title":{"rendered":"Aviso legal"},"content":{"rendered":"\n<p>A confidencialidade e a seguridade son valores de BODEGAS MARQU\u00c9S DE VIZHOJA S.A.U. e, en consecuencia, asume o compromiso de garantir a privacidade do usuario en todo momento e de non recompilar informaci\u00f3n innecesaria sobre o Usuario.<\/p>\n\n\n\n<p>BODEGAS MARQU\u00c9S DE VIZHOJA, S.A.U., sendo propietaria da tenda online www.bodegasmarquesdevizhoja.com, en cumprimento da Lei 34\/2002 de 11 de xullo, de servizos&nbsp; da sociedade da informaci\u00f3n e de comercio electr\u00f3nico, informa:<\/p>\n\n\n\n<ul class=\"wp-block-list\"><li>Que o dominio<a href=\"http:\/\/www.bodegasmarquesdevizhoja.com\"> www.bodegasmarquesdevizhoja.com<\/a>, a partir de agora website ou sitio web, est\u00e1 rexistrado a nome de BODEGAS MARQU\u00c9S DE VIZHOJA, S.A.U.<\/li><li>Que, en cumprimento do artigo 10 da Lei 34\/2002, de 11 de xullo, de servizos da sociedade da informaci\u00f3n e comercio electr\u00f3nico, a continuaci\u00f3n se expo\u00f1en os datos identificativos de BODEGAS MARQU\u00c9S DE VIZHOJA:<ul><li>Nome ou raz\u00f3n social: BODEGAS MARQU\u00c9S DE VIZHOJA, S.A.U.<\/li><li>CIF: A36655025<\/li><li>Enderezo: Finca La Moreira s\/n<\/li><li>C.P. 36438<\/li><li>Provincia: Pontevedra<\/li><li>Pa\u00eds: Espa\u00f1a<\/li><li>Inscrita no Rexistro Mercantil de Pontevedra, Folio 166, libro 609, folla PO-401, inscrici\u00f3n 1\u00aa<\/li><li>Enderezo de correo electr\u00f3nico de contacto: marquesdevizhoja@marquesdevizhoja.com<\/li><\/ul><\/li><li>Que a p\u00e1xina web de BODEGAS MARQU\u00c9S DE VIZHOJA S.A.U. se adec\u00faa no seu funcionamento e configuraci\u00f3n \u00e1s normas establecidas na Lei 34\/2002, de 11 de xullo, de servizos da sociedade da informaci\u00f3n e de comercio electr\u00f3nico, no relativo a todas as actividades e servizos fornecidos por BODEGAS MARQU\u00c9S DE VIZHOJA, S.A.U. (mediante medios electr\u00f3nicos, inclu\u00eddos dentro do chamado concepto de \u201cservizos da sociedade da informaci\u00f3n\u201d.<\/li><\/ul>\n\n\n\n<p>Este Aviso Legal ofr\u00e9celle informaci\u00f3n ao usuario sobre as condici\u00f3ns de acceso e uso do presente website establecidas por BODEGAS MARQU\u00c9S DE VIZHOJA, S.A.U. \u00c9 importante que o usuario lea coidadosamente e comprenda as condici\u00f3ns de acceso e uso contidas no presente AVISO LEGAL. Dado que os contidos e produtos do website versan sobre bebidas alcoh\u00f3licas, o acceso s\u00f3 est\u00e1 permitido aos maiores de idade. Por favor, se es menor abandona inmediatamente o website.<\/p>\n\n\n\n<h2 class=\"wp-block-heading\"><strong>Informaci\u00f3n sobre propiedade intelectual e industrial<\/strong><\/h2>\n\n\n\n<p>BODEGAS MARQU\u00c9S DE VIZHOJA, S.A.U. \u00e9 o titular en exclusiva dos Dereitos de Explotaci\u00f3n do presente website. BODEGAS MARQU\u00c9S DE VIZHOJA, S.A.U. res\u00e9rvase todos os dereitos de propiedade intelectual e industrial derivados do presente sitio, sendo necesaria a autorizaci\u00f3n expresa e por escrito de BODEGAS MARQU\u00c9S DE VIZHOJA, S.A.U.<\/p>\n\n\n\n<p>Respecto dos contidos (informaci\u00f3ns, textos, gr\u00e1ficas, arquivos de son e\/ou imaxe, fotograf\u00edas, dese\u00f1os, etc.), proh\u00edbese:<\/p>\n\n\n\n<ul class=\"wp-block-list\"><li>A s\u00faa reproduci\u00f3n, distribuci\u00f3n ou modificaci\u00f3n, a menos que se conte coa autorizaci\u00f3n dos seus lex\u00edtimos titulares ou resulte legalmente permitido.<\/li><li>Calquera vulneraci\u00f3n dos dereitos de propietario do website ou dos seus lex\u00edtimos titulares sobre os mesmos.<\/li><li>A s\u00faa utilizaci\u00f3n para todo tipo de fins comerciais ou publicitarios, distintos dos estritamente permitidos.<\/li><li>Calquera intento de obter os contidos do website por calquera medio distinto dos que se po\u00f1an \u00e1 disposici\u00f3n dos usuarios, as\u00ed como dos que habitualmente se empreguen na rede, sempre que non causen ning\u00fan prexu\u00edzo no sitio Web.<\/li><li>O propietario do website non outorga ningunha garant\u00eda nin se fai responsable, en ning\u00fan caso, dos danos e prexu\u00edzos de calquera natureza que puideran ter a s\u00faa causa en:<ul><li>A falta de dispo\u00f1ibilidade, mantemento e efectivo funcionamento da Web e\/ou dos seus servizos ou contidos.<\/li><li>A falta de utilidade, adecuaci\u00f3n ou validez da Web e\/ou dos seus servizos ou contidos para satisfacer necesidades, actividades ou resultados concretos, ou expectativas dos usuarios.<\/li><li>A existencia de virus, as\u00ed como programas maliciosos ou lesivos nos contidos.<\/li><li>A recepci\u00f3n, obtenci\u00f3n, almacenamento, difusi\u00f3n ou transmisi\u00f3n, por parte dos usuarios, dos contidos.<\/li><li>O uso il\u00edcito, neglixente, fraudulento ou contrario \u00e1s presentes Condici\u00f3ns Xerais, \u00e1 boa fe, aos usos xeralmente aceptados ou \u00e1 orde p\u00fablica do sitio Web, os seus servizos ou contidos, por parte dos usuarios.<\/li><li>A falta de licitude, calidade, fiabilidade, utilidade e dispo\u00f1ibilidade dos servizos fornecidos por terceiros e postos \u00e1 disposici\u00f3n dos usuarios no sitio Web.<\/li><\/ul><\/li><li>O incumprimento por parte de terceiros das s\u00faas obrigas ou compromisos en relaci\u00f3n cos servizos fornecidos aos usuarios a trav\u00e9s do sitio Web.<\/li><\/ul>\n\n\n\n<p>Para os efectos de preservar os posibles dereitos de propiedade intelectual, no caso de que alg\u00fan usuario ou un terceiro considere que se produciu unha violaci\u00f3n dos seus lex\u00edtimos dereitos pola introduci\u00f3n dun determinado contido na Web, deberalle notificar a dita circunstancia a BODEGAS MARQU\u00c9S DE VIZHOJA, S.A.U., indicando: datos persoais do interesado titular dos dereitos presuntamente infrinxidos. Se a reclamaci\u00f3n a presenta un terceiro distinto do interesado, deber\u00e1 indicar a representaci\u00f3n coa que act\u00faa.<\/p>\n\n\n\n<ul class=\"wp-block-list\"><li>Indicaci\u00f3n dos contidos protexidos polos dereitos de propiedade intelectual e a s\u00faa localizaci\u00f3n na Web.<\/li><li>Acreditaci\u00f3n dos citados dereitos de propiedade intelectual.<\/li><li>Declaraci\u00f3n expresa na que o interesado se responsabiliza da veracidade das informaci\u00f3ns achegadas na notificaci\u00f3n.<\/li><li>A lexitimidade dos dereitos de propiedade intelectual ou industrial correspondentes aos contidos achegados por terceiros \u00e9 de responsabilidade exclusiva destes.<\/li><li>O establecemento de calquera &#8220;hiperligaz\u00f3n&#8221; entre unha p\u00e1xina web e calquera das p\u00e1xinas web do website estar\u00e1 sometido \u00e1s seguintes condici\u00f3ns:<ul><li>Non se permite a reproduci\u00f3n nin total nin parcial de ning\u00fan dos servizos nin contidos do website.<\/li><li>A p\u00e1xina web na que se estableza a hiperligaz\u00f3n non conter\u00e1 ningunha marca, nome comercial, r\u00f3tulo de establecemento, denominaci\u00f3n, logotipo, slogan nin ning\u00fan outro signo distintivo pertencente ao website.<\/li><li>Baixo ningunha circunstancia, o propietario do website ser\u00e1 responsable dos contidos ou servizos postos \u00e1 disposici\u00f3n do p\u00fablico na p\u00e1xina web desde a que se realice a &#8220;hiperligaz\u00f3n&#8221; nin das informaci\u00f3ns e manifestaci\u00f3ns inclu\u00eddas nela.<\/li><\/ul><\/li><\/ul>\n\n\n\n<h2 class=\"wp-block-heading\"><strong>Condici\u00f3ns e termos de rexistro e acceso ao sitio web<\/strong><\/h2>\n\n\n\n<p>O acceso ao website e \u00e1 informaci\u00f3n relativa a calquera dos produtos e servizos que este conte\u00f1a implica a aceptaci\u00f3n das condici\u00f3ns previstas no presente Aviso Legal. Por iso recomend\u00e1moslle que lea atentamente o seu contido se vostede desexa acceder e facer uso da informaci\u00f3n e os servizos ofrecidos desde o website.<\/p>\n\n\n\n<p>Status de usuario e usos permitidos e prohibidos:<\/p>\n\n\n\n<ul class=\"wp-block-list\"><li>O acceso ao sitio web reflectido como website, as\u00ed como o seu uso, atrib\u00faelle a quen o realiza a condici\u00f3n de usuario, aceptando, desde ese mesmo momento, plenamente e sen ningunha reserva, as presentes condici\u00f3ns xerais, as\u00ed como as condici\u00f3ns particulares que, no seu caso, complementen, modifiquen ou substit\u00faan as condici\u00f3ns xerais en relaci\u00f3n con determinados servizos e contidos do sitio web.<\/li><\/ul>\n\n\n\n<p>O usuario comprom\u00e9tese a utilizar o sitio Web e os seus servizos e contidos sen contravir a lexislaci\u00f3n vixente, a boa fe, os usos xeralmente aceptados e a orde p\u00fablica.<\/p>\n\n\n\n<p>As\u00ed mesmo, queda prohibido o uso do Web con fins il\u00edcitos ou lesivos contra a raz\u00f3n social propietaria do website ou calquera terceiro, ou que, de calquera maneira, poidan causar prexu\u00edzo ou impedir o normal funcionamento do sitio Web.<\/p>\n\n\n\n<p>BODEGAS MARQU\u00c9S DE VIZHOJA, S.A.U. res\u00e9rvase o dereito de exclu\u00edr, temporal ou definitivamente, os usuarios en calquera dos seguintes supostos:<\/p>\n\n\n\n<ul class=\"wp-block-list\"><li>Por incumprimento de calquera das presentes condici\u00f3ns xerais de uso.<\/li><li>Por incumprimento das leis, a moral e a orde p\u00fablica.<\/li><\/ul>\n\n\n\n<h2 class=\"wp-block-heading\"><strong>Obxecto<\/strong><\/h2>\n\n\n\n<p>Na web<a href=\"http:\/\/www.bodegasmarquesdevizhoja.com\"> www.bodegasmarquesdevizhoja.com<\/a>, o usuario poder\u00e1 atopar informaci\u00f3n acerca da bodega, os vi\u00f1edos, a historia, o enoturismo, os vi\u00f1os e os licores. Ademais, poder\u00e1 acceder \u00e1 tenda online onde poder\u00e1 comprar os nosos vi\u00f1os e licores, podendo contactar con BODEGAS MARQU\u00c9S DE VIZHOJA, S.A.U. polas v\u00edas indicadas no formulario de contacto ou mediante un correo electr\u00f3nico ao enderezo marquesdevizhoja@marquesdevizhoja.com, reserv\u00e1ndose o dereito de poder ofrecer outros contidos e ligaz\u00f3ns relacionados ou non co anterior.<\/p>\n\n\n\n<h2 class=\"wp-block-heading\"><strong>Duraci\u00f3n e modificaci\u00f3ns<\/strong><\/h2>\n\n\n\n<p>A duraci\u00f3n da prestaci\u00f3n do servizo do sitio Web e dos servizos \u00e9 de car\u00e1cter indefinido.<\/p>\n\n\n\n<p>Sen prexu\u00edzo do anterior, o propietario do website res\u00e9rvase o dereito a interromper, suspender ou rematar a prestaci\u00f3n do servizo da Web ou de calquera dos servizos que o integran, nos mesmos termos que se recollen na condici\u00f3n terceira.<\/p>\n\n\n\n<p>Poderase modificar unilateralmente e sen previo aviso, sempre que se considere oportuno, a estrutura e dese\u00f1o do sitio Web, as\u00ed como modificar ou eliminar os servizos, os contidos e as condici\u00f3ns de acceso e\/ou uso do sitio Web.<\/p>\n\n\n\n<h2 class=\"wp-block-heading\"><strong>Ligaz\u00f3n a outros sitios web<\/strong><\/h2>\n\n\n\n<p>Desde<a href=\"http:\/\/www.bodegasmarquesdevizhoja.com\"> www.bodegasmarquesdevizhoja.com<\/a> poderase acceder aos perf\u00eds das redes sociais como Twitter, Facebook, Instagram, YouTube e LinkedIn, onde se poder\u00e1 atopar informaci\u00f3n sobre os produtos ofertados por BODEGAS MARQU\u00c9S DE VIZHOJA, S.A.U e as s\u00faas noticias. Neste sentido, se se navega por<a href=\"http:\/\/www.bodegasmarquesdevizhoja.com\"> www.bodegasmarquesdevizhoja.com<\/a> estando identificado na correspondente rede social, d\u00e9bese ter en conta que, se se accede ao perfil do titular desde<a href=\"http:\/\/www.bodegasmarquesdevizhoja.com\"> www.bodegasmarquesdevizhoja.com<\/a> nestas redes sociais, recibir\u00e1 cookies deses sitios web. BODEGAS MARQU\u00c9S DE VIZHOJA, S.A.U. no poder\u00e1 controlar os axustes das cookies de terceiros, polo que se suxire se comprobe os sitios web de ditos terceiros para obter m\u00e1is informaci\u00f3n acerca das s\u00faas cookies e como se deben xestionar.<\/p>\n\n\n\n<h2 class=\"wp-block-heading\"><strong>Responsabilidades<\/strong><\/h2>\n\n\n\n<p>Os usuarios comprom\u00e9tense a facer un uso adecuado dos produtos e contidos que BODEGAS MARQU\u00c9S DE VIZHOJA S.A.U. ofrece a trav\u00e9s da s\u00faa web e a non os empregar para:<\/p>\n\n\n\n<ul class=\"wp-block-list\"><li>Incorrer en actividades il\u00edcitas, ilegais ou contrarias \u00e1 boa fe e \u00e1 orde p\u00fablica.<\/li><li>Difundir contidos de car\u00e1cter racista, xen\u00f3fobo, pornogr\u00e1fico-ilegal, de apolox\u00eda do terrorismo ou atentatorio contra os dereitos humanos.<\/li><li>Provocar datos nos sistemas inform\u00e1ticos de BODEGAS MARQU\u00c9S DE VIZHOJA S.A.U.<\/li><li>Introducir ou difundir na rede de BODEGAS MARQU\u00c9S DE VIZHOJA S.A.U. virus inform\u00e1ticos ou outros sistemas que impliquen ou sexan susceptibles de provocar danos.<\/li><li>Desenvolver actividades que te\u00f1an que ver con t\u00e9cnicas non autorizadas: descompilaci\u00f3n ou codificaci\u00f3n de contido.<\/li><\/ul>\n\n\n\n<p>Dita informaci\u00f3n \u00e9 extensible a ligaz\u00f3ns, contidos e opini\u00f3ns non pertencentes ao titular e non aloxados na web de BODEGAS MARQU\u00c9S DE VIZHOJA, S.A.U. A responsabilidade corresp\u00f3ndelle, en todo caso, aos titulares dos contidos dos sitios en cuesti\u00f3n. BODEGAS MARQU\u00c9S DE VIZHOJA S.A.U. non se fai responsable do uso incorrecto que, no seu caso, puidera efectuarse dos contidos ofrecidos, declinando toda a responsabilidade ao respecto.<\/p>\n\n\n\n<h2 class=\"wp-block-heading\"><strong>Prestaci\u00f3n do servizo<\/strong><\/h2>\n\n\n\n<p>BODEGAS MARQU\u00c9S DE VIZHOJA S.A.U. res\u00e9rvase o dereito a modificar os seus programas, as\u00ed como as caracter\u00edsticas t\u00e9cnicas de acceso e transmisi\u00f3n, sistematizaci\u00f3n dos datos subministrados. Cando os cambios non permitan un uso compatible con versi\u00f3ns anteriores instaladas, BODEGAS MARQU\u00c9S DE VIZHOJA S.A.U. ser\u00e1 a encargada de comunicalo a trav\u00e9s do seu website.<\/p>\n\n\n\n<p>BODEGAS MARQU\u00c9S DE VIZHOJA S.A.U. poder\u00e1 interromper parcial o totalmente o servizo da s\u00faa web por cambios t\u00e9cnicos ou avar\u00edas, comunic\u00e1ndoo previamente a trav\u00e9s do seu sitio web ou outro medio habilitado ao efecto.<\/p>\n\n\n\n<p>BODEGAS MARQU\u00c9S DE VIZHOJA S.A.U. non pode garantir a ausencia de virus nin doutros elementos dani\u00f1os, introducidos por terceiros, que puideran causar alteraci\u00f3ns ou danos no sistema inform\u00e1tico, nos documentos electr\u00f3nicos ou en ficheiros do usuario que visite a s\u00faa web, a\u00ednda que se velar\u00e1, na medida do posible, pola seguranza inform\u00e1tica dos soportes usados polo usuario na s\u00faa navegaci\u00f3n polo website de BODEGAS MARQU\u00c9S DE VIZHOJA S.A.U. Polo tanto, BODEGAS MARQU\u00c9S DE VIZHOJA S.A.U. non responder\u00e1 polos danos e prexu\u00edzos que tales elementos puideran ocasionarlle ao usuario ou ao terceiro.<\/p>\n\n\n\n<h2 class=\"wp-block-heading\"><strong>Dereitos de disclaimer e imaxe<\/strong><\/h2>\n\n\n\n<p>BODEGAS MARQU\u00c9S DE VIZHOJA S.A.U. non se fai responsable dos contidos, informaci\u00f3ns e imaxes que non dependan do seu website, nin sexan xestionados por BODEGAS MARQU\u00c9S DE VIZHOJA S.A.U., a\u00ednda que aparezan na s\u00faa web en virtude de calquera convenio firmado por BODEGAS MARQU\u00c9S DE VIZHOJA S.A.U.<\/p>\n\n\n\n<h2 class=\"wp-block-heading\"><strong>Validez<\/strong><\/h2>\n\n\n\n<p>No caso de que algunha cl\u00e1usula do presente aviso, ou parte da mesma, fora declarada nula, a dita circunstancia non afectar\u00e1 \u00e1 validez do resto.<\/p>\n\n\n\n<h2 class=\"wp-block-heading\"><strong>Lexislaci\u00f3n aplicable e xurisdici\u00f3n<\/strong><\/h2>\n\n\n\n<p>As presentes Condici\u00f3ns Xerais rexeranse pola lexislaci\u00f3n espa\u00f1ola.<\/p>\n\n\n\n<p>O propietario do website e o usuario, con renuncia expresa a calquera outro foro que puidera corresponderlles, som\u00e9tense \u00e1 xurisdici\u00f3n dos xulgados e tribunais do enderezo de BODEGAS MARQU\u00c9S DE VIZHOJA, S.A.U. para cantas cuesti\u00f3ns puideran suscitarse ou acci\u00f3ns exercitarse derivadas da prestaci\u00f3n do servizo da Web e dos seus servizos e contidos e sobre a interpretaci\u00f3n, aplicaci\u00f3n, cumprimento ou incumprimento do aqu\u00ed establecido.<\/p>\n","protected":false},"excerpt":{"rendered":"<p>A confidencialidade e a seguridade son valores de BODEGAS MARQU\u00c9S DE VIZHOJA S.A.U. e, en consecuencia, asume o compromiso de garantir a privacidade do usuario en todo momento e de non recompilar informaci\u00f3n innecesaria sobre o Usuario. BODEGAS MARQU\u00c9S DE VIZHOJA, S.A.U., sendo propietaria da tenda online www.bodegasmarquesdevizhoja.com, en cumprimento da Lei 34\/2002 de 11 [&hellip;]<\/p>\n","protected":false},"author":1,"featured_media":0,"parent":0,"menu_order":0,"comment_status":"closed","ping_status":"closed","template":"","meta":{"_acf_changed":false,"footnotes":""},"class_list":["post-3757","page","type-page","status-publish","hentry"],"acf":[],"yoast_head":"<!-- This site is optimized with the Yoast SEO plugin v27.2 - https:\/\/yoast.com\/product\/yoast-seo-wordpress\/ -->\n<title>Aviso legal - Marqu\u00e9s de Vizhoja<\/title>\n<meta name=\"robots\" content=\"index, follow, max-snippet:-1, max-image-preview:large, max-video-preview:-1\" \/>\n<link rel=\"canonical\" href=\"https:\/\/bodegasmarquesdevizhoja.com\/es\/aviso-legal\/\" \/>\n<meta property=\"og:locale\" content=\"gl_ES\" \/>\n<meta property=\"og:type\" content=\"article\" \/>\n<meta property=\"og:title\" content=\"Aviso legal - Marqu\u00e9s de Vizhoja\" \/>\n<meta property=\"og:description\" content=\"A confidencialidade e a seguridade son valores de BODEGAS MARQU\u00c9S DE VIZHOJA S.A.U. e, en consecuencia, asume o compromiso de garantir a privacidade do usuario en todo momento e de non recompilar informaci\u00f3n innecesaria sobre o Usuario. BODEGAS MARQU\u00c9S DE VIZHOJA, S.A.U., sendo propietaria da tenda online www.bodegasmarquesdevizhoja.com, en cumprimento da Lei 34\/2002 de 11 [&hellip;]\" \/>\n<meta property=\"og:url\" content=\"https:\/\/bodegasmarquesdevizhoja.com\/es\/aviso-legal\/\" \/>\n<meta property=\"og:site_name\" content=\"Marqu\u00e9s de Vizhoja\" \/>\n<meta property=\"article:modified_time\" content=\"2021-07-21T12:30:06+00:00\" \/>\n<meta name=\"twitter:card\" content=\"summary_large_image\" \/>\n<meta name=\"twitter:label1\" content=\"Tempo de lectura\" \/>\n\t<meta name=\"twitter:data1\" content=\"9 minutos\" \/>\n<script type=\"application\/ld+json\" class=\"yoast-schema-graph\">{\"@context\":\"https:\/\/schema.org\",\"@graph\":[{\"@type\":\"WebPage\",\"@id\":\"https:\/\/bodegasmarquesdevizhoja.com\/es\/aviso-legal\/\",\"url\":\"https:\/\/bodegasmarquesdevizhoja.com\/es\/aviso-legal\/\",\"name\":\"Aviso legal - Marqu\u00e9s de Vizhoja\",\"isPartOf\":{\"@id\":\"https:\/\/bodegasmarquesdevizhoja.com\/es\/#website\"},\"datePublished\":\"2021-05-28T09:37:30+00:00\",\"dateModified\":\"2021-07-21T12:30:06+00:00\",\"breadcrumb\":{\"@id\":\"https:\/\/bodegasmarquesdevizhoja.com\/es\/aviso-legal\/#breadcrumb\"},\"inLanguage\":\"gl-ES\",\"potentialAction\":[{\"@type\":\"ReadAction\",\"target\":[\"https:\/\/bodegasmarquesdevizhoja.com\/es\/aviso-legal\/\"]}]},{\"@type\":\"BreadcrumbList\",\"@id\":\"https:\/\/bodegasmarquesdevizhoja.com\/es\/aviso-legal\/#breadcrumb\",\"itemListElement\":[{\"@type\":\"ListItem\",\"position\":1,\"name\":\"Inicio\",\"item\":\"https:\/\/bodegasmarquesdevizhoja.com\/gl\/\"},{\"@type\":\"ListItem\",\"position\":2,\"name\":\"Aviso legal\"}]},{\"@type\":\"WebSite\",\"@id\":\"https:\/\/bodegasmarquesdevizhoja.com\/es\/#website\",\"url\":\"https:\/\/bodegasmarquesdevizhoja.com\/es\/\",\"name\":\"Marqu\u00e9s de Vizhoja\",\"description\":\"\",\"potentialAction\":[{\"@type\":\"SearchAction\",\"target\":{\"@type\":\"EntryPoint\",\"urlTemplate\":\"https:\/\/bodegasmarquesdevizhoja.com\/es\/?s={search_term_string}\"},\"query-input\":{\"@type\":\"PropertyValueSpecification\",\"valueRequired\":true,\"valueName\":\"search_term_string\"}}],\"inLanguage\":\"gl-ES\"}]}<\/script>\n<!-- \/ Yoast SEO plugin. -->","yoast_head_json":{"title":"Aviso legal - Marqu\u00e9s de Vizhoja","robots":{"index":"index","follow":"follow","max-snippet":"max-snippet:-1","max-image-preview":"max-image-preview:large","max-video-preview":"max-video-preview:-1"},"canonical":"https:\/\/bodegasmarquesdevizhoja.com\/es\/aviso-legal\/","og_locale":"gl_ES","og_type":"article","og_title":"Aviso legal - Marqu\u00e9s de Vizhoja","og_description":"A confidencialidade e a seguridade son valores de BODEGAS MARQU\u00c9S DE VIZHOJA S.A.U. e, en consecuencia, asume o compromiso de garantir a privacidade do usuario en todo momento e de non recompilar informaci\u00f3n innecesaria sobre o Usuario. BODEGAS MARQU\u00c9S DE VIZHOJA, S.A.U., sendo propietaria da tenda online www.bodegasmarquesdevizhoja.com, en cumprimento da Lei 34\/2002 de 11 [&hellip;]","og_url":"https:\/\/bodegasmarquesdevizhoja.com\/es\/aviso-legal\/","og_site_name":"Marqu\u00e9s de Vizhoja","article_modified_time":"2021-07-21T12:30:06+00:00","twitter_card":"summary_large_image","twitter_misc":{"Tempo de lectura":"9 minutos"},"schema":{"@context":"https:\/\/schema.org","@graph":[{"@type":"WebPage","@id":"https:\/\/bodegasmarquesdevizhoja.com\/es\/aviso-legal\/","url":"https:\/\/bodegasmarquesdevizhoja.com\/es\/aviso-legal\/","name":"Aviso legal - Marqu\u00e9s de Vizhoja","isPartOf":{"@id":"https:\/\/bodegasmarquesdevizhoja.com\/es\/#website"},"datePublished":"2021-05-28T09:37:30+00:00","dateModified":"2021-07-21T12:30:06+00:00","breadcrumb":{"@id":"https:\/\/bodegasmarquesdevizhoja.com\/es\/aviso-legal\/#breadcrumb"},"inLanguage":"gl-ES","potentialAction":[{"@type":"ReadAction","target":["https:\/\/bodegasmarquesdevizhoja.com\/es\/aviso-legal\/"]}]},{"@type":"BreadcrumbList","@id":"https:\/\/bodegasmarquesdevizhoja.com\/es\/aviso-legal\/#breadcrumb","itemListElement":[{"@type":"ListItem","position":1,"name":"Inicio","item":"https:\/\/bodegasmarquesdevizhoja.com\/gl\/"},{"@type":"ListItem","position":2,"name":"Aviso legal"}]},{"@type":"WebSite","@id":"https:\/\/bodegasmarquesdevizhoja.com\/es\/#website","url":"https:\/\/bodegasmarquesdevizhoja.com\/es\/","name":"Marqu\u00e9s de Vizhoja","description":"","potentialAction":[{"@type":"SearchAction","target":{"@type":"EntryPoint","urlTemplate":"https:\/\/bodegasmarquesdevizhoja.com\/es\/?s={search_term_string}"},"query-input":{"@type":"PropertyValueSpecification","valueRequired":true,"valueName":"search_term_string"}}],"inLanguage":"gl-ES"}]}},"jetpack_sharing_enabled":true,"_links":{"self":[{"href":"https:\/\/bodegasmarquesdevizhoja.com\/gl\/wp-json\/wp\/v2\/pages\/3757","targetHints":{"allow":["GET"]}}],"collection":[{"href":"https:\/\/bodegasmarquesdevizhoja.com\/gl\/wp-json\/wp\/v2\/pages"}],"about":[{"href":"https:\/\/bodegasmarquesdevizhoja.com\/gl\/wp-json\/wp\/v2\/types\/page"}],"author":[{"embeddable":true,"href":"https:\/\/bodegasmarquesdevizhoja.com\/gl\/wp-json\/wp\/v2\/users\/1"}],"replies":[{"embeddable":true,"href":"https:\/\/bodegasmarquesdevizhoja.com\/gl\/wp-json\/wp\/v2\/comments?post=3757"}],"version-history":[{"count":2,"href":"https:\/\/bodegasmarquesdevizhoja.com\/gl\/wp-json\/wp\/v2\/pages\/3757\/revisions"}],"predecessor-version":[{"id":4721,"href":"https:\/\/bodegasmarquesdevizhoja.com\/gl\/wp-json\/wp\/v2\/pages\/3757\/revisions\/4721"}],"wp:attachment":[{"href":"https:\/\/bodegasmarquesdevizhoja.com\/gl\/wp-json\/wp\/v2\/media?parent=3757"}],"curies":[{"name":"wp","href":"https:\/\/api.w.org\/{rel}","templated":true}]}}