{"id":309377,"date":"2023-08-14T09:37:34","date_gmt":"2023-08-14T07:37:37","guid":{"rendered":"https:\/\/bodegasmarquesdevizhoja.com\/?post_type=product&#038;p=309377"},"modified":"2025-06-30T10:42:10","modified_gmt":"2025-06-30T08:42:10","slug":"marques-de-vizhoja-copia-2","status":"publish","type":"product","link":"https:\/\/bodegasmarquesdevizhoja.com\/gl\/tenda\/marques-de-vizhoja-copia-2\/","title":{"rendered":"El Rodaballo!"},"content":{"rendered":"","protected":false},"excerpt":{"rendered":"","protected":false},"featured_media":0,"template":"","meta":{"_acf_changed":false},"product_brand":[],"product_cat":[63],"product_tag":[],"giftcard-category":[],"class_list":{"0":"post-309377","1":"product","2":"type-product","3":"status-publish","5":"product_cat-vino-branco-sen-do","7":"first","8":"instock","9":"taxable","10":"shipping-taxable","11":"purchasable","12":"product-type-variable"},"acf":[],"yoast_head":"<!-- This site is optimized with the Yoast SEO plugin v27.2 - https:\/\/yoast.com\/product\/yoast-seo-wordpress\/ -->\n<title>El Rodaballo! - Marqu\u00e9s de Vizhoja<\/title>\n<meta name=\"description\" content=\"El vino blanco afrutado m\u00e1s afamado de Bodegas Marqu\u00e9s de Vizhoja. Certificado por V- Label con el sello vegano.\" \/>\n<meta name=\"robots\" content=\"index, follow, max-snippet:-1, max-image-preview:large, max-video-preview:-1\" \/>\n<link rel=\"canonical\" href=\"https:\/\/bodegasmarquesdevizhoja.com\/gl\/tenda\/marques-de-vizhoja-copia-2\/\" \/>\n<meta property=\"og:locale\" content=\"gl_ES\" \/>\n<meta property=\"og:type\" content=\"article\" \/>\n<meta property=\"og:title\" content=\"El Rodaballo! - Marqu\u00e9s de Vizhoja\" \/>\n<meta property=\"og:description\" content=\"El vino blanco afrutado m\u00e1s afamado de Bodegas Marqu\u00e9s de Vizhoja. Certificado por V- Label con el sello vegano.\" \/>\n<meta property=\"og:url\" content=\"https:\/\/bodegasmarquesdevizhoja.com\/gl\/tenda\/marques-de-vizhoja-copia-2\/\" \/>\n<meta property=\"og:site_name\" content=\"Marqu\u00e9s de Vizhoja\" \/>\n<meta property=\"article:modified_time\" content=\"2025-06-30T08:42:10+00:00\" \/>\n<meta name=\"twitter:card\" content=\"summary_large_image\" \/>\n<meta name=\"twitter:label1\" content=\"Tempo de lectura\" \/>\n\t<meta name=\"twitter:data1\" content=\"1 minuto\" \/>\n<script type=\"application\/ld+json\" class=\"yoast-schema-graph\">{\"@context\":\"https:\/\/schema.org\",\"@graph\":[{\"@type\":\"WebPage\",\"@id\":\"https:\/\/bodegasmarquesdevizhoja.com\/gl\/tenda\/marques-de-vizhoja-copia-2\/\",\"url\":\"https:\/\/bodegasmarquesdevizhoja.com\/gl\/tenda\/marques-de-vizhoja-copia-2\/\",\"name\":\"El Rodaballo! - Marqu\u00e9s de Vizhoja\",\"isPartOf\":{\"@id\":\"https:\/\/bodegasmarquesdevizhoja.com\/es\/#website\"},\"datePublished\":\"2023-08-14T07:37:37+00:00\",\"dateModified\":\"2025-06-30T08:42:10+00:00\",\"description\":\"El vino blanco afrutado m\u00e1s afamado de Bodegas Marqu\u00e9s de Vizhoja. Certificado por V- Label con el sello vegano.\",\"breadcrumb\":{\"@id\":\"https:\/\/bodegasmarquesdevizhoja.com\/gl\/tenda\/marques-de-vizhoja-copia-2\/#breadcrumb\"},\"inLanguage\":\"gl-ES\",\"potentialAction\":[{\"@type\":\"ReadAction\",\"target\":[\"https:\/\/bodegasmarquesdevizhoja.com\/gl\/tenda\/marques-de-vizhoja-copia-2\/\"]}]},{\"@type\":\"BreadcrumbList\",\"@id\":\"https:\/\/bodegasmarquesdevizhoja.com\/gl\/tenda\/marques-de-vizhoja-copia-2\/#breadcrumb\",\"itemListElement\":[{\"@type\":\"ListItem\",\"position\":1,\"name\":\"Inicio\",\"item\":\"https:\/\/bodegasmarquesdevizhoja.com\/gl\/\"},{\"@type\":\"ListItem\",\"position\":2,\"name\":\"El Rodaballo!\"}]},{\"@type\":\"WebSite\",\"@id\":\"https:\/\/bodegasmarquesdevizhoja.com\/es\/#website\",\"url\":\"https:\/\/bodegasmarquesdevizhoja.com\/es\/\",\"name\":\"Marqu\u00e9s de Vizhoja\",\"description\":\"\",\"potentialAction\":[{\"@type\":\"SearchAction\",\"target\":{\"@type\":\"EntryPoint\",\"urlTemplate\":\"https:\/\/bodegasmarquesdevizhoja.com\/es\/?s={search_term_string}\"},\"query-input\":{\"@type\":\"PropertyValueSpecification\",\"valueRequired\":true,\"valueName\":\"search_term_string\"}}],\"inLanguage\":\"gl-ES\"}]}<\/script>\n<!-- \/ Yoast SEO plugin. -->","yoast_head_json":{"title":"El Rodaballo! - Marqu\u00e9s de Vizhoja","description":"El vino blanco afrutado m\u00e1s afamado de Bodegas Marqu\u00e9s de Vizhoja. Certificado por V- Label con el sello vegano.","robots":{"index":"index","follow":"follow","max-snippet":"max-snippet:-1","max-image-preview":"max-image-preview:large","max-video-preview":"max-video-preview:-1"},"canonical":"https:\/\/bodegasmarquesdevizhoja.com\/gl\/tenda\/marques-de-vizhoja-copia-2\/","og_locale":"gl_ES","og_type":"article","og_title":"El Rodaballo! - Marqu\u00e9s de Vizhoja","og_description":"El vino blanco afrutado m\u00e1s afamado de Bodegas Marqu\u00e9s de Vizhoja. Certificado por V- Label con el sello vegano.","og_url":"https:\/\/bodegasmarquesdevizhoja.com\/gl\/tenda\/marques-de-vizhoja-copia-2\/","og_site_name":"Marqu\u00e9s de Vizhoja","article_modified_time":"2025-06-30T08:42:10+00:00","twitter_card":"summary_large_image","twitter_misc":{"Tempo de lectura":"1 minuto"},"schema":{"@context":"https:\/\/schema.org","@graph":[{"@type":"WebPage","@id":"https:\/\/bodegasmarquesdevizhoja.com\/gl\/tenda\/marques-de-vizhoja-copia-2\/","url":"https:\/\/bodegasmarquesdevizhoja.com\/gl\/tenda\/marques-de-vizhoja-copia-2\/","name":"El Rodaballo! - Marqu\u00e9s de Vizhoja","isPartOf":{"@id":"https:\/\/bodegasmarquesdevizhoja.com\/es\/#website"},"datePublished":"2023-08-14T07:37:37+00:00","dateModified":"2025-06-30T08:42:10+00:00","description":"El vino blanco afrutado m\u00e1s afamado de Bodegas Marqu\u00e9s de Vizhoja. Certificado por V- Label con el sello vegano.","breadcrumb":{"@id":"https:\/\/bodegasmarquesdevizhoja.com\/gl\/tenda\/marques-de-vizhoja-copia-2\/#breadcrumb"},"inLanguage":"gl-ES","potentialAction":[{"@type":"ReadAction","target":["https:\/\/bodegasmarquesdevizhoja.com\/gl\/tenda\/marques-de-vizhoja-copia-2\/"]}]},{"@type":"BreadcrumbList","@id":"https:\/\/bodegasmarquesdevizhoja.com\/gl\/tenda\/marques-de-vizhoja-copia-2\/#breadcrumb","itemListElement":[{"@type":"ListItem","position":1,"name":"Inicio","item":"https:\/\/bodegasmarquesdevizhoja.com\/gl\/"},{"@type":"ListItem","position":2,"name":"El Rodaballo!"}]},{"@type":"WebSite","@id":"https:\/\/bodegasmarquesdevizhoja.com\/es\/#website","url":"https:\/\/bodegasmarquesdevizhoja.com\/es\/","name":"Marqu\u00e9s de Vizhoja","description":"","potentialAction":[{"@type":"SearchAction","target":{"@type":"EntryPoint","urlTemplate":"https:\/\/bodegasmarquesdevizhoja.com\/es\/?s={search_term_string}"},"query-input":{"@type":"PropertyValueSpecification","valueRequired":true,"valueName":"search_term_string"}}],"inLanguage":"gl-ES"}]}},"jetpack_sharing_enabled":true,"_links":{"self":[{"href":"https:\/\/bodegasmarquesdevizhoja.com\/gl\/wp-json\/wp\/v2\/product\/309377","targetHints":{"allow":["GET"]}}],"collection":[{"href":"https:\/\/bodegasmarquesdevizhoja.com\/gl\/wp-json\/wp\/v2\/product"}],"about":[{"href":"https:\/\/bodegasmarquesdevizhoja.com\/gl\/wp-json\/wp\/v2\/types\/product"}],"wp:attachment":[{"href":"https:\/\/bodegasmarquesdevizhoja.com\/gl\/wp-json\/wp\/v2\/media?parent=309377"}],"wp:term":[{"taxonomy":"product_brand","embeddable":true,"href":"https:\/\/bodegasmarquesdevizhoja.com\/gl\/wp-json\/wp\/v2\/product_brand?post=309377"},{"taxonomy":"product_cat","embeddable":true,"href":"https:\/\/bodegasmarquesdevizhoja.com\/gl\/wp-json\/wp\/v2\/product_cat?post=309377"},{"taxonomy":"product_tag","embeddable":true,"href":"https:\/\/bodegasmarquesdevizhoja.com\/gl\/wp-json\/wp\/v2\/product_tag?post=309377"},{"taxonomy":"giftcard-category","embeddable":true,"href":"https:\/\/bodegasmarquesdevizhoja.com\/gl\/wp-json\/wp\/v2\/giftcard-category?post=309377"}],"curies":[{"name":"wp","href":"https:\/\/api.w.org\/{rel}","templated":true}]}}