{"id":3497,"date":"2020-12-16T18:57:03","date_gmt":"2020-12-16T17:57:03","guid":{"rendered":"https:\/\/bodegasmarquesdevizhoja.com\/tienda\/iman\/"},"modified":"2021-05-27T09:34:04","modified_gmt":"2021-05-27T07:34:04","slug":"iman","status":"publish","type":"product","link":"https:\/\/bodegasmarquesdevizhoja.com\/gl\/tenda\/iman\/","title":{"rendered":"Im\u00e1n"},"content":{"rendered":"","protected":false},"excerpt":{"rendered":"<p>Tama\u00f1o 5 x 5 cm<\/p>\n","protected":false},"featured_media":2071,"template":"","meta":{"_acf_changed":false},"product_brand":[],"product_cat":[69],"product_tag":[],"giftcard-category":[],"class_list":{"0":"post-3497","1":"product","2":"type-product","3":"status-publish","4":"has-post-thumbnail","6":"product_cat-edicion-reizentolo-gl","8":"first","9":"instock","10":"taxable","11":"shipping-taxable","12":"purchasable","13":"product-type-simple"},"acf":[],"yoast_head":"<!-- This site is optimized with the Yoast SEO plugin v27.2 - https:\/\/yoast.com\/product\/yoast-seo-wordpress\/ -->\n<title>Im\u00e1n - Marqu\u00e9s de Vizhoja<\/title>\n<meta name=\"description\" content=\"Im\u00e1n da edici\u00f3n \u00abComo marqueses\u00bb de Bodegas Marqu\u00e9s de Vizhoja e da man de Reizentolo.\" \/>\n<meta name=\"robots\" content=\"index, follow, max-snippet:-1, max-image-preview:large, max-video-preview:-1\" \/>\n<link rel=\"canonical\" href=\"https:\/\/bodegasmarquesdevizhoja.com\/gl\/tenda\/iman\/\" \/>\n<meta property=\"og:locale\" content=\"gl_ES\" \/>\n<meta property=\"og:type\" content=\"article\" \/>\n<meta property=\"og:title\" content=\"Im\u00e1n - Marqu\u00e9s de Vizhoja\" \/>\n<meta property=\"og:description\" content=\"Im\u00e1n da edici\u00f3n \u00abComo marqueses\u00bb de Bodegas Marqu\u00e9s de Vizhoja e da man de Reizentolo.\" \/>\n<meta property=\"og:url\" content=\"https:\/\/bodegasmarquesdevizhoja.com\/gl\/tenda\/iman\/\" \/>\n<meta property=\"og:site_name\" content=\"Marqu\u00e9s de Vizhoja\" \/>\n<meta property=\"article:modified_time\" content=\"2021-05-27T07:34:04+00:00\" \/>\n<meta property=\"og:image\" content=\"https:\/\/bodegasmarquesdevizhoja.com\/wp-content\/uploads\/2020\/12\/IMAN.jpg\" \/>\n\t<meta property=\"og:image:width\" content=\"1200\" \/>\n\t<meta property=\"og:image:height\" content=\"1200\" \/>\n\t<meta property=\"og:image:type\" content=\"image\/jpeg\" \/>\n<meta name=\"twitter:card\" content=\"summary_large_image\" \/>\n<script type=\"application\/ld+json\" class=\"yoast-schema-graph\">{\"@context\":\"https:\/\/schema.org\",\"@graph\":[{\"@type\":\"WebPage\",\"@id\":\"https:\/\/bodegasmarquesdevizhoja.com\/gl\/tenda\/iman\/\",\"url\":\"https:\/\/bodegasmarquesdevizhoja.com\/gl\/tenda\/iman\/\",\"name\":\"Im\u00e1n - Marqu\u00e9s de Vizhoja\",\"isPartOf\":{\"@id\":\"https:\/\/bodegasmarquesdevizhoja.com\/es\/#website\"},\"primaryImageOfPage\":{\"@id\":\"https:\/\/bodegasmarquesdevizhoja.com\/gl\/tenda\/iman\/#primaryimage\"},\"image\":{\"@id\":\"https:\/\/bodegasmarquesdevizhoja.com\/gl\/tenda\/iman\/#primaryimage\"},\"thumbnailUrl\":\"https:\/\/bodegasmarquesdevizhoja.com\/wp-content\/uploads\/2020\/12\/IMAN.jpg\",\"datePublished\":\"2020-12-16T17:57:03+00:00\",\"dateModified\":\"2021-05-27T07:34:04+00:00\",\"description\":\"Im\u00e1n da edici\u00f3n \u00abComo marqueses\u00bb de Bodegas Marqu\u00e9s de Vizhoja e da man de Reizentolo.\",\"breadcrumb\":{\"@id\":\"https:\/\/bodegasmarquesdevizhoja.com\/gl\/tenda\/iman\/#breadcrumb\"},\"inLanguage\":\"gl-ES\",\"potentialAction\":[{\"@type\":\"ReadAction\",\"target\":[\"https:\/\/bodegasmarquesdevizhoja.com\/gl\/tenda\/iman\/\"]}]},{\"@type\":\"ImageObject\",\"inLanguage\":\"gl-ES\",\"@id\":\"https:\/\/bodegasmarquesdevizhoja.com\/gl\/tenda\/iman\/#primaryimage\",\"url\":\"https:\/\/bodegasmarquesdevizhoja.com\/wp-content\/uploads\/2020\/12\/IMAN.jpg\",\"contentUrl\":\"https:\/\/bodegasmarquesdevizhoja.com\/wp-content\/uploads\/2020\/12\/IMAN.jpg\",\"width\":1200,\"height\":1200,\"caption\":\"Im\u00e1n reizentolo\"},{\"@type\":\"BreadcrumbList\",\"@id\":\"https:\/\/bodegasmarquesdevizhoja.com\/gl\/tenda\/iman\/#breadcrumb\",\"itemListElement\":[{\"@type\":\"ListItem\",\"position\":1,\"name\":\"Inicio\",\"item\":\"https:\/\/bodegasmarquesdevizhoja.com\/gl\/\"},{\"@type\":\"ListItem\",\"position\":2,\"name\":\"Im\u00e1n\"}]},{\"@type\":\"WebSite\",\"@id\":\"https:\/\/bodegasmarquesdevizhoja.com\/es\/#website\",\"url\":\"https:\/\/bodegasmarquesdevizhoja.com\/es\/\",\"name\":\"Marqu\u00e9s de Vizhoja\",\"description\":\"\",\"potentialAction\":[{\"@type\":\"SearchAction\",\"target\":{\"@type\":\"EntryPoint\",\"urlTemplate\":\"https:\/\/bodegasmarquesdevizhoja.com\/es\/?s={search_term_string}\"},\"query-input\":{\"@type\":\"PropertyValueSpecification\",\"valueRequired\":true,\"valueName\":\"search_term_string\"}}],\"inLanguage\":\"gl-ES\"}]}<\/script>\n<!-- \/ Yoast SEO plugin. -->","yoast_head_json":{"title":"Im\u00e1n - Marqu\u00e9s de Vizhoja","description":"Im\u00e1n da edici\u00f3n \u00abComo marqueses\u00bb de Bodegas Marqu\u00e9s de Vizhoja e da man de Reizentolo.","robots":{"index":"index","follow":"follow","max-snippet":"max-snippet:-1","max-image-preview":"max-image-preview:large","max-video-preview":"max-video-preview:-1"},"canonical":"https:\/\/bodegasmarquesdevizhoja.com\/gl\/tenda\/iman\/","og_locale":"gl_ES","og_type":"article","og_title":"Im\u00e1n - Marqu\u00e9s de Vizhoja","og_description":"Im\u00e1n da edici\u00f3n \u00abComo marqueses\u00bb de Bodegas Marqu\u00e9s de Vizhoja e da man de Reizentolo.","og_url":"https:\/\/bodegasmarquesdevizhoja.com\/gl\/tenda\/iman\/","og_site_name":"Marqu\u00e9s de Vizhoja","article_modified_time":"2021-05-27T07:34:04+00:00","og_image":[{"width":1200,"height":1200,"url":"https:\/\/bodegasmarquesdevizhoja.com\/wp-content\/uploads\/2020\/12\/IMAN.jpg","type":"image\/jpeg"}],"twitter_card":"summary_large_image","schema":{"@context":"https:\/\/schema.org","@graph":[{"@type":"WebPage","@id":"https:\/\/bodegasmarquesdevizhoja.com\/gl\/tenda\/iman\/","url":"https:\/\/bodegasmarquesdevizhoja.com\/gl\/tenda\/iman\/","name":"Im\u00e1n - Marqu\u00e9s de Vizhoja","isPartOf":{"@id":"https:\/\/bodegasmarquesdevizhoja.com\/es\/#website"},"primaryImageOfPage":{"@id":"https:\/\/bodegasmarquesdevizhoja.com\/gl\/tenda\/iman\/#primaryimage"},"image":{"@id":"https:\/\/bodegasmarquesdevizhoja.com\/gl\/tenda\/iman\/#primaryimage"},"thumbnailUrl":"https:\/\/bodegasmarquesdevizhoja.com\/wp-content\/uploads\/2020\/12\/IMAN.jpg","datePublished":"2020-12-16T17:57:03+00:00","dateModified":"2021-05-27T07:34:04+00:00","description":"Im\u00e1n da edici\u00f3n \u00abComo marqueses\u00bb de Bodegas Marqu\u00e9s de Vizhoja e da man de Reizentolo.","breadcrumb":{"@id":"https:\/\/bodegasmarquesdevizhoja.com\/gl\/tenda\/iman\/#breadcrumb"},"inLanguage":"gl-ES","potentialAction":[{"@type":"ReadAction","target":["https:\/\/bodegasmarquesdevizhoja.com\/gl\/tenda\/iman\/"]}]},{"@type":"ImageObject","inLanguage":"gl-ES","@id":"https:\/\/bodegasmarquesdevizhoja.com\/gl\/tenda\/iman\/#primaryimage","url":"https:\/\/bodegasmarquesdevizhoja.com\/wp-content\/uploads\/2020\/12\/IMAN.jpg","contentUrl":"https:\/\/bodegasmarquesdevizhoja.com\/wp-content\/uploads\/2020\/12\/IMAN.jpg","width":1200,"height":1200,"caption":"Im\u00e1n reizentolo"},{"@type":"BreadcrumbList","@id":"https:\/\/bodegasmarquesdevizhoja.com\/gl\/tenda\/iman\/#breadcrumb","itemListElement":[{"@type":"ListItem","position":1,"name":"Inicio","item":"https:\/\/bodegasmarquesdevizhoja.com\/gl\/"},{"@type":"ListItem","position":2,"name":"Im\u00e1n"}]},{"@type":"WebSite","@id":"https:\/\/bodegasmarquesdevizhoja.com\/es\/#website","url":"https:\/\/bodegasmarquesdevizhoja.com\/es\/","name":"Marqu\u00e9s de Vizhoja","description":"","potentialAction":[{"@type":"SearchAction","target":{"@type":"EntryPoint","urlTemplate":"https:\/\/bodegasmarquesdevizhoja.com\/es\/?s={search_term_string}"},"query-input":{"@type":"PropertyValueSpecification","valueRequired":true,"valueName":"search_term_string"}}],"inLanguage":"gl-ES"}]}},"jetpack_sharing_enabled":true,"_links":{"self":[{"href":"https:\/\/bodegasmarquesdevizhoja.com\/gl\/wp-json\/wp\/v2\/product\/3497","targetHints":{"allow":["GET"]}}],"collection":[{"href":"https:\/\/bodegasmarquesdevizhoja.com\/gl\/wp-json\/wp\/v2\/product"}],"about":[{"href":"https:\/\/bodegasmarquesdevizhoja.com\/gl\/wp-json\/wp\/v2\/types\/product"}],"wp:featuredmedia":[{"embeddable":true,"href":"https:\/\/bodegasmarquesdevizhoja.com\/gl\/wp-json\/wp\/v2\/media\/2071"}],"wp:attachment":[{"href":"https:\/\/bodegasmarquesdevizhoja.com\/gl\/wp-json\/wp\/v2\/media?parent=3497"}],"wp:term":[{"taxonomy":"product_brand","embeddable":true,"href":"https:\/\/bodegasmarquesdevizhoja.com\/gl\/wp-json\/wp\/v2\/product_brand?post=3497"},{"taxonomy":"product_cat","embeddable":true,"href":"https:\/\/bodegasmarquesdevizhoja.com\/gl\/wp-json\/wp\/v2\/product_cat?post=3497"},{"taxonomy":"product_tag","embeddable":true,"href":"https:\/\/bodegasmarquesdevizhoja.com\/gl\/wp-json\/wp\/v2\/product_tag?post=3497"},{"taxonomy":"giftcard-category","embeddable":true,"href":"https:\/\/bodegasmarquesdevizhoja.com\/gl\/wp-json\/wp\/v2\/giftcard-category?post=3497"}],"curies":[{"name":"wp","href":"https:\/\/api.w.org\/{rel}","templated":true}]}}