{"id":3538,"date":"2020-10-23T12:11:51","date_gmt":"2020-10-23T10:11:51","guid":{"rendered":"https:\/\/bodegasmarquesdevizhoja.com\/tienda\/pack-marques-de-vizhoja\/"},"modified":"2021-05-27T10:29:50","modified_gmt":"2021-05-27T08:29:50","slug":"paquete-marques-de-vizhoja","status":"publish","type":"product","link":"https:\/\/bodegasmarquesdevizhoja.com\/gl\/tenda\/paquete-marques-de-vizhoja\/","title":{"rendered":"Paquete Marqu\u00e9s de Vizhoja"},"content":{"rendered":"","protected":false},"excerpt":{"rendered":"<p><span style=\"font-weight: 400;\">12 botellas de Marqu\u00e9s de Vizhoja + arrefriador<\/span><\/p>\n","protected":false},"featured_media":313998,"template":"","meta":{"_acf_changed":false},"product_brand":[],"product_cat":[70],"product_tag":[],"giftcard-category":[],"class_list":{"0":"post-3538","1":"product","2":"type-product","3":"status-publish","4":"has-post-thumbnail","6":"product_cat-paquetes","8":"first","9":"instock","10":"featured","11":"taxable","12":"shipping-taxable","13":"purchasable","14":"product-type-simple"},"acf":[],"yoast_head":"<!-- This site is optimized with the Yoast SEO plugin v27.2 - https:\/\/yoast.com\/product\/yoast-seo-wordpress\/ -->\n<title>Paquete Marqu\u00e9s de Vizhoja - Marqu\u00e9s de Vizhoja<\/title>\n<meta name=\"description\" content=\"Paquete de 12 botellas de vi\u00f1o branco afrutado Marqu\u00e9s de Vizhoja e un arrefriador. Vi\u00f1o vegano avalado por V-Label.\" \/>\n<meta name=\"robots\" content=\"index, follow, max-snippet:-1, max-image-preview:large, max-video-preview:-1\" \/>\n<link rel=\"canonical\" href=\"https:\/\/bodegasmarquesdevizhoja.com\/gl\/tenda\/paquete-marques-de-vizhoja\/\" \/>\n<meta property=\"og:locale\" content=\"gl_ES\" \/>\n<meta property=\"og:type\" content=\"article\" \/>\n<meta property=\"og:title\" content=\"Paquete Marqu\u00e9s de Vizhoja - Marqu\u00e9s de Vizhoja\" \/>\n<meta property=\"og:description\" content=\"Paquete de 12 botellas de vi\u00f1o branco afrutado Marqu\u00e9s de Vizhoja e un arrefriador. Vi\u00f1o vegano avalado por V-Label.\" \/>\n<meta property=\"og:url\" content=\"https:\/\/bodegasmarquesdevizhoja.com\/gl\/tenda\/paquete-marques-de-vizhoja\/\" \/>\n<meta property=\"og:site_name\" content=\"Marqu\u00e9s de Vizhoja\" \/>\n<meta property=\"article:modified_time\" content=\"2021-05-27T08:29:50+00:00\" \/>\n<meta property=\"og:image\" content=\"https:\/\/bodegasmarquesdevizhoja.com\/wp-content\/uploads\/2020\/10\/6-300x209-1.jpg\" \/>\n\t<meta property=\"og:image:width\" content=\"300\" \/>\n\t<meta property=\"og:image:height\" content=\"209\" \/>\n\t<meta property=\"og:image:type\" content=\"image\/jpeg\" \/>\n<meta name=\"twitter:card\" content=\"summary_large_image\" \/>\n<script type=\"application\/ld+json\" class=\"yoast-schema-graph\">{\"@context\":\"https:\/\/schema.org\",\"@graph\":[{\"@type\":\"WebPage\",\"@id\":\"https:\/\/bodegasmarquesdevizhoja.com\/gl\/tenda\/paquete-marques-de-vizhoja\/\",\"url\":\"https:\/\/bodegasmarquesdevizhoja.com\/gl\/tenda\/paquete-marques-de-vizhoja\/\",\"name\":\"Paquete Marqu\u00e9s de Vizhoja - Marqu\u00e9s de Vizhoja\",\"isPartOf\":{\"@id\":\"https:\/\/bodegasmarquesdevizhoja.com\/es\/#website\"},\"primaryImageOfPage\":{\"@id\":\"https:\/\/bodegasmarquesdevizhoja.com\/gl\/tenda\/paquete-marques-de-vizhoja\/#primaryimage\"},\"image\":{\"@id\":\"https:\/\/bodegasmarquesdevizhoja.com\/gl\/tenda\/paquete-marques-de-vizhoja\/#primaryimage\"},\"thumbnailUrl\":\"https:\/\/bodegasmarquesdevizhoja.com\/wp-content\/uploads\/2020\/10\/6-300x209-1.jpg\",\"datePublished\":\"2020-10-23T10:11:51+00:00\",\"dateModified\":\"2021-05-27T08:29:50+00:00\",\"description\":\"Paquete de 12 botellas de vi\u00f1o branco afrutado Marqu\u00e9s de Vizhoja e un arrefriador. Vi\u00f1o vegano avalado por V-Label.\",\"breadcrumb\":{\"@id\":\"https:\/\/bodegasmarquesdevizhoja.com\/gl\/tenda\/paquete-marques-de-vizhoja\/#breadcrumb\"},\"inLanguage\":\"gl-ES\",\"potentialAction\":[{\"@type\":\"ReadAction\",\"target\":[\"https:\/\/bodegasmarquesdevizhoja.com\/gl\/tenda\/paquete-marques-de-vizhoja\/\"]}]},{\"@type\":\"ImageObject\",\"inLanguage\":\"gl-ES\",\"@id\":\"https:\/\/bodegasmarquesdevizhoja.com\/gl\/tenda\/paquete-marques-de-vizhoja\/#primaryimage\",\"url\":\"https:\/\/bodegasmarquesdevizhoja.com\/wp-content\/uploads\/2020\/10\/6-300x209-1.jpg\",\"contentUrl\":\"https:\/\/bodegasmarquesdevizhoja.com\/wp-content\/uploads\/2020\/10\/6-300x209-1.jpg\",\"width\":300,\"height\":209},{\"@type\":\"BreadcrumbList\",\"@id\":\"https:\/\/bodegasmarquesdevizhoja.com\/gl\/tenda\/paquete-marques-de-vizhoja\/#breadcrumb\",\"itemListElement\":[{\"@type\":\"ListItem\",\"position\":1,\"name\":\"Inicio\",\"item\":\"https:\/\/bodegasmarquesdevizhoja.com\/gl\/\"},{\"@type\":\"ListItem\",\"position\":2,\"name\":\"Paquete Marqu\u00e9s de Vizhoja\"}]},{\"@type\":\"WebSite\",\"@id\":\"https:\/\/bodegasmarquesdevizhoja.com\/es\/#website\",\"url\":\"https:\/\/bodegasmarquesdevizhoja.com\/es\/\",\"name\":\"Marqu\u00e9s de Vizhoja\",\"description\":\"\",\"potentialAction\":[{\"@type\":\"SearchAction\",\"target\":{\"@type\":\"EntryPoint\",\"urlTemplate\":\"https:\/\/bodegasmarquesdevizhoja.com\/es\/?s={search_term_string}\"},\"query-input\":{\"@type\":\"PropertyValueSpecification\",\"valueRequired\":true,\"valueName\":\"search_term_string\"}}],\"inLanguage\":\"gl-ES\"}]}<\/script>\n<!-- \/ Yoast SEO plugin. -->","yoast_head_json":{"title":"Paquete Marqu\u00e9s de Vizhoja - Marqu\u00e9s de Vizhoja","description":"Paquete de 12 botellas de vi\u00f1o branco afrutado Marqu\u00e9s de Vizhoja e un arrefriador. Vi\u00f1o vegano avalado por V-Label.","robots":{"index":"index","follow":"follow","max-snippet":"max-snippet:-1","max-image-preview":"max-image-preview:large","max-video-preview":"max-video-preview:-1"},"canonical":"https:\/\/bodegasmarquesdevizhoja.com\/gl\/tenda\/paquete-marques-de-vizhoja\/","og_locale":"gl_ES","og_type":"article","og_title":"Paquete Marqu\u00e9s de Vizhoja - Marqu\u00e9s de Vizhoja","og_description":"Paquete de 12 botellas de vi\u00f1o branco afrutado Marqu\u00e9s de Vizhoja e un arrefriador. Vi\u00f1o vegano avalado por V-Label.","og_url":"https:\/\/bodegasmarquesdevizhoja.com\/gl\/tenda\/paquete-marques-de-vizhoja\/","og_site_name":"Marqu\u00e9s de Vizhoja","article_modified_time":"2021-05-27T08:29:50+00:00","og_image":[{"width":300,"height":209,"url":"https:\/\/bodegasmarquesdevizhoja.com\/wp-content\/uploads\/2020\/10\/6-300x209-1.jpg","type":"image\/jpeg"}],"twitter_card":"summary_large_image","schema":{"@context":"https:\/\/schema.org","@graph":[{"@type":"WebPage","@id":"https:\/\/bodegasmarquesdevizhoja.com\/gl\/tenda\/paquete-marques-de-vizhoja\/","url":"https:\/\/bodegasmarquesdevizhoja.com\/gl\/tenda\/paquete-marques-de-vizhoja\/","name":"Paquete Marqu\u00e9s de Vizhoja - Marqu\u00e9s de Vizhoja","isPartOf":{"@id":"https:\/\/bodegasmarquesdevizhoja.com\/es\/#website"},"primaryImageOfPage":{"@id":"https:\/\/bodegasmarquesdevizhoja.com\/gl\/tenda\/paquete-marques-de-vizhoja\/#primaryimage"},"image":{"@id":"https:\/\/bodegasmarquesdevizhoja.com\/gl\/tenda\/paquete-marques-de-vizhoja\/#primaryimage"},"thumbnailUrl":"https:\/\/bodegasmarquesdevizhoja.com\/wp-content\/uploads\/2020\/10\/6-300x209-1.jpg","datePublished":"2020-10-23T10:11:51+00:00","dateModified":"2021-05-27T08:29:50+00:00","description":"Paquete de 12 botellas de vi\u00f1o branco afrutado Marqu\u00e9s de Vizhoja e un arrefriador. Vi\u00f1o vegano avalado por V-Label.","breadcrumb":{"@id":"https:\/\/bodegasmarquesdevizhoja.com\/gl\/tenda\/paquete-marques-de-vizhoja\/#breadcrumb"},"inLanguage":"gl-ES","potentialAction":[{"@type":"ReadAction","target":["https:\/\/bodegasmarquesdevizhoja.com\/gl\/tenda\/paquete-marques-de-vizhoja\/"]}]},{"@type":"ImageObject","inLanguage":"gl-ES","@id":"https:\/\/bodegasmarquesdevizhoja.com\/gl\/tenda\/paquete-marques-de-vizhoja\/#primaryimage","url":"https:\/\/bodegasmarquesdevizhoja.com\/wp-content\/uploads\/2020\/10\/6-300x209-1.jpg","contentUrl":"https:\/\/bodegasmarquesdevizhoja.com\/wp-content\/uploads\/2020\/10\/6-300x209-1.jpg","width":300,"height":209},{"@type":"BreadcrumbList","@id":"https:\/\/bodegasmarquesdevizhoja.com\/gl\/tenda\/paquete-marques-de-vizhoja\/#breadcrumb","itemListElement":[{"@type":"ListItem","position":1,"name":"Inicio","item":"https:\/\/bodegasmarquesdevizhoja.com\/gl\/"},{"@type":"ListItem","position":2,"name":"Paquete Marqu\u00e9s de Vizhoja"}]},{"@type":"WebSite","@id":"https:\/\/bodegasmarquesdevizhoja.com\/es\/#website","url":"https:\/\/bodegasmarquesdevizhoja.com\/es\/","name":"Marqu\u00e9s de Vizhoja","description":"","potentialAction":[{"@type":"SearchAction","target":{"@type":"EntryPoint","urlTemplate":"https:\/\/bodegasmarquesdevizhoja.com\/es\/?s={search_term_string}"},"query-input":{"@type":"PropertyValueSpecification","valueRequired":true,"valueName":"search_term_string"}}],"inLanguage":"gl-ES"}]}},"jetpack_sharing_enabled":true,"_links":{"self":[{"href":"https:\/\/bodegasmarquesdevizhoja.com\/gl\/wp-json\/wp\/v2\/product\/3538","targetHints":{"allow":["GET"]}}],"collection":[{"href":"https:\/\/bodegasmarquesdevizhoja.com\/gl\/wp-json\/wp\/v2\/product"}],"about":[{"href":"https:\/\/bodegasmarquesdevizhoja.com\/gl\/wp-json\/wp\/v2\/types\/product"}],"wp:featuredmedia":[{"embeddable":true,"href":"https:\/\/bodegasmarquesdevizhoja.com\/gl\/wp-json\/wp\/v2\/media\/313998"}],"wp:attachment":[{"href":"https:\/\/bodegasmarquesdevizhoja.com\/gl\/wp-json\/wp\/v2\/media?parent=3538"}],"wp:term":[{"taxonomy":"product_brand","embeddable":true,"href":"https:\/\/bodegasmarquesdevizhoja.com\/gl\/wp-json\/wp\/v2\/product_brand?post=3538"},{"taxonomy":"product_cat","embeddable":true,"href":"https:\/\/bodegasmarquesdevizhoja.com\/gl\/wp-json\/wp\/v2\/product_cat?post=3538"},{"taxonomy":"product_tag","embeddable":true,"href":"https:\/\/bodegasmarquesdevizhoja.com\/gl\/wp-json\/wp\/v2\/product_tag?post=3538"},{"taxonomy":"giftcard-category","embeddable":true,"href":"https:\/\/bodegasmarquesdevizhoja.com\/gl\/wp-json\/wp\/v2\/giftcard-category?post=3538"}],"curies":[{"name":"wp","href":"https:\/\/api.w.org\/{rel}","templated":true}]}}