{"id":3542,"date":"2020-10-23T12:12:25","date_gmt":"2020-10-23T10:12:25","guid":{"rendered":"https:\/\/bodegasmarquesdevizhoja.com\/tienda\/pack-torre-la-moreira\/"},"modified":"2021-05-27T10:37:22","modified_gmt":"2021-05-27T08:37:22","slug":"paquete-torre-la-moreira","status":"publish","type":"product","link":"https:\/\/bodegasmarquesdevizhoja.com\/gl\/tenda\/paquete-torre-la-moreira\/","title":{"rendered":"Paquete Torre la Moreira"},"content":{"rendered":"","protected":false},"excerpt":{"rendered":"<p>6 botellas Torre La Moreira + enfriador<\/p>\n","protected":false},"featured_media":314019,"template":"","meta":{"_acf_changed":false},"product_brand":[],"product_cat":[70],"product_tag":[],"giftcard-category":[],"class_list":{"0":"post-3542","1":"product","2":"type-product","3":"status-publish","4":"has-post-thumbnail","6":"product_cat-paquetes","8":"first","9":"instock","10":"taxable","11":"shipping-taxable","12":"purchasable","13":"product-type-simple"},"acf":[],"yoast_head":"<!-- This site is optimized with the Yoast SEO plugin v27.2 - https:\/\/yoast.com\/product\/yoast-seo-wordpress\/ -->\n<title>Paquete Torre la Moreira - Marqu\u00e9s de Vizhoja<\/title>\n<meta name=\"description\" content=\"Paquete de vi\u00f1o branco Torre la Moreira. Unha caixa de 6 botellas de 0,75l de albari\u00f1o 100% Torre La Moreira (D.O. R\u00edas Baixas) e un arrefriador.\" \/>\n<meta name=\"robots\" content=\"index, follow, max-snippet:-1, max-image-preview:large, max-video-preview:-1\" \/>\n<link rel=\"canonical\" href=\"https:\/\/bodegasmarquesdevizhoja.com\/gl\/tenda\/paquete-torre-la-moreira\/\" \/>\n<meta property=\"og:locale\" content=\"gl_ES\" \/>\n<meta property=\"og:type\" content=\"article\" \/>\n<meta property=\"og:title\" content=\"Paquete Torre la Moreira - Marqu\u00e9s de Vizhoja\" \/>\n<meta property=\"og:description\" content=\"Paquete de vi\u00f1o branco Torre la Moreira. Unha caixa de 6 botellas de 0,75l de albari\u00f1o 100% Torre La Moreira (D.O. R\u00edas Baixas) e un arrefriador.\" \/>\n<meta property=\"og:url\" content=\"https:\/\/bodegasmarquesdevizhoja.com\/gl\/tenda\/paquete-torre-la-moreira\/\" \/>\n<meta property=\"og:site_name\" content=\"Marqu\u00e9s de Vizhoja\" \/>\n<meta property=\"article:modified_time\" content=\"2021-05-27T08:37:22+00:00\" \/>\n<meta property=\"og:image\" content=\"https:\/\/bodegasmarquesdevizhoja.com\/wp-content\/uploads\/2020\/10\/19-300x209-1.jpg\" \/>\n\t<meta property=\"og:image:width\" content=\"300\" \/>\n\t<meta property=\"og:image:height\" content=\"209\" \/>\n\t<meta property=\"og:image:type\" content=\"image\/jpeg\" \/>\n<meta name=\"twitter:card\" content=\"summary_large_image\" \/>\n<script type=\"application\/ld+json\" class=\"yoast-schema-graph\">{\"@context\":\"https:\/\/schema.org\",\"@graph\":[{\"@type\":\"WebPage\",\"@id\":\"https:\/\/bodegasmarquesdevizhoja.com\/gl\/tenda\/paquete-torre-la-moreira\/\",\"url\":\"https:\/\/bodegasmarquesdevizhoja.com\/gl\/tenda\/paquete-torre-la-moreira\/\",\"name\":\"Paquete Torre la Moreira - Marqu\u00e9s de Vizhoja\",\"isPartOf\":{\"@id\":\"https:\/\/bodegasmarquesdevizhoja.com\/es\/#website\"},\"primaryImageOfPage\":{\"@id\":\"https:\/\/bodegasmarquesdevizhoja.com\/gl\/tenda\/paquete-torre-la-moreira\/#primaryimage\"},\"image\":{\"@id\":\"https:\/\/bodegasmarquesdevizhoja.com\/gl\/tenda\/paquete-torre-la-moreira\/#primaryimage\"},\"thumbnailUrl\":\"https:\/\/bodegasmarquesdevizhoja.com\/wp-content\/uploads\/2020\/10\/19-300x209-1.jpg\",\"datePublished\":\"2020-10-23T10:12:25+00:00\",\"dateModified\":\"2021-05-27T08:37:22+00:00\",\"description\":\"Paquete de vi\u00f1o branco Torre la Moreira. Unha caixa de 6 botellas de 0,75l de albari\u00f1o 100% Torre La Moreira (D.O. R\u00edas Baixas) e un arrefriador.\",\"breadcrumb\":{\"@id\":\"https:\/\/bodegasmarquesdevizhoja.com\/gl\/tenda\/paquete-torre-la-moreira\/#breadcrumb\"},\"inLanguage\":\"gl-ES\",\"potentialAction\":[{\"@type\":\"ReadAction\",\"target\":[\"https:\/\/bodegasmarquesdevizhoja.com\/gl\/tenda\/paquete-torre-la-moreira\/\"]}]},{\"@type\":\"ImageObject\",\"inLanguage\":\"gl-ES\",\"@id\":\"https:\/\/bodegasmarquesdevizhoja.com\/gl\/tenda\/paquete-torre-la-moreira\/#primaryimage\",\"url\":\"https:\/\/bodegasmarquesdevizhoja.com\/wp-content\/uploads\/2020\/10\/19-300x209-1.jpg\",\"contentUrl\":\"https:\/\/bodegasmarquesdevizhoja.com\/wp-content\/uploads\/2020\/10\/19-300x209-1.jpg\",\"width\":300,\"height\":209},{\"@type\":\"BreadcrumbList\",\"@id\":\"https:\/\/bodegasmarquesdevizhoja.com\/gl\/tenda\/paquete-torre-la-moreira\/#breadcrumb\",\"itemListElement\":[{\"@type\":\"ListItem\",\"position\":1,\"name\":\"Inicio\",\"item\":\"https:\/\/bodegasmarquesdevizhoja.com\/gl\/\"},{\"@type\":\"ListItem\",\"position\":2,\"name\":\"Paquete Torre la Moreira\"}]},{\"@type\":\"WebSite\",\"@id\":\"https:\/\/bodegasmarquesdevizhoja.com\/es\/#website\",\"url\":\"https:\/\/bodegasmarquesdevizhoja.com\/es\/\",\"name\":\"Marqu\u00e9s de Vizhoja\",\"description\":\"\",\"potentialAction\":[{\"@type\":\"SearchAction\",\"target\":{\"@type\":\"EntryPoint\",\"urlTemplate\":\"https:\/\/bodegasmarquesdevizhoja.com\/es\/?s={search_term_string}\"},\"query-input\":{\"@type\":\"PropertyValueSpecification\",\"valueRequired\":true,\"valueName\":\"search_term_string\"}}],\"inLanguage\":\"gl-ES\"}]}<\/script>\n<!-- \/ Yoast SEO plugin. -->","yoast_head_json":{"title":"Paquete Torre la Moreira - Marqu\u00e9s de Vizhoja","description":"Paquete de vi\u00f1o branco Torre la Moreira. Unha caixa de 6 botellas de 0,75l de albari\u00f1o 100% Torre La Moreira (D.O. R\u00edas Baixas) e un arrefriador.","robots":{"index":"index","follow":"follow","max-snippet":"max-snippet:-1","max-image-preview":"max-image-preview:large","max-video-preview":"max-video-preview:-1"},"canonical":"https:\/\/bodegasmarquesdevizhoja.com\/gl\/tenda\/paquete-torre-la-moreira\/","og_locale":"gl_ES","og_type":"article","og_title":"Paquete Torre la Moreira - Marqu\u00e9s de Vizhoja","og_description":"Paquete de vi\u00f1o branco Torre la Moreira. Unha caixa de 6 botellas de 0,75l de albari\u00f1o 100% Torre La Moreira (D.O. R\u00edas Baixas) e un arrefriador.","og_url":"https:\/\/bodegasmarquesdevizhoja.com\/gl\/tenda\/paquete-torre-la-moreira\/","og_site_name":"Marqu\u00e9s de Vizhoja","article_modified_time":"2021-05-27T08:37:22+00:00","og_image":[{"width":300,"height":209,"url":"https:\/\/bodegasmarquesdevizhoja.com\/wp-content\/uploads\/2020\/10\/19-300x209-1.jpg","type":"image\/jpeg"}],"twitter_card":"summary_large_image","schema":{"@context":"https:\/\/schema.org","@graph":[{"@type":"WebPage","@id":"https:\/\/bodegasmarquesdevizhoja.com\/gl\/tenda\/paquete-torre-la-moreira\/","url":"https:\/\/bodegasmarquesdevizhoja.com\/gl\/tenda\/paquete-torre-la-moreira\/","name":"Paquete Torre la Moreira - Marqu\u00e9s de Vizhoja","isPartOf":{"@id":"https:\/\/bodegasmarquesdevizhoja.com\/es\/#website"},"primaryImageOfPage":{"@id":"https:\/\/bodegasmarquesdevizhoja.com\/gl\/tenda\/paquete-torre-la-moreira\/#primaryimage"},"image":{"@id":"https:\/\/bodegasmarquesdevizhoja.com\/gl\/tenda\/paquete-torre-la-moreira\/#primaryimage"},"thumbnailUrl":"https:\/\/bodegasmarquesdevizhoja.com\/wp-content\/uploads\/2020\/10\/19-300x209-1.jpg","datePublished":"2020-10-23T10:12:25+00:00","dateModified":"2021-05-27T08:37:22+00:00","description":"Paquete de vi\u00f1o branco Torre la Moreira. Unha caixa de 6 botellas de 0,75l de albari\u00f1o 100% Torre La Moreira (D.O. R\u00edas Baixas) e un arrefriador.","breadcrumb":{"@id":"https:\/\/bodegasmarquesdevizhoja.com\/gl\/tenda\/paquete-torre-la-moreira\/#breadcrumb"},"inLanguage":"gl-ES","potentialAction":[{"@type":"ReadAction","target":["https:\/\/bodegasmarquesdevizhoja.com\/gl\/tenda\/paquete-torre-la-moreira\/"]}]},{"@type":"ImageObject","inLanguage":"gl-ES","@id":"https:\/\/bodegasmarquesdevizhoja.com\/gl\/tenda\/paquete-torre-la-moreira\/#primaryimage","url":"https:\/\/bodegasmarquesdevizhoja.com\/wp-content\/uploads\/2020\/10\/19-300x209-1.jpg","contentUrl":"https:\/\/bodegasmarquesdevizhoja.com\/wp-content\/uploads\/2020\/10\/19-300x209-1.jpg","width":300,"height":209},{"@type":"BreadcrumbList","@id":"https:\/\/bodegasmarquesdevizhoja.com\/gl\/tenda\/paquete-torre-la-moreira\/#breadcrumb","itemListElement":[{"@type":"ListItem","position":1,"name":"Inicio","item":"https:\/\/bodegasmarquesdevizhoja.com\/gl\/"},{"@type":"ListItem","position":2,"name":"Paquete Torre la Moreira"}]},{"@type":"WebSite","@id":"https:\/\/bodegasmarquesdevizhoja.com\/es\/#website","url":"https:\/\/bodegasmarquesdevizhoja.com\/es\/","name":"Marqu\u00e9s de Vizhoja","description":"","potentialAction":[{"@type":"SearchAction","target":{"@type":"EntryPoint","urlTemplate":"https:\/\/bodegasmarquesdevizhoja.com\/es\/?s={search_term_string}"},"query-input":{"@type":"PropertyValueSpecification","valueRequired":true,"valueName":"search_term_string"}}],"inLanguage":"gl-ES"}]}},"jetpack_sharing_enabled":true,"_links":{"self":[{"href":"https:\/\/bodegasmarquesdevizhoja.com\/gl\/wp-json\/wp\/v2\/product\/3542","targetHints":{"allow":["GET"]}}],"collection":[{"href":"https:\/\/bodegasmarquesdevizhoja.com\/gl\/wp-json\/wp\/v2\/product"}],"about":[{"href":"https:\/\/bodegasmarquesdevizhoja.com\/gl\/wp-json\/wp\/v2\/types\/product"}],"wp:featuredmedia":[{"embeddable":true,"href":"https:\/\/bodegasmarquesdevizhoja.com\/gl\/wp-json\/wp\/v2\/media\/314019"}],"wp:attachment":[{"href":"https:\/\/bodegasmarquesdevizhoja.com\/gl\/wp-json\/wp\/v2\/media?parent=3542"}],"wp:term":[{"taxonomy":"product_brand","embeddable":true,"href":"https:\/\/bodegasmarquesdevizhoja.com\/gl\/wp-json\/wp\/v2\/product_brand?post=3542"},{"taxonomy":"product_cat","embeddable":true,"href":"https:\/\/bodegasmarquesdevizhoja.com\/gl\/wp-json\/wp\/v2\/product_cat?post=3542"},{"taxonomy":"product_tag","embeddable":true,"href":"https:\/\/bodegasmarquesdevizhoja.com\/gl\/wp-json\/wp\/v2\/product_tag?post=3542"},{"taxonomy":"giftcard-category","embeddable":true,"href":"https:\/\/bodegasmarquesdevizhoja.com\/gl\/wp-json\/wp\/v2\/giftcard-category?post=3542"}],"curies":[{"name":"wp","href":"https:\/\/api.w.org\/{rel}","templated":true}]}}